{"id":15026,"date":"2025-05-08T16:04:52","date_gmt":"2025-05-08T14:04:52","guid":{"rendered":"https:\/\/www.piovan.com\/?post_type=product&#038;p=15026"},"modified":"2025-05-14T15:42:05","modified_gmt":"2025-05-14T13:42:05","slug":"optisieve","status":"publish","type":"product","link":"https:\/\/www.piovan.com\/it\/product\/optisieve\/","title":{"rendered":"OptiSieve"},"content":{"rendered":"<p>Il setaccio centrifugo rappresenta la soluzione perfetta per la vagliatura di prodotti in polvere e per rompere piccoli grumi.<\/p>\n<p class=\" translation-block\">Il sistema offre efficienza e versatilit\u00e0 nella vagliatura di prodotti in polvere. La rete interna, disponibile in diverse trame e lamiere forate, pu\u00f2 essere personalizzata per soddisfare le esigenze specifiche, garantendo risultati ad elevati standard qualitativi.<\/p>\n<p>Il sistema assicura una maggiore efficienza del processo produttivo, garantendo risultati di alta qualit\u00e0.<\/p>\n<p>Il design \u00e8 stato ottimizzato per garantire:<\/p>\n<ul>\n<li>Efficienza e Qualit\u00e0: Il prodotto setacciato \u00e8 pronto per essere integrato nel processo produttivo, assicurando uniformit\u00e0 e qualit\u00e0 costante.<\/li>\n<li>Gestione degli Scarti: Gli scarti vengono convogliati verso un\u2019uscita frontale, facilmente collegabile a un serbatoio di raccolta o smaltimento, oppure ad un sistema per un\u2019ulteriore lavorazione.<\/li>\n<li>Robustezza e Durabilit\u00e0: Realizzato con un telaio in acciaio inox, il setaccio \u00e8 progettato per gestire diversi tipi di prodotto, garantendo prestazioni durature.<\/li>\n<li>Sicurezza e Pulizia: Progettato per mantenere l\u2019area di lavoro pulita e sicura.<\/li>\n<\/ul>","protected":false},"featured_media":15130,"template":"","tags":[189],"acf":[],"yoast_head":"<title>OptiSieve - PiovanGroup<\/title>\n<meta name=\"robots\" content=\"index, follow, max-snippet:-1, max-image-preview:large, max-video-preview:-1\" \/>\n<link rel=\"canonical\" href=\"https:\/\/www.piovan.com\/it\/product\/optisieve\/\" \/>\n<meta property=\"og:locale\" content=\"it_IT\" \/>\n<meta property=\"og:type\" content=\"article\" \/>\n<meta property=\"og:title\" content=\"OptiSieve - PiovanGroup\" \/>\n<meta property=\"og:description\" content=\"The centrifugal sifter is the perfect solution for screening powdered products and breaking up small clumps. The system offers efficient and versatile screening of powdered products. The internal mesh, available in various weaves and perforated sheets, can be customized to meet specific requirements, ensuring results in line with the highest standards. The system enhances production efficiency while delivering consistently high-quality outcomes. The design has been optimized to ensure: Efficiency and Quality: The sieved product is ready to be integrated into [&hellip;]\" \/>\n<meta property=\"og:url\" content=\"https:\/\/www.piovan.com\/it\/product\/optisieve\/\" \/>\n<meta property=\"og:site_name\" content=\"PiovanGroup\" \/>\n<meta property=\"article:modified_time\" content=\"2025-05-14T13:42:05+00:00\" \/>\n<meta property=\"og:image\" content=\"https:\/\/www.piovan.com\/wp-content\/uploads\/0001_Setaccio.png\" \/>\n\t<meta property=\"og:image:width\" content=\"1200\" \/>\n\t<meta property=\"og:image:height\" content=\"1560\" \/>\n\t<meta property=\"og:image:type\" content=\"image\/png\" \/>\n<meta name=\"twitter:card\" content=\"summary_large_image\" \/>\n<script type=\"application\/ld+json\" class=\"yoast-schema-graph\">{\"@context\":\"https:\/\/schema.org\",\"@graph\":[{\"@type\":\"WebPage\",\"@id\":\"https:\/\/www.piovan.com\/product\/optisieve\/\",\"url\":\"https:\/\/www.piovan.com\/product\/optisieve\/\",\"name\":\"OptiSieve - PiovanGroup\",\"isPartOf\":{\"@id\":\"https:\/\/www.piovan.com\/#website\"},\"datePublished\":\"2025-05-08T14:04:52+00:00\",\"dateModified\":\"2025-05-14T13:42:05+00:00\",\"breadcrumb\":{\"@id\":\"https:\/\/www.piovan.com\/product\/optisieve\/#breadcrumb\"},\"inLanguage\":\"it-IT\",\"potentialAction\":[{\"@type\":\"ReadAction\",\"target\":[\"https:\/\/www.piovan.com\/product\/optisieve\/\"]}]},{\"@type\":\"BreadcrumbList\",\"@id\":\"https:\/\/www.piovan.com\/product\/optisieve\/#breadcrumb\",\"itemListElement\":[{\"@type\":\"ListItem\",\"position\":1,\"name\":\"Home\",\"item\":\"https:\/\/www.piovan.com\/\"},{\"@type\":\"ListItem\",\"position\":2,\"name\":\"Food\",\"item\":\"https:\/\/www.piovan.com\/it\/products\/food\/\"},{\"@type\":\"ListItem\",\"position\":3,\"name\":\"Sieving\",\"item\":\"https:\/\/www.piovan.com\/it\/products\/food\/sieving\/\"},{\"@type\":\"ListItem\",\"position\":4,\"name\":\"OptiSieve\"}]},{\"@type\":\"WebSite\",\"@id\":\"https:\/\/www.piovan.com\/#website\",\"url\":\"https:\/\/www.piovan.com\/\",\"name\":\"PiovanGroup\",\"description\":\"\",\"publisher\":{\"@id\":\"https:\/\/www.piovan.com\/#organization\"},\"potentialAction\":[{\"@type\":\"SearchAction\",\"target\":{\"@type\":\"EntryPoint\",\"urlTemplate\":\"https:\/\/www.piovan.com\/?s={search_term_string}\"},\"query-input\":\"required name=search_term_string\"}],\"inLanguage\":\"it-IT\"},{\"@type\":\"Organization\",\"@id\":\"https:\/\/www.piovan.com\/#organization\",\"name\":\"PiovanGroup\",\"url\":\"https:\/\/www.piovan.com\/\",\"logo\":{\"@type\":\"ImageObject\",\"inLanguage\":\"it-IT\",\"@id\":\"https:\/\/www.piovan.com\/#\/schema\/logo\/image\/\",\"url\":\"https:\/\/www.piovan.com\/wp-content\/uploads\/2021\/06\/logo@2x.png\",\"contentUrl\":\"https:\/\/www.piovan.com\/wp-content\/uploads\/2021\/06\/logo@2x.png\",\"width\":489,\"height\":78,\"caption\":\"PiovanGroup\"},\"image\":{\"@id\":\"https:\/\/www.piovan.com\/#\/schema\/logo\/image\/\"}}]}<\/script>","yoast_head_json":{"title":"OptiSieve - PiovanGroup","robots":{"index":"index","follow":"follow","max-snippet":"max-snippet:-1","max-image-preview":"max-image-preview:large","max-video-preview":"max-video-preview:-1"},"canonical":"https:\/\/www.piovan.com\/it\/product\/optisieve\/","og_locale":"it_IT","og_type":"article","og_title":"OptiSieve - PiovanGroup","og_description":"The centrifugal sifter is the perfect solution for screening powdered products and breaking up small clumps. The system offers efficient and versatile screening of powdered products. The internal mesh, available in various weaves and perforated sheets, can be customized to meet specific requirements, ensuring results in line with the highest standards. The system enhances production efficiency while delivering consistently high-quality outcomes. The design has been optimized to ensure: Efficiency and Quality: The sieved product is ready to be integrated into [&hellip;]","og_url":"https:\/\/www.piovan.com\/it\/product\/optisieve\/","og_site_name":"PiovanGroup","article_modified_time":"2025-05-14T13:42:05+00:00","og_image":[{"width":1200,"height":1560,"url":"https:\/\/www.piovan.com\/wp-content\/uploads\/0001_Setaccio.png","type":"image\/png"}],"twitter_card":"summary_large_image","schema":{"@context":"https:\/\/schema.org","@graph":[{"@type":"WebPage","@id":"https:\/\/www.piovan.com\/product\/optisieve\/","url":"https:\/\/www.piovan.com\/product\/optisieve\/","name":"OptiSieve - PiovanGroup","isPartOf":{"@id":"https:\/\/www.piovan.com\/#website"},"datePublished":"2025-05-08T14:04:52+00:00","dateModified":"2025-05-14T13:42:05+00:00","breadcrumb":{"@id":"https:\/\/www.piovan.com\/product\/optisieve\/#breadcrumb"},"inLanguage":"it-IT","potentialAction":[{"@type":"ReadAction","target":["https:\/\/www.piovan.com\/product\/optisieve\/"]}]},{"@type":"BreadcrumbList","@id":"https:\/\/www.piovan.com\/product\/optisieve\/#breadcrumb","itemListElement":[{"@type":"ListItem","position":1,"name":"Home","item":"https:\/\/www.piovan.com\/"},{"@type":"ListItem","position":2,"name":"Food","item":"https:\/\/www.piovan.com\/it\/products\/food\/"},{"@type":"ListItem","position":3,"name":"Sieving","item":"https:\/\/www.piovan.com\/it\/products\/food\/sieving\/"},{"@type":"ListItem","position":4,"name":"OptiSieve"}]},{"@type":"WebSite","@id":"https:\/\/www.piovan.com\/#website","url":"https:\/\/www.piovan.com\/","name":"PiovanGroup","description":"","publisher":{"@id":"https:\/\/www.piovan.com\/#organization"},"potentialAction":[{"@type":"SearchAction","target":{"@type":"EntryPoint","urlTemplate":"https:\/\/www.piovan.com\/?s={search_term_string}"},"query-input":"required name=search_term_string"}],"inLanguage":"it-IT"},{"@type":"Organization","@id":"https:\/\/www.piovan.com\/#organization","name":"PiovanGroup","url":"https:\/\/www.piovan.com\/","logo":{"@type":"ImageObject","inLanguage":"it-IT","@id":"https:\/\/www.piovan.com\/#\/schema\/logo\/image\/","url":"https:\/\/www.piovan.com\/wp-content\/uploads\/2021\/06\/logo@2x.png","contentUrl":"https:\/\/www.piovan.com\/wp-content\/uploads\/2021\/06\/logo@2x.png","width":489,"height":78,"caption":"PiovanGroup"},"image":{"@id":"https:\/\/www.piovan.com\/#\/schema\/logo\/image\/"}}]}},"_links":{"self":[{"href":"https:\/\/www.piovan.com\/it\/wp-json\/wp\/v2\/product\/15026"}],"collection":[{"href":"https:\/\/www.piovan.com\/it\/wp-json\/wp\/v2\/product"}],"about":[{"href":"https:\/\/www.piovan.com\/it\/wp-json\/wp\/v2\/types\/product"}],"version-history":[{"count":2,"href":"https:\/\/www.piovan.com\/it\/wp-json\/wp\/v2\/product\/15026\/revisions"}],"predecessor-version":[{"id":15140,"href":"https:\/\/www.piovan.com\/it\/wp-json\/wp\/v2\/product\/15026\/revisions\/15140"}],"wp:featuredmedia":[{"embeddable":true,"href":"https:\/\/www.piovan.com\/it\/wp-json\/wp\/v2\/media\/15130"}],"wp:attachment":[{"href":"https:\/\/www.piovan.com\/it\/wp-json\/wp\/v2\/media?parent=15026"}],"wp:term":[{"taxonomy":"post_tag","embeddable":true,"href":"https:\/\/www.piovan.com\/it\/wp-json\/wp\/v2\/tags?post=15026"}],"curies":[{"name":"wp","href":"https:\/\/api.w.org\/{rel}","templated":true}]}}