{"id":13394,"date":"2024-10-01T16:17:52","date_gmt":"2024-10-01T14:17:52","guid":{"rendered":"https:\/\/www.piovan.com\/?post_type=product&#038;p=13394"},"modified":"2024-12-11T11:02:48","modified_gmt":"2024-12-11T10:02:48","slug":"deduster","status":"publish","type":"product","link":"https:\/\/www.piovan.com\/it\/product\/deduster\/","title":{"rendered":"DeDuster\u00ae"},"content":{"rendered":"<p>Alcune polveri e agenti contaminanti si formano naturalmente, mentre altri vengono generati in base al metodo di manipolazione dei prodotti. Il processo di macinazione della plastica post-consumo produce naturalmente polvere, mentre le impurit\u00e0 nei pellet di plastica,\nsia fini (polvere) che capelli d'angelo (filamenti), sono generate dall'attrito nelle linee di trasporto. I sistemi a fase diluita generano grandi quantit\u00e0 di polvere e filamenti; maggiore \u00e8 la velocit\u00e0, maggiore \u00e8 la quantit\u00e0 di impurit\u00e0.\nAnche le curve dei tubi causano attrito e determinano la creazione di un maggior numero di polveri e filamenti. L'alta pressione nei sistemi a fase densa o a movimento lento genera polveri molto fini a causa dell'attrito delle pareti e della frizione tra i pellet. Anche\nla temperatura, la forma dei pellet e le caratteristiche del prodotto possono contribuire alla formazione di polvere.<\/p>\n<p>L'industria della plastica pulisce i pellet per migliorare la qualit\u00e0 sia dei pellet che del prodotto plastico finito.<\/p>\n<p>Per rispondere a questa lista di requisiti, Pelletron, parte del Gruppo Piovan, ha sviluppato una macchina per la pulizia che combina una serie di principi di lavaggio ad aria, oltre alla rivoluzionaria funzione di campo di flusso elettrostatico, e l'ha realizzata con la\npi\u00f9 bassa altezza possibile. Quando le particelle caricate elettrostaticamente entrano nel campo di flusso magnetico, la \u201cforza di Lorentz\u201d che ne deriva indebolisce il legame elettrostatico tra le polveri sottili e i pellet di plastica. Questo indebolimento, combinato con\nil flusso d'aria, consente di rimuovere le microparticelle attratte dalle superfici dei pellet.<\/p>","protected":false},"featured_media":13970,"template":"","tags":[],"acf":[],"yoast_head":"<title>DeDuster\u00ae - PiovanGroup<\/title>\n<meta name=\"robots\" content=\"index, follow, max-snippet:-1, max-image-preview:large, max-video-preview:-1\" \/>\n<link rel=\"canonical\" href=\"https:\/\/www.piovan.com\/it\/product\/deduster\/\" \/>\n<meta property=\"og:locale\" content=\"it_IT\" \/>\n<meta property=\"og:type\" content=\"article\" \/>\n<meta property=\"og:title\" content=\"DeDuster\u00ae - PiovanGroup\" \/>\n<meta property=\"og:description\" content=\"Some dust and contaminants occur naturally while others are caused by the way the products are handled. The grinding process of post-consumer plastic naturally produces dust and Impurities in plastic pellets, both fines (dust) and angel hair (streamers), are generated by the friction in conveying lines. Dilute phase systems create large amounts of dust and streamers; the higher the velocity, the larger the amount of impurities. Pipe elbows also cause friction and result in the creation of more dust and [&hellip;]\" \/>\n<meta property=\"og:url\" content=\"https:\/\/www.piovan.com\/it\/product\/deduster\/\" \/>\n<meta property=\"og:site_name\" content=\"PiovanGroup\" \/>\n<meta property=\"article:modified_time\" content=\"2024-12-11T10:02:48+00:00\" \/>\n<meta property=\"og:image\" content=\"https:\/\/www.piovan.com\/wp-content\/uploads\/DeDuster-1.png\" \/>\n\t<meta property=\"og:image:width\" content=\"1200\" \/>\n\t<meta property=\"og:image:height\" content=\"1560\" \/>\n\t<meta property=\"og:image:type\" content=\"image\/png\" \/>\n<meta name=\"twitter:card\" content=\"summary_large_image\" \/>\n<script type=\"application\/ld+json\" class=\"yoast-schema-graph\">{\"@context\":\"https:\/\/schema.org\",\"@graph\":[{\"@type\":\"WebPage\",\"@id\":\"https:\/\/www.piovan.com\/product\/deduster\/\",\"url\":\"https:\/\/www.piovan.com\/product\/deduster\/\",\"name\":\"DeDuster\u00ae - PiovanGroup\",\"isPartOf\":{\"@id\":\"https:\/\/www.piovan.com\/#website\"},\"datePublished\":\"2024-10-01T14:17:52+00:00\",\"dateModified\":\"2024-12-11T10:02:48+00:00\",\"breadcrumb\":{\"@id\":\"https:\/\/www.piovan.com\/product\/deduster\/#breadcrumb\"},\"inLanguage\":\"it-IT\",\"potentialAction\":[{\"@type\":\"ReadAction\",\"target\":[\"https:\/\/www.piovan.com\/product\/deduster\/\"]}]},{\"@type\":\"BreadcrumbList\",\"@id\":\"https:\/\/www.piovan.com\/product\/deduster\/#breadcrumb\",\"itemListElement\":[{\"@type\":\"ListItem\",\"position\":1,\"name\":\"Home\",\"item\":\"https:\/\/www.piovan.com\/\"},{\"@type\":\"ListItem\",\"position\":2,\"name\":\"Plastic\",\"item\":\"https:\/\/www.piovan.com\/it\/products\/plastica\/\"},{\"@type\":\"ListItem\",\"position\":3,\"name\":\"Feeding &amp; Conveying\",\"item\":\"https:\/\/www.piovan.com\/it\/products\/plastica\/alimentazione-e-trasporto\/\"},{\"@type\":\"ListItem\",\"position\":4,\"name\":\"DeDuster\u00ae\"}]},{\"@type\":\"WebSite\",\"@id\":\"https:\/\/www.piovan.com\/#website\",\"url\":\"https:\/\/www.piovan.com\/\",\"name\":\"PiovanGroup\",\"description\":\"\",\"publisher\":{\"@id\":\"https:\/\/www.piovan.com\/#organization\"},\"potentialAction\":[{\"@type\":\"SearchAction\",\"target\":{\"@type\":\"EntryPoint\",\"urlTemplate\":\"https:\/\/www.piovan.com\/?s={search_term_string}\"},\"query-input\":\"required name=search_term_string\"}],\"inLanguage\":\"it-IT\"},{\"@type\":\"Organization\",\"@id\":\"https:\/\/www.piovan.com\/#organization\",\"name\":\"PiovanGroup\",\"url\":\"https:\/\/www.piovan.com\/\",\"logo\":{\"@type\":\"ImageObject\",\"inLanguage\":\"it-IT\",\"@id\":\"https:\/\/www.piovan.com\/#\/schema\/logo\/image\/\",\"url\":\"https:\/\/www.piovan.com\/wp-content\/uploads\/2021\/06\/logo@2x.png\",\"contentUrl\":\"https:\/\/www.piovan.com\/wp-content\/uploads\/2021\/06\/logo@2x.png\",\"width\":489,\"height\":78,\"caption\":\"PiovanGroup\"},\"image\":{\"@id\":\"https:\/\/www.piovan.com\/#\/schema\/logo\/image\/\"}}]}<\/script>","yoast_head_json":{"title":"DeDuster\u00ae - PiovanGroup","robots":{"index":"index","follow":"follow","max-snippet":"max-snippet:-1","max-image-preview":"max-image-preview:large","max-video-preview":"max-video-preview:-1"},"canonical":"https:\/\/www.piovan.com\/it\/product\/deduster\/","og_locale":"it_IT","og_type":"article","og_title":"DeDuster\u00ae - PiovanGroup","og_description":"Some dust and contaminants occur naturally while others are caused by the way the products are handled. The grinding process of post-consumer plastic naturally produces dust and Impurities in plastic pellets, both fines (dust) and angel hair (streamers), are generated by the friction in conveying lines. Dilute phase systems create large amounts of dust and streamers; the higher the velocity, the larger the amount of impurities. Pipe elbows also cause friction and result in the creation of more dust and [&hellip;]","og_url":"https:\/\/www.piovan.com\/it\/product\/deduster\/","og_site_name":"PiovanGroup","article_modified_time":"2024-12-11T10:02:48+00:00","og_image":[{"width":1200,"height":1560,"url":"https:\/\/www.piovan.com\/wp-content\/uploads\/DeDuster-1.png","type":"image\/png"}],"twitter_card":"summary_large_image","schema":{"@context":"https:\/\/schema.org","@graph":[{"@type":"WebPage","@id":"https:\/\/www.piovan.com\/product\/deduster\/","url":"https:\/\/www.piovan.com\/product\/deduster\/","name":"DeDuster\u00ae - PiovanGroup","isPartOf":{"@id":"https:\/\/www.piovan.com\/#website"},"datePublished":"2024-10-01T14:17:52+00:00","dateModified":"2024-12-11T10:02:48+00:00","breadcrumb":{"@id":"https:\/\/www.piovan.com\/product\/deduster\/#breadcrumb"},"inLanguage":"it-IT","potentialAction":[{"@type":"ReadAction","target":["https:\/\/www.piovan.com\/product\/deduster\/"]}]},{"@type":"BreadcrumbList","@id":"https:\/\/www.piovan.com\/product\/deduster\/#breadcrumb","itemListElement":[{"@type":"ListItem","position":1,"name":"Home","item":"https:\/\/www.piovan.com\/"},{"@type":"ListItem","position":2,"name":"Plastic","item":"https:\/\/www.piovan.com\/it\/products\/plastica\/"},{"@type":"ListItem","position":3,"name":"Feeding &amp; Conveying","item":"https:\/\/www.piovan.com\/it\/products\/plastica\/alimentazione-e-trasporto\/"},{"@type":"ListItem","position":4,"name":"DeDuster\u00ae"}]},{"@type":"WebSite","@id":"https:\/\/www.piovan.com\/#website","url":"https:\/\/www.piovan.com\/","name":"PiovanGroup","description":"","publisher":{"@id":"https:\/\/www.piovan.com\/#organization"},"potentialAction":[{"@type":"SearchAction","target":{"@type":"EntryPoint","urlTemplate":"https:\/\/www.piovan.com\/?s={search_term_string}"},"query-input":"required name=search_term_string"}],"inLanguage":"it-IT"},{"@type":"Organization","@id":"https:\/\/www.piovan.com\/#organization","name":"PiovanGroup","url":"https:\/\/www.piovan.com\/","logo":{"@type":"ImageObject","inLanguage":"it-IT","@id":"https:\/\/www.piovan.com\/#\/schema\/logo\/image\/","url":"https:\/\/www.piovan.com\/wp-content\/uploads\/2021\/06\/logo@2x.png","contentUrl":"https:\/\/www.piovan.com\/wp-content\/uploads\/2021\/06\/logo@2x.png","width":489,"height":78,"caption":"PiovanGroup"},"image":{"@id":"https:\/\/www.piovan.com\/#\/schema\/logo\/image\/"}}]}},"_links":{"self":[{"href":"https:\/\/www.piovan.com\/it\/wp-json\/wp\/v2\/product\/13394"}],"collection":[{"href":"https:\/\/www.piovan.com\/it\/wp-json\/wp\/v2\/product"}],"about":[{"href":"https:\/\/www.piovan.com\/it\/wp-json\/wp\/v2\/types\/product"}],"version-history":[{"count":4,"href":"https:\/\/www.piovan.com\/it\/wp-json\/wp\/v2\/product\/13394\/revisions"}],"predecessor-version":[{"id":13552,"href":"https:\/\/www.piovan.com\/it\/wp-json\/wp\/v2\/product\/13394\/revisions\/13552"}],"wp:featuredmedia":[{"embeddable":true,"href":"https:\/\/www.piovan.com\/it\/wp-json\/wp\/v2\/media\/13970"}],"wp:attachment":[{"href":"https:\/\/www.piovan.com\/it\/wp-json\/wp\/v2\/media?parent=13394"}],"wp:term":[{"taxonomy":"post_tag","embeddable":true,"href":"https:\/\/www.piovan.com\/it\/wp-json\/wp\/v2\/tags?post=13394"}],"curies":[{"name":"wp","href":"https:\/\/api.w.org\/{rel}","templated":true}]}}