{"id":11154,"date":"2023-12-13T16:12:19","date_gmt":"2023-12-13T15:12:19","guid":{"rendered":"https:\/\/www.piovan.com\/product\/aquaflow\/"},"modified":"2025-10-23T14:58:26","modified_gmt":"2025-10-23T12:58:26","slug":"aquaflow","status":"publish","type":"product","link":"https:\/\/www.piovan.com\/it\/product\/aquaflow\/","title":{"rendered":"Aquaflow"},"content":{"rendered":"<p>Aquaflow \u00e8 la nuova gamma di stazioni di pompaggio di Thermal Care progettate per coprire ogni necessit\u00e0 di portata e pressione nei vari processi industriali.<br \/>\nDotando il sistema di inverter, si pu\u00f2 raggiungere la massima personalizzazione e ottenere il pi\u00f9 alto risparmio energetico a carichi parziali. Ciascun gruppo pu\u00f2 essere configurato con una pompa \u201cstand-alone\u201d, per aumentare le prestazioni e l'affidabilit\u00e0.<br \/>\nBassi consumi energetici, elevata qualit\u00e0 di produzione e struttura robusta rendono Aquaflow una soluzione di pompaggio ideale, di facile manutenzione, estrema precisione e di lunga durata.<\/p>\n<p><strong>Design modulare<\/strong><br \/>\nLe stazioni di pompaggio Aquaflow sono state progettate con un design moderno e modulare. Possono essere fornite come pompa singola, con due o pi\u00f9 pompe per raggiungere qualsiasi portata e garantire la continuit\u00e0 operativa.<\/p>\n<p><strong>Ampio range di pressione<\/strong><br \/>\nTre diverse pressioni permettono di soddisfare tutte le condizioni di lavoro e i requisiti specifici di ciascun processo produttivo.<br \/>\n- Gruppi a bassa pressione [2 - 3] bar<br \/>\n- Gruppi a media pressione [3-5] bar<br \/>\n- Gruppi ad alta pressione, [5 \u2013 7] bar<\/p>\n<p>Per ogni gamma sono disponibili 10 diversi modelli di pompa<\/p>\n<p><strong>Tecnologia Inverter<\/strong><br \/>\nA seconda della necessit\u00e0 del cliente, Aquaflow pu\u00f2 essere dotata di inverter per garantire le migliori prestazioni al pi\u00f9 basso consumo energetico, consentendo al sistema di lavorare con una pressione costante e risparmiare energia anche a carichi parziali.<\/p>\n<p><em>Tutti i modelli della gamma Aquaflow sono conformi ai requisiti di progettazione ecocompatibili stabiliti dalla Direttiva della Comunit\u00e0 Europea 2005\/32 \/ CE sui prodotti che consumano energia (EuP) e dalla direttiva 2009\/125 \/ CE sui prodotti connessi all'energia (ERP).<\/em><\/p>","protected":false},"featured_media":11155,"template":"","tags":[168],"acf":[],"yoast_head":"<title>Aquaflow - PiovanGroup<\/title>\n<meta name=\"robots\" content=\"index, follow, max-snippet:-1, max-image-preview:large, max-video-preview:-1\" \/>\n<link rel=\"canonical\" href=\"https:\/\/www.piovan.com\/it\/product\/aquaflow\/\" \/>\n<meta property=\"og:locale\" content=\"it_IT\" \/>\n<meta property=\"og:type\" content=\"article\" \/>\n<meta property=\"og:title\" content=\"Aquaflow - PiovanGroup\" \/>\n<meta property=\"og:description\" content=\"Aquaflow is the new range of water pumping groups by Thermal Care designed to cover all the flow rates and pressures required by the industrial processes. The utmost customization can be achieved by equipping the pumping group with an inverter to obtain the highest energy saving at partial loads. Any group can be configured with a \u201cstand-by\u201d pump, to increase performances and reliability. Very low energy consumptions, high-quality production, and robust structure make the Aquaflow line an ideal pumping solution, [&hellip;]\" \/>\n<meta property=\"og:url\" content=\"https:\/\/www.piovan.com\/it\/product\/aquaflow\/\" \/>\n<meta property=\"og:site_name\" content=\"PiovanGroup\" \/>\n<meta property=\"article:modified_time\" content=\"2025-10-23T12:58:26+00:00\" \/>\n<meta property=\"og:image\" content=\"https:\/\/www.piovan.com\/wp-content\/uploads\/0058_Aquaflow_bipompa_con_inverter_01.png\" \/>\n\t<meta property=\"og:image:width\" content=\"1200\" \/>\n\t<meta property=\"og:image:height\" content=\"1560\" \/>\n\t<meta property=\"og:image:type\" content=\"image\/png\" \/>\n<meta name=\"twitter:card\" content=\"summary_large_image\" \/>\n<script type=\"application\/ld+json\" class=\"yoast-schema-graph\">{\"@context\":\"https:\/\/schema.org\",\"@graph\":[{\"@type\":\"WebPage\",\"@id\":\"https:\/\/www.piovan.com\/product\/aquaflow\/\",\"url\":\"https:\/\/www.piovan.com\/product\/aquaflow\/\",\"name\":\"Aquaflow - PiovanGroup\",\"isPartOf\":{\"@id\":\"https:\/\/www.piovan.com\/#website\"},\"datePublished\":\"2023-12-13T15:12:19+00:00\",\"dateModified\":\"2025-10-23T12:58:26+00:00\",\"breadcrumb\":{\"@id\":\"https:\/\/www.piovan.com\/product\/aquaflow\/#breadcrumb\"},\"inLanguage\":\"it-IT\",\"potentialAction\":[{\"@type\":\"ReadAction\",\"target\":[\"https:\/\/www.piovan.com\/product\/aquaflow\/\"]}]},{\"@type\":\"BreadcrumbList\",\"@id\":\"https:\/\/www.piovan.com\/product\/aquaflow\/#breadcrumb\",\"itemListElement\":[{\"@type\":\"ListItem\",\"position\":1,\"name\":\"Home\",\"item\":\"https:\/\/www.piovan.com\/\"},{\"@type\":\"ListItem\",\"position\":2,\"name\":\"Industrial cooling\",\"item\":\"https:\/\/www.piovan.com\/it\/products\/refrigerazione\/\"},{\"@type\":\"ListItem\",\"position\":3,\"name\":\"Pump Stations\",\"item\":\"https:\/\/www.piovan.com\/it\/products\/refrigerazione\/pump-stations\/\"},{\"@type\":\"ListItem\",\"position\":4,\"name\":\"Aquaflow\"}]},{\"@type\":\"WebSite\",\"@id\":\"https:\/\/www.piovan.com\/#website\",\"url\":\"https:\/\/www.piovan.com\/\",\"name\":\"PiovanGroup\",\"description\":\"\",\"publisher\":{\"@id\":\"https:\/\/www.piovan.com\/#organization\"},\"potentialAction\":[{\"@type\":\"SearchAction\",\"target\":{\"@type\":\"EntryPoint\",\"urlTemplate\":\"https:\/\/www.piovan.com\/?s={search_term_string}\"},\"query-input\":\"required name=search_term_string\"}],\"inLanguage\":\"it-IT\"},{\"@type\":\"Organization\",\"@id\":\"https:\/\/www.piovan.com\/#organization\",\"name\":\"PiovanGroup\",\"url\":\"https:\/\/www.piovan.com\/\",\"logo\":{\"@type\":\"ImageObject\",\"inLanguage\":\"it-IT\",\"@id\":\"https:\/\/www.piovan.com\/#\/schema\/logo\/image\/\",\"url\":\"https:\/\/www.piovan.com\/wp-content\/uploads\/2021\/06\/logo@2x.png\",\"contentUrl\":\"https:\/\/www.piovan.com\/wp-content\/uploads\/2021\/06\/logo@2x.png\",\"width\":489,\"height\":78,\"caption\":\"PiovanGroup\"},\"image\":{\"@id\":\"https:\/\/www.piovan.com\/#\/schema\/logo\/image\/\"}}]}<\/script>","yoast_head_json":{"title":"Aquaflow - PiovanGroup","robots":{"index":"index","follow":"follow","max-snippet":"max-snippet:-1","max-image-preview":"max-image-preview:large","max-video-preview":"max-video-preview:-1"},"canonical":"https:\/\/www.piovan.com\/it\/product\/aquaflow\/","og_locale":"it_IT","og_type":"article","og_title":"Aquaflow - PiovanGroup","og_description":"Aquaflow is the new range of water pumping groups by Thermal Care designed to cover all the flow rates and pressures required by the industrial processes. The utmost customization can be achieved by equipping the pumping group with an inverter to obtain the highest energy saving at partial loads. Any group can be configured with a \u201cstand-by\u201d pump, to increase performances and reliability. Very low energy consumptions, high-quality production, and robust structure make the Aquaflow line an ideal pumping solution, [&hellip;]","og_url":"https:\/\/www.piovan.com\/it\/product\/aquaflow\/","og_site_name":"PiovanGroup","article_modified_time":"2025-10-23T12:58:26+00:00","og_image":[{"width":1200,"height":1560,"url":"https:\/\/www.piovan.com\/wp-content\/uploads\/0058_Aquaflow_bipompa_con_inverter_01.png","type":"image\/png"}],"twitter_card":"summary_large_image","schema":{"@context":"https:\/\/schema.org","@graph":[{"@type":"WebPage","@id":"https:\/\/www.piovan.com\/product\/aquaflow\/","url":"https:\/\/www.piovan.com\/product\/aquaflow\/","name":"Aquaflow - PiovanGroup","isPartOf":{"@id":"https:\/\/www.piovan.com\/#website"},"datePublished":"2023-12-13T15:12:19+00:00","dateModified":"2025-10-23T12:58:26+00:00","breadcrumb":{"@id":"https:\/\/www.piovan.com\/product\/aquaflow\/#breadcrumb"},"inLanguage":"it-IT","potentialAction":[{"@type":"ReadAction","target":["https:\/\/www.piovan.com\/product\/aquaflow\/"]}]},{"@type":"BreadcrumbList","@id":"https:\/\/www.piovan.com\/product\/aquaflow\/#breadcrumb","itemListElement":[{"@type":"ListItem","position":1,"name":"Home","item":"https:\/\/www.piovan.com\/"},{"@type":"ListItem","position":2,"name":"Industrial cooling","item":"https:\/\/www.piovan.com\/it\/products\/refrigerazione\/"},{"@type":"ListItem","position":3,"name":"Pump Stations","item":"https:\/\/www.piovan.com\/it\/products\/refrigerazione\/pump-stations\/"},{"@type":"ListItem","position":4,"name":"Aquaflow"}]},{"@type":"WebSite","@id":"https:\/\/www.piovan.com\/#website","url":"https:\/\/www.piovan.com\/","name":"PiovanGroup","description":"","publisher":{"@id":"https:\/\/www.piovan.com\/#organization"},"potentialAction":[{"@type":"SearchAction","target":{"@type":"EntryPoint","urlTemplate":"https:\/\/www.piovan.com\/?s={search_term_string}"},"query-input":"required name=search_term_string"}],"inLanguage":"it-IT"},{"@type":"Organization","@id":"https:\/\/www.piovan.com\/#organization","name":"PiovanGroup","url":"https:\/\/www.piovan.com\/","logo":{"@type":"ImageObject","inLanguage":"it-IT","@id":"https:\/\/www.piovan.com\/#\/schema\/logo\/image\/","url":"https:\/\/www.piovan.com\/wp-content\/uploads\/2021\/06\/logo@2x.png","contentUrl":"https:\/\/www.piovan.com\/wp-content\/uploads\/2021\/06\/logo@2x.png","width":489,"height":78,"caption":"PiovanGroup"},"image":{"@id":"https:\/\/www.piovan.com\/#\/schema\/logo\/image\/"}}]}},"_links":{"self":[{"href":"https:\/\/www.piovan.com\/it\/wp-json\/wp\/v2\/product\/11154"}],"collection":[{"href":"https:\/\/www.piovan.com\/it\/wp-json\/wp\/v2\/product"}],"about":[{"href":"https:\/\/www.piovan.com\/it\/wp-json\/wp\/v2\/types\/product"}],"version-history":[{"count":3,"href":"https:\/\/www.piovan.com\/it\/wp-json\/wp\/v2\/product\/11154\/revisions"}],"predecessor-version":[{"id":15816,"href":"https:\/\/www.piovan.com\/it\/wp-json\/wp\/v2\/product\/11154\/revisions\/15816"}],"wp:featuredmedia":[{"embeddable":true,"href":"https:\/\/www.piovan.com\/it\/wp-json\/wp\/v2\/media\/11155"}],"wp:attachment":[{"href":"https:\/\/www.piovan.com\/it\/wp-json\/wp\/v2\/media?parent=11154"}],"wp:term":[{"taxonomy":"post_tag","embeddable":true,"href":"https:\/\/www.piovan.com\/it\/wp-json\/wp\/v2\/tags?post=11154"}],"curies":[{"name":"wp","href":"https:\/\/api.w.org\/{rel}","templated":true}]}}