{"id":10031,"date":"2023-03-20T12:49:50","date_gmt":"2023-03-20T11:49:50","guid":{"rendered":"https:\/\/www.piovan.com\/product\/easytherm-ep-2\/"},"modified":"2023-12-12T16:19:36","modified_gmt":"2023-12-12T15:19:36","slug":"easytherm-ep_p-china","status":"publish","type":"product","link":"https:\/\/www.piovan.com\/it\/product\/easytherm-ep_p-china\/","title":{"rendered":"Easytherm EP"},"content":{"rendered":"<p>Easytherm EP \u00e8 la nuova unit\u00e0 di termoregolazione di stampaggio che garantisce facilit\u00e0 di utilizzo, flessibilit\u00e0 e affidabilit\u00e0 per tutti i processi di iniezione, soffiaggio ed estrusione.<\/p>\n<p>La nuova configurazione interna ed esterna, il controllo ergonomico ridisegnato, uniti a componenti di alta gamma, rendono questa macchina estremamente versatile e in grado di garantire affidabilit\u00e0 e prestazioni ottimali a lungo termine. Easytherm EP funziona ad alte temperature fino a 180 \u00b0C. La massima affidabilit\u00e0 \u00e8 garantita grazie a tecnologie quali le pompe a trascinamento magnetico o le resistenze di riscaldamento Flow Through.<\/p>\n<p>Il grande display TFT da 4,3\" ad alto contrasto \u00e8 inclinato per garantire una facile lettura. La navigazione nei sottomenu \u00e8 gestita tramite un pratico volantino.<\/p>\n<p>Easytherm EP \u00e8 gi\u00e0 predisposta per l'uso in ambienti Industria 4.0 con una vasta gamma di protocolli di comunicazione, compresa la piattaforma OPC-UA ed \u00e8 pronto per Winfactory 4.0.<\/p>","protected":false},"featured_media":10032,"template":"","tags":[],"acf":[],"yoast_head":"<title>Easytherm EP - Gruppo Piovan<\/title>\n<meta name=\"robots\" content=\"index, follow, max-snippet:-1, max-image-preview:large, max-video-preview:-1\" \/>\n<link rel=\"canonical\" href=\"https:\/\/www.piovan.com\/it\/product\/easytherm-ep_p-china\/\" \/>\n<meta property=\"og:locale\" content=\"it_IT\" \/>\n<meta property=\"og:type\" content=\"article\" \/>\n<meta property=\"og:title\" content=\"Easytherm EP - PiovanGroup\" \/>\n<meta property=\"og:description\" content=\"Easytherm EP is the new mould temperature control unit characterized by user-friendliness, flexibility and reliability, for injection, blow moulding and extrusion processes. A new interior and exterior layout, redesigned ergonomic control, coupled with high-end components, characterise a versatile machine that guarantees reliability and long term performances. Easytherm EP operates at temperatures up to 180 \u00b0C. Maximum reliability is assured thanks to technologies such as magnetic driven pumps or Flow Through Heaters. The large 4.3\u201d TFT high contrast display is tilted [&hellip;]\" \/>\n<meta property=\"og:url\" content=\"https:\/\/www.piovan.com\/it\/product\/easytherm-ep_p-china\/\" \/>\n<meta property=\"og:site_name\" content=\"PiovanGroup\" \/>\n<meta property=\"article:modified_time\" content=\"2023-12-12T15:19:36+00:00\" \/>\n<meta property=\"og:image\" content=\"https:\/\/www.piovan.com\/wp-content\/uploads\/Easytherm-ETP_P-China.png\" \/>\n\t<meta property=\"og:image:width\" content=\"1200\" \/>\n\t<meta property=\"og:image:height\" content=\"1560\" \/>\n\t<meta property=\"og:image:type\" content=\"image\/png\" \/>\n<meta name=\"twitter:card\" content=\"summary_large_image\" \/>\n<script type=\"application\/ld+json\" class=\"yoast-schema-graph\">{\"@context\":\"https:\/\/schema.org\",\"@graph\":[{\"@type\":\"WebPage\",\"@id\":\"https:\/\/www.piovan.com\/product\/easytherm-ep_p-china\/\",\"url\":\"https:\/\/www.piovan.com\/product\/easytherm-ep_p-china\/\",\"name\":\"Easytherm EP - PiovanGroup\",\"isPartOf\":{\"@id\":\"https:\/\/www.piovan.com\/#website\"},\"datePublished\":\"2023-03-20T11:49:50+00:00\",\"dateModified\":\"2023-12-12T15:19:36+00:00\",\"breadcrumb\":{\"@id\":\"https:\/\/www.piovan.com\/product\/easytherm-ep_p-china\/#breadcrumb\"},\"inLanguage\":\"it-IT\",\"potentialAction\":[{\"@type\":\"ReadAction\",\"target\":[\"https:\/\/www.piovan.com\/product\/easytherm-ep_p-china\/\"]}]},{\"@type\":\"BreadcrumbList\",\"@id\":\"https:\/\/www.piovan.com\/product\/easytherm-ep_p-china\/#breadcrumb\",\"itemListElement\":[{\"@type\":\"ListItem\",\"position\":1,\"name\":\"Home\",\"item\":\"https:\/\/www.piovan.com\/\"},{\"@type\":\"ListItem\",\"position\":2,\"name\":\"Plastic\",\"item\":\"https:\/\/www.piovan.com\/it\/products\/plastica\/\"},{\"@type\":\"ListItem\",\"position\":3,\"name\":\"Temperature Controllers\",\"item\":\"https:\/\/www.piovan.com\/it\/products\/plastica\/termoregolatori\/\"},{\"@type\":\"ListItem\",\"position\":4,\"name\":\"Easytherm EP\"}]},{\"@type\":\"WebSite\",\"@id\":\"https:\/\/www.piovan.com\/#website\",\"url\":\"https:\/\/www.piovan.com\/\",\"name\":\"PiovanGroup\",\"description\":\"\",\"publisher\":{\"@id\":\"https:\/\/www.piovan.com\/#organization\"},\"potentialAction\":[{\"@type\":\"SearchAction\",\"target\":{\"@type\":\"EntryPoint\",\"urlTemplate\":\"https:\/\/www.piovan.com\/?s={search_term_string}\"},\"query-input\":\"required name=search_term_string\"}],\"inLanguage\":\"it-IT\"},{\"@type\":\"Organization\",\"@id\":\"https:\/\/www.piovan.com\/#organization\",\"name\":\"PiovanGroup\",\"url\":\"https:\/\/www.piovan.com\/\",\"logo\":{\"@type\":\"ImageObject\",\"inLanguage\":\"it-IT\",\"@id\":\"https:\/\/www.piovan.com\/#\/schema\/logo\/image\/\",\"url\":\"https:\/\/www.piovan.com\/wp-content\/uploads\/2021\/06\/logo@2x.png\",\"contentUrl\":\"https:\/\/www.piovan.com\/wp-content\/uploads\/2021\/06\/logo@2x.png\",\"width\":489,\"height\":78,\"caption\":\"PiovanGroup\"},\"image\":{\"@id\":\"https:\/\/www.piovan.com\/#\/schema\/logo\/image\/\"}}]}<\/script>","yoast_head_json":{"title":"Easytherm EP - Gruppo Piovan","robots":{"index":"index","follow":"follow","max-snippet":"max-snippet:-1","max-image-preview":"max-image-preview:large","max-video-preview":"max-video-preview:-1"},"canonical":"https:\/\/www.piovan.com\/it\/product\/easytherm-ep_p-china\/","og_locale":"it_IT","og_type":"article","og_title":"Easytherm EP - PiovanGroup","og_description":"Easytherm EP is the new mould temperature control unit characterized by user-friendliness, flexibility and reliability, for injection, blow moulding and extrusion processes. A new interior and exterior layout, redesigned ergonomic control, coupled with high-end components, characterise a versatile machine that guarantees reliability and long term performances. Easytherm EP operates at temperatures up to 180 \u00b0C. Maximum reliability is assured thanks to technologies such as magnetic driven pumps or Flow Through Heaters. The large 4.3\u201d TFT high contrast display is tilted [&hellip;]","og_url":"https:\/\/www.piovan.com\/it\/product\/easytherm-ep_p-china\/","og_site_name":"PiovanGroup","article_modified_time":"2023-12-12T15:19:36+00:00","og_image":[{"width":1200,"height":1560,"url":"https:\/\/www.piovan.com\/wp-content\/uploads\/Easytherm-ETP_P-China.png","type":"image\/png"}],"twitter_card":"summary_large_image","schema":{"@context":"https:\/\/schema.org","@graph":[{"@type":"WebPage","@id":"https:\/\/www.piovan.com\/product\/easytherm-ep_p-china\/","url":"https:\/\/www.piovan.com\/product\/easytherm-ep_p-china\/","name":"Easytherm EP - PiovanGroup","isPartOf":{"@id":"https:\/\/www.piovan.com\/#website"},"datePublished":"2023-03-20T11:49:50+00:00","dateModified":"2023-12-12T15:19:36+00:00","breadcrumb":{"@id":"https:\/\/www.piovan.com\/product\/easytherm-ep_p-china\/#breadcrumb"},"inLanguage":"it-IT","potentialAction":[{"@type":"ReadAction","target":["https:\/\/www.piovan.com\/product\/easytherm-ep_p-china\/"]}]},{"@type":"BreadcrumbList","@id":"https:\/\/www.piovan.com\/product\/easytherm-ep_p-china\/#breadcrumb","itemListElement":[{"@type":"ListItem","position":1,"name":"Home","item":"https:\/\/www.piovan.com\/"},{"@type":"ListItem","position":2,"name":"Plastic","item":"https:\/\/www.piovan.com\/it\/products\/plastica\/"},{"@type":"ListItem","position":3,"name":"Temperature Controllers","item":"https:\/\/www.piovan.com\/it\/products\/plastica\/termoregolatori\/"},{"@type":"ListItem","position":4,"name":"Easytherm EP"}]},{"@type":"WebSite","@id":"https:\/\/www.piovan.com\/#website","url":"https:\/\/www.piovan.com\/","name":"PiovanGroup","description":"","publisher":{"@id":"https:\/\/www.piovan.com\/#organization"},"potentialAction":[{"@type":"SearchAction","target":{"@type":"EntryPoint","urlTemplate":"https:\/\/www.piovan.com\/?s={search_term_string}"},"query-input":"required name=search_term_string"}],"inLanguage":"it-IT"},{"@type":"Organization","@id":"https:\/\/www.piovan.com\/#organization","name":"PiovanGroup","url":"https:\/\/www.piovan.com\/","logo":{"@type":"ImageObject","inLanguage":"it-IT","@id":"https:\/\/www.piovan.com\/#\/schema\/logo\/image\/","url":"https:\/\/www.piovan.com\/wp-content\/uploads\/2021\/06\/logo@2x.png","contentUrl":"https:\/\/www.piovan.com\/wp-content\/uploads\/2021\/06\/logo@2x.png","width":489,"height":78,"caption":"PiovanGroup"},"image":{"@id":"https:\/\/www.piovan.com\/#\/schema\/logo\/image\/"}}]}},"_links":{"self":[{"href":"https:\/\/www.piovan.com\/it\/wp-json\/wp\/v2\/product\/10031"}],"collection":[{"href":"https:\/\/www.piovan.com\/it\/wp-json\/wp\/v2\/product"}],"about":[{"href":"https:\/\/www.piovan.com\/it\/wp-json\/wp\/v2\/types\/product"}],"version-history":[{"count":3,"href":"https:\/\/www.piovan.com\/it\/wp-json\/wp\/v2\/product\/10031\/revisions"}],"predecessor-version":[{"id":11057,"href":"https:\/\/www.piovan.com\/it\/wp-json\/wp\/v2\/product\/10031\/revisions\/11057"}],"wp:featuredmedia":[{"embeddable":true,"href":"https:\/\/www.piovan.com\/it\/wp-json\/wp\/v2\/media\/10032"}],"wp:attachment":[{"href":"https:\/\/www.piovan.com\/it\/wp-json\/wp\/v2\/media?parent=10031"}],"wp:term":[{"taxonomy":"post_tag","embeddable":true,"href":"https:\/\/www.piovan.com\/it\/wp-json\/wp\/v2\/tags?post=10031"}],"curies":[{"name":"wp","href":"https:\/\/api.w.org\/{rel}","templated":true}]}}