{"id":9213,"date":"2022-09-28T16:44:25","date_gmt":"2022-09-28T14:44:25","guid":{"rendered":"https:\/\/www.piovan.com\/?post_type=product&#038;p=9213"},"modified":"2025-02-26T15:46:46","modified_gmt":"2025-02-26T14:46:46","slug":"softboost","status":"publish","type":"product","link":"https:\/\/www.piovan.com\/fr\/product\/softboost\/","title":{"rendered":"SoftBoost"},"content":{"rendered":"<p>SoftBoost est une tr\u00e9mie innovante con\u00e7ue pour le s\u00e9chage rapide du PET r\u00e9g\u00e9n\u00e9r\u00e9 dans le but de<br \/>\n\u2022 pr\u00e9server autant que possible les caract\u00e9ristiques de la r\u00e9sine<br \/>\n\u2022 obtenir un produit fini de qualit\u00e9 sup\u00e9rieure<br \/>\n\u2022 garantir un rendement \u00e9lev\u00e9<\/p>\n<p>Le nouveau syst\u00e8me brevet\u00e9 de canalisation de l'air permet de chauffer \u00e0 coeur les granul\u00e9s en seulement 45 minutes afin de les porter rapidement de 120 \u00e0 180 \u00b0C.<\/p>\n<p>Terminer la d\u00e9shumidification directement ou \u00e0 proximit\u00e9 de la machine de moulage par injection permet d'utiliser les tr\u00e9mies de d\u00e9shumidification principales \u00e0 des temp\u00e9ratures comprises entre 120 et 140 \u00b0C, limitant ainsi la perte de chaleur. En m\u00eame temps, il devient possible de travailler le long de la vis de plastification de la presse \u00e0 des temp\u00e9ratures plus basses, r\u00e9duisant ult\u00e9rieurement la contrainte thermique lors du moulage et limitant la production de d\u00e9chets.<\/p>\n<p>Le temps de stockage r\u00e9duit du mat\u00e9riau dans la tr\u00e9mie SoftBoost, \u00e0 la temp\u00e9rature de travail exig\u00e9e, \u00e9vite une contrainte inutile sur le rPET et permet de pr\u00e9server ses caract\u00e9ristiques m\u00e9caniques, chimiques et optiques.<\/p>\n<p>La petite taille et la polyvalence du syst\u00e8me permettent des modifications rapides du mat\u00e9riau, m\u00eame pendant les changements de moule, r\u00e9duisant\nfortement les temps d'arr\u00eat et optimisant l'utilisation de l'installation.<\/p>","protected":false},"featured_media":13094,"template":"","tags":[108],"acf":[],"yoast_head":"<title>SoftBoost - PiovanGroup<\/title>\n<meta name=\"robots\" content=\"index, follow, max-snippet:-1, max-image-preview:large, max-video-preview:-1\" \/>\n<link rel=\"canonical\" href=\"https:\/\/www.piovan.com\/fr\/product\/softboost\/\" \/>\n<meta property=\"og:locale\" content=\"fr_FR\" \/>\n<meta property=\"og:type\" content=\"article\" \/>\n<meta property=\"og:title\" content=\"SoftBoost - PiovanGroup\" \/>\n<meta property=\"og:description\" content=\"SoftBoost is the innovative hopper designed for the rapid drying of regenerated PET with the aim of \u2022 preserving the characteristics of the resin as much as possible \u2022 obtain a high-quality finished product \u2022 guaranteeing high productivity The new, patented air channeling system allows the granule to be heated to the core in just 45 minutes to quickly bring it from 120 to 180 \u00b0C. Completing the dehumidification directly or close to the injection molding machine allows the main [&hellip;]\" \/>\n<meta property=\"og:url\" content=\"https:\/\/www.piovan.com\/fr\/product\/softboost\/\" \/>\n<meta property=\"og:site_name\" content=\"PiovanGroup\" \/>\n<meta property=\"article:modified_time\" content=\"2025-02-26T14:46:46+00:00\" \/>\n<meta property=\"og:image\" content=\"https:\/\/www.piovan.com\/wp-content\/uploads\/SOFTBOOST_1200x1560px.png\" \/>\n\t<meta property=\"og:image:width\" content=\"1200\" \/>\n\t<meta property=\"og:image:height\" content=\"1560\" \/>\n\t<meta property=\"og:image:type\" content=\"image\/png\" \/>\n<meta name=\"twitter:card\" content=\"summary_large_image\" \/>\n<script type=\"application\/ld+json\" class=\"yoast-schema-graph\">{\"@context\":\"https:\/\/schema.org\",\"@graph\":[{\"@type\":\"WebPage\",\"@id\":\"https:\/\/www.piovan.com\/product\/softboost\/\",\"url\":\"https:\/\/www.piovan.com\/product\/softboost\/\",\"name\":\"SoftBoost - PiovanGroup\",\"isPartOf\":{\"@id\":\"https:\/\/www.piovan.com\/#website\"},\"datePublished\":\"2022-09-28T14:44:25+00:00\",\"dateModified\":\"2025-02-26T14:46:46+00:00\",\"breadcrumb\":{\"@id\":\"https:\/\/www.piovan.com\/product\/softboost\/#breadcrumb\"},\"inLanguage\":\"fr-FR\",\"potentialAction\":[{\"@type\":\"ReadAction\",\"target\":[\"https:\/\/www.piovan.com\/product\/softboost\/\"]}]},{\"@type\":\"BreadcrumbList\",\"@id\":\"https:\/\/www.piovan.com\/product\/softboost\/#breadcrumb\",\"itemListElement\":[{\"@type\":\"ListItem\",\"position\":1,\"name\":\"Home\",\"item\":\"https:\/\/www.piovan.com\/\"},{\"@type\":\"ListItem\",\"position\":2,\"name\":\"Plastic\",\"item\":\"https:\/\/www.piovan.com\/fr\/products\/plastique\/\"},{\"@type\":\"ListItem\",\"position\":3,\"name\":\"Drying &amp; Dehumidifying\",\"item\":\"https:\/\/www.piovan.com\/fr\/products\/plastique\/sechage-et-deshumidification\/\"},{\"@type\":\"ListItem\",\"position\":4,\"name\":\"SoftBoost\"}]},{\"@type\":\"WebSite\",\"@id\":\"https:\/\/www.piovan.com\/#website\",\"url\":\"https:\/\/www.piovan.com\/\",\"name\":\"PiovanGroup\",\"description\":\"\",\"publisher\":{\"@id\":\"https:\/\/www.piovan.com\/#organization\"},\"potentialAction\":[{\"@type\":\"SearchAction\",\"target\":{\"@type\":\"EntryPoint\",\"urlTemplate\":\"https:\/\/www.piovan.com\/?s={search_term_string}\"},\"query-input\":\"required name=search_term_string\"}],\"inLanguage\":\"fr-FR\"},{\"@type\":\"Organization\",\"@id\":\"https:\/\/www.piovan.com\/#organization\",\"name\":\"PiovanGroup\",\"url\":\"https:\/\/www.piovan.com\/\",\"logo\":{\"@type\":\"ImageObject\",\"inLanguage\":\"fr-FR\",\"@id\":\"https:\/\/www.piovan.com\/#\/schema\/logo\/image\/\",\"url\":\"https:\/\/www.piovan.com\/wp-content\/uploads\/2021\/06\/logo@2x.png\",\"contentUrl\":\"https:\/\/www.piovan.com\/wp-content\/uploads\/2021\/06\/logo@2x.png\",\"width\":489,\"height\":78,\"caption\":\"PiovanGroup\"},\"image\":{\"@id\":\"https:\/\/www.piovan.com\/#\/schema\/logo\/image\/\"}}]}<\/script>","yoast_head_json":{"title":"SoftBoost - PiovanGroup","robots":{"index":"index","follow":"follow","max-snippet":"max-snippet:-1","max-image-preview":"max-image-preview:large","max-video-preview":"max-video-preview:-1"},"canonical":"https:\/\/www.piovan.com\/fr\/product\/softboost\/","og_locale":"fr_FR","og_type":"article","og_title":"SoftBoost - PiovanGroup","og_description":"SoftBoost is the innovative hopper designed for the rapid drying of regenerated PET with the aim of \u2022 preserving the characteristics of the resin as much as possible \u2022 obtain a high-quality finished product \u2022 guaranteeing high productivity The new, patented air channeling system allows the granule to be heated to the core in just 45 minutes to quickly bring it from 120 to 180 \u00b0C. Completing the dehumidification directly or close to the injection molding machine allows the main [&hellip;]","og_url":"https:\/\/www.piovan.com\/fr\/product\/softboost\/","og_site_name":"PiovanGroup","article_modified_time":"2025-02-26T14:46:46+00:00","og_image":[{"width":1200,"height":1560,"url":"https:\/\/www.piovan.com\/wp-content\/uploads\/SOFTBOOST_1200x1560px.png","type":"image\/png"}],"twitter_card":"summary_large_image","schema":{"@context":"https:\/\/schema.org","@graph":[{"@type":"WebPage","@id":"https:\/\/www.piovan.com\/product\/softboost\/","url":"https:\/\/www.piovan.com\/product\/softboost\/","name":"SoftBoost - PiovanGroup","isPartOf":{"@id":"https:\/\/www.piovan.com\/#website"},"datePublished":"2022-09-28T14:44:25+00:00","dateModified":"2025-02-26T14:46:46+00:00","breadcrumb":{"@id":"https:\/\/www.piovan.com\/product\/softboost\/#breadcrumb"},"inLanguage":"fr-FR","potentialAction":[{"@type":"ReadAction","target":["https:\/\/www.piovan.com\/product\/softboost\/"]}]},{"@type":"BreadcrumbList","@id":"https:\/\/www.piovan.com\/product\/softboost\/#breadcrumb","itemListElement":[{"@type":"ListItem","position":1,"name":"Home","item":"https:\/\/www.piovan.com\/"},{"@type":"ListItem","position":2,"name":"Plastic","item":"https:\/\/www.piovan.com\/fr\/products\/plastique\/"},{"@type":"ListItem","position":3,"name":"Drying &amp; Dehumidifying","item":"https:\/\/www.piovan.com\/fr\/products\/plastique\/sechage-et-deshumidification\/"},{"@type":"ListItem","position":4,"name":"SoftBoost"}]},{"@type":"WebSite","@id":"https:\/\/www.piovan.com\/#website","url":"https:\/\/www.piovan.com\/","name":"PiovanGroup","description":"","publisher":{"@id":"https:\/\/www.piovan.com\/#organization"},"potentialAction":[{"@type":"SearchAction","target":{"@type":"EntryPoint","urlTemplate":"https:\/\/www.piovan.com\/?s={search_term_string}"},"query-input":"required name=search_term_string"}],"inLanguage":"fr-FR"},{"@type":"Organization","@id":"https:\/\/www.piovan.com\/#organization","name":"PiovanGroup","url":"https:\/\/www.piovan.com\/","logo":{"@type":"ImageObject","inLanguage":"fr-FR","@id":"https:\/\/www.piovan.com\/#\/schema\/logo\/image\/","url":"https:\/\/www.piovan.com\/wp-content\/uploads\/2021\/06\/logo@2x.png","contentUrl":"https:\/\/www.piovan.com\/wp-content\/uploads\/2021\/06\/logo@2x.png","width":489,"height":78,"caption":"PiovanGroup"},"image":{"@id":"https:\/\/www.piovan.com\/#\/schema\/logo\/image\/"}}]}},"_links":{"self":[{"href":"https:\/\/www.piovan.com\/fr\/wp-json\/wp\/v2\/product\/9213"}],"collection":[{"href":"https:\/\/www.piovan.com\/fr\/wp-json\/wp\/v2\/product"}],"about":[{"href":"https:\/\/www.piovan.com\/fr\/wp-json\/wp\/v2\/types\/product"}],"version-history":[{"count":4,"href":"https:\/\/www.piovan.com\/fr\/wp-json\/wp\/v2\/product\/9213\/revisions"}],"predecessor-version":[{"id":14549,"href":"https:\/\/www.piovan.com\/fr\/wp-json\/wp\/v2\/product\/9213\/revisions\/14549"}],"wp:featuredmedia":[{"embeddable":true,"href":"https:\/\/www.piovan.com\/fr\/wp-json\/wp\/v2\/media\/13094"}],"wp:attachment":[{"href":"https:\/\/www.piovan.com\/fr\/wp-json\/wp\/v2\/media?parent=9213"}],"wp:term":[{"taxonomy":"post_tag","embeddable":true,"href":"https:\/\/www.piovan.com\/fr\/wp-json\/wp\/v2\/tags?post=9213"}],"curies":[{"name":"wp","href":"https:\/\/api.w.org\/{rel}","templated":true}]}}