{"id":9209,"date":"2022-09-28T16:31:23","date_gmt":"2022-09-28T14:31:23","guid":{"rendered":"https:\/\/www.piovan.com\/?post_type=product&#038;p=9209"},"modified":"2025-02-27T08:57:26","modified_gmt":"2025-02-27T07:57:26","slug":"vulkano","status":"publish","type":"product","link":"https:\/\/www.piovan.com\/fr\/product\/vulkano\/","title":{"rendered":"Vulkano"},"content":{"rendered":"<p>Vulkano est un outil portable pour la d\u00e9tection et la quantification de la pr\u00e9sence de compos\u00e9s de carbone organique (COT -carbone organique total) dans l'air du processus de d\u00e9shumidification.<\/p>\n<p>Les plastiques hygroscopiques post-consommation doivent \u00eatre d\u00e9shumidifi\u00e9s pour produire de nouveaux produits. Le processus d'extraction de l'humidit\u00e9 extrait \u00e9galement des substances absorb\u00e9es par le polym\u00e8re au cours de sa vie pr\u00e9c\u00e9dente, les NIAS (substances ajout\u00e9es non intentionnellement). L'air circulant dans les circuits qui sont typiquement ferm\u00e9s pour des raisons d'efficacit\u00e9 \u00e9nerg\u00e9tique et de s\u00e9curit\u00e9 risque de devenir satur\u00e9 par des compos\u00e9s de carbone organique pouvant provoquer:<br \/>\n\u25cf un d\u00e9p\u00f4t d'huile sur les surfaces internes du d\u00e9shumidificateur<br \/>\n\u25cf la saturation des tamis mol\u00e9culaires entra\u00eenant une perte de fonctionnalit\u00e9<br \/>\n\u25cf l'impossibilit\u00e9 d'extraire les NIAS du plastique trait\u00e9.<\/p>\n<p>\u00c9tant donn\u00e9 que l'utilisation de plastique post-consommation augmente, il est recommand\u00e9 d'employer des condensateurs de fum\u00e9e tels que\nCondenso et des filtres au charbon actif tels que PureTech pour prot\u00e9ger le d\u00e9shumidificateur et le produit fini.<\/p>\n<p>\u00c9tant donn\u00e9 que l'utilisation de plastique post-consommation augmente, il est recommand\u00e9 d'employer des condensateurs de fum\u00e9e tels que Condenso et des filtres au charbon actif tels que PureTech pour prot\u00e9ger le d\u00e9shumidificateur et le produit fini.<\/p>\n<p>Vulkano peut \u00e9galement \u00eatre utilis\u00e9 tr\u00e8s facilement par tous les op\u00e9rateurs de ligne gr\u00e2ce \u00e0 son interface intuitive.<\/p>","protected":false},"featured_media":13755,"template":"","tags":[108],"acf":[],"yoast_head":"<title>Vulkano - PiovanGroup<\/title>\n<meta name=\"robots\" content=\"index, follow, max-snippet:-1, max-image-preview:large, max-video-preview:-1\" \/>\n<link rel=\"canonical\" href=\"https:\/\/www.piovan.com\/fr\/product\/vulkano\/\" \/>\n<meta property=\"og:locale\" content=\"fr_FR\" \/>\n<meta property=\"og:type\" content=\"article\" \/>\n<meta property=\"og:title\" content=\"Vulkano - PiovanGroup\" \/>\n<meta property=\"og:description\" content=\"Vulkano is a portable instrument for detecting and quantifying the presence of organic carbon compounds (T.O.C. -Total Organic Carbon), in the dehumidification process air. Post-consumer hygroscopic plastics must be dehumidified to produce new products. The process to extract moisture also extracts substances absorbed by the polymer during its previous life, the NIAS (Non Intentionally Added Substances). The air circulating in circuits that are typically closed for energy efficiency and safety reasons is at risk of becoming saturated with of organic [&hellip;]\" \/>\n<meta property=\"og:url\" content=\"https:\/\/www.piovan.com\/fr\/product\/vulkano\/\" \/>\n<meta property=\"og:site_name\" content=\"PiovanGroup\" \/>\n<meta property=\"article:modified_time\" content=\"2025-02-27T07:57:26+00:00\" \/>\n<meta property=\"og:image\" content=\"https:\/\/www.piovan.com\/wp-content\/uploads\/Vulkano-1.png\" \/>\n\t<meta property=\"og:image:width\" content=\"1200\" \/>\n\t<meta property=\"og:image:height\" content=\"1560\" \/>\n\t<meta property=\"og:image:type\" content=\"image\/png\" \/>\n<meta name=\"twitter:card\" content=\"summary_large_image\" \/>\n<script type=\"application\/ld+json\" class=\"yoast-schema-graph\">{\"@context\":\"https:\/\/schema.org\",\"@graph\":[{\"@type\":\"WebPage\",\"@id\":\"https:\/\/www.piovan.com\/product\/vulkano\/\",\"url\":\"https:\/\/www.piovan.com\/product\/vulkano\/\",\"name\":\"Vulkano - PiovanGroup\",\"isPartOf\":{\"@id\":\"https:\/\/www.piovan.com\/#website\"},\"datePublished\":\"2022-09-28T14:31:23+00:00\",\"dateModified\":\"2025-02-27T07:57:26+00:00\",\"breadcrumb\":{\"@id\":\"https:\/\/www.piovan.com\/product\/vulkano\/#breadcrumb\"},\"inLanguage\":\"fr-FR\",\"potentialAction\":[{\"@type\":\"ReadAction\",\"target\":[\"https:\/\/www.piovan.com\/product\/vulkano\/\"]}]},{\"@type\":\"BreadcrumbList\",\"@id\":\"https:\/\/www.piovan.com\/product\/vulkano\/#breadcrumb\",\"itemListElement\":[{\"@type\":\"ListItem\",\"position\":1,\"name\":\"Home\",\"item\":\"https:\/\/www.piovan.com\/\"},{\"@type\":\"ListItem\",\"position\":2,\"name\":\"Plastic\",\"item\":\"https:\/\/www.piovan.com\/fr\/products\/plastique\/\"},{\"@type\":\"ListItem\",\"position\":3,\"name\":\"Lab-tech\",\"item\":\"https:\/\/www.piovan.com\/fr\/products\/plastique\/lab-tech\/\"},{\"@type\":\"ListItem\",\"position\":4,\"name\":\"Vulkano\"}]},{\"@type\":\"WebSite\",\"@id\":\"https:\/\/www.piovan.com\/#website\",\"url\":\"https:\/\/www.piovan.com\/\",\"name\":\"PiovanGroup\",\"description\":\"\",\"publisher\":{\"@id\":\"https:\/\/www.piovan.com\/#organization\"},\"potentialAction\":[{\"@type\":\"SearchAction\",\"target\":{\"@type\":\"EntryPoint\",\"urlTemplate\":\"https:\/\/www.piovan.com\/?s={search_term_string}\"},\"query-input\":\"required name=search_term_string\"}],\"inLanguage\":\"fr-FR\"},{\"@type\":\"Organization\",\"@id\":\"https:\/\/www.piovan.com\/#organization\",\"name\":\"PiovanGroup\",\"url\":\"https:\/\/www.piovan.com\/\",\"logo\":{\"@type\":\"ImageObject\",\"inLanguage\":\"fr-FR\",\"@id\":\"https:\/\/www.piovan.com\/#\/schema\/logo\/image\/\",\"url\":\"https:\/\/www.piovan.com\/wp-content\/uploads\/2021\/06\/logo@2x.png\",\"contentUrl\":\"https:\/\/www.piovan.com\/wp-content\/uploads\/2021\/06\/logo@2x.png\",\"width\":489,\"height\":78,\"caption\":\"PiovanGroup\"},\"image\":{\"@id\":\"https:\/\/www.piovan.com\/#\/schema\/logo\/image\/\"}}]}<\/script>","yoast_head_json":{"title":"Vulkano - PiovanGroup","robots":{"index":"index","follow":"follow","max-snippet":"max-snippet:-1","max-image-preview":"max-image-preview:large","max-video-preview":"max-video-preview:-1"},"canonical":"https:\/\/www.piovan.com\/fr\/product\/vulkano\/","og_locale":"fr_FR","og_type":"article","og_title":"Vulkano - PiovanGroup","og_description":"Vulkano is a portable instrument for detecting and quantifying the presence of organic carbon compounds (T.O.C. -Total Organic Carbon), in the dehumidification process air. Post-consumer hygroscopic plastics must be dehumidified to produce new products. The process to extract moisture also extracts substances absorbed by the polymer during its previous life, the NIAS (Non Intentionally Added Substances). The air circulating in circuits that are typically closed for energy efficiency and safety reasons is at risk of becoming saturated with of organic [&hellip;]","og_url":"https:\/\/www.piovan.com\/fr\/product\/vulkano\/","og_site_name":"PiovanGroup","article_modified_time":"2025-02-27T07:57:26+00:00","og_image":[{"width":1200,"height":1560,"url":"https:\/\/www.piovan.com\/wp-content\/uploads\/Vulkano-1.png","type":"image\/png"}],"twitter_card":"summary_large_image","schema":{"@context":"https:\/\/schema.org","@graph":[{"@type":"WebPage","@id":"https:\/\/www.piovan.com\/product\/vulkano\/","url":"https:\/\/www.piovan.com\/product\/vulkano\/","name":"Vulkano - PiovanGroup","isPartOf":{"@id":"https:\/\/www.piovan.com\/#website"},"datePublished":"2022-09-28T14:31:23+00:00","dateModified":"2025-02-27T07:57:26+00:00","breadcrumb":{"@id":"https:\/\/www.piovan.com\/product\/vulkano\/#breadcrumb"},"inLanguage":"fr-FR","potentialAction":[{"@type":"ReadAction","target":["https:\/\/www.piovan.com\/product\/vulkano\/"]}]},{"@type":"BreadcrumbList","@id":"https:\/\/www.piovan.com\/product\/vulkano\/#breadcrumb","itemListElement":[{"@type":"ListItem","position":1,"name":"Home","item":"https:\/\/www.piovan.com\/"},{"@type":"ListItem","position":2,"name":"Plastic","item":"https:\/\/www.piovan.com\/fr\/products\/plastique\/"},{"@type":"ListItem","position":3,"name":"Lab-tech","item":"https:\/\/www.piovan.com\/fr\/products\/plastique\/lab-tech\/"},{"@type":"ListItem","position":4,"name":"Vulkano"}]},{"@type":"WebSite","@id":"https:\/\/www.piovan.com\/#website","url":"https:\/\/www.piovan.com\/","name":"PiovanGroup","description":"","publisher":{"@id":"https:\/\/www.piovan.com\/#organization"},"potentialAction":[{"@type":"SearchAction","target":{"@type":"EntryPoint","urlTemplate":"https:\/\/www.piovan.com\/?s={search_term_string}"},"query-input":"required name=search_term_string"}],"inLanguage":"fr-FR"},{"@type":"Organization","@id":"https:\/\/www.piovan.com\/#organization","name":"PiovanGroup","url":"https:\/\/www.piovan.com\/","logo":{"@type":"ImageObject","inLanguage":"fr-FR","@id":"https:\/\/www.piovan.com\/#\/schema\/logo\/image\/","url":"https:\/\/www.piovan.com\/wp-content\/uploads\/2021\/06\/logo@2x.png","contentUrl":"https:\/\/www.piovan.com\/wp-content\/uploads\/2021\/06\/logo@2x.png","width":489,"height":78,"caption":"PiovanGroup"},"image":{"@id":"https:\/\/www.piovan.com\/#\/schema\/logo\/image\/"}}]}},"_links":{"self":[{"href":"https:\/\/www.piovan.com\/fr\/wp-json\/wp\/v2\/product\/9209"}],"collection":[{"href":"https:\/\/www.piovan.com\/fr\/wp-json\/wp\/v2\/product"}],"about":[{"href":"https:\/\/www.piovan.com\/fr\/wp-json\/wp\/v2\/types\/product"}],"version-history":[{"count":4,"href":"https:\/\/www.piovan.com\/fr\/wp-json\/wp\/v2\/product\/9209\/revisions"}],"predecessor-version":[{"id":14593,"href":"https:\/\/www.piovan.com\/fr\/wp-json\/wp\/v2\/product\/9209\/revisions\/14593"}],"wp:featuredmedia":[{"embeddable":true,"href":"https:\/\/www.piovan.com\/fr\/wp-json\/wp\/v2\/media\/13755"}],"wp:attachment":[{"href":"https:\/\/www.piovan.com\/fr\/wp-json\/wp\/v2\/media?parent=9209"}],"wp:term":[{"taxonomy":"post_tag","embeddable":true,"href":"https:\/\/www.piovan.com\/fr\/wp-json\/wp\/v2\/tags?post=9209"}],"curies":[{"name":"wp","href":"https:\/\/api.w.org\/{rel}","templated":true}]}}