{"id":6039,"date":"2021-12-05T15:18:23","date_gmt":"2021-12-05T14:18:23","guid":{"rendered":"http:\/\/188.166.2.129\/product\/aquatreat\/"},"modified":"2025-10-23T15:03:38","modified_gmt":"2025-10-23T13:03:38","slug":"aquatreat","status":"publish","type":"product","link":"https:\/\/www.piovan.com\/fr\/product\/aquatreat\/","title":{"rendered":"Aquatreat"},"content":{"rendered":"<p>Aquatreat est la nouvelle solution d'Thermal Care pour le traitement des eaux de proc\u00e9d\u00e9s industriels. Adapt\u00e9e aux diff\u00e9rents proc\u00e9d\u00e9s industriels, c'est une solution hautement personnalisable qui permet de contr\u00f4ler, traiter et filtrer les eaux de process.<\/p>\n<p>Les solutions traditionnelles de traitement de l'eau sont bas\u00e9es sur des additifs polluants qui n\u00e9cessitent des co\u00fbts d'\u00e9limination \u00e9lev\u00e9s avec des r\u00e9sultats pas toujours pr\u00e9cis. Une eau de mauvaise qualit\u00e9 entra\u00eene certains probl\u00e8mes dans les syst\u00e8mes de refroidissement, tels que des arr\u00eats de l'installation, des pertes de rendement et des dommages aux composants du syst\u00e8me, des conduites bouch\u00e9es et une augmentation des co\u00fbts de maintenance.<\/p>\n<p>Une bonne qualit\u00e9 de l'eau de refroidissement est essentielle pour garantir:<br \/>\n\u2022 Une fiabilit\u00e9 maximale du syst\u00e8me de refroidissement<br \/>\n\u2022 La pr\u00e9vention des pannes et avaries impr\u00e9vues<br \/>\n\u2022 Une grande efficacit\u00e9 du syst\u00e8me de refroidissement tout en maintenant les co\u00fbts d'exploitation \u00e0 un faible niveau<br \/>\n\u2022 La s\u00e9curit\u00e9 de l'investissement<\/p>\n<p>Avec Aquatreat, il est possible de g\u00e9rer le pH, la conductivit\u00e9, les chlorures, les sulfates, les solides en suspension, les contaminants et bien plus encore, afin de garantir la bonne qualit\u00e9 de l'eau. L'\u00e9cart par rapport aux valeurs souhait\u00e9es permet une r\u00e9ponse rapide. De plus, il prot\u00e8ge les conduites de la corrosion de l'eau gr\u00e2ce \u00e0 des additifs au molybd\u00e8ne.<\/p>","protected":false},"featured_media":11151,"template":"","tags":[168],"acf":[],"yoast_head":"<title>Aquatreat - Groupe Piovan<\/title>\n<meta name=\"robots\" content=\"index, follow, max-snippet:-1, max-image-preview:large, max-video-preview:-1\" \/>\n<link rel=\"canonical\" href=\"https:\/\/www.piovan.com\/fr\/product\/aquatreat\/\" \/>\n<meta property=\"og:locale\" content=\"fr_FR\" \/>\n<meta property=\"og:type\" content=\"article\" \/>\n<meta property=\"og:title\" content=\"Aquatreat - PiovanGroup\" \/>\n<meta property=\"og:description\" content=\"Aquatreat is the new solution by Thermal Care for industrial process water treatment. Suitable for a variety of industrial processes, it is a highly customisable solution which allows to monitor, treat and filter the process water. Traditional solutions for water treatment are based on polluting additives which require high disposal costs with results that are not always precise. Low quality water causes some problems in the cooling systems, such as plant downtime, efficiency losses and damage to the system components, [&hellip;]\" \/>\n<meta property=\"og:url\" content=\"https:\/\/www.piovan.com\/fr\/product\/aquatreat\/\" \/>\n<meta property=\"og:site_name\" content=\"PiovanGroup\" \/>\n<meta property=\"article:modified_time\" content=\"2025-10-23T13:03:38+00:00\" \/>\n<meta property=\"og:image\" content=\"https:\/\/www.piovan.com\/wp-content\/uploads\/0057_Aquatreat.png\" \/>\n\t<meta property=\"og:image:width\" content=\"1200\" \/>\n\t<meta property=\"og:image:height\" content=\"1560\" \/>\n\t<meta property=\"og:image:type\" content=\"image\/png\" \/>\n<meta name=\"twitter:card\" content=\"summary_large_image\" \/>\n<script type=\"application\/ld+json\" class=\"yoast-schema-graph\">{\"@context\":\"https:\/\/schema.org\",\"@graph\":[{\"@type\":\"WebPage\",\"@id\":\"https:\/\/www.piovan.com\/product\/aquatreat\/\",\"url\":\"https:\/\/www.piovan.com\/product\/aquatreat\/\",\"name\":\"Aquatreat - PiovanGroup\",\"isPartOf\":{\"@id\":\"https:\/\/www.piovan.com\/#website\"},\"datePublished\":\"2021-12-05T14:18:23+00:00\",\"dateModified\":\"2025-10-23T13:03:38+00:00\",\"breadcrumb\":{\"@id\":\"https:\/\/www.piovan.com\/product\/aquatreat\/#breadcrumb\"},\"inLanguage\":\"fr-FR\",\"potentialAction\":[{\"@type\":\"ReadAction\",\"target\":[\"https:\/\/www.piovan.com\/product\/aquatreat\/\"]}]},{\"@type\":\"BreadcrumbList\",\"@id\":\"https:\/\/www.piovan.com\/product\/aquatreat\/#breadcrumb\",\"itemListElement\":[{\"@type\":\"ListItem\",\"position\":1,\"name\":\"Home\",\"item\":\"https:\/\/www.piovan.com\/\"},{\"@type\":\"ListItem\",\"position\":2,\"name\":\"Industrial cooling\",\"item\":\"https:\/\/www.piovan.com\/fr\/products\/refroidissement-industriel\/\"},{\"@type\":\"ListItem\",\"position\":3,\"name\":\"Water and Environmental Treatment\",\"item\":\"https:\/\/www.piovan.com\/fr\/products\/refroidissement-industriel\/water-and-environmental-treatment\/\"},{\"@type\":\"ListItem\",\"position\":4,\"name\":\"Aquatreat\"}]},{\"@type\":\"WebSite\",\"@id\":\"https:\/\/www.piovan.com\/#website\",\"url\":\"https:\/\/www.piovan.com\/\",\"name\":\"PiovanGroup\",\"description\":\"\",\"publisher\":{\"@id\":\"https:\/\/www.piovan.com\/#organization\"},\"potentialAction\":[{\"@type\":\"SearchAction\",\"target\":{\"@type\":\"EntryPoint\",\"urlTemplate\":\"https:\/\/www.piovan.com\/?s={search_term_string}\"},\"query-input\":\"required name=search_term_string\"}],\"inLanguage\":\"fr-FR\"},{\"@type\":\"Organization\",\"@id\":\"https:\/\/www.piovan.com\/#organization\",\"name\":\"PiovanGroup\",\"url\":\"https:\/\/www.piovan.com\/\",\"logo\":{\"@type\":\"ImageObject\",\"inLanguage\":\"fr-FR\",\"@id\":\"https:\/\/www.piovan.com\/#\/schema\/logo\/image\/\",\"url\":\"https:\/\/www.piovan.com\/wp-content\/uploads\/2021\/06\/logo@2x.png\",\"contentUrl\":\"https:\/\/www.piovan.com\/wp-content\/uploads\/2021\/06\/logo@2x.png\",\"width\":489,\"height\":78,\"caption\":\"PiovanGroup\"},\"image\":{\"@id\":\"https:\/\/www.piovan.com\/#\/schema\/logo\/image\/\"}}]}<\/script>","yoast_head_json":{"title":"Aquatreat - Groupe Piovan","robots":{"index":"index","follow":"follow","max-snippet":"max-snippet:-1","max-image-preview":"max-image-preview:large","max-video-preview":"max-video-preview:-1"},"canonical":"https:\/\/www.piovan.com\/fr\/product\/aquatreat\/","og_locale":"fr_FR","og_type":"article","og_title":"Aquatreat - PiovanGroup","og_description":"Aquatreat is the new solution by Thermal Care for industrial process water treatment. Suitable for a variety of industrial processes, it is a highly customisable solution which allows to monitor, treat and filter the process water. Traditional solutions for water treatment are based on polluting additives which require high disposal costs with results that are not always precise. Low quality water causes some problems in the cooling systems, such as plant downtime, efficiency losses and damage to the system components, [&hellip;]","og_url":"https:\/\/www.piovan.com\/fr\/product\/aquatreat\/","og_site_name":"PiovanGroup","article_modified_time":"2025-10-23T13:03:38+00:00","og_image":[{"width":1200,"height":1560,"url":"https:\/\/www.piovan.com\/wp-content\/uploads\/0057_Aquatreat.png","type":"image\/png"}],"twitter_card":"summary_large_image","schema":{"@context":"https:\/\/schema.org","@graph":[{"@type":"WebPage","@id":"https:\/\/www.piovan.com\/product\/aquatreat\/","url":"https:\/\/www.piovan.com\/product\/aquatreat\/","name":"Aquatreat - PiovanGroup","isPartOf":{"@id":"https:\/\/www.piovan.com\/#website"},"datePublished":"2021-12-05T14:18:23+00:00","dateModified":"2025-10-23T13:03:38+00:00","breadcrumb":{"@id":"https:\/\/www.piovan.com\/product\/aquatreat\/#breadcrumb"},"inLanguage":"fr-FR","potentialAction":[{"@type":"ReadAction","target":["https:\/\/www.piovan.com\/product\/aquatreat\/"]}]},{"@type":"BreadcrumbList","@id":"https:\/\/www.piovan.com\/product\/aquatreat\/#breadcrumb","itemListElement":[{"@type":"ListItem","position":1,"name":"Home","item":"https:\/\/www.piovan.com\/"},{"@type":"ListItem","position":2,"name":"Industrial cooling","item":"https:\/\/www.piovan.com\/fr\/products\/refroidissement-industriel\/"},{"@type":"ListItem","position":3,"name":"Water and Environmental Treatment","item":"https:\/\/www.piovan.com\/fr\/products\/refroidissement-industriel\/water-and-environmental-treatment\/"},{"@type":"ListItem","position":4,"name":"Aquatreat"}]},{"@type":"WebSite","@id":"https:\/\/www.piovan.com\/#website","url":"https:\/\/www.piovan.com\/","name":"PiovanGroup","description":"","publisher":{"@id":"https:\/\/www.piovan.com\/#organization"},"potentialAction":[{"@type":"SearchAction","target":{"@type":"EntryPoint","urlTemplate":"https:\/\/www.piovan.com\/?s={search_term_string}"},"query-input":"required name=search_term_string"}],"inLanguage":"fr-FR"},{"@type":"Organization","@id":"https:\/\/www.piovan.com\/#organization","name":"PiovanGroup","url":"https:\/\/www.piovan.com\/","logo":{"@type":"ImageObject","inLanguage":"fr-FR","@id":"https:\/\/www.piovan.com\/#\/schema\/logo\/image\/","url":"https:\/\/www.piovan.com\/wp-content\/uploads\/2021\/06\/logo@2x.png","contentUrl":"https:\/\/www.piovan.com\/wp-content\/uploads\/2021\/06\/logo@2x.png","width":489,"height":78,"caption":"PiovanGroup"},"image":{"@id":"https:\/\/www.piovan.com\/#\/schema\/logo\/image\/"}}]}},"_links":{"self":[{"href":"https:\/\/www.piovan.com\/fr\/wp-json\/wp\/v2\/product\/6039"}],"collection":[{"href":"https:\/\/www.piovan.com\/fr\/wp-json\/wp\/v2\/product"}],"about":[{"href":"https:\/\/www.piovan.com\/fr\/wp-json\/wp\/v2\/types\/product"}],"version-history":[{"count":3,"href":"https:\/\/www.piovan.com\/fr\/wp-json\/wp\/v2\/product\/6039\/revisions"}],"predecessor-version":[{"id":15817,"href":"https:\/\/www.piovan.com\/fr\/wp-json\/wp\/v2\/product\/6039\/revisions\/15817"}],"wp:featuredmedia":[{"embeddable":true,"href":"https:\/\/www.piovan.com\/fr\/wp-json\/wp\/v2\/media\/11151"}],"wp:attachment":[{"href":"https:\/\/www.piovan.com\/fr\/wp-json\/wp\/v2\/media?parent=6039"}],"wp:term":[{"taxonomy":"post_tag","embeddable":true,"href":"https:\/\/www.piovan.com\/fr\/wp-json\/wp\/v2\/tags?post=6039"}],"curies":[{"name":"wp","href":"https:\/\/api.w.org\/{rel}","templated":true}]}}