{"id":6037,"date":"2021-12-05T15:18:23","date_gmt":"2021-12-05T14:18:23","guid":{"rendered":"http:\/\/188.166.2.129\/product\/aryacool\/"},"modified":"2023-12-13T15:45:37","modified_gmt":"2023-12-13T14:45:37","slug":"aryacool_piovan-china","status":"publish","type":"product","link":"https:\/\/www.piovan.com\/fr\/product\/aryacool_piovan-china\/","title":{"rendered":"Aryacool+"},"content":{"rendered":"<p>Le dry cooler d\u2019Aquatech pr\u00e9sente de nombreux avantages en ce qui concerne le refroidissement de l\u2019eau industrielle.\n<br>\nGr\u00e2ce \u00e0 l\u2019utilisation d\u2019un circuit pressuris\u00e9, l\u2019eau industrielle reste propre sans risque de contamination par la l\u00e9gionellose. Dans la configuration adiabatique, Aryacool n\u2019utilise que l\u2019eau strictement n\u00e9cessaire et r\u00e9duit ainsi les gaspillages et frais d\u2019exploitation.<\/p>\n<p class=\" translation-block\">Aryacool est disponible en deux configurations :<br>\n\u2022 Syst\u00e8me \u00e0 sec: utilis\u00e9 quand la temp\u00e9rature de l'eau industrielle d\u00e9passe de 5 \u00b0C(1) la temp\u00e9rature de l\u2019air ambiant.<br>\n\u2022 Syst\u00e8me adiabatique: utilis\u00e9 quand les temp\u00e9ratures ambiantes sont \u00e9lev\u00e9es ; l\u2019eau n\u00e9bulis\u00e9e est diffus\u00e9e directement sur l\u2019\u00e9changeur de chaleur, ce qui entra\u00eene le refroidissement de l\u2019air en entr\u00e9e et de la batterie en contact avec l\u2019eau.<\/p>\n<p>Pour les deux configurations susmentionn\u00e9es, il est possible de demander un traitement sp\u00e9cial des batteries \u00e0 ailettes pour des environnements hautement corrosifs comme ceux de l\u2019industrie chimique ou situ\u00e9s \u00e0 proximit\u00e9 de zones c\u00f4ti\u00e8res.<\/p>\n<p>La version \u00e0 drainage automatique ou avec PADS est disponible sur demande.<\/p>\n<p class=\" translation-block\"><strong>Principales caract\u00e9ristiques<\/strong>:<br>\n\u2022 Une application flexible : diff\u00e9rentes dimensions et capacit\u00e9s thermiques, utilisable pour refroidissement naturel ou pour condensation (refroidisseurs condens\u00e9s \u00e0 l\u2019eau).<br>\n\u2022 Une augmentation des \u00e9conomies d\u2019\u00e9nergie, gr\u00e2ce aux ventilateurs EC<br>\n\u2022 Une consommation d\u2019eau r\u00e9duite au minimum, gr\u00e2ce \u00e0 un syst\u00e8me utilisant l\u2019\u00e9vaporation de l\u2019eau seulement durant les p\u00e9riodes o\u00f9 la temp\u00e9rature de l\u2019air ext\u00e9rieur est \u00e9lev\u00e9e.<\/p>\n<p class=\" translation-block\"><strong>Avantages<\/strong>:<br>\n\u2022 Propret\u00e9 de l\u2019eau industrielle: contr\u00f4le et pr\u00e9vention du risque de l\u00e9gionellose<br>\n\u2022 Le syst\u00e8me \u00e0 circuit ferm\u00e9 r\u00e9duit les co\u00fbts de maintenance et \u00e9vite l\u2019encrassement des tuyaux et des moules<br>\n\u2022 Une plus grande \u00e9conomie d\u2019eau: la phase adiabatique n\u2019entre en fonction qu\u2019\u00e0 certaines p\u00e9riodes de l\u2019ann\u00e9e<br>\n\u2022 Le traitement de l\u2019eau est limit\u00e9 \u00e0 la seule phase adiabatique<br>\n\u2022 R\u00e9duction de la consommation d\u2019\u00e9lectricit\u00e9: gr\u00e2ce aux ventilateurs \u00e9lectroniques (EC) et \u00e0 la modulation de la vitesse de rotation durant les charges partielles.<br>\n\u2022 Cycle automatique anti-pollens. En pr\u00e9sence de pollens ou de feuilles, il est possible de s\u00e9lectionner des cycles automatiques qui inversent le sens de rotation des turbines et poussent vers l\u2019ext\u00e9rieur tous les mat\u00e9riaux superflus.<\/p>\n<p>&nbsp;<\/p>","protected":false},"featured_media":7603,"template":"","tags":[],"acf":[],"yoast_head":"<title>Aryacool+ - PiovanGroup<\/title>\n<meta name=\"robots\" content=\"index, follow, max-snippet:-1, max-image-preview:large, max-video-preview:-1\" \/>\n<link rel=\"canonical\" href=\"https:\/\/www.piovan.com\/fr\/product\/aryacool_piovan-china\/\" \/>\n<meta property=\"og:locale\" content=\"fr_FR\" \/>\n<meta property=\"og:type\" content=\"article\" \/>\n<meta property=\"og:title\" content=\"Aryacool+ - PiovanGroup\" \/>\n<meta property=\"og:description\" content=\"Aryacool+ adiabatic liquid cooler is the synthesis of a decennial global experience and encompasses answers to all those industrial customers who are looking for process sustainability. Among the key features to highlight: \u2022 DuoCool control: two independent process temperature \u2022 Self-drain solution: no antifreeze needed in cold area \u2022 Adiabatic booster spray: extra spray for high humidity countries \u2022 Dry version: no PAD and optimized energy consumption \u2022 WRS Water Recovery System: to further reduce water consumption The logistics are [&hellip;]\" \/>\n<meta property=\"og:url\" content=\"https:\/\/www.piovan.com\/fr\/product\/aryacool_piovan-china\/\" \/>\n<meta property=\"og:site_name\" content=\"PiovanGroup\" \/>\n<meta property=\"article:modified_time\" content=\"2023-12-13T14:45:37+00:00\" \/>\n<meta property=\"og:image\" content=\"https:\/\/www.piovan.com\/wp-content\/uploads\/Aryacool_product_1200x1560-1.png\" \/>\n\t<meta property=\"og:image:width\" content=\"1200\" \/>\n\t<meta property=\"og:image:height\" content=\"1560\" \/>\n\t<meta property=\"og:image:type\" content=\"image\/png\" \/>\n<meta name=\"twitter:card\" content=\"summary_large_image\" \/>\n<script type=\"application\/ld+json\" class=\"yoast-schema-graph\">{\"@context\":\"https:\/\/schema.org\",\"@graph\":[{\"@type\":\"WebPage\",\"@id\":\"https:\/\/www.piovan.com\/product\/aryacool_piovan-china\/\",\"url\":\"https:\/\/www.piovan.com\/product\/aryacool_piovan-china\/\",\"name\":\"Aryacool+ - PiovanGroup\",\"isPartOf\":{\"@id\":\"https:\/\/www.piovan.com\/#website\"},\"datePublished\":\"2021-12-05T14:18:23+00:00\",\"dateModified\":\"2023-12-13T14:45:37+00:00\",\"breadcrumb\":{\"@id\":\"https:\/\/www.piovan.com\/product\/aryacool_piovan-china\/#breadcrumb\"},\"inLanguage\":\"fr-FR\",\"potentialAction\":[{\"@type\":\"ReadAction\",\"target\":[\"https:\/\/www.piovan.com\/product\/aryacool_piovan-china\/\"]}]},{\"@type\":\"BreadcrumbList\",\"@id\":\"https:\/\/www.piovan.com\/product\/aryacool_piovan-china\/#breadcrumb\",\"itemListElement\":[{\"@type\":\"ListItem\",\"position\":1,\"name\":\"Home\",\"item\":\"https:\/\/www.piovan.com\/\"},{\"@type\":\"ListItem\",\"position\":2,\"name\":\"Industrial cooling\",\"item\":\"https:\/\/www.piovan.com\/fr\/products\/refroidissement-industriel\/\"},{\"@type\":\"ListItem\",\"position\":3,\"name\":\"Dry Coolers\",\"item\":\"https:\/\/www.piovan.com\/fr\/products\/refroidissement-industriel\/dry-coolers\/\"},{\"@type\":\"ListItem\",\"position\":4,\"name\":\"Aryacool+\"}]},{\"@type\":\"WebSite\",\"@id\":\"https:\/\/www.piovan.com\/#website\",\"url\":\"https:\/\/www.piovan.com\/\",\"name\":\"PiovanGroup\",\"description\":\"\",\"publisher\":{\"@id\":\"https:\/\/www.piovan.com\/#organization\"},\"potentialAction\":[{\"@type\":\"SearchAction\",\"target\":{\"@type\":\"EntryPoint\",\"urlTemplate\":\"https:\/\/www.piovan.com\/?s={search_term_string}\"},\"query-input\":\"required name=search_term_string\"}],\"inLanguage\":\"fr-FR\"},{\"@type\":\"Organization\",\"@id\":\"https:\/\/www.piovan.com\/#organization\",\"name\":\"PiovanGroup\",\"url\":\"https:\/\/www.piovan.com\/\",\"logo\":{\"@type\":\"ImageObject\",\"inLanguage\":\"fr-FR\",\"@id\":\"https:\/\/www.piovan.com\/#\/schema\/logo\/image\/\",\"url\":\"https:\/\/www.piovan.com\/wp-content\/uploads\/2021\/06\/logo@2x.png\",\"contentUrl\":\"https:\/\/www.piovan.com\/wp-content\/uploads\/2021\/06\/logo@2x.png\",\"width\":489,\"height\":78,\"caption\":\"PiovanGroup\"},\"image\":{\"@id\":\"https:\/\/www.piovan.com\/#\/schema\/logo\/image\/\"}}]}<\/script>","yoast_head_json":{"title":"Aryacool+ - PiovanGroup","robots":{"index":"index","follow":"follow","max-snippet":"max-snippet:-1","max-image-preview":"max-image-preview:large","max-video-preview":"max-video-preview:-1"},"canonical":"https:\/\/www.piovan.com\/fr\/product\/aryacool_piovan-china\/","og_locale":"fr_FR","og_type":"article","og_title":"Aryacool+ - PiovanGroup","og_description":"Aryacool+ adiabatic liquid cooler is the synthesis of a decennial global experience and encompasses answers to all those industrial customers who are looking for process sustainability. Among the key features to highlight: \u2022 DuoCool control: two independent process temperature \u2022 Self-drain solution: no antifreeze needed in cold area \u2022 Adiabatic booster spray: extra spray for high humidity countries \u2022 Dry version: no PAD and optimized energy consumption \u2022 WRS Water Recovery System: to further reduce water consumption The logistics are [&hellip;]","og_url":"https:\/\/www.piovan.com\/fr\/product\/aryacool_piovan-china\/","og_site_name":"PiovanGroup","article_modified_time":"2023-12-13T14:45:37+00:00","og_image":[{"width":1200,"height":1560,"url":"https:\/\/www.piovan.com\/wp-content\/uploads\/Aryacool_product_1200x1560-1.png","type":"image\/png"}],"twitter_card":"summary_large_image","schema":{"@context":"https:\/\/schema.org","@graph":[{"@type":"WebPage","@id":"https:\/\/www.piovan.com\/product\/aryacool_piovan-china\/","url":"https:\/\/www.piovan.com\/product\/aryacool_piovan-china\/","name":"Aryacool+ - PiovanGroup","isPartOf":{"@id":"https:\/\/www.piovan.com\/#website"},"datePublished":"2021-12-05T14:18:23+00:00","dateModified":"2023-12-13T14:45:37+00:00","breadcrumb":{"@id":"https:\/\/www.piovan.com\/product\/aryacool_piovan-china\/#breadcrumb"},"inLanguage":"fr-FR","potentialAction":[{"@type":"ReadAction","target":["https:\/\/www.piovan.com\/product\/aryacool_piovan-china\/"]}]},{"@type":"BreadcrumbList","@id":"https:\/\/www.piovan.com\/product\/aryacool_piovan-china\/#breadcrumb","itemListElement":[{"@type":"ListItem","position":1,"name":"Home","item":"https:\/\/www.piovan.com\/"},{"@type":"ListItem","position":2,"name":"Industrial cooling","item":"https:\/\/www.piovan.com\/fr\/products\/refroidissement-industriel\/"},{"@type":"ListItem","position":3,"name":"Dry Coolers","item":"https:\/\/www.piovan.com\/fr\/products\/refroidissement-industriel\/dry-coolers\/"},{"@type":"ListItem","position":4,"name":"Aryacool+"}]},{"@type":"WebSite","@id":"https:\/\/www.piovan.com\/#website","url":"https:\/\/www.piovan.com\/","name":"PiovanGroup","description":"","publisher":{"@id":"https:\/\/www.piovan.com\/#organization"},"potentialAction":[{"@type":"SearchAction","target":{"@type":"EntryPoint","urlTemplate":"https:\/\/www.piovan.com\/?s={search_term_string}"},"query-input":"required name=search_term_string"}],"inLanguage":"fr-FR"},{"@type":"Organization","@id":"https:\/\/www.piovan.com\/#organization","name":"PiovanGroup","url":"https:\/\/www.piovan.com\/","logo":{"@type":"ImageObject","inLanguage":"fr-FR","@id":"https:\/\/www.piovan.com\/#\/schema\/logo\/image\/","url":"https:\/\/www.piovan.com\/wp-content\/uploads\/2021\/06\/logo@2x.png","contentUrl":"https:\/\/www.piovan.com\/wp-content\/uploads\/2021\/06\/logo@2x.png","width":489,"height":78,"caption":"PiovanGroup"},"image":{"@id":"https:\/\/www.piovan.com\/#\/schema\/logo\/image\/"}}]}},"_links":{"self":[{"href":"https:\/\/www.piovan.com\/fr\/wp-json\/wp\/v2\/product\/6037"}],"collection":[{"href":"https:\/\/www.piovan.com\/fr\/wp-json\/wp\/v2\/product"}],"about":[{"href":"https:\/\/www.piovan.com\/fr\/wp-json\/wp\/v2\/types\/product"}],"version-history":[{"count":1,"href":"https:\/\/www.piovan.com\/fr\/wp-json\/wp\/v2\/product\/6037\/revisions"}],"predecessor-version":[{"id":11145,"href":"https:\/\/www.piovan.com\/fr\/wp-json\/wp\/v2\/product\/6037\/revisions\/11145"}],"wp:featuredmedia":[{"embeddable":true,"href":"https:\/\/www.piovan.com\/fr\/wp-json\/wp\/v2\/media\/7603"}],"wp:attachment":[{"href":"https:\/\/www.piovan.com\/fr\/wp-json\/wp\/v2\/media?parent=6037"}],"wp:term":[{"taxonomy":"post_tag","embeddable":true,"href":"https:\/\/www.piovan.com\/fr\/wp-json\/wp\/v2\/tags?post=6037"}],"curies":[{"name":"wp","href":"https:\/\/api.w.org\/{rel}","templated":true}]}}