{"id":6031,"date":"2021-12-05T15:18:23","date_gmt":"2021-12-05T14:18:23","guid":{"rendered":"http:\/\/188.166.2.129\/product\/digitempevo\/"},"modified":"2023-12-13T15:07:08","modified_gmt":"2023-12-13T14:07:08","slug":"digitempevo_piovan-china","status":"publish","type":"product","link":"https:\/\/www.piovan.com\/fr\/product\/digitempevo_piovan-china\/","title":{"rendered":"Digitemp<em>Evo<\/em>"},"content":{"rendered":"<div data-no-dynamic-translation=\"\">\n<p class=\" translation-block\">Gamme: 092 \u2013 162 \u2013 222 \u2013 382 \u2013 502<br>\nGaz frigorifique: R410A<br>\nPuissance de refroidissement: 9 \u2013 50 kW<br>\nPuissance de chauffe: 6 \u2013 36 kW<\/p>\n<p>DigitempEVO est la nouvelle solution developp\u00e9e pour les process industriels de chauffage et\/ou de refroidissement.<\/p>\n<p>Cette solution integer les fonctions de contr\u00f4le temperature, freecooling, contr\u00f4le pr\u00e9cis de pression et debit d\u2019eau dans chaque circuit. Les systems de refroidissement centralis\u00e9 traditionnel (groupe eau glac\u00e9e + thermor\u00e9gulateur) est remplac\u00e9 par la nouvelle solution PIOVAN Flexcool, avec un DigitempEvo d\u00e9di\u00e9 pour chaque utilisation couple avec des capacit\u00e9s de freecooling.<br>\nLe design et caract\u00e9ristique technique dans les r\u00e8gles de l\u2019art fait des DigitempEvo une solution haute performance et flexible.<\/p>\n<p>Caract\u00e9ristiques techniques:<br>\n\u2022 Freecooling int\u00e9gr\u00e9<br>\n\u2022 Compresseur scroll digital<br>\n\u2022 Condenseur et \u00e9vaporateur \u00e0 plaque bras\u00e9<br>\n\u2022 Pression moyenne et haute temp\u00e9rature<br>\n\u2022 Deux circuits avec contr\u00f4le temperature ind\u00e9pendant<\/p>\n<p class=\" translation-block\"><strong>Avantages:<\/strong><\/p>\n<p class=\" translation-block\">\u2022 Flexibilit\u00e9 de distribution d\u2019eau de 5 \u00e0 90\u00b0c pour chaque circuit (dans la configuration double pompe, l\u2019appareil contr\u00f4le le process de refroidissement avec 2 temp\u00e9ratures diff\u00e9rentes)<br>\n\u2022 R\u00e9duction de consummation d\u2019\u00e9nergie gr\u00e2ce \u00e0 la technogie compresseur scroll Digital, qui permet de moduler la puissance de 10% \u00e0 100%, \u00e9conomisant plus de 35% de la consummation \u00e9lectrique compare \u00e0 une unite standard<br>\n\u2022 Contr\u00f4le temperature pr\u00e9cis: d\u00e9tendeur \u00e9lectronique, compresseur Digital Scroll, contr\u00f4leur PLC (haute precision +\/- 0,3\u00b0C)<br>\n\u2022 Cout de fonctionnement r\u00e9duit grace \u00e0 la technologie freecooling<br>\n\u2022 Echange de chaleur haute efficacit\u00e9, \u00e9vaporateur et condenseur \u00e0 plaque bras\u00e9 en inox316L<br>\n\u2022 Longue dur\u00e9e de vie et robustesse<br>\n\u2022 Design compact<br>\n\u2022 Utilisation facile, affichage clair de la temperature d\u2019eau et des alarmes<\/p>\n<\/div>","protected":false},"featured_media":6164,"template":"","tags":[],"acf":[],"yoast_head":"<title>DigitempEvo - PiovanGroup<\/title>\n<meta name=\"robots\" content=\"index, follow, max-snippet:-1, max-image-preview:large, max-video-preview:-1\" \/>\n<link rel=\"canonical\" href=\"https:\/\/www.piovan.com\/fr\/product\/digitempevo_piovan-china\/\" \/>\n<meta property=\"og:locale\" content=\"fr_FR\" \/>\n<meta property=\"og:type\" content=\"article\" \/>\n<meta property=\"og:title\" content=\"DigitempEvo - PiovanGroup\" \/>\n<meta property=\"og:description\" content=\"DigitempEvo is a thermochiller, that combines the functions of a temperature control unit and a water cooled chiller.The DigitempEvo has three running modes according to the boundary conditions: 1\u2014cooling: the machine works as a water cooled chiller; the internal refrigerant circuit and high efficiency scroll compressor are activated to produce the required cooling power. 2\u2014heating: the electrical heating elements are activated and the process water is heated up to 90\u00b0C so that the mould can reach the right working conditions. [&hellip;]\" \/>\n<meta property=\"og:url\" content=\"https:\/\/www.piovan.com\/fr\/product\/digitempevo_piovan-china\/\" \/>\n<meta property=\"og:site_name\" content=\"PiovanGroup\" \/>\n<meta property=\"article:modified_time\" content=\"2023-12-13T14:07:08+00:00\" \/>\n<meta property=\"og:image\" content=\"https:\/\/www.piovan.com\/wp-content\/uploads\/DigitempEVO_product_1200x1560.png\" \/>\n\t<meta property=\"og:image:width\" content=\"1200\" \/>\n\t<meta property=\"og:image:height\" content=\"1560\" \/>\n\t<meta property=\"og:image:type\" content=\"image\/png\" \/>\n<meta name=\"twitter:card\" content=\"summary_large_image\" \/>\n<script type=\"application\/ld+json\" class=\"yoast-schema-graph\">{\"@context\":\"https:\/\/schema.org\",\"@graph\":[{\"@type\":\"WebPage\",\"@id\":\"https:\/\/www.piovan.com\/product\/digitempevo_piovan-china\/\",\"url\":\"https:\/\/www.piovan.com\/product\/digitempevo_piovan-china\/\",\"name\":\"DigitempEvo - PiovanGroup\",\"isPartOf\":{\"@id\":\"https:\/\/www.piovan.com\/#website\"},\"datePublished\":\"2021-12-05T14:18:23+00:00\",\"dateModified\":\"2023-12-13T14:07:08+00:00\",\"breadcrumb\":{\"@id\":\"https:\/\/www.piovan.com\/product\/digitempevo_piovan-china\/#breadcrumb\"},\"inLanguage\":\"fr-FR\",\"potentialAction\":[{\"@type\":\"ReadAction\",\"target\":[\"https:\/\/www.piovan.com\/product\/digitempevo_piovan-china\/\"]}]},{\"@type\":\"BreadcrumbList\",\"@id\":\"https:\/\/www.piovan.com\/product\/digitempevo_piovan-china\/#breadcrumb\",\"itemListElement\":[{\"@type\":\"ListItem\",\"position\":1,\"name\":\"Home\",\"item\":\"https:\/\/www.piovan.com\/\"},{\"@type\":\"ListItem\",\"position\":2,\"name\":\"Industrial cooling\",\"item\":\"https:\/\/www.piovan.com\/fr\/products\/refroidissement-industriel\/\"},{\"@type\":\"ListItem\",\"position\":3,\"name\":\"Machine-Side Chillers\",\"item\":\"https:\/\/www.piovan.com\/fr\/products\/refroidissement-industriel\/machine-side-chillers\/\"},{\"@type\":\"ListItem\",\"position\":4,\"name\":\"DigitempEvo\"}]},{\"@type\":\"WebSite\",\"@id\":\"https:\/\/www.piovan.com\/#website\",\"url\":\"https:\/\/www.piovan.com\/\",\"name\":\"PiovanGroup\",\"description\":\"\",\"publisher\":{\"@id\":\"https:\/\/www.piovan.com\/#organization\"},\"potentialAction\":[{\"@type\":\"SearchAction\",\"target\":{\"@type\":\"EntryPoint\",\"urlTemplate\":\"https:\/\/www.piovan.com\/?s={search_term_string}\"},\"query-input\":\"required name=search_term_string\"}],\"inLanguage\":\"fr-FR\"},{\"@type\":\"Organization\",\"@id\":\"https:\/\/www.piovan.com\/#organization\",\"name\":\"PiovanGroup\",\"url\":\"https:\/\/www.piovan.com\/\",\"logo\":{\"@type\":\"ImageObject\",\"inLanguage\":\"fr-FR\",\"@id\":\"https:\/\/www.piovan.com\/#\/schema\/logo\/image\/\",\"url\":\"https:\/\/www.piovan.com\/wp-content\/uploads\/2021\/06\/logo@2x.png\",\"contentUrl\":\"https:\/\/www.piovan.com\/wp-content\/uploads\/2021\/06\/logo@2x.png\",\"width\":489,\"height\":78,\"caption\":\"PiovanGroup\"},\"image\":{\"@id\":\"https:\/\/www.piovan.com\/#\/schema\/logo\/image\/\"}}]}<\/script>","yoast_head_json":{"title":"DigitempEvo - PiovanGroup","robots":{"index":"index","follow":"follow","max-snippet":"max-snippet:-1","max-image-preview":"max-image-preview:large","max-video-preview":"max-video-preview:-1"},"canonical":"https:\/\/www.piovan.com\/fr\/product\/digitempevo_piovan-china\/","og_locale":"fr_FR","og_type":"article","og_title":"DigitempEvo - PiovanGroup","og_description":"DigitempEvo is a thermochiller, that combines the functions of a temperature control unit and a water cooled chiller.The DigitempEvo has three running modes according to the boundary conditions: 1\u2014cooling: the machine works as a water cooled chiller; the internal refrigerant circuit and high efficiency scroll compressor are activated to produce the required cooling power. 2\u2014heating: the electrical heating elements are activated and the process water is heated up to 90\u00b0C so that the mould can reach the right working conditions. [&hellip;]","og_url":"https:\/\/www.piovan.com\/fr\/product\/digitempevo_piovan-china\/","og_site_name":"PiovanGroup","article_modified_time":"2023-12-13T14:07:08+00:00","og_image":[{"width":1200,"height":1560,"url":"https:\/\/www.piovan.com\/wp-content\/uploads\/DigitempEVO_product_1200x1560.png","type":"image\/png"}],"twitter_card":"summary_large_image","schema":{"@context":"https:\/\/schema.org","@graph":[{"@type":"WebPage","@id":"https:\/\/www.piovan.com\/product\/digitempevo_piovan-china\/","url":"https:\/\/www.piovan.com\/product\/digitempevo_piovan-china\/","name":"DigitempEvo - PiovanGroup","isPartOf":{"@id":"https:\/\/www.piovan.com\/#website"},"datePublished":"2021-12-05T14:18:23+00:00","dateModified":"2023-12-13T14:07:08+00:00","breadcrumb":{"@id":"https:\/\/www.piovan.com\/product\/digitempevo_piovan-china\/#breadcrumb"},"inLanguage":"fr-FR","potentialAction":[{"@type":"ReadAction","target":["https:\/\/www.piovan.com\/product\/digitempevo_piovan-china\/"]}]},{"@type":"BreadcrumbList","@id":"https:\/\/www.piovan.com\/product\/digitempevo_piovan-china\/#breadcrumb","itemListElement":[{"@type":"ListItem","position":1,"name":"Home","item":"https:\/\/www.piovan.com\/"},{"@type":"ListItem","position":2,"name":"Industrial cooling","item":"https:\/\/www.piovan.com\/fr\/products\/refroidissement-industriel\/"},{"@type":"ListItem","position":3,"name":"Machine-Side Chillers","item":"https:\/\/www.piovan.com\/fr\/products\/refroidissement-industriel\/machine-side-chillers\/"},{"@type":"ListItem","position":4,"name":"DigitempEvo"}]},{"@type":"WebSite","@id":"https:\/\/www.piovan.com\/#website","url":"https:\/\/www.piovan.com\/","name":"PiovanGroup","description":"","publisher":{"@id":"https:\/\/www.piovan.com\/#organization"},"potentialAction":[{"@type":"SearchAction","target":{"@type":"EntryPoint","urlTemplate":"https:\/\/www.piovan.com\/?s={search_term_string}"},"query-input":"required name=search_term_string"}],"inLanguage":"fr-FR"},{"@type":"Organization","@id":"https:\/\/www.piovan.com\/#organization","name":"PiovanGroup","url":"https:\/\/www.piovan.com\/","logo":{"@type":"ImageObject","inLanguage":"fr-FR","@id":"https:\/\/www.piovan.com\/#\/schema\/logo\/image\/","url":"https:\/\/www.piovan.com\/wp-content\/uploads\/2021\/06\/logo@2x.png","contentUrl":"https:\/\/www.piovan.com\/wp-content\/uploads\/2021\/06\/logo@2x.png","width":489,"height":78,"caption":"PiovanGroup"},"image":{"@id":"https:\/\/www.piovan.com\/#\/schema\/logo\/image\/"}}]}},"_links":{"self":[{"href":"https:\/\/www.piovan.com\/fr\/wp-json\/wp\/v2\/product\/6031"}],"collection":[{"href":"https:\/\/www.piovan.com\/fr\/wp-json\/wp\/v2\/product"}],"about":[{"href":"https:\/\/www.piovan.com\/fr\/wp-json\/wp\/v2\/types\/product"}],"version-history":[{"count":2,"href":"https:\/\/www.piovan.com\/fr\/wp-json\/wp\/v2\/product\/6031\/revisions"}],"predecessor-version":[{"id":11134,"href":"https:\/\/www.piovan.com\/fr\/wp-json\/wp\/v2\/product\/6031\/revisions\/11134"}],"wp:featuredmedia":[{"embeddable":true,"href":"https:\/\/www.piovan.com\/fr\/wp-json\/wp\/v2\/media\/6164"}],"wp:attachment":[{"href":"https:\/\/www.piovan.com\/fr\/wp-json\/wp\/v2\/media?parent=6031"}],"wp:term":[{"taxonomy":"post_tag","embeddable":true,"href":"https:\/\/www.piovan.com\/fr\/wp-json\/wp\/v2\/tags?post=6031"}],"curies":[{"name":"wp","href":"https:\/\/api.w.org\/{rel}","templated":true}]}}