{"id":6007,"date":"2021-12-05T15:18:07","date_gmt":"2021-12-05T14:18:07","guid":{"rendered":"http:\/\/188.166.2.129\/product\/flexcool\/"},"modified":"2023-12-13T17:01:07","modified_gmt":"2023-12-13T16:01:07","slug":"flexcool_piovan-china","status":"publish","type":"product","link":"https:\/\/www.piovan.com\/fr\/product\/flexcool_piovan-china\/","title":{"rendered":"Flexcool"},"content":{"rendered":"<div>\n<p>Les technologies industrielles de refroidissement se d\u00e9veloppent rapidement pour r\u00e9pondre \u00e0 l\u2019exigence de devenir de plus en plus centr\u00e9es sur le processus et adaptives aux conditions de production de plus en plus variables. Flexcool a \u00e9t\u00e9 d\u00e9velopp\u00e9 pour g\u00e9rer ces conditions rigoureuses de fonctionnement et pour fournir une haute pr\u00e9cision de contr\u00f4le, une flexibilit\u00e9 de service et une efficacit\u00e9 \u00e9nerg\u00e9tique. La nouvelle gamme de refroidisseurs thermiques de Aquatech de la s\u00e9rie DigitempEvo, avec la nouvelle ligne de refroidisseurs Aryacool, sont les principaux \u00e9l\u00e9ments de la solution Flexcool et repr\u00e9sentent les produits de pointe dans la conception des \u00e9quipements modernes de refroidissement et contr\u00f4le.<\/p>\n<h3><strong>Solution Flexcool<\/strong><\/h3>\n<p><strong>Tuyauterie - distribution simplifi\u00e9e d\u2019eau<\/strong><br \/>\nUne seule conduite \u00e0 temp\u00e9rature ambiante, \u00e0 la place d\u2019une conduite grande et insol\u00e9e requise pour une installation centrale de refroidissement.<\/p>\n<\/div>","protected":false},"featured_media":6139,"template":"","tags":[],"acf":[],"yoast_head":"<title>Flexcool - Groupe Piovan<\/title>\n<meta name=\"robots\" content=\"index, follow, max-snippet:-1, max-image-preview:large, max-video-preview:-1\" \/>\n<link rel=\"canonical\" href=\"https:\/\/www.piovan.com\/fr\/product\/flexcool_piovan-china\/\" \/>\n<meta property=\"og:locale\" content=\"fr_FR\" \/>\n<meta property=\"og:type\" content=\"article\" \/>\n<meta property=\"og:title\" content=\"Flexcool - PiovanGroup\" \/>\n<meta property=\"og:description\" content=\"Industrial cooling technologies evolve at a high pace, so to keep up with the demand of being more and more process centred and adaptive to increasingly variable production conditions. Flexcool was developed to cope with those stringent conditions of operation and to deliver the highest accuracy of control, flexibility of duty and efficiency of energy utilization. Aquatech\u2019s newly introduced range of thermochiller of the DigitempEvo series, along with the new line of Aryacool dry cooler units, are the main elements [&hellip;]\" \/>\n<meta property=\"og:url\" content=\"https:\/\/www.piovan.com\/fr\/product\/flexcool_piovan-china\/\" \/>\n<meta property=\"og:site_name\" content=\"PiovanGroup\" \/>\n<meta property=\"article:modified_time\" content=\"2023-12-13T16:01:07+00:00\" \/>\n<meta property=\"og:image\" content=\"https:\/\/www.piovan.com\/wp-content\/uploads\/Flexcool-system_product_1200x1560-788x1024.png\" \/>\n\t<meta property=\"og:image:width\" content=\"788\" \/>\n\t<meta property=\"og:image:height\" content=\"1024\" \/>\n\t<meta property=\"og:image:type\" content=\"image\/png\" \/>\n<meta name=\"twitter:card\" content=\"summary_large_image\" \/>\n<script type=\"application\/ld+json\" class=\"yoast-schema-graph\">{\"@context\":\"https:\/\/schema.org\",\"@graph\":[{\"@type\":\"WebPage\",\"@id\":\"https:\/\/www.piovan.com\/product\/flexcool_piovan-china\/\",\"url\":\"https:\/\/www.piovan.com\/product\/flexcool_piovan-china\/\",\"name\":\"Flexcool - PiovanGroup\",\"isPartOf\":{\"@id\":\"https:\/\/www.piovan.com\/#website\"},\"datePublished\":\"2021-12-05T14:18:07+00:00\",\"dateModified\":\"2023-12-13T16:01:07+00:00\",\"breadcrumb\":{\"@id\":\"https:\/\/www.piovan.com\/product\/flexcool_piovan-china\/#breadcrumb\"},\"inLanguage\":\"fr-FR\",\"potentialAction\":[{\"@type\":\"ReadAction\",\"target\":[\"https:\/\/www.piovan.com\/product\/flexcool_piovan-china\/\"]}]},{\"@type\":\"BreadcrumbList\",\"@id\":\"https:\/\/www.piovan.com\/product\/flexcool_piovan-china\/#breadcrumb\",\"itemListElement\":[{\"@type\":\"ListItem\",\"position\":1,\"name\":\"Home\",\"item\":\"https:\/\/www.piovan.com\/\"},{\"@type\":\"ListItem\",\"position\":2,\"name\":\"Industrial cooling\",\"item\":\"https:\/\/www.piovan.com\/fr\/products\/refroidissement-industriel\/\"},{\"@type\":\"ListItem\",\"position\":3,\"name\":\"Integrated Solutions\",\"item\":\"https:\/\/www.piovan.com\/fr\/products\/refroidissement-industriel\/integrated-solutions\/\"},{\"@type\":\"ListItem\",\"position\":4,\"name\":\"Flexcool\"}]},{\"@type\":\"WebSite\",\"@id\":\"https:\/\/www.piovan.com\/#website\",\"url\":\"https:\/\/www.piovan.com\/\",\"name\":\"PiovanGroup\",\"description\":\"\",\"publisher\":{\"@id\":\"https:\/\/www.piovan.com\/#organization\"},\"potentialAction\":[{\"@type\":\"SearchAction\",\"target\":{\"@type\":\"EntryPoint\",\"urlTemplate\":\"https:\/\/www.piovan.com\/?s={search_term_string}\"},\"query-input\":\"required name=search_term_string\"}],\"inLanguage\":\"fr-FR\"},{\"@type\":\"Organization\",\"@id\":\"https:\/\/www.piovan.com\/#organization\",\"name\":\"PiovanGroup\",\"url\":\"https:\/\/www.piovan.com\/\",\"logo\":{\"@type\":\"ImageObject\",\"inLanguage\":\"fr-FR\",\"@id\":\"https:\/\/www.piovan.com\/#\/schema\/logo\/image\/\",\"url\":\"https:\/\/www.piovan.com\/wp-content\/uploads\/2021\/06\/logo@2x.png\",\"contentUrl\":\"https:\/\/www.piovan.com\/wp-content\/uploads\/2021\/06\/logo@2x.png\",\"width\":489,\"height\":78,\"caption\":\"PiovanGroup\"},\"image\":{\"@id\":\"https:\/\/www.piovan.com\/#\/schema\/logo\/image\/\"}}]}<\/script>","yoast_head_json":{"title":"Flexcool - Groupe Piovan","robots":{"index":"index","follow":"follow","max-snippet":"max-snippet:-1","max-image-preview":"max-image-preview:large","max-video-preview":"max-video-preview:-1"},"canonical":"https:\/\/www.piovan.com\/fr\/product\/flexcool_piovan-china\/","og_locale":"fr_FR","og_type":"article","og_title":"Flexcool - PiovanGroup","og_description":"Industrial cooling technologies evolve at a high pace, so to keep up with the demand of being more and more process centred and adaptive to increasingly variable production conditions. Flexcool was developed to cope with those stringent conditions of operation and to deliver the highest accuracy of control, flexibility of duty and efficiency of energy utilization. Aquatech\u2019s newly introduced range of thermochiller of the DigitempEvo series, along with the new line of Aryacool dry cooler units, are the main elements [&hellip;]","og_url":"https:\/\/www.piovan.com\/fr\/product\/flexcool_piovan-china\/","og_site_name":"PiovanGroup","article_modified_time":"2023-12-13T16:01:07+00:00","og_image":[{"width":788,"height":1024,"url":"https:\/\/www.piovan.com\/wp-content\/uploads\/Flexcool-system_product_1200x1560-788x1024.png","type":"image\/png"}],"twitter_card":"summary_large_image","schema":{"@context":"https:\/\/schema.org","@graph":[{"@type":"WebPage","@id":"https:\/\/www.piovan.com\/product\/flexcool_piovan-china\/","url":"https:\/\/www.piovan.com\/product\/flexcool_piovan-china\/","name":"Flexcool - PiovanGroup","isPartOf":{"@id":"https:\/\/www.piovan.com\/#website"},"datePublished":"2021-12-05T14:18:07+00:00","dateModified":"2023-12-13T16:01:07+00:00","breadcrumb":{"@id":"https:\/\/www.piovan.com\/product\/flexcool_piovan-china\/#breadcrumb"},"inLanguage":"fr-FR","potentialAction":[{"@type":"ReadAction","target":["https:\/\/www.piovan.com\/product\/flexcool_piovan-china\/"]}]},{"@type":"BreadcrumbList","@id":"https:\/\/www.piovan.com\/product\/flexcool_piovan-china\/#breadcrumb","itemListElement":[{"@type":"ListItem","position":1,"name":"Home","item":"https:\/\/www.piovan.com\/"},{"@type":"ListItem","position":2,"name":"Industrial cooling","item":"https:\/\/www.piovan.com\/fr\/products\/refroidissement-industriel\/"},{"@type":"ListItem","position":3,"name":"Integrated Solutions","item":"https:\/\/www.piovan.com\/fr\/products\/refroidissement-industriel\/integrated-solutions\/"},{"@type":"ListItem","position":4,"name":"Flexcool"}]},{"@type":"WebSite","@id":"https:\/\/www.piovan.com\/#website","url":"https:\/\/www.piovan.com\/","name":"PiovanGroup","description":"","publisher":{"@id":"https:\/\/www.piovan.com\/#organization"},"potentialAction":[{"@type":"SearchAction","target":{"@type":"EntryPoint","urlTemplate":"https:\/\/www.piovan.com\/?s={search_term_string}"},"query-input":"required name=search_term_string"}],"inLanguage":"fr-FR"},{"@type":"Organization","@id":"https:\/\/www.piovan.com\/#organization","name":"PiovanGroup","url":"https:\/\/www.piovan.com\/","logo":{"@type":"ImageObject","inLanguage":"fr-FR","@id":"https:\/\/www.piovan.com\/#\/schema\/logo\/image\/","url":"https:\/\/www.piovan.com\/wp-content\/uploads\/2021\/06\/logo@2x.png","contentUrl":"https:\/\/www.piovan.com\/wp-content\/uploads\/2021\/06\/logo@2x.png","width":489,"height":78,"caption":"PiovanGroup"},"image":{"@id":"https:\/\/www.piovan.com\/#\/schema\/logo\/image\/"}}]}},"_links":{"self":[{"href":"https:\/\/www.piovan.com\/fr\/wp-json\/wp\/v2\/product\/6007"}],"collection":[{"href":"https:\/\/www.piovan.com\/fr\/wp-json\/wp\/v2\/product"}],"about":[{"href":"https:\/\/www.piovan.com\/fr\/wp-json\/wp\/v2\/types\/product"}],"version-history":[{"count":1,"href":"https:\/\/www.piovan.com\/fr\/wp-json\/wp\/v2\/product\/6007\/revisions"}],"predecessor-version":[{"id":11167,"href":"https:\/\/www.piovan.com\/fr\/wp-json\/wp\/v2\/product\/6007\/revisions\/11167"}],"wp:featuredmedia":[{"embeddable":true,"href":"https:\/\/www.piovan.com\/fr\/wp-json\/wp\/v2\/media\/6139"}],"wp:attachment":[{"href":"https:\/\/www.piovan.com\/fr\/wp-json\/wp\/v2\/media?parent=6007"}],"wp:term":[{"taxonomy":"post_tag","embeddable":true,"href":"https:\/\/www.piovan.com\/fr\/wp-json\/wp\/v2\/tags?post=6007"}],"curies":[{"name":"wp","href":"https:\/\/api.w.org\/{rel}","templated":true}]}}