{"id":5986,"date":"2021-12-05T00:44:07","date_gmt":"2021-12-04T23:44:07","guid":{"rendered":"https:\/\/www.piovan.com\/?post_type=product&#038;p=5986"},"modified":"2025-05-05T10:33:01","modified_gmt":"2025-05-05T08:33:01","slug":"sugar-handling","status":"publish","type":"product","link":"https:\/\/www.piovan.com\/fr\/product\/sugar-handling\/","title":{"rendered":"Manipulation du sucre"},"content":{"rendered":"<p class=\" translation-block\">Le groupe Piovan propose des solutions sp\u00e9cifiques pour la gestion et le traitement des produits hygroscopiques tels que le sucre.\nPlus pr\u00e9cis\u00e9ment, il con\u00e7oit et fabrique des machines pour le s\u00e9chage de l\u2019air ambiant, le transport, le broyage, le stockage et le dosage.<\/p>\n<p class=\" translation-block\">Il d\u00e9veloppe, par exemple, des syst\u00e8mes pour le transport du sucre en phase dense, sur de longues distances et pour de grandes capacit\u00e9s, capables de pr\u00e9server la distribution granulom\u00e9trique du produit : le groupe a d\u00e9j\u00e0 r\u00e9alis\u00e9 de multiples syst\u00e8mes pour le transport du sucre en phase dense, jusqu'\u00e0 une distance de 300 m\u00e8tres et pour une capacit\u00e9 de 8 000 kg\/h.  Piovan fournit \u00e9galement des solutions de s\u00e9chage pour le transport du sucre avec l'air de processus et des machines pour le broyage des grumeaux qui peuvent se former en raison de l'humidit\u00e9 de l'air ambiant, des changements soudains de temp\u00e9rature et des dur\u00e9es de stockage.<\/p>","protected":false},"featured_media":5987,"template":"","tags":[47,189,44],"acf":[],"yoast_head":"<title>Manipulation du sucre - Groupe Piovan<\/title>\n<meta name=\"robots\" content=\"index, follow, max-snippet:-1, max-image-preview:large, max-video-preview:-1\" \/>\n<link rel=\"canonical\" href=\"https:\/\/www.piovan.com\/fr\/product\/sugar-handling\/\" \/>\n<meta property=\"og:locale\" content=\"fr_FR\" \/>\n<meta property=\"og:type\" content=\"article\" \/>\n<meta property=\"og:title\" content=\"Sugar handling - PiovanGroup\" \/>\n<meta property=\"og:description\" content=\"The PiovanGroup provides specific solutions for the management and treatment of hygroscopic products such as sugar. More in detail, it designs and manufactures machinery for ambient air drying, conveying, shredding, storage and dosing.\" \/>\n<meta property=\"og:url\" content=\"https:\/\/www.piovan.com\/fr\/product\/sugar-handling\/\" \/>\n<meta property=\"og:site_name\" content=\"PiovanGroup\" \/>\n<meta property=\"article:modified_time\" content=\"2025-05-05T08:33:01+00:00\" \/>\n<meta property=\"og:image\" content=\"https:\/\/www.piovan.com\/wp-content\/uploads\/Process_1200x1560_Sugar-handling_v.2-788x1024.png\" \/>\n\t<meta property=\"og:image:width\" content=\"788\" \/>\n\t<meta property=\"og:image:height\" content=\"1024\" \/>\n\t<meta property=\"og:image:type\" content=\"image\/png\" \/>\n<meta name=\"twitter:card\" content=\"summary_large_image\" \/>\n<script type=\"application\/ld+json\" class=\"yoast-schema-graph\">{\"@context\":\"https:\/\/schema.org\",\"@graph\":[{\"@type\":\"WebPage\",\"@id\":\"https:\/\/www.piovan.com\/product\/sugar-handling\/\",\"url\":\"https:\/\/www.piovan.com\/product\/sugar-handling\/\",\"name\":\"Sugar handling - PiovanGroup\",\"isPartOf\":{\"@id\":\"https:\/\/www.piovan.com\/#website\"},\"datePublished\":\"2021-12-04T23:44:07+00:00\",\"dateModified\":\"2025-05-05T08:33:01+00:00\",\"breadcrumb\":{\"@id\":\"https:\/\/www.piovan.com\/product\/sugar-handling\/#breadcrumb\"},\"inLanguage\":\"fr-FR\",\"potentialAction\":[{\"@type\":\"ReadAction\",\"target\":[\"https:\/\/www.piovan.com\/product\/sugar-handling\/\"]}]},{\"@type\":\"BreadcrumbList\",\"@id\":\"https:\/\/www.piovan.com\/product\/sugar-handling\/#breadcrumb\",\"itemListElement\":[{\"@type\":\"ListItem\",\"position\":1,\"name\":\"Home\",\"item\":\"https:\/\/www.piovan.com\/\"},{\"@type\":\"ListItem\",\"position\":2,\"name\":\"Food\",\"item\":\"https:\/\/www.piovan.com\/fr\/products\/food\/\"},{\"@type\":\"ListItem\",\"position\":3,\"name\":\"Sugar handling\",\"item\":\"https:\/\/www.piovan.com\/fr\/products\/food\/sugar-handling\/\"},{\"@type\":\"ListItem\",\"position\":4,\"name\":\"Sugar handling\"}]},{\"@type\":\"WebSite\",\"@id\":\"https:\/\/www.piovan.com\/#website\",\"url\":\"https:\/\/www.piovan.com\/\",\"name\":\"PiovanGroup\",\"description\":\"\",\"publisher\":{\"@id\":\"https:\/\/www.piovan.com\/#organization\"},\"potentialAction\":[{\"@type\":\"SearchAction\",\"target\":{\"@type\":\"EntryPoint\",\"urlTemplate\":\"https:\/\/www.piovan.com\/?s={search_term_string}\"},\"query-input\":\"required name=search_term_string\"}],\"inLanguage\":\"fr-FR\"},{\"@type\":\"Organization\",\"@id\":\"https:\/\/www.piovan.com\/#organization\",\"name\":\"PiovanGroup\",\"url\":\"https:\/\/www.piovan.com\/\",\"logo\":{\"@type\":\"ImageObject\",\"inLanguage\":\"fr-FR\",\"@id\":\"https:\/\/www.piovan.com\/#\/schema\/logo\/image\/\",\"url\":\"https:\/\/www.piovan.com\/wp-content\/uploads\/2021\/06\/logo@2x.png\",\"contentUrl\":\"https:\/\/www.piovan.com\/wp-content\/uploads\/2021\/06\/logo@2x.png\",\"width\":489,\"height\":78,\"caption\":\"PiovanGroup\"},\"image\":{\"@id\":\"https:\/\/www.piovan.com\/#\/schema\/logo\/image\/\"}}]}<\/script>","yoast_head_json":{"title":"Manipulation du sucre - Groupe Piovan","robots":{"index":"index","follow":"follow","max-snippet":"max-snippet:-1","max-image-preview":"max-image-preview:large","max-video-preview":"max-video-preview:-1"},"canonical":"https:\/\/www.piovan.com\/fr\/product\/sugar-handling\/","og_locale":"fr_FR","og_type":"article","og_title":"Sugar handling - PiovanGroup","og_description":"The PiovanGroup provides specific solutions for the management and treatment of hygroscopic products such as sugar. More in detail, it designs and manufactures machinery for ambient air drying, conveying, shredding, storage and dosing.","og_url":"https:\/\/www.piovan.com\/fr\/product\/sugar-handling\/","og_site_name":"PiovanGroup","article_modified_time":"2025-05-05T08:33:01+00:00","og_image":[{"width":788,"height":1024,"url":"https:\/\/www.piovan.com\/wp-content\/uploads\/Process_1200x1560_Sugar-handling_v.2-788x1024.png","type":"image\/png"}],"twitter_card":"summary_large_image","schema":{"@context":"https:\/\/schema.org","@graph":[{"@type":"WebPage","@id":"https:\/\/www.piovan.com\/product\/sugar-handling\/","url":"https:\/\/www.piovan.com\/product\/sugar-handling\/","name":"Sugar handling - PiovanGroup","isPartOf":{"@id":"https:\/\/www.piovan.com\/#website"},"datePublished":"2021-12-04T23:44:07+00:00","dateModified":"2025-05-05T08:33:01+00:00","breadcrumb":{"@id":"https:\/\/www.piovan.com\/product\/sugar-handling\/#breadcrumb"},"inLanguage":"fr-FR","potentialAction":[{"@type":"ReadAction","target":["https:\/\/www.piovan.com\/product\/sugar-handling\/"]}]},{"@type":"BreadcrumbList","@id":"https:\/\/www.piovan.com\/product\/sugar-handling\/#breadcrumb","itemListElement":[{"@type":"ListItem","position":1,"name":"Home","item":"https:\/\/www.piovan.com\/"},{"@type":"ListItem","position":2,"name":"Food","item":"https:\/\/www.piovan.com\/fr\/products\/food\/"},{"@type":"ListItem","position":3,"name":"Sugar handling","item":"https:\/\/www.piovan.com\/fr\/products\/food\/sugar-handling\/"},{"@type":"ListItem","position":4,"name":"Sugar handling"}]},{"@type":"WebSite","@id":"https:\/\/www.piovan.com\/#website","url":"https:\/\/www.piovan.com\/","name":"PiovanGroup","description":"","publisher":{"@id":"https:\/\/www.piovan.com\/#organization"},"potentialAction":[{"@type":"SearchAction","target":{"@type":"EntryPoint","urlTemplate":"https:\/\/www.piovan.com\/?s={search_term_string}"},"query-input":"required name=search_term_string"}],"inLanguage":"fr-FR"},{"@type":"Organization","@id":"https:\/\/www.piovan.com\/#organization","name":"PiovanGroup","url":"https:\/\/www.piovan.com\/","logo":{"@type":"ImageObject","inLanguage":"fr-FR","@id":"https:\/\/www.piovan.com\/#\/schema\/logo\/image\/","url":"https:\/\/www.piovan.com\/wp-content\/uploads\/2021\/06\/logo@2x.png","contentUrl":"https:\/\/www.piovan.com\/wp-content\/uploads\/2021\/06\/logo@2x.png","width":489,"height":78,"caption":"PiovanGroup"},"image":{"@id":"https:\/\/www.piovan.com\/#\/schema\/logo\/image\/"}}]}},"_links":{"self":[{"href":"https:\/\/www.piovan.com\/fr\/wp-json\/wp\/v2\/product\/5986"}],"collection":[{"href":"https:\/\/www.piovan.com\/fr\/wp-json\/wp\/v2\/product"}],"about":[{"href":"https:\/\/www.piovan.com\/fr\/wp-json\/wp\/v2\/types\/product"}],"version-history":[{"count":1,"href":"https:\/\/www.piovan.com\/fr\/wp-json\/wp\/v2\/product\/5986\/revisions"}],"predecessor-version":[{"id":9492,"href":"https:\/\/www.piovan.com\/fr\/wp-json\/wp\/v2\/product\/5986\/revisions\/9492"}],"wp:featuredmedia":[{"embeddable":true,"href":"https:\/\/www.piovan.com\/fr\/wp-json\/wp\/v2\/media\/5987"}],"wp:attachment":[{"href":"https:\/\/www.piovan.com\/fr\/wp-json\/wp\/v2\/media?parent=5986"}],"wp:term":[{"taxonomy":"post_tag","embeddable":true,"href":"https:\/\/www.piovan.com\/fr\/wp-json\/wp\/v2\/tags?post=5986"}],"curies":[{"name":"wp","href":"https:\/\/api.w.org\/{rel}","templated":true}]}}