{"id":5983,"date":"2021-12-05T00:14:51","date_gmt":"2021-12-04T23:14:51","guid":{"rendered":"https:\/\/www.piovan.com\/?post_type=product&#038;p=5983"},"modified":"2025-05-05T10:33:02","modified_gmt":"2025-05-05T08:33:02","slug":"mixing","status":"publish","type":"product","link":"https:\/\/www.piovan.com\/fr\/product\/mixing\/","title":{"rendered":"M\u00e9lange"},"content":{"rendered":"<p><span data-contrast=\"none\">Dans l'industrie alimentaire, le processus de m\u00e9lange et de pr\u00e9paration de produits tels que les cr\u00e8mes et le caramel n\u00e9cessite des machines con\u00e7ues avec soin et exp\u00e9rience.\u00a0<\/span><span data-ccp-props=\"{&quot;201341983&quot;:0,&quot;335559740&quot;:259}\">\u00a0<\/span><\/p>\n<p class=\" translation-block\">Le groupe Piovan con\u00e7oit et fabrique des pr\u00e9parateurs sp\u00e9cifiques pour la production de produits tels que les cr\u00e8mes et le caramel, adapt\u00e9s aux poudres, aux liquides et aux graisses.<\/p>\n<p class=\" translation-block\">En particulier, PiovanGroup offre la possibilit\u00e9 de disposer d'un pr\u00e9parateur hautement personnalis\u00e9, con\u00e7u en fonction des besoins du client et du produit \u00e0 fabriquer. Toute la gamme de pr\u00e9parateurs est con\u00e7ue pour garantir la r\u00e9p\u00e9tabilit\u00e9 et l'uniformit\u00e9 du produit, ainsi que des op\u00e9rations de nettoyage efficaces et rapides, qui peuvent \u00e9galement \u00eatre effectu\u00e9es par les op\u00e9rateurs de la ligne.<\/p>\n<p class=\" translation-block\">Les pr\u00e9parateurs Piovan peuvent \u00e9galement \u00eatre aliment\u00e9s par un pr\u00e9m\u00e9lange de poudres pr\u00eates \u00e0 \u00eatre utilis\u00e9es dans la recette.<\/p>","protected":false},"featured_media":5984,"template":"","tags":[47,189,44],"acf":[],"yoast_head":"<title>M\u00e9lange - Groupe Piovan<\/title>\n<meta name=\"robots\" content=\"index, follow, max-snippet:-1, max-image-preview:large, max-video-preview:-1\" \/>\n<link rel=\"canonical\" href=\"https:\/\/www.piovan.com\/fr\/product\/mixing\/\" \/>\n<meta property=\"og:locale\" content=\"fr_FR\" \/>\n<meta property=\"og:type\" content=\"article\" \/>\n<meta property=\"og:title\" content=\"Mixing - PiovanGroup\" \/>\n<meta property=\"og:description\" content=\"In the food industry, the process of mixing and preparing products such as creams and caramel requires machinery designed with care and experience.\u00a0\u00a0 The PiovanGroup designs and manufactures specific preparers for the production of products such as creams and caramel, suitable for powders, liquids and fats.\u00a0\u00a0\" \/>\n<meta property=\"og:url\" content=\"https:\/\/www.piovan.com\/fr\/product\/mixing\/\" \/>\n<meta property=\"og:site_name\" content=\"PiovanGroup\" \/>\n<meta property=\"article:modified_time\" content=\"2025-05-05T08:33:02+00:00\" \/>\n<meta property=\"og:image\" content=\"https:\/\/www.piovan.com\/wp-content\/uploads\/Process_1200x1560_Continuous-mixing.png\" \/>\n\t<meta property=\"og:image:width\" content=\"1200\" \/>\n\t<meta property=\"og:image:height\" content=\"1560\" \/>\n\t<meta property=\"og:image:type\" content=\"image\/png\" \/>\n<meta name=\"twitter:card\" content=\"summary_large_image\" \/>\n<script type=\"application\/ld+json\" class=\"yoast-schema-graph\">{\"@context\":\"https:\/\/schema.org\",\"@graph\":[{\"@type\":\"WebPage\",\"@id\":\"https:\/\/www.piovan.com\/product\/mixing\/\",\"url\":\"https:\/\/www.piovan.com\/product\/mixing\/\",\"name\":\"Mixing - PiovanGroup\",\"isPartOf\":{\"@id\":\"https:\/\/www.piovan.com\/#website\"},\"datePublished\":\"2021-12-04T23:14:51+00:00\",\"dateModified\":\"2025-05-05T08:33:02+00:00\",\"breadcrumb\":{\"@id\":\"https:\/\/www.piovan.com\/product\/mixing\/#breadcrumb\"},\"inLanguage\":\"fr-FR\",\"potentialAction\":[{\"@type\":\"ReadAction\",\"target\":[\"https:\/\/www.piovan.com\/product\/mixing\/\"]}]},{\"@type\":\"BreadcrumbList\",\"@id\":\"https:\/\/www.piovan.com\/product\/mixing\/#breadcrumb\",\"itemListElement\":[{\"@type\":\"ListItem\",\"position\":1,\"name\":\"Home\",\"item\":\"https:\/\/www.piovan.com\/\"},{\"@type\":\"ListItem\",\"position\":2,\"name\":\"Food\",\"item\":\"https:\/\/www.piovan.com\/fr\/products\/food\/\"},{\"@type\":\"ListItem\",\"position\":3,\"name\":\"Mixing\",\"item\":\"https:\/\/www.piovan.com\/fr\/products\/food\/mixing\/\"},{\"@type\":\"ListItem\",\"position\":4,\"name\":\"Mixing\"}]},{\"@type\":\"WebSite\",\"@id\":\"https:\/\/www.piovan.com\/#website\",\"url\":\"https:\/\/www.piovan.com\/\",\"name\":\"PiovanGroup\",\"description\":\"\",\"publisher\":{\"@id\":\"https:\/\/www.piovan.com\/#organization\"},\"potentialAction\":[{\"@type\":\"SearchAction\",\"target\":{\"@type\":\"EntryPoint\",\"urlTemplate\":\"https:\/\/www.piovan.com\/?s={search_term_string}\"},\"query-input\":\"required name=search_term_string\"}],\"inLanguage\":\"fr-FR\"},{\"@type\":\"Organization\",\"@id\":\"https:\/\/www.piovan.com\/#organization\",\"name\":\"PiovanGroup\",\"url\":\"https:\/\/www.piovan.com\/\",\"logo\":{\"@type\":\"ImageObject\",\"inLanguage\":\"fr-FR\",\"@id\":\"https:\/\/www.piovan.com\/#\/schema\/logo\/image\/\",\"url\":\"https:\/\/www.piovan.com\/wp-content\/uploads\/2021\/06\/logo@2x.png\",\"contentUrl\":\"https:\/\/www.piovan.com\/wp-content\/uploads\/2021\/06\/logo@2x.png\",\"width\":489,\"height\":78,\"caption\":\"PiovanGroup\"},\"image\":{\"@id\":\"https:\/\/www.piovan.com\/#\/schema\/logo\/image\/\"}}]}<\/script>","yoast_head_json":{"title":"M\u00e9lange - Groupe Piovan","robots":{"index":"index","follow":"follow","max-snippet":"max-snippet:-1","max-image-preview":"max-image-preview:large","max-video-preview":"max-video-preview:-1"},"canonical":"https:\/\/www.piovan.com\/fr\/product\/mixing\/","og_locale":"fr_FR","og_type":"article","og_title":"Mixing - PiovanGroup","og_description":"In the food industry, the process of mixing and preparing products such as creams and caramel requires machinery designed with care and experience.\u00a0\u00a0 The PiovanGroup designs and manufactures specific preparers for the production of products such as creams and caramel, suitable for powders, liquids and fats.\u00a0\u00a0","og_url":"https:\/\/www.piovan.com\/fr\/product\/mixing\/","og_site_name":"PiovanGroup","article_modified_time":"2025-05-05T08:33:02+00:00","og_image":[{"width":1200,"height":1560,"url":"https:\/\/www.piovan.com\/wp-content\/uploads\/Process_1200x1560_Continuous-mixing.png","type":"image\/png"}],"twitter_card":"summary_large_image","schema":{"@context":"https:\/\/schema.org","@graph":[{"@type":"WebPage","@id":"https:\/\/www.piovan.com\/product\/mixing\/","url":"https:\/\/www.piovan.com\/product\/mixing\/","name":"Mixing - PiovanGroup","isPartOf":{"@id":"https:\/\/www.piovan.com\/#website"},"datePublished":"2021-12-04T23:14:51+00:00","dateModified":"2025-05-05T08:33:02+00:00","breadcrumb":{"@id":"https:\/\/www.piovan.com\/product\/mixing\/#breadcrumb"},"inLanguage":"fr-FR","potentialAction":[{"@type":"ReadAction","target":["https:\/\/www.piovan.com\/product\/mixing\/"]}]},{"@type":"BreadcrumbList","@id":"https:\/\/www.piovan.com\/product\/mixing\/#breadcrumb","itemListElement":[{"@type":"ListItem","position":1,"name":"Home","item":"https:\/\/www.piovan.com\/"},{"@type":"ListItem","position":2,"name":"Food","item":"https:\/\/www.piovan.com\/fr\/products\/food\/"},{"@type":"ListItem","position":3,"name":"Mixing","item":"https:\/\/www.piovan.com\/fr\/products\/food\/mixing\/"},{"@type":"ListItem","position":4,"name":"Mixing"}]},{"@type":"WebSite","@id":"https:\/\/www.piovan.com\/#website","url":"https:\/\/www.piovan.com\/","name":"PiovanGroup","description":"","publisher":{"@id":"https:\/\/www.piovan.com\/#organization"},"potentialAction":[{"@type":"SearchAction","target":{"@type":"EntryPoint","urlTemplate":"https:\/\/www.piovan.com\/?s={search_term_string}"},"query-input":"required name=search_term_string"}],"inLanguage":"fr-FR"},{"@type":"Organization","@id":"https:\/\/www.piovan.com\/#organization","name":"PiovanGroup","url":"https:\/\/www.piovan.com\/","logo":{"@type":"ImageObject","inLanguage":"fr-FR","@id":"https:\/\/www.piovan.com\/#\/schema\/logo\/image\/","url":"https:\/\/www.piovan.com\/wp-content\/uploads\/2021\/06\/logo@2x.png","contentUrl":"https:\/\/www.piovan.com\/wp-content\/uploads\/2021\/06\/logo@2x.png","width":489,"height":78,"caption":"PiovanGroup"},"image":{"@id":"https:\/\/www.piovan.com\/#\/schema\/logo\/image\/"}}]}},"_links":{"self":[{"href":"https:\/\/www.piovan.com\/fr\/wp-json\/wp\/v2\/product\/5983"}],"collection":[{"href":"https:\/\/www.piovan.com\/fr\/wp-json\/wp\/v2\/product"}],"about":[{"href":"https:\/\/www.piovan.com\/fr\/wp-json\/wp\/v2\/types\/product"}],"version-history":[{"count":1,"href":"https:\/\/www.piovan.com\/fr\/wp-json\/wp\/v2\/product\/5983\/revisions"}],"predecessor-version":[{"id":14928,"href":"https:\/\/www.piovan.com\/fr\/wp-json\/wp\/v2\/product\/5983\/revisions\/14928"}],"wp:featuredmedia":[{"embeddable":true,"href":"https:\/\/www.piovan.com\/fr\/wp-json\/wp\/v2\/media\/5984"}],"wp:attachment":[{"href":"https:\/\/www.piovan.com\/fr\/wp-json\/wp\/v2\/media?parent=5983"}],"wp:term":[{"taxonomy":"post_tag","embeddable":true,"href":"https:\/\/www.piovan.com\/fr\/wp-json\/wp\/v2\/tags?post=5983"}],"curies":[{"name":"wp","href":"https:\/\/api.w.org\/{rel}","templated":true}]}}