{"id":5980,"date":"2021-12-05T00:01:03","date_gmt":"2021-12-04T23:01:03","guid":{"rendered":"https:\/\/www.piovan.com\/?post_type=product&#038;p=5980"},"modified":"2025-05-19T14:42:17","modified_gmt":"2025-05-19T12:42:17","slug":"transport","status":"publish","type":"product","link":"https:\/\/www.piovan.com\/fr\/product\/transport\/","title":{"rendered":"Transport"},"content":{"rendered":"<p class=\" translation-block\">Les syst\u00e8mes de transport industriel du groupe Piovan sont d\u00e9velopp\u00e9s conform\u00e9ment aux normes de conception technique pour un processus hygi\u00e9nique et s\u00fbr.<\/p>\n<p class=\" translation-block\">Ces solutions sont sp\u00e9cifiquement con\u00e7ues et fabriqu\u00e9es pour la manipulation de poudres alimentaires et de liquides visqueux, notamment la farine, le sucre, le cacao, le miel, l'amidon et les inclusions. En particulier, les syst\u00e8mes de transport du groupe permettent \u00e9galement de pr\u00e9-m\u00e9langer les ingr\u00e9dients pendant leur manipulation.<\/p>\n<p class=\" translation-block\">PiovanGroup propose des syst\u00e8mes de transport pneumatique en phase dense et dilu\u00e9e. Ces syst\u00e8mes permettent de manipuler de grandes quantit\u00e9s de mati\u00e8res premi\u00e8res sur de longues distances, tout en conservant les propri\u00e9t\u00e9s intrins\u00e8ques des ingr\u00e9dients alimentaires.<\/p>","protected":false},"featured_media":15206,"template":"","tags":[47,189,44],"acf":[],"yoast_head":"<title>Transport - Groupe Piovan<\/title>\n<meta name=\"robots\" content=\"index, follow, max-snippet:-1, max-image-preview:large, max-video-preview:-1\" \/>\n<link rel=\"canonical\" href=\"https:\/\/www.piovan.com\/fr\/product\/transport\/\" \/>\n<meta property=\"og:locale\" content=\"fr_FR\" \/>\n<meta property=\"og:type\" content=\"article\" \/>\n<meta property=\"og:title\" content=\"Transport - PiovanGroup\" \/>\n<meta property=\"og:description\" content=\"PiovanGroup industrial conveying systems are developed according to engineering design standards for a hygienic and safe process. These solutions are specifically designed and manufactured for the handling of food powders and viscous liquids, including flour, sugar, cocoa, honey, starch and inclusions. Specifically, the Group&#039;s conveying systems also allow ingredients to be pre-mixed during their handling.\" \/>\n<meta property=\"og:url\" content=\"https:\/\/www.piovan.com\/fr\/product\/transport\/\" \/>\n<meta property=\"og:site_name\" content=\"PiovanGroup\" \/>\n<meta property=\"article:modified_time\" content=\"2025-05-19T12:42:17+00:00\" \/>\n<meta property=\"og:image\" content=\"https:\/\/www.piovan.com\/wp-content\/uploads\/Process_1200x1560_Conveying_v3.png\" \/>\n\t<meta property=\"og:image:width\" content=\"1200\" \/>\n\t<meta property=\"og:image:height\" content=\"1560\" \/>\n\t<meta property=\"og:image:type\" content=\"image\/png\" \/>\n<meta name=\"twitter:card\" content=\"summary_large_image\" \/>\n<script type=\"application\/ld+json\" class=\"yoast-schema-graph\">{\"@context\":\"https:\/\/schema.org\",\"@graph\":[{\"@type\":\"WebPage\",\"@id\":\"https:\/\/www.piovan.com\/product\/transport\/\",\"url\":\"https:\/\/www.piovan.com\/product\/transport\/\",\"name\":\"Transport - PiovanGroup\",\"isPartOf\":{\"@id\":\"https:\/\/www.piovan.com\/#website\"},\"datePublished\":\"2021-12-04T23:01:03+00:00\",\"dateModified\":\"2025-05-19T12:42:17+00:00\",\"breadcrumb\":{\"@id\":\"https:\/\/www.piovan.com\/product\/transport\/#breadcrumb\"},\"inLanguage\":\"fr-FR\",\"potentialAction\":[{\"@type\":\"ReadAction\",\"target\":[\"https:\/\/www.piovan.com\/product\/transport\/\"]}]},{\"@type\":\"BreadcrumbList\",\"@id\":\"https:\/\/www.piovan.com\/product\/transport\/#breadcrumb\",\"itemListElement\":[{\"@type\":\"ListItem\",\"position\":1,\"name\":\"Home\",\"item\":\"https:\/\/www.piovan.com\/\"},{\"@type\":\"ListItem\",\"position\":2,\"name\":\"Food\",\"item\":\"https:\/\/www.piovan.com\/fr\/products\/food\/\"},{\"@type\":\"ListItem\",\"position\":3,\"name\":\"Transport\",\"item\":\"https:\/\/www.piovan.com\/fr\/products\/food\/transport\/\"},{\"@type\":\"ListItem\",\"position\":4,\"name\":\"Transport\"}]},{\"@type\":\"WebSite\",\"@id\":\"https:\/\/www.piovan.com\/#website\",\"url\":\"https:\/\/www.piovan.com\/\",\"name\":\"PiovanGroup\",\"description\":\"\",\"publisher\":{\"@id\":\"https:\/\/www.piovan.com\/#organization\"},\"potentialAction\":[{\"@type\":\"SearchAction\",\"target\":{\"@type\":\"EntryPoint\",\"urlTemplate\":\"https:\/\/www.piovan.com\/?s={search_term_string}\"},\"query-input\":\"required name=search_term_string\"}],\"inLanguage\":\"fr-FR\"},{\"@type\":\"Organization\",\"@id\":\"https:\/\/www.piovan.com\/#organization\",\"name\":\"PiovanGroup\",\"url\":\"https:\/\/www.piovan.com\/\",\"logo\":{\"@type\":\"ImageObject\",\"inLanguage\":\"fr-FR\",\"@id\":\"https:\/\/www.piovan.com\/#\/schema\/logo\/image\/\",\"url\":\"https:\/\/www.piovan.com\/wp-content\/uploads\/2021\/06\/logo@2x.png\",\"contentUrl\":\"https:\/\/www.piovan.com\/wp-content\/uploads\/2021\/06\/logo@2x.png\",\"width\":489,\"height\":78,\"caption\":\"PiovanGroup\"},\"image\":{\"@id\":\"https:\/\/www.piovan.com\/#\/schema\/logo\/image\/\"}}]}<\/script>","yoast_head_json":{"title":"Transport - Groupe Piovan","robots":{"index":"index","follow":"follow","max-snippet":"max-snippet:-1","max-image-preview":"max-image-preview:large","max-video-preview":"max-video-preview:-1"},"canonical":"https:\/\/www.piovan.com\/fr\/product\/transport\/","og_locale":"fr_FR","og_type":"article","og_title":"Transport - PiovanGroup","og_description":"PiovanGroup industrial conveying systems are developed according to engineering design standards for a hygienic and safe process. These solutions are specifically designed and manufactured for the handling of food powders and viscous liquids, including flour, sugar, cocoa, honey, starch and inclusions. Specifically, the Group's conveying systems also allow ingredients to be pre-mixed during their handling.","og_url":"https:\/\/www.piovan.com\/fr\/product\/transport\/","og_site_name":"PiovanGroup","article_modified_time":"2025-05-19T12:42:17+00:00","og_image":[{"width":1200,"height":1560,"url":"https:\/\/www.piovan.com\/wp-content\/uploads\/Process_1200x1560_Conveying_v3.png","type":"image\/png"}],"twitter_card":"summary_large_image","schema":{"@context":"https:\/\/schema.org","@graph":[{"@type":"WebPage","@id":"https:\/\/www.piovan.com\/product\/transport\/","url":"https:\/\/www.piovan.com\/product\/transport\/","name":"Transport - PiovanGroup","isPartOf":{"@id":"https:\/\/www.piovan.com\/#website"},"datePublished":"2021-12-04T23:01:03+00:00","dateModified":"2025-05-19T12:42:17+00:00","breadcrumb":{"@id":"https:\/\/www.piovan.com\/product\/transport\/#breadcrumb"},"inLanguage":"fr-FR","potentialAction":[{"@type":"ReadAction","target":["https:\/\/www.piovan.com\/product\/transport\/"]}]},{"@type":"BreadcrumbList","@id":"https:\/\/www.piovan.com\/product\/transport\/#breadcrumb","itemListElement":[{"@type":"ListItem","position":1,"name":"Home","item":"https:\/\/www.piovan.com\/"},{"@type":"ListItem","position":2,"name":"Food","item":"https:\/\/www.piovan.com\/fr\/products\/food\/"},{"@type":"ListItem","position":3,"name":"Transport","item":"https:\/\/www.piovan.com\/fr\/products\/food\/transport\/"},{"@type":"ListItem","position":4,"name":"Transport"}]},{"@type":"WebSite","@id":"https:\/\/www.piovan.com\/#website","url":"https:\/\/www.piovan.com\/","name":"PiovanGroup","description":"","publisher":{"@id":"https:\/\/www.piovan.com\/#organization"},"potentialAction":[{"@type":"SearchAction","target":{"@type":"EntryPoint","urlTemplate":"https:\/\/www.piovan.com\/?s={search_term_string}"},"query-input":"required name=search_term_string"}],"inLanguage":"fr-FR"},{"@type":"Organization","@id":"https:\/\/www.piovan.com\/#organization","name":"PiovanGroup","url":"https:\/\/www.piovan.com\/","logo":{"@type":"ImageObject","inLanguage":"fr-FR","@id":"https:\/\/www.piovan.com\/#\/schema\/logo\/image\/","url":"https:\/\/www.piovan.com\/wp-content\/uploads\/2021\/06\/logo@2x.png","contentUrl":"https:\/\/www.piovan.com\/wp-content\/uploads\/2021\/06\/logo@2x.png","width":489,"height":78,"caption":"PiovanGroup"},"image":{"@id":"https:\/\/www.piovan.com\/#\/schema\/logo\/image\/"}}]}},"_links":{"self":[{"href":"https:\/\/www.piovan.com\/fr\/wp-json\/wp\/v2\/product\/5980"}],"collection":[{"href":"https:\/\/www.piovan.com\/fr\/wp-json\/wp\/v2\/product"}],"about":[{"href":"https:\/\/www.piovan.com\/fr\/wp-json\/wp\/v2\/types\/product"}],"version-history":[{"count":3,"href":"https:\/\/www.piovan.com\/fr\/wp-json\/wp\/v2\/product\/5980\/revisions"}],"predecessor-version":[{"id":15208,"href":"https:\/\/www.piovan.com\/fr\/wp-json\/wp\/v2\/product\/5980\/revisions\/15208"}],"wp:featuredmedia":[{"embeddable":true,"href":"https:\/\/www.piovan.com\/fr\/wp-json\/wp\/v2\/media\/15206"}],"wp:attachment":[{"href":"https:\/\/www.piovan.com\/fr\/wp-json\/wp\/v2\/media?parent=5980"}],"wp:term":[{"taxonomy":"post_tag","embeddable":true,"href":"https:\/\/www.piovan.com\/fr\/wp-json\/wp\/v2\/tags?post=5980"}],"curies":[{"name":"wp","href":"https:\/\/api.w.org\/{rel}","templated":true}]}}