{"id":5977,"date":"2021-12-04T23:54:19","date_gmt":"2021-12-04T22:54:19","guid":{"rendered":"https:\/\/www.piovan.com\/?post_type=product&#038;p=5977"},"modified":"2025-05-19T13:00:07","modified_gmt":"2025-05-19T11:00:07","slug":"dehumidification","status":"publish","type":"product","link":"https:\/\/www.piovan.com\/fr\/product\/dehumidification\/","title":{"rendered":"D\u00e9shumidification"},"content":{"rendered":"<p class=\" translation-block\">Dans l'industrie alimentaire, le contr\u00f4le permanent du taux d'humidit\u00e9 relative de l'air est essentiel pour garantir la meilleure qualit\u00e9 du produit fini. La d\u00e9shumidification de l'air ambiant avec le plus haut degr\u00e9 d'hygi\u00e8ne est cruciale pour le transport et le stockage d'ingr\u00e9dients tels que la farine, le cacao, le lait et les ar\u00f4mes. En ce qui concerne les substances hygroscopiques, il est essentiel que l'humidit\u00e9 du produit soit conforme aux exigences de la production, quelles que soient les conditions environnementales.<\/p>\n<p class=\" translation-block\">Fort d'une longue exp\u00e9rience dans le secteur alimentaire, le groupe Piovan a d\u00e9velopp\u00e9 une gamme de d\u00e9shumidificateurs d\u00e9di\u00e9s \u00e0 l'industrie alimentaire. Ces syst\u00e8mes de d\u00e9shumidification sont sp\u00e9cifiquement con\u00e7us pour le contact indirect des denr\u00e9es alimentaires avec l'air du processus. Plus pr\u00e9cis\u00e9ment, l'air sec \u00e9vite la stagnation des ingr\u00e9dients alimentaires sur les parois, garantissant ainsi une hygi\u00e8ne et une s\u00e9curit\u00e9 alimentaire maximales, r\u00e9duisant les co\u00fbts de nettoyage du syst\u00e8me et augmentant la qualit\u00e9 du produit fini.<\/p>\n<p class=\" translation-block\">Les d\u00e9shumidificateurs de PiovanGroup \u00e9vitent \u00e9galement la contamination des poudres alimentaires par des agents bact\u00e9riens externes. Chaque unit\u00e9 de d\u00e9shumidification est en effet \u00e9quip\u00e9e d'un syst\u00e8me d'assainissement de l'air qui emp\u00eache la prolif\u00e9ration bact\u00e9rienne pendant la phase d'\u00e9limination de l'humidit\u00e9. Toutes les parties en contact avec l'air de traitement sont en acier inoxydable. Les s\u00e9cheurs Piovan sont \u00e9galement certifi\u00e9s selon le r\u00e8glement CE 1935\/2004.<\/p>","protected":false},"featured_media":15205,"template":"","tags":[47,189,44],"acf":[],"yoast_head":"<title>D\u00e9shumidification - Groupe Piovan<\/title>\n<meta name=\"robots\" content=\"index, follow, max-snippet:-1, max-image-preview:large, max-video-preview:-1\" \/>\n<link rel=\"canonical\" href=\"https:\/\/www.piovan.com\/fr\/product\/dehumidification\/\" \/>\n<meta property=\"og:locale\" content=\"fr_FR\" \/>\n<meta property=\"og:type\" content=\"article\" \/>\n<meta property=\"og:title\" content=\"Dehumidification - PiovanGroup\" \/>\n<meta property=\"og:description\" content=\"In the food industry, constant monitoring of the relative humidity level of the air is essential to ensure the highest quality of the finished product. Dehumidifying the ambient air with the highest degree of hygiene is crucial for the transport and storage of ingredients such as flour, cocoa, milk and flavourings. With particular reference to hygroscopic substances, it is essential that the product humidity is as desired for production under all environmental conditions.\" \/>\n<meta property=\"og:url\" content=\"https:\/\/www.piovan.com\/fr\/product\/dehumidification\/\" \/>\n<meta property=\"og:site_name\" content=\"PiovanGroup\" \/>\n<meta property=\"article:modified_time\" content=\"2025-05-19T11:00:07+00:00\" \/>\n<meta property=\"og:image\" content=\"https:\/\/www.piovan.com\/wp-content\/uploads\/0000_Process_Drying-v2.png\" \/>\n\t<meta property=\"og:image:width\" content=\"1200\" \/>\n\t<meta property=\"og:image:height\" content=\"1560\" \/>\n\t<meta property=\"og:image:type\" content=\"image\/png\" \/>\n<meta name=\"twitter:card\" content=\"summary_large_image\" \/>\n<script type=\"application\/ld+json\" class=\"yoast-schema-graph\">{\"@context\":\"https:\/\/schema.org\",\"@graph\":[{\"@type\":\"WebPage\",\"@id\":\"https:\/\/www.piovan.com\/product\/dehumidification\/\",\"url\":\"https:\/\/www.piovan.com\/product\/dehumidification\/\",\"name\":\"Dehumidification - PiovanGroup\",\"isPartOf\":{\"@id\":\"https:\/\/www.piovan.com\/#website\"},\"datePublished\":\"2021-12-04T22:54:19+00:00\",\"dateModified\":\"2025-05-19T11:00:07+00:00\",\"breadcrumb\":{\"@id\":\"https:\/\/www.piovan.com\/product\/dehumidification\/#breadcrumb\"},\"inLanguage\":\"fr-FR\",\"potentialAction\":[{\"@type\":\"ReadAction\",\"target\":[\"https:\/\/www.piovan.com\/product\/dehumidification\/\"]}]},{\"@type\":\"BreadcrumbList\",\"@id\":\"https:\/\/www.piovan.com\/product\/dehumidification\/#breadcrumb\",\"itemListElement\":[{\"@type\":\"ListItem\",\"position\":1,\"name\":\"Home\",\"item\":\"https:\/\/www.piovan.com\/\"},{\"@type\":\"ListItem\",\"position\":2,\"name\":\"Food\",\"item\":\"https:\/\/www.piovan.com\/fr\/products\/food\/\"},{\"@type\":\"ListItem\",\"position\":3,\"name\":\"Dehumidification\",\"item\":\"https:\/\/www.piovan.com\/fr\/products\/food\/dehumidification\/\"},{\"@type\":\"ListItem\",\"position\":4,\"name\":\"Dehumidification\"}]},{\"@type\":\"WebSite\",\"@id\":\"https:\/\/www.piovan.com\/#website\",\"url\":\"https:\/\/www.piovan.com\/\",\"name\":\"PiovanGroup\",\"description\":\"\",\"publisher\":{\"@id\":\"https:\/\/www.piovan.com\/#organization\"},\"potentialAction\":[{\"@type\":\"SearchAction\",\"target\":{\"@type\":\"EntryPoint\",\"urlTemplate\":\"https:\/\/www.piovan.com\/?s={search_term_string}\"},\"query-input\":\"required name=search_term_string\"}],\"inLanguage\":\"fr-FR\"},{\"@type\":\"Organization\",\"@id\":\"https:\/\/www.piovan.com\/#organization\",\"name\":\"PiovanGroup\",\"url\":\"https:\/\/www.piovan.com\/\",\"logo\":{\"@type\":\"ImageObject\",\"inLanguage\":\"fr-FR\",\"@id\":\"https:\/\/www.piovan.com\/#\/schema\/logo\/image\/\",\"url\":\"https:\/\/www.piovan.com\/wp-content\/uploads\/2021\/06\/logo@2x.png\",\"contentUrl\":\"https:\/\/www.piovan.com\/wp-content\/uploads\/2021\/06\/logo@2x.png\",\"width\":489,\"height\":78,\"caption\":\"PiovanGroup\"},\"image\":{\"@id\":\"https:\/\/www.piovan.com\/#\/schema\/logo\/image\/\"}}]}<\/script>","yoast_head_json":{"title":"D\u00e9shumidification - Groupe Piovan","robots":{"index":"index","follow":"follow","max-snippet":"max-snippet:-1","max-image-preview":"max-image-preview:large","max-video-preview":"max-video-preview:-1"},"canonical":"https:\/\/www.piovan.com\/fr\/product\/dehumidification\/","og_locale":"fr_FR","og_type":"article","og_title":"Dehumidification - PiovanGroup","og_description":"In the food industry, constant monitoring of the relative humidity level of the air is essential to ensure the highest quality of the finished product. Dehumidifying the ambient air with the highest degree of hygiene is crucial for the transport and storage of ingredients such as flour, cocoa, milk and flavourings. With particular reference to hygroscopic substances, it is essential that the product humidity is as desired for production under all environmental conditions.","og_url":"https:\/\/www.piovan.com\/fr\/product\/dehumidification\/","og_site_name":"PiovanGroup","article_modified_time":"2025-05-19T11:00:07+00:00","og_image":[{"width":1200,"height":1560,"url":"https:\/\/www.piovan.com\/wp-content\/uploads\/0000_Process_Drying-v2.png","type":"image\/png"}],"twitter_card":"summary_large_image","schema":{"@context":"https:\/\/schema.org","@graph":[{"@type":"WebPage","@id":"https:\/\/www.piovan.com\/product\/dehumidification\/","url":"https:\/\/www.piovan.com\/product\/dehumidification\/","name":"Dehumidification - PiovanGroup","isPartOf":{"@id":"https:\/\/www.piovan.com\/#website"},"datePublished":"2021-12-04T22:54:19+00:00","dateModified":"2025-05-19T11:00:07+00:00","breadcrumb":{"@id":"https:\/\/www.piovan.com\/product\/dehumidification\/#breadcrumb"},"inLanguage":"fr-FR","potentialAction":[{"@type":"ReadAction","target":["https:\/\/www.piovan.com\/product\/dehumidification\/"]}]},{"@type":"BreadcrumbList","@id":"https:\/\/www.piovan.com\/product\/dehumidification\/#breadcrumb","itemListElement":[{"@type":"ListItem","position":1,"name":"Home","item":"https:\/\/www.piovan.com\/"},{"@type":"ListItem","position":2,"name":"Food","item":"https:\/\/www.piovan.com\/fr\/products\/food\/"},{"@type":"ListItem","position":3,"name":"Dehumidification","item":"https:\/\/www.piovan.com\/fr\/products\/food\/dehumidification\/"},{"@type":"ListItem","position":4,"name":"Dehumidification"}]},{"@type":"WebSite","@id":"https:\/\/www.piovan.com\/#website","url":"https:\/\/www.piovan.com\/","name":"PiovanGroup","description":"","publisher":{"@id":"https:\/\/www.piovan.com\/#organization"},"potentialAction":[{"@type":"SearchAction","target":{"@type":"EntryPoint","urlTemplate":"https:\/\/www.piovan.com\/?s={search_term_string}"},"query-input":"required name=search_term_string"}],"inLanguage":"fr-FR"},{"@type":"Organization","@id":"https:\/\/www.piovan.com\/#organization","name":"PiovanGroup","url":"https:\/\/www.piovan.com\/","logo":{"@type":"ImageObject","inLanguage":"fr-FR","@id":"https:\/\/www.piovan.com\/#\/schema\/logo\/image\/","url":"https:\/\/www.piovan.com\/wp-content\/uploads\/2021\/06\/logo@2x.png","contentUrl":"https:\/\/www.piovan.com\/wp-content\/uploads\/2021\/06\/logo@2x.png","width":489,"height":78,"caption":"PiovanGroup"},"image":{"@id":"https:\/\/www.piovan.com\/#\/schema\/logo\/image\/"}}]}},"_links":{"self":[{"href":"https:\/\/www.piovan.com\/fr\/wp-json\/wp\/v2\/product\/5977"}],"collection":[{"href":"https:\/\/www.piovan.com\/fr\/wp-json\/wp\/v2\/product"}],"about":[{"href":"https:\/\/www.piovan.com\/fr\/wp-json\/wp\/v2\/types\/product"}],"version-history":[{"count":1,"href":"https:\/\/www.piovan.com\/fr\/wp-json\/wp\/v2\/product\/5977\/revisions"}],"predecessor-version":[{"id":14929,"href":"https:\/\/www.piovan.com\/fr\/wp-json\/wp\/v2\/product\/5977\/revisions\/14929"}],"wp:featuredmedia":[{"embeddable":true,"href":"https:\/\/www.piovan.com\/fr\/wp-json\/wp\/v2\/media\/15205"}],"wp:attachment":[{"href":"https:\/\/www.piovan.com\/fr\/wp-json\/wp\/v2\/media?parent=5977"}],"wp:term":[{"taxonomy":"post_tag","embeddable":true,"href":"https:\/\/www.piovan.com\/fr\/wp-json\/wp\/v2\/tags?post=5977"}],"curies":[{"name":"wp","href":"https:\/\/api.w.org\/{rel}","templated":true}]}}