{"id":5974,"date":"2021-12-04T23:31:44","date_gmt":"2021-12-04T22:31:44","guid":{"rendered":"https:\/\/www.piovan.com\/?post_type=product&#038;p=5974"},"modified":"2025-05-19T12:54:18","modified_gmt":"2025-05-19T10:54:18","slug":"supervision-and-process-control","status":"publish","type":"product","link":"https:\/\/www.piovan.com\/fr\/product\/supervision-and-process-control\/","title":{"rendered":"Supervision et contr\u00f4le des processus"},"content":{"rendered":"<p class=\" translation-block\">Comme dans d'autres secteurs industriels, ainsi que dans le secteur alimentaire, pour garantir une efficacit\u00e9 maximale de la production, il est n\u00e9cessaire d'avoir un contr\u00f4le complet du processus, dans toutes ses phases.<\/p>\n<p><!--more--><\/p>\n<p class=\" translation-block\">PiovanGroup produit des syst\u00e8mes d'automatisation pour le secteur alimentaire. En particulier, il fournit des syst\u00e8mes de contr\u00f4le et de supervision avec un tr\u00e8s haut degr\u00e9 de personnalisation pour les installations d\u00e9di\u00e9es au traitement des ingr\u00e9dients alimentaires et \u00e0 la pr\u00e9paration de cr\u00e8mes et de caramels.<\/p>\n<p class=\" translation-block\">L'offre du groupe est compl\u00e9t\u00e9e par des panneaux de contr\u00f4le avec des syst\u00e8mes PLC et SCADA pour une gestion optimale des recettes et des donn\u00e9es de processus.<\/p>","protected":false},"featured_media":15199,"template":"","tags":[47,189,44],"acf":[],"yoast_head":"<title>Supervision et contr\u00f4le des processus - Groupe Piovan<\/title>\n<meta name=\"robots\" content=\"index, follow, max-snippet:-1, max-image-preview:large, max-video-preview:-1\" \/>\n<link rel=\"canonical\" href=\"https:\/\/www.piovan.com\/fr\/product\/supervision-and-process-control\/\" \/>\n<meta property=\"og:locale\" content=\"fr_FR\" \/>\n<meta property=\"og:type\" content=\"article\" \/>\n<meta property=\"og:title\" content=\"Supervision and Process Control - PiovanGroup\" \/>\n<meta property=\"og:description\" content=\"As in other industrial sectors, as well as in the food sector, to guarantee maximum production efficiency it is necessary to have complete control of the process, in all its phases.\" \/>\n<meta property=\"og:url\" content=\"https:\/\/www.piovan.com\/fr\/product\/supervision-and-process-control\/\" \/>\n<meta property=\"og:site_name\" content=\"PiovanGroup\" \/>\n<meta property=\"article:modified_time\" content=\"2025-05-19T10:54:18+00:00\" \/>\n<meta property=\"og:image\" content=\"https:\/\/www.piovan.com\/wp-content\/uploads\/0017_Progema-cover.png\" \/>\n\t<meta property=\"og:image:width\" content=\"1200\" \/>\n\t<meta property=\"og:image:height\" content=\"1560\" \/>\n\t<meta property=\"og:image:type\" content=\"image\/png\" \/>\n<meta name=\"twitter:card\" content=\"summary_large_image\" \/>\n<script type=\"application\/ld+json\" class=\"yoast-schema-graph\">{\"@context\":\"https:\/\/schema.org\",\"@graph\":[{\"@type\":\"WebPage\",\"@id\":\"https:\/\/www.piovan.com\/product\/supervision-and-process-control\/\",\"url\":\"https:\/\/www.piovan.com\/product\/supervision-and-process-control\/\",\"name\":\"Supervision and Process Control - PiovanGroup\",\"isPartOf\":{\"@id\":\"https:\/\/www.piovan.com\/#website\"},\"datePublished\":\"2021-12-04T22:31:44+00:00\",\"dateModified\":\"2025-05-19T10:54:18+00:00\",\"breadcrumb\":{\"@id\":\"https:\/\/www.piovan.com\/product\/supervision-and-process-control\/#breadcrumb\"},\"inLanguage\":\"fr-FR\",\"potentialAction\":[{\"@type\":\"ReadAction\",\"target\":[\"https:\/\/www.piovan.com\/product\/supervision-and-process-control\/\"]}]},{\"@type\":\"BreadcrumbList\",\"@id\":\"https:\/\/www.piovan.com\/product\/supervision-and-process-control\/#breadcrumb\",\"itemListElement\":[{\"@type\":\"ListItem\",\"position\":1,\"name\":\"Home\",\"item\":\"https:\/\/www.piovan.com\/\"},{\"@type\":\"ListItem\",\"position\":2,\"name\":\"Food\",\"item\":\"https:\/\/www.piovan.com\/fr\/products\/food\/\"},{\"@type\":\"ListItem\",\"position\":3,\"name\":\"Supervision and Process Control\",\"item\":\"https:\/\/www.piovan.com\/fr\/products\/food\/supervision-and-process-control\/\"},{\"@type\":\"ListItem\",\"position\":4,\"name\":\"Supervision and Process Control\"}]},{\"@type\":\"WebSite\",\"@id\":\"https:\/\/www.piovan.com\/#website\",\"url\":\"https:\/\/www.piovan.com\/\",\"name\":\"PiovanGroup\",\"description\":\"\",\"publisher\":{\"@id\":\"https:\/\/www.piovan.com\/#organization\"},\"potentialAction\":[{\"@type\":\"SearchAction\",\"target\":{\"@type\":\"EntryPoint\",\"urlTemplate\":\"https:\/\/www.piovan.com\/?s={search_term_string}\"},\"query-input\":\"required name=search_term_string\"}],\"inLanguage\":\"fr-FR\"},{\"@type\":\"Organization\",\"@id\":\"https:\/\/www.piovan.com\/#organization\",\"name\":\"PiovanGroup\",\"url\":\"https:\/\/www.piovan.com\/\",\"logo\":{\"@type\":\"ImageObject\",\"inLanguage\":\"fr-FR\",\"@id\":\"https:\/\/www.piovan.com\/#\/schema\/logo\/image\/\",\"url\":\"https:\/\/www.piovan.com\/wp-content\/uploads\/2021\/06\/logo@2x.png\",\"contentUrl\":\"https:\/\/www.piovan.com\/wp-content\/uploads\/2021\/06\/logo@2x.png\",\"width\":489,\"height\":78,\"caption\":\"PiovanGroup\"},\"image\":{\"@id\":\"https:\/\/www.piovan.com\/#\/schema\/logo\/image\/\"}}]}<\/script>","yoast_head_json":{"title":"Supervision et contr\u00f4le des processus - Groupe Piovan","robots":{"index":"index","follow":"follow","max-snippet":"max-snippet:-1","max-image-preview":"max-image-preview:large","max-video-preview":"max-video-preview:-1"},"canonical":"https:\/\/www.piovan.com\/fr\/product\/supervision-and-process-control\/","og_locale":"fr_FR","og_type":"article","og_title":"Supervision and Process Control - PiovanGroup","og_description":"As in other industrial sectors, as well as in the food sector, to guarantee maximum production efficiency it is necessary to have complete control of the process, in all its phases.","og_url":"https:\/\/www.piovan.com\/fr\/product\/supervision-and-process-control\/","og_site_name":"PiovanGroup","article_modified_time":"2025-05-19T10:54:18+00:00","og_image":[{"width":1200,"height":1560,"url":"https:\/\/www.piovan.com\/wp-content\/uploads\/0017_Progema-cover.png","type":"image\/png"}],"twitter_card":"summary_large_image","schema":{"@context":"https:\/\/schema.org","@graph":[{"@type":"WebPage","@id":"https:\/\/www.piovan.com\/product\/supervision-and-process-control\/","url":"https:\/\/www.piovan.com\/product\/supervision-and-process-control\/","name":"Supervision and Process Control - PiovanGroup","isPartOf":{"@id":"https:\/\/www.piovan.com\/#website"},"datePublished":"2021-12-04T22:31:44+00:00","dateModified":"2025-05-19T10:54:18+00:00","breadcrumb":{"@id":"https:\/\/www.piovan.com\/product\/supervision-and-process-control\/#breadcrumb"},"inLanguage":"fr-FR","potentialAction":[{"@type":"ReadAction","target":["https:\/\/www.piovan.com\/product\/supervision-and-process-control\/"]}]},{"@type":"BreadcrumbList","@id":"https:\/\/www.piovan.com\/product\/supervision-and-process-control\/#breadcrumb","itemListElement":[{"@type":"ListItem","position":1,"name":"Home","item":"https:\/\/www.piovan.com\/"},{"@type":"ListItem","position":2,"name":"Food","item":"https:\/\/www.piovan.com\/fr\/products\/food\/"},{"@type":"ListItem","position":3,"name":"Supervision and Process Control","item":"https:\/\/www.piovan.com\/fr\/products\/food\/supervision-and-process-control\/"},{"@type":"ListItem","position":4,"name":"Supervision and Process Control"}]},{"@type":"WebSite","@id":"https:\/\/www.piovan.com\/#website","url":"https:\/\/www.piovan.com\/","name":"PiovanGroup","description":"","publisher":{"@id":"https:\/\/www.piovan.com\/#organization"},"potentialAction":[{"@type":"SearchAction","target":{"@type":"EntryPoint","urlTemplate":"https:\/\/www.piovan.com\/?s={search_term_string}"},"query-input":"required name=search_term_string"}],"inLanguage":"fr-FR"},{"@type":"Organization","@id":"https:\/\/www.piovan.com\/#organization","name":"PiovanGroup","url":"https:\/\/www.piovan.com\/","logo":{"@type":"ImageObject","inLanguage":"fr-FR","@id":"https:\/\/www.piovan.com\/#\/schema\/logo\/image\/","url":"https:\/\/www.piovan.com\/wp-content\/uploads\/2021\/06\/logo@2x.png","contentUrl":"https:\/\/www.piovan.com\/wp-content\/uploads\/2021\/06\/logo@2x.png","width":489,"height":78,"caption":"PiovanGroup"},"image":{"@id":"https:\/\/www.piovan.com\/#\/schema\/logo\/image\/"}}]}},"_links":{"self":[{"href":"https:\/\/www.piovan.com\/fr\/wp-json\/wp\/v2\/product\/5974"}],"collection":[{"href":"https:\/\/www.piovan.com\/fr\/wp-json\/wp\/v2\/product"}],"about":[{"href":"https:\/\/www.piovan.com\/fr\/wp-json\/wp\/v2\/types\/product"}],"version-history":[{"count":2,"href":"https:\/\/www.piovan.com\/fr\/wp-json\/wp\/v2\/product\/5974\/revisions"}],"predecessor-version":[{"id":15201,"href":"https:\/\/www.piovan.com\/fr\/wp-json\/wp\/v2\/product\/5974\/revisions\/15201"}],"wp:featuredmedia":[{"embeddable":true,"href":"https:\/\/www.piovan.com\/fr\/wp-json\/wp\/v2\/media\/15199"}],"wp:attachment":[{"href":"https:\/\/www.piovan.com\/fr\/wp-json\/wp\/v2\/media?parent=5974"}],"wp:term":[{"taxonomy":"post_tag","embeddable":true,"href":"https:\/\/www.piovan.com\/fr\/wp-json\/wp\/v2\/tags?post=5974"}],"curies":[{"name":"wp","href":"https:\/\/api.w.org\/{rel}","templated":true}]}}