{"id":5971,"date":"2021-12-04T23:24:26","date_gmt":"2021-12-04T22:24:26","guid":{"rendered":"https:\/\/www.piovan.com\/?post_type=product&#038;p=5971"},"modified":"2025-05-05T10:33:04","modified_gmt":"2025-05-05T08:33:04","slug":"dosing","status":"publish","type":"product","link":"https:\/\/www.piovan.com\/fr\/product\/dosing\/","title":{"rendered":"Dosage"},"content":{"rendered":"<p class=\" translation-block\">Dans les processus de manipulation des ingr\u00e9dients alimentaires, le dosage pr\u00e9cis des <strong>poudres<\/strong> et des <strong>produits granulaires<\/strong> est essentiel.<\/p>\n<p class=\" translation-block\">PiovanGroup con\u00e7oit une gamme de <strong>doseurs \u00e0 perte de poids<\/strong> qui garantissent une pr\u00e9cision de dosage absolue gr\u00e2ce \u00e0 un arc sph\u00e9rique. Ces machines de dosage fournissent, en se r\u00e9f\u00e9rant \u00e0 la recette correspondante, la quantit\u00e9 correcte de mati\u00e8re premi\u00e8re qui peut \u00eatre m\u00e9lang\u00e9e ou directement d\u00e9vers\u00e9e dans les machines d'exploitation primaires. Il est \u00e9galement possible de cr\u00e9er un <strong>pr\u00e9m\u00e9lange entre diff\u00e9rents ingr\u00e9dients, gr\u00e2ce au dosage en continu<\/strong>.<\/p>\n<p class=\" translation-block\">L'offre du groupe s'enrichit d'une gamme de <strong>doseurs volum\u00e9triques<\/strong>, pour r\u00e9pondre \u00e0 toutes les exigences des clients.<\/p>\n<p class=\" translation-block\">Les ingr\u00e9dients couverts sont les <strong>cr\u00e8mes, les liquides, les poudres<\/strong> et les <strong>granul\u00e9s<\/strong>. Des <strong>capteurs num\u00e9riques<\/strong> permettent \u00e9galement de doser des <strong>micro-ingr\u00e9dients<\/strong> tels que des inclusions ou d'autres additifs.<\/p>\n<p class=\" translation-block\">Les syst\u00e8mes de dosage du groupe peuvent \u00e9galement \u00eatre associ\u00e9s \u00e0 des <strong>lecteurs de codes-barres<\/strong> pour une tra\u00e7abilit\u00e9 compl\u00e8te des mati\u00e8res premi\u00e8res. Les op\u00e9rations de nettoyage des doseurs du Groupe Piovan sont simples, rapides et s\u00fbres gr\u00e2ce aux caract\u00e9ristiques des machines qui rendent le d\u00e9montage des composants imm\u00e9diat et peuvent \u00eatre effectu\u00e9es par les op\u00e9rateurs de la ligne, sans l'intervention d'\u00e9quipes de maintenance.<\/p>","protected":false},"featured_media":5973,"template":"","tags":[47,189,44],"acf":[],"yoast_head":"<title>Dosage - Groupe Piovan<\/title>\n<meta name=\"robots\" content=\"index, follow, max-snippet:-1, max-image-preview:large, max-video-preview:-1\" \/>\n<link rel=\"canonical\" href=\"https:\/\/www.piovan.com\/fr\/product\/dosing\/\" \/>\n<meta property=\"og:locale\" content=\"fr_FR\" \/>\n<meta property=\"og:type\" content=\"article\" \/>\n<meta property=\"og:title\" content=\"Dosing - PiovanGroup\" \/>\n<meta property=\"og:description\" content=\"In food ingredient handling processes, accurate dosing of powders and granular products is essential. PiovanGroup designs a range of loss-in-weight dosers that guarantee absolute dosing precision thanks to a spherical arc. These dosing machines provide, with reference to the relevant recipe, the correct quantity of raw material that can be mixed or directly discharged into the primary operating machines. It is also possible to create a premix between different ingredients, through continuous dosing.\" \/>\n<meta property=\"og:url\" content=\"https:\/\/www.piovan.com\/fr\/product\/dosing\/\" \/>\n<meta property=\"og:site_name\" content=\"PiovanGroup\" \/>\n<meta property=\"article:modified_time\" content=\"2025-05-05T08:33:04+00:00\" \/>\n<meta property=\"og:image\" content=\"https:\/\/www.piovan.com\/wp-content\/uploads\/Process_1200x1560_Dosing.png\" \/>\n\t<meta property=\"og:image:width\" content=\"1200\" \/>\n\t<meta property=\"og:image:height\" content=\"1560\" \/>\n\t<meta property=\"og:image:type\" content=\"image\/png\" \/>\n<meta name=\"twitter:card\" content=\"summary_large_image\" \/>\n<script type=\"application\/ld+json\" class=\"yoast-schema-graph\">{\"@context\":\"https:\/\/schema.org\",\"@graph\":[{\"@type\":\"WebPage\",\"@id\":\"https:\/\/www.piovan.com\/product\/dosing\/\",\"url\":\"https:\/\/www.piovan.com\/product\/dosing\/\",\"name\":\"Dosing - PiovanGroup\",\"isPartOf\":{\"@id\":\"https:\/\/www.piovan.com\/#website\"},\"datePublished\":\"2021-12-04T22:24:26+00:00\",\"dateModified\":\"2025-05-05T08:33:04+00:00\",\"breadcrumb\":{\"@id\":\"https:\/\/www.piovan.com\/product\/dosing\/#breadcrumb\"},\"inLanguage\":\"fr-FR\",\"potentialAction\":[{\"@type\":\"ReadAction\",\"target\":[\"https:\/\/www.piovan.com\/product\/dosing\/\"]}]},{\"@type\":\"BreadcrumbList\",\"@id\":\"https:\/\/www.piovan.com\/product\/dosing\/#breadcrumb\",\"itemListElement\":[{\"@type\":\"ListItem\",\"position\":1,\"name\":\"Home\",\"item\":\"https:\/\/www.piovan.com\/\"},{\"@type\":\"ListItem\",\"position\":2,\"name\":\"Food\",\"item\":\"https:\/\/www.piovan.com\/fr\/products\/food\/\"},{\"@type\":\"ListItem\",\"position\":3,\"name\":\"Dosing\",\"item\":\"https:\/\/www.piovan.com\/fr\/products\/food\/dosing\/\"},{\"@type\":\"ListItem\",\"position\":4,\"name\":\"Dosing\"}]},{\"@type\":\"WebSite\",\"@id\":\"https:\/\/www.piovan.com\/#website\",\"url\":\"https:\/\/www.piovan.com\/\",\"name\":\"PiovanGroup\",\"description\":\"\",\"publisher\":{\"@id\":\"https:\/\/www.piovan.com\/#organization\"},\"potentialAction\":[{\"@type\":\"SearchAction\",\"target\":{\"@type\":\"EntryPoint\",\"urlTemplate\":\"https:\/\/www.piovan.com\/?s={search_term_string}\"},\"query-input\":\"required name=search_term_string\"}],\"inLanguage\":\"fr-FR\"},{\"@type\":\"Organization\",\"@id\":\"https:\/\/www.piovan.com\/#organization\",\"name\":\"PiovanGroup\",\"url\":\"https:\/\/www.piovan.com\/\",\"logo\":{\"@type\":\"ImageObject\",\"inLanguage\":\"fr-FR\",\"@id\":\"https:\/\/www.piovan.com\/#\/schema\/logo\/image\/\",\"url\":\"https:\/\/www.piovan.com\/wp-content\/uploads\/2021\/06\/logo@2x.png\",\"contentUrl\":\"https:\/\/www.piovan.com\/wp-content\/uploads\/2021\/06\/logo@2x.png\",\"width\":489,\"height\":78,\"caption\":\"PiovanGroup\"},\"image\":{\"@id\":\"https:\/\/www.piovan.com\/#\/schema\/logo\/image\/\"}}]}<\/script>","yoast_head_json":{"title":"Dosage - Groupe Piovan","robots":{"index":"index","follow":"follow","max-snippet":"max-snippet:-1","max-image-preview":"max-image-preview:large","max-video-preview":"max-video-preview:-1"},"canonical":"https:\/\/www.piovan.com\/fr\/product\/dosing\/","og_locale":"fr_FR","og_type":"article","og_title":"Dosing - PiovanGroup","og_description":"In food ingredient handling processes, accurate dosing of powders and granular products is essential. PiovanGroup designs a range of loss-in-weight dosers that guarantee absolute dosing precision thanks to a spherical arc. These dosing machines provide, with reference to the relevant recipe, the correct quantity of raw material that can be mixed or directly discharged into the primary operating machines. It is also possible to create a premix between different ingredients, through continuous dosing.","og_url":"https:\/\/www.piovan.com\/fr\/product\/dosing\/","og_site_name":"PiovanGroup","article_modified_time":"2025-05-05T08:33:04+00:00","og_image":[{"width":1200,"height":1560,"url":"https:\/\/www.piovan.com\/wp-content\/uploads\/Process_1200x1560_Dosing.png","type":"image\/png"}],"twitter_card":"summary_large_image","schema":{"@context":"https:\/\/schema.org","@graph":[{"@type":"WebPage","@id":"https:\/\/www.piovan.com\/product\/dosing\/","url":"https:\/\/www.piovan.com\/product\/dosing\/","name":"Dosing - PiovanGroup","isPartOf":{"@id":"https:\/\/www.piovan.com\/#website"},"datePublished":"2021-12-04T22:24:26+00:00","dateModified":"2025-05-05T08:33:04+00:00","breadcrumb":{"@id":"https:\/\/www.piovan.com\/product\/dosing\/#breadcrumb"},"inLanguage":"fr-FR","potentialAction":[{"@type":"ReadAction","target":["https:\/\/www.piovan.com\/product\/dosing\/"]}]},{"@type":"BreadcrumbList","@id":"https:\/\/www.piovan.com\/product\/dosing\/#breadcrumb","itemListElement":[{"@type":"ListItem","position":1,"name":"Home","item":"https:\/\/www.piovan.com\/"},{"@type":"ListItem","position":2,"name":"Food","item":"https:\/\/www.piovan.com\/fr\/products\/food\/"},{"@type":"ListItem","position":3,"name":"Dosing","item":"https:\/\/www.piovan.com\/fr\/products\/food\/dosing\/"},{"@type":"ListItem","position":4,"name":"Dosing"}]},{"@type":"WebSite","@id":"https:\/\/www.piovan.com\/#website","url":"https:\/\/www.piovan.com\/","name":"PiovanGroup","description":"","publisher":{"@id":"https:\/\/www.piovan.com\/#organization"},"potentialAction":[{"@type":"SearchAction","target":{"@type":"EntryPoint","urlTemplate":"https:\/\/www.piovan.com\/?s={search_term_string}"},"query-input":"required name=search_term_string"}],"inLanguage":"fr-FR"},{"@type":"Organization","@id":"https:\/\/www.piovan.com\/#organization","name":"PiovanGroup","url":"https:\/\/www.piovan.com\/","logo":{"@type":"ImageObject","inLanguage":"fr-FR","@id":"https:\/\/www.piovan.com\/#\/schema\/logo\/image\/","url":"https:\/\/www.piovan.com\/wp-content\/uploads\/2021\/06\/logo@2x.png","contentUrl":"https:\/\/www.piovan.com\/wp-content\/uploads\/2021\/06\/logo@2x.png","width":489,"height":78,"caption":"PiovanGroup"},"image":{"@id":"https:\/\/www.piovan.com\/#\/schema\/logo\/image\/"}}]}},"_links":{"self":[{"href":"https:\/\/www.piovan.com\/fr\/wp-json\/wp\/v2\/product\/5971"}],"collection":[{"href":"https:\/\/www.piovan.com\/fr\/wp-json\/wp\/v2\/product"}],"about":[{"href":"https:\/\/www.piovan.com\/fr\/wp-json\/wp\/v2\/types\/product"}],"version-history":[{"count":1,"href":"https:\/\/www.piovan.com\/fr\/wp-json\/wp\/v2\/product\/5971\/revisions"}],"predecessor-version":[{"id":14931,"href":"https:\/\/www.piovan.com\/fr\/wp-json\/wp\/v2\/product\/5971\/revisions\/14931"}],"wp:featuredmedia":[{"embeddable":true,"href":"https:\/\/www.piovan.com\/fr\/wp-json\/wp\/v2\/media\/5973"}],"wp:attachment":[{"href":"https:\/\/www.piovan.com\/fr\/wp-json\/wp\/v2\/media?parent=5971"}],"wp:term":[{"taxonomy":"post_tag","embeddable":true,"href":"https:\/\/www.piovan.com\/fr\/wp-json\/wp\/v2\/tags?post=5971"}],"curies":[{"name":"wp","href":"https:\/\/api.w.org\/{rel}","templated":true}]}}