{"id":5968,"date":"2021-12-04T23:12:59","date_gmt":"2021-12-04T22:12:59","guid":{"rendered":"https:\/\/www.piovan.com\/?post_type=product&#038;p=5968"},"modified":"2025-05-05T10:33:04","modified_gmt":"2025-05-05T08:33:04","slug":"sieving","status":"publish","type":"product","link":"https:\/\/www.piovan.com\/fr\/product\/sieving\/","title":{"rendered":"Tamisage"},"content":{"rendered":"<p class=\" translation-block\">Le <strong>tamisage<\/strong> industriel des ingr\u00e9dients alimentaires est essentiel pour garantir la qualit\u00e9 du produit fini. Ce processus permet de garantir la taille correcte du produit en transit et d'\u00e9liminer les contaminants ou les impuret\u00e9s plus grandes que le tamis du tambour lui-m\u00eame.<\/p>\n<p class=\" translation-block\">PiovanGroup con\u00e7oit et fabrique une gamme de <strong>tamis industriels<\/strong> pour filtrer les <strong>poudres<\/strong> et <strong>les ingr\u00e9dients alimentaires de diff\u00e9rentes tailles<\/strong>, tels que la <strong>farine, le cacao<\/strong> et le <strong>sucre<\/strong>. Le cadre de tamisage de ces unit\u00e9s est constitu\u00e9 d'une <strong>plaque perfor\u00e9e en acier inoxydable<\/strong> tr\u00e8s robuste. En outre, les syst\u00e8mes de tamisage Piovan sont faciles \u00e0 inspecter et \u00e0 nettoyer<\/p>","protected":false},"featured_media":5969,"template":"","tags":[47,189,44],"acf":[],"yoast_head":"<title>Tamisage - Groupe Piovan<\/title>\n<meta name=\"robots\" content=\"index, follow, max-snippet:-1, max-image-preview:large, max-video-preview:-1\" \/>\n<link rel=\"canonical\" href=\"https:\/\/www.piovan.com\/fr\/product\/sieving\/\" \/>\n<meta property=\"og:locale\" content=\"fr_FR\" \/>\n<meta property=\"og:type\" content=\"article\" \/>\n<meta property=\"og:title\" content=\"Sieving - PiovanGroup\" \/>\n<meta property=\"og:description\" content=\"Industrial sieving of food ingredients is essential to ensure the quality of the finished product. This process ensures the correct size of the product in transit and eliminates any contaminants or impurities larger than the sieve drum screen itself.\" \/>\n<meta property=\"og:url\" content=\"https:\/\/www.piovan.com\/fr\/product\/sieving\/\" \/>\n<meta property=\"og:site_name\" content=\"PiovanGroup\" \/>\n<meta property=\"article:modified_time\" content=\"2025-05-05T08:33:04+00:00\" \/>\n<meta property=\"og:image\" content=\"https:\/\/www.piovan.com\/wp-content\/uploads\/Process_1200x1560_Sieving_v.2.png\" \/>\n\t<meta property=\"og:image:width\" content=\"1200\" \/>\n\t<meta property=\"og:image:height\" content=\"1560\" \/>\n\t<meta property=\"og:image:type\" content=\"image\/png\" \/>\n<meta name=\"twitter:card\" content=\"summary_large_image\" \/>\n<script type=\"application\/ld+json\" class=\"yoast-schema-graph\">{\"@context\":\"https:\/\/schema.org\",\"@graph\":[{\"@type\":\"WebPage\",\"@id\":\"https:\/\/www.piovan.com\/product\/sieving\/\",\"url\":\"https:\/\/www.piovan.com\/product\/sieving\/\",\"name\":\"Sieving - PiovanGroup\",\"isPartOf\":{\"@id\":\"https:\/\/www.piovan.com\/#website\"},\"datePublished\":\"2021-12-04T22:12:59+00:00\",\"dateModified\":\"2025-05-05T08:33:04+00:00\",\"breadcrumb\":{\"@id\":\"https:\/\/www.piovan.com\/product\/sieving\/#breadcrumb\"},\"inLanguage\":\"fr-FR\",\"potentialAction\":[{\"@type\":\"ReadAction\",\"target\":[\"https:\/\/www.piovan.com\/product\/sieving\/\"]}]},{\"@type\":\"BreadcrumbList\",\"@id\":\"https:\/\/www.piovan.com\/product\/sieving\/#breadcrumb\",\"itemListElement\":[{\"@type\":\"ListItem\",\"position\":1,\"name\":\"Home\",\"item\":\"https:\/\/www.piovan.com\/\"},{\"@type\":\"ListItem\",\"position\":2,\"name\":\"Food\",\"item\":\"https:\/\/www.piovan.com\/fr\/products\/food\/\"},{\"@type\":\"ListItem\",\"position\":3,\"name\":\"Sieving\",\"item\":\"https:\/\/www.piovan.com\/fr\/products\/food\/sieving\/\"},{\"@type\":\"ListItem\",\"position\":4,\"name\":\"Sieving\"}]},{\"@type\":\"WebSite\",\"@id\":\"https:\/\/www.piovan.com\/#website\",\"url\":\"https:\/\/www.piovan.com\/\",\"name\":\"PiovanGroup\",\"description\":\"\",\"publisher\":{\"@id\":\"https:\/\/www.piovan.com\/#organization\"},\"potentialAction\":[{\"@type\":\"SearchAction\",\"target\":{\"@type\":\"EntryPoint\",\"urlTemplate\":\"https:\/\/www.piovan.com\/?s={search_term_string}\"},\"query-input\":\"required name=search_term_string\"}],\"inLanguage\":\"fr-FR\"},{\"@type\":\"Organization\",\"@id\":\"https:\/\/www.piovan.com\/#organization\",\"name\":\"PiovanGroup\",\"url\":\"https:\/\/www.piovan.com\/\",\"logo\":{\"@type\":\"ImageObject\",\"inLanguage\":\"fr-FR\",\"@id\":\"https:\/\/www.piovan.com\/#\/schema\/logo\/image\/\",\"url\":\"https:\/\/www.piovan.com\/wp-content\/uploads\/2021\/06\/logo@2x.png\",\"contentUrl\":\"https:\/\/www.piovan.com\/wp-content\/uploads\/2021\/06\/logo@2x.png\",\"width\":489,\"height\":78,\"caption\":\"PiovanGroup\"},\"image\":{\"@id\":\"https:\/\/www.piovan.com\/#\/schema\/logo\/image\/\"}}]}<\/script>","yoast_head_json":{"title":"Tamisage - Groupe Piovan","robots":{"index":"index","follow":"follow","max-snippet":"max-snippet:-1","max-image-preview":"max-image-preview:large","max-video-preview":"max-video-preview:-1"},"canonical":"https:\/\/www.piovan.com\/fr\/product\/sieving\/","og_locale":"fr_FR","og_type":"article","og_title":"Sieving - PiovanGroup","og_description":"Industrial sieving of food ingredients is essential to ensure the quality of the finished product. This process ensures the correct size of the product in transit and eliminates any contaminants or impurities larger than the sieve drum screen itself.","og_url":"https:\/\/www.piovan.com\/fr\/product\/sieving\/","og_site_name":"PiovanGroup","article_modified_time":"2025-05-05T08:33:04+00:00","og_image":[{"width":1200,"height":1560,"url":"https:\/\/www.piovan.com\/wp-content\/uploads\/Process_1200x1560_Sieving_v.2.png","type":"image\/png"}],"twitter_card":"summary_large_image","schema":{"@context":"https:\/\/schema.org","@graph":[{"@type":"WebPage","@id":"https:\/\/www.piovan.com\/product\/sieving\/","url":"https:\/\/www.piovan.com\/product\/sieving\/","name":"Sieving - PiovanGroup","isPartOf":{"@id":"https:\/\/www.piovan.com\/#website"},"datePublished":"2021-12-04T22:12:59+00:00","dateModified":"2025-05-05T08:33:04+00:00","breadcrumb":{"@id":"https:\/\/www.piovan.com\/product\/sieving\/#breadcrumb"},"inLanguage":"fr-FR","potentialAction":[{"@type":"ReadAction","target":["https:\/\/www.piovan.com\/product\/sieving\/"]}]},{"@type":"BreadcrumbList","@id":"https:\/\/www.piovan.com\/product\/sieving\/#breadcrumb","itemListElement":[{"@type":"ListItem","position":1,"name":"Home","item":"https:\/\/www.piovan.com\/"},{"@type":"ListItem","position":2,"name":"Food","item":"https:\/\/www.piovan.com\/fr\/products\/food\/"},{"@type":"ListItem","position":3,"name":"Sieving","item":"https:\/\/www.piovan.com\/fr\/products\/food\/sieving\/"},{"@type":"ListItem","position":4,"name":"Sieving"}]},{"@type":"WebSite","@id":"https:\/\/www.piovan.com\/#website","url":"https:\/\/www.piovan.com\/","name":"PiovanGroup","description":"","publisher":{"@id":"https:\/\/www.piovan.com\/#organization"},"potentialAction":[{"@type":"SearchAction","target":{"@type":"EntryPoint","urlTemplate":"https:\/\/www.piovan.com\/?s={search_term_string}"},"query-input":"required name=search_term_string"}],"inLanguage":"fr-FR"},{"@type":"Organization","@id":"https:\/\/www.piovan.com\/#organization","name":"PiovanGroup","url":"https:\/\/www.piovan.com\/","logo":{"@type":"ImageObject","inLanguage":"fr-FR","@id":"https:\/\/www.piovan.com\/#\/schema\/logo\/image\/","url":"https:\/\/www.piovan.com\/wp-content\/uploads\/2021\/06\/logo@2x.png","contentUrl":"https:\/\/www.piovan.com\/wp-content\/uploads\/2021\/06\/logo@2x.png","width":489,"height":78,"caption":"PiovanGroup"},"image":{"@id":"https:\/\/www.piovan.com\/#\/schema\/logo\/image\/"}}]}},"_links":{"self":[{"href":"https:\/\/www.piovan.com\/fr\/wp-json\/wp\/v2\/product\/5968"}],"collection":[{"href":"https:\/\/www.piovan.com\/fr\/wp-json\/wp\/v2\/product"}],"about":[{"href":"https:\/\/www.piovan.com\/fr\/wp-json\/wp\/v2\/types\/product"}],"version-history":[{"count":1,"href":"https:\/\/www.piovan.com\/fr\/wp-json\/wp\/v2\/product\/5968\/revisions"}],"predecessor-version":[{"id":14932,"href":"https:\/\/www.piovan.com\/fr\/wp-json\/wp\/v2\/product\/5968\/revisions\/14932"}],"wp:featuredmedia":[{"embeddable":true,"href":"https:\/\/www.piovan.com\/fr\/wp-json\/wp\/v2\/media\/5969"}],"wp:attachment":[{"href":"https:\/\/www.piovan.com\/fr\/wp-json\/wp\/v2\/media?parent=5968"}],"wp:term":[{"taxonomy":"post_tag","embeddable":true,"href":"https:\/\/www.piovan.com\/fr\/wp-json\/wp\/v2\/tags?post=5968"}],"curies":[{"name":"wp","href":"https:\/\/api.w.org\/{rel}","templated":true}]}}