{"id":5965,"date":"2021-12-04T23:02:56","date_gmt":"2021-12-04T22:02:56","guid":{"rendered":"https:\/\/www.piovan.com\/?post_type=product&#038;p=5965"},"modified":"2025-05-19T12:43:10","modified_gmt":"2025-05-19T10:43:10","slug":"storage","status":"publish","type":"product","link":"https:\/\/www.piovan.com\/fr\/product\/storage\/","title":{"rendered":"Stockage"},"content":{"rendered":"<p><span data-contrast=\"auto\">Storing raw materials while\u00a0maximising\u00a0safety levels and\u00a0minimising\u00a0the risk of contamination is crucial in all food processes.\u00a0<\/span><span data-ccp-props=\"{&quot;201341983&quot;:0,&quot;335559740&quot;:259}\">\u00a0<\/span><\/p>\n<p class=\" translation-block\">Le groupe Piovan con\u00e7oit et fabrique des silos en acier inoxydable ou en alliage d'aluminium pour le stockage de mat\u00e9riaux en poudre ou liquides, tels que la farine, le sucre, le glucose et le chocolat. Le groupe produit des silos monolithiques certifi\u00e9s ATEX.<\/p>\n<p class=\" translation-block\">Les silos assurent des op\u00e9rations de transport automatis\u00e9es et peuvent \u00eatre \u00e9quip\u00e9s de capteurs de niveau, de cellules de charge et de syst\u00e8mes de filtration sp\u00e9ciaux.<\/p>\n<p class=\" translation-block\">Par rapport aux silos, les solutions pratiques de type big-bag conviennent \u00e0 des volumes de stockage plus faibles.\nEn effet, le groupe con\u00e7oit et fabrique \u00e9galement des solutions de big-bag automatis\u00e9es et enti\u00e8rement personnalis\u00e9es dans des environnements \u00e0 atmosph\u00e8re contr\u00f4l\u00e9e. Elles garantissent toujours une fermeture herm\u00e9tique et offrent des syst\u00e8mes de vidange et de tension automatiques.<\/p>","protected":false},"featured_media":15190,"template":"","tags":[47,189,44],"acf":[],"yoast_head":"<title>Stockage - Groupe Piovan<\/title>\n<meta name=\"robots\" content=\"index, follow, max-snippet:-1, max-image-preview:large, max-video-preview:-1\" \/>\n<link rel=\"canonical\" href=\"https:\/\/www.piovan.com\/fr\/product\/storage\/\" \/>\n<meta property=\"og:locale\" content=\"fr_FR\" \/>\n<meta property=\"og:type\" content=\"article\" \/>\n<meta property=\"og:title\" content=\"Storage - PiovanGroup\" \/>\n<meta property=\"og:description\" content=\"Storing raw materials while\u00a0maximising\u00a0safety levels and\u00a0minimising\u00a0the risk of contamination is crucial in all food processes.\u00a0\u00a0 PiovanGroup designs and manufactures silos in stainless steel or\u00a0aluminium\u00a0alloy for the storage of powder or liquid materials, such as flour, sugar, glucose and chocolate. The Group produces ATEX certified monolithic silos.\u00a0\" \/>\n<meta property=\"og:url\" content=\"https:\/\/www.piovan.com\/fr\/product\/storage\/\" \/>\n<meta property=\"og:site_name\" content=\"PiovanGroup\" \/>\n<meta property=\"article:modified_time\" content=\"2025-05-19T10:43:10+00:00\" \/>\n<meta property=\"og:image\" content=\"https:\/\/www.piovan.com\/wp-content\/uploads\/0001_Process_Storage.png\" \/>\n\t<meta property=\"og:image:width\" content=\"1200\" \/>\n\t<meta property=\"og:image:height\" content=\"1560\" \/>\n\t<meta property=\"og:image:type\" content=\"image\/png\" \/>\n<meta name=\"twitter:card\" content=\"summary_large_image\" \/>\n<script type=\"application\/ld+json\" class=\"yoast-schema-graph\">{\"@context\":\"https:\/\/schema.org\",\"@graph\":[{\"@type\":\"WebPage\",\"@id\":\"https:\/\/www.piovan.com\/product\/storage\/\",\"url\":\"https:\/\/www.piovan.com\/product\/storage\/\",\"name\":\"Storage - PiovanGroup\",\"isPartOf\":{\"@id\":\"https:\/\/www.piovan.com\/#website\"},\"datePublished\":\"2021-12-04T22:02:56+00:00\",\"dateModified\":\"2025-05-19T10:43:10+00:00\",\"breadcrumb\":{\"@id\":\"https:\/\/www.piovan.com\/product\/storage\/#breadcrumb\"},\"inLanguage\":\"fr-FR\",\"potentialAction\":[{\"@type\":\"ReadAction\",\"target\":[\"https:\/\/www.piovan.com\/product\/storage\/\"]}]},{\"@type\":\"BreadcrumbList\",\"@id\":\"https:\/\/www.piovan.com\/product\/storage\/#breadcrumb\",\"itemListElement\":[{\"@type\":\"ListItem\",\"position\":1,\"name\":\"Home\",\"item\":\"https:\/\/www.piovan.com\/\"},{\"@type\":\"ListItem\",\"position\":2,\"name\":\"Food\",\"item\":\"https:\/\/www.piovan.com\/fr\/products\/food\/\"},{\"@type\":\"ListItem\",\"position\":3,\"name\":\"Storage\",\"item\":\"https:\/\/www.piovan.com\/fr\/products\/food\/storage-food\/\"},{\"@type\":\"ListItem\",\"position\":4,\"name\":\"Storage\"}]},{\"@type\":\"WebSite\",\"@id\":\"https:\/\/www.piovan.com\/#website\",\"url\":\"https:\/\/www.piovan.com\/\",\"name\":\"PiovanGroup\",\"description\":\"\",\"publisher\":{\"@id\":\"https:\/\/www.piovan.com\/#organization\"},\"potentialAction\":[{\"@type\":\"SearchAction\",\"target\":{\"@type\":\"EntryPoint\",\"urlTemplate\":\"https:\/\/www.piovan.com\/?s={search_term_string}\"},\"query-input\":\"required name=search_term_string\"}],\"inLanguage\":\"fr-FR\"},{\"@type\":\"Organization\",\"@id\":\"https:\/\/www.piovan.com\/#organization\",\"name\":\"PiovanGroup\",\"url\":\"https:\/\/www.piovan.com\/\",\"logo\":{\"@type\":\"ImageObject\",\"inLanguage\":\"fr-FR\",\"@id\":\"https:\/\/www.piovan.com\/#\/schema\/logo\/image\/\",\"url\":\"https:\/\/www.piovan.com\/wp-content\/uploads\/2021\/06\/logo@2x.png\",\"contentUrl\":\"https:\/\/www.piovan.com\/wp-content\/uploads\/2021\/06\/logo@2x.png\",\"width\":489,\"height\":78,\"caption\":\"PiovanGroup\"},\"image\":{\"@id\":\"https:\/\/www.piovan.com\/#\/schema\/logo\/image\/\"}}]}<\/script>","yoast_head_json":{"title":"Stockage - Groupe Piovan","robots":{"index":"index","follow":"follow","max-snippet":"max-snippet:-1","max-image-preview":"max-image-preview:large","max-video-preview":"max-video-preview:-1"},"canonical":"https:\/\/www.piovan.com\/fr\/product\/storage\/","og_locale":"fr_FR","og_type":"article","og_title":"Storage - PiovanGroup","og_description":"Storing raw materials while\u00a0maximising\u00a0safety levels and\u00a0minimising\u00a0the risk of contamination is crucial in all food processes.\u00a0\u00a0 PiovanGroup designs and manufactures silos in stainless steel or\u00a0aluminium\u00a0alloy for the storage of powder or liquid materials, such as flour, sugar, glucose and chocolate. The Group produces ATEX certified monolithic silos.\u00a0","og_url":"https:\/\/www.piovan.com\/fr\/product\/storage\/","og_site_name":"PiovanGroup","article_modified_time":"2025-05-19T10:43:10+00:00","og_image":[{"width":1200,"height":1560,"url":"https:\/\/www.piovan.com\/wp-content\/uploads\/0001_Process_Storage.png","type":"image\/png"}],"twitter_card":"summary_large_image","schema":{"@context":"https:\/\/schema.org","@graph":[{"@type":"WebPage","@id":"https:\/\/www.piovan.com\/product\/storage\/","url":"https:\/\/www.piovan.com\/product\/storage\/","name":"Storage - PiovanGroup","isPartOf":{"@id":"https:\/\/www.piovan.com\/#website"},"datePublished":"2021-12-04T22:02:56+00:00","dateModified":"2025-05-19T10:43:10+00:00","breadcrumb":{"@id":"https:\/\/www.piovan.com\/product\/storage\/#breadcrumb"},"inLanguage":"fr-FR","potentialAction":[{"@type":"ReadAction","target":["https:\/\/www.piovan.com\/product\/storage\/"]}]},{"@type":"BreadcrumbList","@id":"https:\/\/www.piovan.com\/product\/storage\/#breadcrumb","itemListElement":[{"@type":"ListItem","position":1,"name":"Home","item":"https:\/\/www.piovan.com\/"},{"@type":"ListItem","position":2,"name":"Food","item":"https:\/\/www.piovan.com\/fr\/products\/food\/"},{"@type":"ListItem","position":3,"name":"Storage","item":"https:\/\/www.piovan.com\/fr\/products\/food\/storage-food\/"},{"@type":"ListItem","position":4,"name":"Storage"}]},{"@type":"WebSite","@id":"https:\/\/www.piovan.com\/#website","url":"https:\/\/www.piovan.com\/","name":"PiovanGroup","description":"","publisher":{"@id":"https:\/\/www.piovan.com\/#organization"},"potentialAction":[{"@type":"SearchAction","target":{"@type":"EntryPoint","urlTemplate":"https:\/\/www.piovan.com\/?s={search_term_string}"},"query-input":"required name=search_term_string"}],"inLanguage":"fr-FR"},{"@type":"Organization","@id":"https:\/\/www.piovan.com\/#organization","name":"PiovanGroup","url":"https:\/\/www.piovan.com\/","logo":{"@type":"ImageObject","inLanguage":"fr-FR","@id":"https:\/\/www.piovan.com\/#\/schema\/logo\/image\/","url":"https:\/\/www.piovan.com\/wp-content\/uploads\/2021\/06\/logo@2x.png","contentUrl":"https:\/\/www.piovan.com\/wp-content\/uploads\/2021\/06\/logo@2x.png","width":489,"height":78,"caption":"PiovanGroup"},"image":{"@id":"https:\/\/www.piovan.com\/#\/schema\/logo\/image\/"}}]}},"_links":{"self":[{"href":"https:\/\/www.piovan.com\/fr\/wp-json\/wp\/v2\/product\/5965"}],"collection":[{"href":"https:\/\/www.piovan.com\/fr\/wp-json\/wp\/v2\/product"}],"about":[{"href":"https:\/\/www.piovan.com\/fr\/wp-json\/wp\/v2\/types\/product"}],"version-history":[{"count":2,"href":"https:\/\/www.piovan.com\/fr\/wp-json\/wp\/v2\/product\/5965\/revisions"}],"predecessor-version":[{"id":15192,"href":"https:\/\/www.piovan.com\/fr\/wp-json\/wp\/v2\/product\/5965\/revisions\/15192"}],"wp:featuredmedia":[{"embeddable":true,"href":"https:\/\/www.piovan.com\/fr\/wp-json\/wp\/v2\/media\/15190"}],"wp:attachment":[{"href":"https:\/\/www.piovan.com\/fr\/wp-json\/wp\/v2\/media?parent=5965"}],"wp:term":[{"taxonomy":"post_tag","embeddable":true,"href":"https:\/\/www.piovan.com\/fr\/wp-json\/wp\/v2\/tags?post=5965"}],"curies":[{"name":"wp","href":"https:\/\/api.w.org\/{rel}","templated":true}]}}