{"id":5961,"date":"2021-12-04T22:45:59","date_gmt":"2021-12-04T21:45:59","guid":{"rendered":"https:\/\/www.piovan.com\/product\/flour-cooling-2\/"},"modified":"2025-05-19T14:44:35","modified_gmt":"2025-05-19T12:44:35","slug":"electrostatic-coating","status":"publish","type":"product","link":"https:\/\/www.piovan.com\/fr\/product\/electrostatic-coating\/","title":{"rendered":"Rev\u00eatement \u00e9lectrostatique"},"content":{"rendered":"<p class=\" translation-block\">Le groupe Piovan a brevet\u00e9 la d\u00e9pose  \u00e9lectrostatique, une technologie de pointe pour l'application de poudres alimentaires sur les produits sucr\u00e9s et sal\u00e9s. Cette technologie garantit une adh\u00e9rence maximale et une application uniforme des poudres et des particules sur toutes les faces du produit.<\/p>\n<p class=\" translation-block\">L'application \u00e9lectrostatique offre de r\u00e9els avantages dans la manipulation de poudres et de particules alimentaires de consistance et de taille diff\u00e9rentes, telles que le sucre, le cacao, l'amidon, la farine, les ar\u00f4mes, le sel, les graines, les flocons et les c\u00e9r\u00e9ales.<\/p>\n<p class=\" translation-block\">Plus pr\u00e9cis\u00e9ment, la d\u00e9pose \u00e9lectrostatique garantit une augmentation de la productivit\u00e9 en r\u00e9duisant l'overspray, g\u00e9n\u00e9rant ainsi une r\u00e9duction significative des co\u00fbts.<\/p>\n<p>Un distributeur \u00e9lectrostatique g\u00e9n\u00e8re un champ \u00e9lectrique entre lui et le substrat sur lequel la poudre est appliqu\u00e9e. La poudre traverse le champ \u00e9lectrique g\u00e9n\u00e9r\u00e9 et se charge n\u00e9gativement. Le produit sur lequel le rev\u00eatement doit \u00eatre appliqu\u00e9, \u00e9tant \u00e9lectriquement mis \u00e0 la terre, permet \u00e0 la poudre d'adh\u00e9rer de mani\u00e8re permanente et tenace.<\/p>\n<p>Cette solution s'applique aussi bien aux produits sucr\u00e9s qu'aux produits sal\u00e9s. Depuis des ann\u00e9es, l'application de la farine est utilis\u00e9e dans la transformation de produits tels que la charcuterie.<\/p>","protected":false},"featured_media":5962,"template":"","tags":[47,189],"acf":[],"yoast_head":"<title>Rev\u00eatement \u00e9lectrostatique - Groupe Piovan<\/title>\n<meta name=\"robots\" content=\"index, follow, max-snippet:-1, max-image-preview:large, max-video-preview:-1\" \/>\n<link rel=\"canonical\" href=\"https:\/\/www.piovan.com\/fr\/product\/electrostatic-coating\/\" \/>\n<meta property=\"og:locale\" content=\"fr_FR\" \/>\n<meta property=\"og:type\" content=\"article\" \/>\n<meta property=\"og:title\" content=\"Electrostatic coating - PiovanGroup\" \/>\n<meta property=\"og:description\" content=\"PiovanGroup has patented electrostatic coating, a state-of-the-art technology for the application of food powders on sweet and salty products. This technology ensures maximum adherence and uniformity of application of powders and particles on all sides of the product.\u00a0\u00a0\" \/>\n<meta property=\"og:url\" content=\"https:\/\/www.piovan.com\/fr\/product\/electrostatic-coating\/\" \/>\n<meta property=\"og:site_name\" content=\"PiovanGroup\" \/>\n<meta property=\"article:modified_time\" content=\"2025-05-19T12:44:35+00:00\" \/>\n<meta property=\"og:image\" content=\"https:\/\/www.piovan.com\/wp-content\/uploads\/Process_1200x1560_Electrostatic_coating.jpg\" \/>\n\t<meta property=\"og:image:width\" content=\"1200\" \/>\n\t<meta property=\"og:image:height\" content=\"1560\" \/>\n\t<meta property=\"og:image:type\" content=\"image\/jpeg\" \/>\n<meta name=\"twitter:card\" content=\"summary_large_image\" \/>\n<script type=\"application\/ld+json\" class=\"yoast-schema-graph\">{\"@context\":\"https:\/\/schema.org\",\"@graph\":[{\"@type\":\"WebPage\",\"@id\":\"https:\/\/www.piovan.com\/product\/electrostatic-coating\/\",\"url\":\"https:\/\/www.piovan.com\/product\/electrostatic-coating\/\",\"name\":\"Electrostatic coating - PiovanGroup\",\"isPartOf\":{\"@id\":\"https:\/\/www.piovan.com\/#website\"},\"datePublished\":\"2021-12-04T21:45:59+00:00\",\"dateModified\":\"2025-05-19T12:44:35+00:00\",\"breadcrumb\":{\"@id\":\"https:\/\/www.piovan.com\/product\/electrostatic-coating\/#breadcrumb\"},\"inLanguage\":\"fr-FR\",\"potentialAction\":[{\"@type\":\"ReadAction\",\"target\":[\"https:\/\/www.piovan.com\/product\/electrostatic-coating\/\"]}]},{\"@type\":\"BreadcrumbList\",\"@id\":\"https:\/\/www.piovan.com\/product\/electrostatic-coating\/#breadcrumb\",\"itemListElement\":[{\"@type\":\"ListItem\",\"position\":1,\"name\":\"Home\",\"item\":\"https:\/\/www.piovan.com\/\"},{\"@type\":\"ListItem\",\"position\":2,\"name\":\"Food Applications\",\"item\":\"https:\/\/www.piovan.com\/fr\/products\/food-applications\/\"},{\"@type\":\"ListItem\",\"position\":3,\"name\":\"Cookies\",\"item\":\"https:\/\/www.piovan.com\/fr\/products\/food-applications\/cookies\/\"},{\"@type\":\"ListItem\",\"position\":4,\"name\":\"Electrostatic coating\"}]},{\"@type\":\"WebSite\",\"@id\":\"https:\/\/www.piovan.com\/#website\",\"url\":\"https:\/\/www.piovan.com\/\",\"name\":\"PiovanGroup\",\"description\":\"\",\"publisher\":{\"@id\":\"https:\/\/www.piovan.com\/#organization\"},\"potentialAction\":[{\"@type\":\"SearchAction\",\"target\":{\"@type\":\"EntryPoint\",\"urlTemplate\":\"https:\/\/www.piovan.com\/?s={search_term_string}\"},\"query-input\":\"required name=search_term_string\"}],\"inLanguage\":\"fr-FR\"},{\"@type\":\"Organization\",\"@id\":\"https:\/\/www.piovan.com\/#organization\",\"name\":\"PiovanGroup\",\"url\":\"https:\/\/www.piovan.com\/\",\"logo\":{\"@type\":\"ImageObject\",\"inLanguage\":\"fr-FR\",\"@id\":\"https:\/\/www.piovan.com\/#\/schema\/logo\/image\/\",\"url\":\"https:\/\/www.piovan.com\/wp-content\/uploads\/2021\/06\/logo@2x.png\",\"contentUrl\":\"https:\/\/www.piovan.com\/wp-content\/uploads\/2021\/06\/logo@2x.png\",\"width\":489,\"height\":78,\"caption\":\"PiovanGroup\"},\"image\":{\"@id\":\"https:\/\/www.piovan.com\/#\/schema\/logo\/image\/\"}}]}<\/script>","yoast_head_json":{"title":"Rev\u00eatement \u00e9lectrostatique - Groupe Piovan","robots":{"index":"index","follow":"follow","max-snippet":"max-snippet:-1","max-image-preview":"max-image-preview:large","max-video-preview":"max-video-preview:-1"},"canonical":"https:\/\/www.piovan.com\/fr\/product\/electrostatic-coating\/","og_locale":"fr_FR","og_type":"article","og_title":"Electrostatic coating - PiovanGroup","og_description":"PiovanGroup has patented electrostatic coating, a state-of-the-art technology for the application of food powders on sweet and salty products. This technology ensures maximum adherence and uniformity of application of powders and particles on all sides of the product.\u00a0\u00a0","og_url":"https:\/\/www.piovan.com\/fr\/product\/electrostatic-coating\/","og_site_name":"PiovanGroup","article_modified_time":"2025-05-19T12:44:35+00:00","og_image":[{"width":1200,"height":1560,"url":"https:\/\/www.piovan.com\/wp-content\/uploads\/Process_1200x1560_Electrostatic_coating.jpg","type":"image\/jpeg"}],"twitter_card":"summary_large_image","schema":{"@context":"https:\/\/schema.org","@graph":[{"@type":"WebPage","@id":"https:\/\/www.piovan.com\/product\/electrostatic-coating\/","url":"https:\/\/www.piovan.com\/product\/electrostatic-coating\/","name":"Electrostatic coating - PiovanGroup","isPartOf":{"@id":"https:\/\/www.piovan.com\/#website"},"datePublished":"2021-12-04T21:45:59+00:00","dateModified":"2025-05-19T12:44:35+00:00","breadcrumb":{"@id":"https:\/\/www.piovan.com\/product\/electrostatic-coating\/#breadcrumb"},"inLanguage":"fr-FR","potentialAction":[{"@type":"ReadAction","target":["https:\/\/www.piovan.com\/product\/electrostatic-coating\/"]}]},{"@type":"BreadcrumbList","@id":"https:\/\/www.piovan.com\/product\/electrostatic-coating\/#breadcrumb","itemListElement":[{"@type":"ListItem","position":1,"name":"Home","item":"https:\/\/www.piovan.com\/"},{"@type":"ListItem","position":2,"name":"Food Applications","item":"https:\/\/www.piovan.com\/fr\/products\/food-applications\/"},{"@type":"ListItem","position":3,"name":"Cookies","item":"https:\/\/www.piovan.com\/fr\/products\/food-applications\/cookies\/"},{"@type":"ListItem","position":4,"name":"Electrostatic coating"}]},{"@type":"WebSite","@id":"https:\/\/www.piovan.com\/#website","url":"https:\/\/www.piovan.com\/","name":"PiovanGroup","description":"","publisher":{"@id":"https:\/\/www.piovan.com\/#organization"},"potentialAction":[{"@type":"SearchAction","target":{"@type":"EntryPoint","urlTemplate":"https:\/\/www.piovan.com\/?s={search_term_string}"},"query-input":"required name=search_term_string"}],"inLanguage":"fr-FR"},{"@type":"Organization","@id":"https:\/\/www.piovan.com\/#organization","name":"PiovanGroup","url":"https:\/\/www.piovan.com\/","logo":{"@type":"ImageObject","inLanguage":"fr-FR","@id":"https:\/\/www.piovan.com\/#\/schema\/logo\/image\/","url":"https:\/\/www.piovan.com\/wp-content\/uploads\/2021\/06\/logo@2x.png","contentUrl":"https:\/\/www.piovan.com\/wp-content\/uploads\/2021\/06\/logo@2x.png","width":489,"height":78,"caption":"PiovanGroup"},"image":{"@id":"https:\/\/www.piovan.com\/#\/schema\/logo\/image\/"}}]}},"_links":{"self":[{"href":"https:\/\/www.piovan.com\/fr\/wp-json\/wp\/v2\/product\/5961"}],"collection":[{"href":"https:\/\/www.piovan.com\/fr\/wp-json\/wp\/v2\/product"}],"about":[{"href":"https:\/\/www.piovan.com\/fr\/wp-json\/wp\/v2\/types\/product"}],"version-history":[{"count":4,"href":"https:\/\/www.piovan.com\/fr\/wp-json\/wp\/v2\/product\/5961\/revisions"}],"predecessor-version":[{"id":15209,"href":"https:\/\/www.piovan.com\/fr\/wp-json\/wp\/v2\/product\/5961\/revisions\/15209"}],"wp:featuredmedia":[{"embeddable":true,"href":"https:\/\/www.piovan.com\/fr\/wp-json\/wp\/v2\/media\/5962"}],"wp:attachment":[{"href":"https:\/\/www.piovan.com\/fr\/wp-json\/wp\/v2\/media?parent=5961"}],"wp:term":[{"taxonomy":"post_tag","embeddable":true,"href":"https:\/\/www.piovan.com\/fr\/wp-json\/wp\/v2\/tags?post=5961"}],"curies":[{"name":"wp","href":"https:\/\/api.w.org\/{rel}","templated":true}]}}