{"id":5957,"date":"2021-12-04T21:57:59","date_gmt":"2021-12-04T20:57:59","guid":{"rendered":"https:\/\/www.piovan.com\/?post_type=product&#038;p=5957"},"modified":"2025-05-19T12:20:53","modified_gmt":"2025-05-19T10:20:53","slug":"flour-cooling","status":"publish","type":"product","link":"https:\/\/www.piovan.com\/fr\/product\/flour-cooling\/","title":{"rendered":"Refroidissement de la farine"},"content":{"rendered":"<p><span data-contrast=\"auto\">Le refroidissement de la farine est l'un des processus les plus importants lorsqu'il s'agit de manipuler des ingr\u00e9dients en poudre et en particulier des produits tels que des biscuits, des brioches ou d'autres produits de boulangerie.\u00a0<\/span><span data-ccp-props=\"{&quot;201341983&quot;:0,&quot;335559740&quot;:259}\">\u00a0<\/span> <!--more--><\/p>\n<p class=\" translation-block\"><span data-contrast=\"auto\"><strong>La gestion correcte de la temp\u00e9rature de la p\u00e2te<\/strong>, en tenant compte des conditions m\u00e9t\u00e9orologiques ext\u00e9rieures ou de l'humidit\u00e9 de l'air, est cruciale pour garantir que la p\u00e2te est de <strong>la plus haute qualit\u00e9 et constante<\/strong> tout au long de l'ann\u00e9e, ce qui se traduit par un meilleur produit.<\/p>","protected":false},"featured_media":15178,"template":"","tags":[47,189,44],"acf":[],"yoast_head":"<title>Refroidissement de la farine - Groupe Piovan<\/title>\n<meta name=\"robots\" content=\"index, follow, max-snippet:-1, max-image-preview:large, max-video-preview:-1\" \/>\n<link rel=\"canonical\" href=\"https:\/\/www.piovan.com\/fr\/product\/flour-cooling\/\" \/>\n<meta property=\"og:locale\" content=\"fr_FR\" \/>\n<meta property=\"og:type\" content=\"article\" \/>\n<meta property=\"og:title\" content=\"Flour cooling - PiovanGroup\" \/>\n<meta property=\"og:description\" content=\"Flour cooling is one of the most important processes when it comes to handling powdered ingredients and in particular products such as biscuits, brioche or other bakery products.\u00a0\u00a0\" \/>\n<meta property=\"og:url\" content=\"https:\/\/www.piovan.com\/fr\/product\/flour-cooling\/\" \/>\n<meta property=\"og:site_name\" content=\"PiovanGroup\" \/>\n<meta property=\"article:modified_time\" content=\"2025-05-19T10:20:53+00:00\" \/>\n<meta property=\"og:image\" content=\"https:\/\/www.piovan.com\/wp-content\/uploads\/0015_Process_Flour-Cooling.png\" \/>\n\t<meta property=\"og:image:width\" content=\"1200\" \/>\n\t<meta property=\"og:image:height\" content=\"1560\" \/>\n\t<meta property=\"og:image:type\" content=\"image\/png\" \/>\n<meta name=\"twitter:card\" content=\"summary_large_image\" \/>\n<script type=\"application\/ld+json\" class=\"yoast-schema-graph\">{\"@context\":\"https:\/\/schema.org\",\"@graph\":[{\"@type\":\"WebPage\",\"@id\":\"https:\/\/www.piovan.com\/product\/flour-cooling\/\",\"url\":\"https:\/\/www.piovan.com\/product\/flour-cooling\/\",\"name\":\"Flour cooling - PiovanGroup\",\"isPartOf\":{\"@id\":\"https:\/\/www.piovan.com\/#website\"},\"datePublished\":\"2021-12-04T20:57:59+00:00\",\"dateModified\":\"2025-05-19T10:20:53+00:00\",\"breadcrumb\":{\"@id\":\"https:\/\/www.piovan.com\/product\/flour-cooling\/#breadcrumb\"},\"inLanguage\":\"fr-FR\",\"potentialAction\":[{\"@type\":\"ReadAction\",\"target\":[\"https:\/\/www.piovan.com\/product\/flour-cooling\/\"]}]},{\"@type\":\"BreadcrumbList\",\"@id\":\"https:\/\/www.piovan.com\/product\/flour-cooling\/#breadcrumb\",\"itemListElement\":[{\"@type\":\"ListItem\",\"position\":1,\"name\":\"Home\",\"item\":\"https:\/\/www.piovan.com\/\"},{\"@type\":\"ListItem\",\"position\":2,\"name\":\"Food\",\"item\":\"https:\/\/www.piovan.com\/fr\/products\/food\/\"},{\"@type\":\"ListItem\",\"position\":3,\"name\":\"Flour cooling\",\"item\":\"https:\/\/www.piovan.com\/fr\/products\/food\/flour-cooling\/\"},{\"@type\":\"ListItem\",\"position\":4,\"name\":\"Flour cooling\"}]},{\"@type\":\"WebSite\",\"@id\":\"https:\/\/www.piovan.com\/#website\",\"url\":\"https:\/\/www.piovan.com\/\",\"name\":\"PiovanGroup\",\"description\":\"\",\"publisher\":{\"@id\":\"https:\/\/www.piovan.com\/#organization\"},\"potentialAction\":[{\"@type\":\"SearchAction\",\"target\":{\"@type\":\"EntryPoint\",\"urlTemplate\":\"https:\/\/www.piovan.com\/?s={search_term_string}\"},\"query-input\":\"required name=search_term_string\"}],\"inLanguage\":\"fr-FR\"},{\"@type\":\"Organization\",\"@id\":\"https:\/\/www.piovan.com\/#organization\",\"name\":\"PiovanGroup\",\"url\":\"https:\/\/www.piovan.com\/\",\"logo\":{\"@type\":\"ImageObject\",\"inLanguage\":\"fr-FR\",\"@id\":\"https:\/\/www.piovan.com\/#\/schema\/logo\/image\/\",\"url\":\"https:\/\/www.piovan.com\/wp-content\/uploads\/2021\/06\/logo@2x.png\",\"contentUrl\":\"https:\/\/www.piovan.com\/wp-content\/uploads\/2021\/06\/logo@2x.png\",\"width\":489,\"height\":78,\"caption\":\"PiovanGroup\"},\"image\":{\"@id\":\"https:\/\/www.piovan.com\/#\/schema\/logo\/image\/\"}}]}<\/script>","yoast_head_json":{"title":"Refroidissement de la farine - Groupe Piovan","robots":{"index":"index","follow":"follow","max-snippet":"max-snippet:-1","max-image-preview":"max-image-preview:large","max-video-preview":"max-video-preview:-1"},"canonical":"https:\/\/www.piovan.com\/fr\/product\/flour-cooling\/","og_locale":"fr_FR","og_type":"article","og_title":"Flour cooling - PiovanGroup","og_description":"Flour cooling is one of the most important processes when it comes to handling powdered ingredients and in particular products such as biscuits, brioche or other bakery products.\u00a0\u00a0","og_url":"https:\/\/www.piovan.com\/fr\/product\/flour-cooling\/","og_site_name":"PiovanGroup","article_modified_time":"2025-05-19T10:20:53+00:00","og_image":[{"width":1200,"height":1560,"url":"https:\/\/www.piovan.com\/wp-content\/uploads\/0015_Process_Flour-Cooling.png","type":"image\/png"}],"twitter_card":"summary_large_image","schema":{"@context":"https:\/\/schema.org","@graph":[{"@type":"WebPage","@id":"https:\/\/www.piovan.com\/product\/flour-cooling\/","url":"https:\/\/www.piovan.com\/product\/flour-cooling\/","name":"Flour cooling - PiovanGroup","isPartOf":{"@id":"https:\/\/www.piovan.com\/#website"},"datePublished":"2021-12-04T20:57:59+00:00","dateModified":"2025-05-19T10:20:53+00:00","breadcrumb":{"@id":"https:\/\/www.piovan.com\/product\/flour-cooling\/#breadcrumb"},"inLanguage":"fr-FR","potentialAction":[{"@type":"ReadAction","target":["https:\/\/www.piovan.com\/product\/flour-cooling\/"]}]},{"@type":"BreadcrumbList","@id":"https:\/\/www.piovan.com\/product\/flour-cooling\/#breadcrumb","itemListElement":[{"@type":"ListItem","position":1,"name":"Home","item":"https:\/\/www.piovan.com\/"},{"@type":"ListItem","position":2,"name":"Food","item":"https:\/\/www.piovan.com\/fr\/products\/food\/"},{"@type":"ListItem","position":3,"name":"Flour cooling","item":"https:\/\/www.piovan.com\/fr\/products\/food\/flour-cooling\/"},{"@type":"ListItem","position":4,"name":"Flour cooling"}]},{"@type":"WebSite","@id":"https:\/\/www.piovan.com\/#website","url":"https:\/\/www.piovan.com\/","name":"PiovanGroup","description":"","publisher":{"@id":"https:\/\/www.piovan.com\/#organization"},"potentialAction":[{"@type":"SearchAction","target":{"@type":"EntryPoint","urlTemplate":"https:\/\/www.piovan.com\/?s={search_term_string}"},"query-input":"required name=search_term_string"}],"inLanguage":"fr-FR"},{"@type":"Organization","@id":"https:\/\/www.piovan.com\/#organization","name":"PiovanGroup","url":"https:\/\/www.piovan.com\/","logo":{"@type":"ImageObject","inLanguage":"fr-FR","@id":"https:\/\/www.piovan.com\/#\/schema\/logo\/image\/","url":"https:\/\/www.piovan.com\/wp-content\/uploads\/2021\/06\/logo@2x.png","contentUrl":"https:\/\/www.piovan.com\/wp-content\/uploads\/2021\/06\/logo@2x.png","width":489,"height":78,"caption":"PiovanGroup"},"image":{"@id":"https:\/\/www.piovan.com\/#\/schema\/logo\/image\/"}}]}},"_links":{"self":[{"href":"https:\/\/www.piovan.com\/fr\/wp-json\/wp\/v2\/product\/5957"}],"collection":[{"href":"https:\/\/www.piovan.com\/fr\/wp-json\/wp\/v2\/product"}],"about":[{"href":"https:\/\/www.piovan.com\/fr\/wp-json\/wp\/v2\/types\/product"}],"version-history":[{"count":3,"href":"https:\/\/www.piovan.com\/fr\/wp-json\/wp\/v2\/product\/5957\/revisions"}],"predecessor-version":[{"id":15181,"href":"https:\/\/www.piovan.com\/fr\/wp-json\/wp\/v2\/product\/5957\/revisions\/15181"}],"wp:featuredmedia":[{"embeddable":true,"href":"https:\/\/www.piovan.com\/fr\/wp-json\/wp\/v2\/media\/15178"}],"wp:attachment":[{"href":"https:\/\/www.piovan.com\/fr\/wp-json\/wp\/v2\/media?parent=5957"}],"wp:term":[{"taxonomy":"post_tag","embeddable":true,"href":"https:\/\/www.piovan.com\/fr\/wp-json\/wp\/v2\/tags?post=5957"}],"curies":[{"name":"wp","href":"https:\/\/api.w.org\/{rel}","templated":true}]}}