{"id":5955,"date":"2021-12-04T21:37:19","date_gmt":"2021-12-04T20:37:19","guid":{"rendered":"https:\/\/www.piovan.com\/?post_type=product&#038;p=5955"},"modified":"2025-05-19T12:55:10","modified_gmt":"2025-05-19T10:55:10","slug":"big-bag-station-food","status":"publish","type":"product","link":"https:\/\/www.piovan.com\/fr\/product\/big-bag-station-food\/","title":{"rendered":"Station Big-Bag"},"content":{"rendered":"<p class=\" translation-block\">PiovanGroup fabrique aussi bien des stations de d\u00e9chargement de sacs et de big-bags s\u00e9par\u00e9ment que des solutions int\u00e9gr\u00e9es capables de g\u00e9rer les deux.<\/p>\n<p class=\" translation-block\">Les stations de d\u00e9chargement de sacs et de big-bags du groupe Piovan sont \u00e9quip\u00e9es d'un palan et d'un syst\u00e8me de secouage des sacs. Gr\u00e2ce \u00e0 la tension et au secouage, les big-bags sont toujours vid\u00e9s correctement et dans les d\u00e9lais requis, m\u00eame dans le cas de produits difficiles \u00e0 manipuler.<\/p>\n<p class=\" translation-block\">Les stations de d\u00e9chargement de sacs et de big-bags du groupe sont \u00e9quip\u00e9es de serrures \u00e9lectroniques afin de garantir une s\u00e9curit\u00e9 maximale pour les op\u00e9rateurs de la ligne et des normes d'hygi\u00e8ne \u00e9lev\u00e9es, et d'\u00e9viter la contamination entre les diff\u00e9rents mat\u00e9riaux. Ces unit\u00e9s sont \u00e9galement con\u00e7ues pour permettre des op\u00e9rations de maintenance rapides.<\/p>","protected":false},"featured_media":15202,"template":"","tags":[189,44],"acf":[],"yoast_head":"<title>Station Big-Bag - Groupe Piovan<\/title>\n<meta name=\"robots\" content=\"index, follow, max-snippet:-1, max-image-preview:large, max-video-preview:-1\" \/>\n<link rel=\"canonical\" href=\"https:\/\/www.piovan.com\/fr\/product\/big-bag-station-food\/\" \/>\n<meta property=\"og:locale\" content=\"fr_FR\" \/>\n<meta property=\"og:type\" content=\"article\" \/>\n<meta property=\"og:title\" content=\"Big-Bag Station - PiovanGroup\" \/>\n<meta property=\"og:description\" content=\"PiovanGroup manufactures both\u00a0stations\u00a0for\u00a0unloading\u00a0bags and big-bags\u00a0separately\u00a0and integrated solutions\u00a0able to manage both.\u00a0 The PiovanGroup bag and big-bag\u00a0unloading station\u00a0are equipped with a\u00a0hoist\u00a0and a bag\u00a0shaking\u00a0system. Through tensioning and\u00a0shaking\u00a0the big-bags are always emptied correctly and in the required time, even in the case of products that are difficult to handle.\u00a0\u00a0 The Group&#039;s bag and big-bag\u00a0unloading stations\u00a0are equipped with electronic locks to ensure\u00a0maximum safety\u00a0for line operators and\u00a0high hygiene standards\u00a0and\u00a0to avoid contamination between different materials. These units are also designed to ensure\u00a0quick maintenance operations.\u00a0\u00a0\" \/>\n<meta property=\"og:url\" content=\"https:\/\/www.piovan.com\/fr\/product\/big-bag-station-food\/\" \/>\n<meta property=\"og:site_name\" content=\"PiovanGroup\" \/>\n<meta property=\"article:modified_time\" content=\"2025-05-19T10:55:10+00:00\" \/>\n<meta property=\"og:image\" content=\"https:\/\/www.piovan.com\/wp-content\/uploads\/0016_Process_Svuota-sacchi.png\" \/>\n\t<meta property=\"og:image:width\" content=\"1200\" \/>\n\t<meta property=\"og:image:height\" content=\"1560\" \/>\n\t<meta property=\"og:image:type\" content=\"image\/png\" \/>\n<meta name=\"twitter:card\" content=\"summary_large_image\" \/>\n<script type=\"application\/ld+json\" class=\"yoast-schema-graph\">{\"@context\":\"https:\/\/schema.org\",\"@graph\":[{\"@type\":\"WebPage\",\"@id\":\"https:\/\/www.piovan.com\/product\/big-bag-station-food\/\",\"url\":\"https:\/\/www.piovan.com\/product\/big-bag-station-food\/\",\"name\":\"Big-Bag Station - PiovanGroup\",\"isPartOf\":{\"@id\":\"https:\/\/www.piovan.com\/#website\"},\"datePublished\":\"2021-12-04T20:37:19+00:00\",\"dateModified\":\"2025-05-19T10:55:10+00:00\",\"breadcrumb\":{\"@id\":\"https:\/\/www.piovan.com\/product\/big-bag-station-food\/#breadcrumb\"},\"inLanguage\":\"fr-FR\",\"potentialAction\":[{\"@type\":\"ReadAction\",\"target\":[\"https:\/\/www.piovan.com\/product\/big-bag-station-food\/\"]}]},{\"@type\":\"BreadcrumbList\",\"@id\":\"https:\/\/www.piovan.com\/product\/big-bag-station-food\/#breadcrumb\",\"itemListElement\":[{\"@type\":\"ListItem\",\"position\":1,\"name\":\"Home\",\"item\":\"https:\/\/www.piovan.com\/\"},{\"@type\":\"ListItem\",\"position\":2,\"name\":\"Food\",\"item\":\"https:\/\/www.piovan.com\/fr\/products\/food\/\"},{\"@type\":\"ListItem\",\"position\":3,\"name\":\"Storage\",\"item\":\"https:\/\/www.piovan.com\/fr\/products\/food\/storage-food\/\"},{\"@type\":\"ListItem\",\"position\":4,\"name\":\"Big-Bag Station\"}]},{\"@type\":\"WebSite\",\"@id\":\"https:\/\/www.piovan.com\/#website\",\"url\":\"https:\/\/www.piovan.com\/\",\"name\":\"PiovanGroup\",\"description\":\"\",\"publisher\":{\"@id\":\"https:\/\/www.piovan.com\/#organization\"},\"potentialAction\":[{\"@type\":\"SearchAction\",\"target\":{\"@type\":\"EntryPoint\",\"urlTemplate\":\"https:\/\/www.piovan.com\/?s={search_term_string}\"},\"query-input\":\"required name=search_term_string\"}],\"inLanguage\":\"fr-FR\"},{\"@type\":\"Organization\",\"@id\":\"https:\/\/www.piovan.com\/#organization\",\"name\":\"PiovanGroup\",\"url\":\"https:\/\/www.piovan.com\/\",\"logo\":{\"@type\":\"ImageObject\",\"inLanguage\":\"fr-FR\",\"@id\":\"https:\/\/www.piovan.com\/#\/schema\/logo\/image\/\",\"url\":\"https:\/\/www.piovan.com\/wp-content\/uploads\/2021\/06\/logo@2x.png\",\"contentUrl\":\"https:\/\/www.piovan.com\/wp-content\/uploads\/2021\/06\/logo@2x.png\",\"width\":489,\"height\":78,\"caption\":\"PiovanGroup\"},\"image\":{\"@id\":\"https:\/\/www.piovan.com\/#\/schema\/logo\/image\/\"}}]}<\/script>","yoast_head_json":{"title":"Station Big-Bag - Groupe Piovan","robots":{"index":"index","follow":"follow","max-snippet":"max-snippet:-1","max-image-preview":"max-image-preview:large","max-video-preview":"max-video-preview:-1"},"canonical":"https:\/\/www.piovan.com\/fr\/product\/big-bag-station-food\/","og_locale":"fr_FR","og_type":"article","og_title":"Big-Bag Station - PiovanGroup","og_description":"PiovanGroup manufactures both\u00a0stations\u00a0for\u00a0unloading\u00a0bags and big-bags\u00a0separately\u00a0and integrated solutions\u00a0able to manage both.\u00a0 The PiovanGroup bag and big-bag\u00a0unloading station\u00a0are equipped with a\u00a0hoist\u00a0and a bag\u00a0shaking\u00a0system. Through tensioning and\u00a0shaking\u00a0the big-bags are always emptied correctly and in the required time, even in the case of products that are difficult to handle.\u00a0\u00a0 The Group's bag and big-bag\u00a0unloading stations\u00a0are equipped with electronic locks to ensure\u00a0maximum safety\u00a0for line operators and\u00a0high hygiene standards\u00a0and\u00a0to avoid contamination between different materials. These units are also designed to ensure\u00a0quick maintenance operations.\u00a0\u00a0","og_url":"https:\/\/www.piovan.com\/fr\/product\/big-bag-station-food\/","og_site_name":"PiovanGroup","article_modified_time":"2025-05-19T10:55:10+00:00","og_image":[{"width":1200,"height":1560,"url":"https:\/\/www.piovan.com\/wp-content\/uploads\/0016_Process_Svuota-sacchi.png","type":"image\/png"}],"twitter_card":"summary_large_image","schema":{"@context":"https:\/\/schema.org","@graph":[{"@type":"WebPage","@id":"https:\/\/www.piovan.com\/product\/big-bag-station-food\/","url":"https:\/\/www.piovan.com\/product\/big-bag-station-food\/","name":"Big-Bag Station - PiovanGroup","isPartOf":{"@id":"https:\/\/www.piovan.com\/#website"},"datePublished":"2021-12-04T20:37:19+00:00","dateModified":"2025-05-19T10:55:10+00:00","breadcrumb":{"@id":"https:\/\/www.piovan.com\/product\/big-bag-station-food\/#breadcrumb"},"inLanguage":"fr-FR","potentialAction":[{"@type":"ReadAction","target":["https:\/\/www.piovan.com\/product\/big-bag-station-food\/"]}]},{"@type":"BreadcrumbList","@id":"https:\/\/www.piovan.com\/product\/big-bag-station-food\/#breadcrumb","itemListElement":[{"@type":"ListItem","position":1,"name":"Home","item":"https:\/\/www.piovan.com\/"},{"@type":"ListItem","position":2,"name":"Food","item":"https:\/\/www.piovan.com\/fr\/products\/food\/"},{"@type":"ListItem","position":3,"name":"Storage","item":"https:\/\/www.piovan.com\/fr\/products\/food\/storage-food\/"},{"@type":"ListItem","position":4,"name":"Big-Bag Station"}]},{"@type":"WebSite","@id":"https:\/\/www.piovan.com\/#website","url":"https:\/\/www.piovan.com\/","name":"PiovanGroup","description":"","publisher":{"@id":"https:\/\/www.piovan.com\/#organization"},"potentialAction":[{"@type":"SearchAction","target":{"@type":"EntryPoint","urlTemplate":"https:\/\/www.piovan.com\/?s={search_term_string}"},"query-input":"required name=search_term_string"}],"inLanguage":"fr-FR"},{"@type":"Organization","@id":"https:\/\/www.piovan.com\/#organization","name":"PiovanGroup","url":"https:\/\/www.piovan.com\/","logo":{"@type":"ImageObject","inLanguage":"fr-FR","@id":"https:\/\/www.piovan.com\/#\/schema\/logo\/image\/","url":"https:\/\/www.piovan.com\/wp-content\/uploads\/2021\/06\/logo@2x.png","contentUrl":"https:\/\/www.piovan.com\/wp-content\/uploads\/2021\/06\/logo@2x.png","width":489,"height":78,"caption":"PiovanGroup"},"image":{"@id":"https:\/\/www.piovan.com\/#\/schema\/logo\/image\/"}}]}},"_links":{"self":[{"href":"https:\/\/www.piovan.com\/fr\/wp-json\/wp\/v2\/product\/5955"}],"collection":[{"href":"https:\/\/www.piovan.com\/fr\/wp-json\/wp\/v2\/product"}],"about":[{"href":"https:\/\/www.piovan.com\/fr\/wp-json\/wp\/v2\/types\/product"}],"version-history":[{"count":1,"href":"https:\/\/www.piovan.com\/fr\/wp-json\/wp\/v2\/product\/5955\/revisions"}],"predecessor-version":[{"id":14934,"href":"https:\/\/www.piovan.com\/fr\/wp-json\/wp\/v2\/product\/5955\/revisions\/14934"}],"wp:featuredmedia":[{"embeddable":true,"href":"https:\/\/www.piovan.com\/fr\/wp-json\/wp\/v2\/media\/15202"}],"wp:attachment":[{"href":"https:\/\/www.piovan.com\/fr\/wp-json\/wp\/v2\/media?parent=5955"}],"wp:term":[{"taxonomy":"post_tag","embeddable":true,"href":"https:\/\/www.piovan.com\/fr\/wp-json\/wp\/v2\/tags?post=5955"}],"curies":[{"name":"wp","href":"https:\/\/api.w.org\/{rel}","templated":true}]}}