{"id":5953,"date":"2021-12-04T21:31:45","date_gmt":"2021-12-04T20:31:45","guid":{"rendered":"https:\/\/www.piovan.com\/?post_type=product&#038;p=5953"},"modified":"2025-07-07T16:11:39","modified_gmt":"2025-07-07T14:11:39","slug":"vakupulse","status":"publish","type":"product","link":"https:\/\/www.piovan.com\/fr\/product\/vakupulse\/","title":{"rendered":"Vakupulse"},"content":{"rendered":"<p>Vakupulse a \u00e9t\u00e9 sp\u00e9cialement con\u00e7u\npour manipuler des mat\u00e9riaux qui\ndoivent \u00eatre transport\u00e9s \u00e0 faible vitesse, tels que les mat\u00e9riaux abrasifs\ncontenant des fibres de verre ou une\ngrande quantit\u00e9 de produits de charge\net souples tels que l\u2019EVA ou le PE, dans\nle but de :<\/p>\n<ul>\n<li>\u00c9viter l'abrasion et l'usure des\ntuyaux de proc\u00e9d\u00e9 en pr\u00e9sence de\nmat\u00e9riau abrasif<\/li>\n<li>Pr\u00e9server les granul\u00e9s de plastique\nen cas de mat\u00e9riaux d\u00e9licats ou\nsouples, en \u00e9vitant la cr\u00e9ation de\ncheveux d'ange et de poussi\u00e8re.<\/li>\n<\/ul>\n<p>Le syst\u00e8me se base sur un r\u00e9cepteur \u00e0\nvide et une pompe \u00e0 vide \u00e0 ventouse.\nEn combinaison avec une g\u00e9om\u00e9trie\nsp\u00e9cifique de la bouche d'aspiration\ndu produit et une vanne d'\u00e9vent appropri\u00e9e, le mat\u00e9riau est d\u00e9licatement\nachemin\u00e9 vers le r\u00e9cepteur en batch.<\/p>\n<p>Vakupulse a une capacit\u00e9 significative\njusqu'\u00e0 15 000 kg\/h. La faible vitesse\nde transport du mat\u00e9riau d'environ\n2\/3 m\/s a \u00e9galement un impact positif\nsur la consommation d'\u00e9nergie et le\nniveau de bruit.<\/p>","protected":false},"featured_media":15076,"template":"","tags":[189,44],"acf":[],"yoast_head":"<title>Vakupulse - PiovanGroup<\/title>\n<meta name=\"robots\" content=\"index, follow, max-snippet:-1, max-image-preview:large, max-video-preview:-1\" \/>\n<link rel=\"canonical\" href=\"https:\/\/www.piovan.com\/fr\/product\/vakupulse\/\" \/>\n<meta property=\"og:locale\" content=\"fr_FR\" \/>\n<meta property=\"og:type\" content=\"article\" \/>\n<meta property=\"og:title\" content=\"Vakupulse - PiovanGroup\" \/>\n<meta property=\"og:description\" content=\"Vakupulse is specifically designed to handle materials that need to be transported at low speed, such as abrasive materials that contain glass fibers or an high amount of filler and soft products like EVA or PE. The targets are: Avoid abrasion and wearing of the process piping in case of abrasive material Preserve the plastic granules in case of delicate or soft material, avoiding the creation of angel hair and dust. The system is based on a vacuum receiver and [&hellip;]\" \/>\n<meta property=\"og:url\" content=\"https:\/\/www.piovan.com\/fr\/product\/vakupulse\/\" \/>\n<meta property=\"og:site_name\" content=\"PiovanGroup\" \/>\n<meta property=\"article:modified_time\" content=\"2025-07-07T14:11:39+00:00\" \/>\n<meta property=\"og:image\" content=\"https:\/\/www.piovan.com\/wp-content\/uploads\/0004_Vakupulse.png\" \/>\n\t<meta property=\"og:image:width\" content=\"1200\" \/>\n\t<meta property=\"og:image:height\" content=\"1560\" \/>\n\t<meta property=\"og:image:type\" content=\"image\/png\" \/>\n<meta name=\"twitter:card\" content=\"summary_large_image\" \/>\n<script type=\"application\/ld+json\" class=\"yoast-schema-graph\">{\"@context\":\"https:\/\/schema.org\",\"@graph\":[{\"@type\":\"WebPage\",\"@id\":\"https:\/\/www.piovan.com\/product\/vakupulse\/\",\"url\":\"https:\/\/www.piovan.com\/product\/vakupulse\/\",\"name\":\"Vakupulse - PiovanGroup\",\"isPartOf\":{\"@id\":\"https:\/\/www.piovan.com\/#website\"},\"datePublished\":\"2021-12-04T20:31:45+00:00\",\"dateModified\":\"2025-07-07T14:11:39+00:00\",\"breadcrumb\":{\"@id\":\"https:\/\/www.piovan.com\/product\/vakupulse\/#breadcrumb\"},\"inLanguage\":\"fr-FR\",\"potentialAction\":[{\"@type\":\"ReadAction\",\"target\":[\"https:\/\/www.piovan.com\/product\/vakupulse\/\"]}]},{\"@type\":\"BreadcrumbList\",\"@id\":\"https:\/\/www.piovan.com\/product\/vakupulse\/#breadcrumb\",\"itemListElement\":[{\"@type\":\"ListItem\",\"position\":1,\"name\":\"Home\",\"item\":\"https:\/\/www.piovan.com\/\"},{\"@type\":\"ListItem\",\"position\":2,\"name\":\"Food\",\"item\":\"https:\/\/www.piovan.com\/fr\/products\/food\/\"},{\"@type\":\"ListItem\",\"position\":3,\"name\":\"Transport\",\"item\":\"https:\/\/www.piovan.com\/fr\/products\/food\/transport\/\"},{\"@type\":\"ListItem\",\"position\":4,\"name\":\"Vakupulse\"}]},{\"@type\":\"WebSite\",\"@id\":\"https:\/\/www.piovan.com\/#website\",\"url\":\"https:\/\/www.piovan.com\/\",\"name\":\"PiovanGroup\",\"description\":\"\",\"publisher\":{\"@id\":\"https:\/\/www.piovan.com\/#organization\"},\"potentialAction\":[{\"@type\":\"SearchAction\",\"target\":{\"@type\":\"EntryPoint\",\"urlTemplate\":\"https:\/\/www.piovan.com\/?s={search_term_string}\"},\"query-input\":\"required name=search_term_string\"}],\"inLanguage\":\"fr-FR\"},{\"@type\":\"Organization\",\"@id\":\"https:\/\/www.piovan.com\/#organization\",\"name\":\"PiovanGroup\",\"url\":\"https:\/\/www.piovan.com\/\",\"logo\":{\"@type\":\"ImageObject\",\"inLanguage\":\"fr-FR\",\"@id\":\"https:\/\/www.piovan.com\/#\/schema\/logo\/image\/\",\"url\":\"https:\/\/www.piovan.com\/wp-content\/uploads\/2021\/06\/logo@2x.png\",\"contentUrl\":\"https:\/\/www.piovan.com\/wp-content\/uploads\/2021\/06\/logo@2x.png\",\"width\":489,\"height\":78,\"caption\":\"PiovanGroup\"},\"image\":{\"@id\":\"https:\/\/www.piovan.com\/#\/schema\/logo\/image\/\"}}]}<\/script>","yoast_head_json":{"title":"Vakupulse - PiovanGroup","robots":{"index":"index","follow":"follow","max-snippet":"max-snippet:-1","max-image-preview":"max-image-preview:large","max-video-preview":"max-video-preview:-1"},"canonical":"https:\/\/www.piovan.com\/fr\/product\/vakupulse\/","og_locale":"fr_FR","og_type":"article","og_title":"Vakupulse - PiovanGroup","og_description":"Vakupulse is specifically designed to handle materials that need to be transported at low speed, such as abrasive materials that contain glass fibers or an high amount of filler and soft products like EVA or PE. The targets are: Avoid abrasion and wearing of the process piping in case of abrasive material Preserve the plastic granules in case of delicate or soft material, avoiding the creation of angel hair and dust. The system is based on a vacuum receiver and [&hellip;]","og_url":"https:\/\/www.piovan.com\/fr\/product\/vakupulse\/","og_site_name":"PiovanGroup","article_modified_time":"2025-07-07T14:11:39+00:00","og_image":[{"width":1200,"height":1560,"url":"https:\/\/www.piovan.com\/wp-content\/uploads\/0004_Vakupulse.png","type":"image\/png"}],"twitter_card":"summary_large_image","schema":{"@context":"https:\/\/schema.org","@graph":[{"@type":"WebPage","@id":"https:\/\/www.piovan.com\/product\/vakupulse\/","url":"https:\/\/www.piovan.com\/product\/vakupulse\/","name":"Vakupulse - PiovanGroup","isPartOf":{"@id":"https:\/\/www.piovan.com\/#website"},"datePublished":"2021-12-04T20:31:45+00:00","dateModified":"2025-07-07T14:11:39+00:00","breadcrumb":{"@id":"https:\/\/www.piovan.com\/product\/vakupulse\/#breadcrumb"},"inLanguage":"fr-FR","potentialAction":[{"@type":"ReadAction","target":["https:\/\/www.piovan.com\/product\/vakupulse\/"]}]},{"@type":"BreadcrumbList","@id":"https:\/\/www.piovan.com\/product\/vakupulse\/#breadcrumb","itemListElement":[{"@type":"ListItem","position":1,"name":"Home","item":"https:\/\/www.piovan.com\/"},{"@type":"ListItem","position":2,"name":"Food","item":"https:\/\/www.piovan.com\/fr\/products\/food\/"},{"@type":"ListItem","position":3,"name":"Transport","item":"https:\/\/www.piovan.com\/fr\/products\/food\/transport\/"},{"@type":"ListItem","position":4,"name":"Vakupulse"}]},{"@type":"WebSite","@id":"https:\/\/www.piovan.com\/#website","url":"https:\/\/www.piovan.com\/","name":"PiovanGroup","description":"","publisher":{"@id":"https:\/\/www.piovan.com\/#organization"},"potentialAction":[{"@type":"SearchAction","target":{"@type":"EntryPoint","urlTemplate":"https:\/\/www.piovan.com\/?s={search_term_string}"},"query-input":"required name=search_term_string"}],"inLanguage":"fr-FR"},{"@type":"Organization","@id":"https:\/\/www.piovan.com\/#organization","name":"PiovanGroup","url":"https:\/\/www.piovan.com\/","logo":{"@type":"ImageObject","inLanguage":"fr-FR","@id":"https:\/\/www.piovan.com\/#\/schema\/logo\/image\/","url":"https:\/\/www.piovan.com\/wp-content\/uploads\/2021\/06\/logo@2x.png","contentUrl":"https:\/\/www.piovan.com\/wp-content\/uploads\/2021\/06\/logo@2x.png","width":489,"height":78,"caption":"PiovanGroup"},"image":{"@id":"https:\/\/www.piovan.com\/#\/schema\/logo\/image\/"}}]}},"_links":{"self":[{"href":"https:\/\/www.piovan.com\/fr\/wp-json\/wp\/v2\/product\/5953"}],"collection":[{"href":"https:\/\/www.piovan.com\/fr\/wp-json\/wp\/v2\/product"}],"about":[{"href":"https:\/\/www.piovan.com\/fr\/wp-json\/wp\/v2\/types\/product"}],"version-history":[{"count":4,"href":"https:\/\/www.piovan.com\/fr\/wp-json\/wp\/v2\/product\/5953\/revisions"}],"predecessor-version":[{"id":15351,"href":"https:\/\/www.piovan.com\/fr\/wp-json\/wp\/v2\/product\/5953\/revisions\/15351"}],"wp:featuredmedia":[{"embeddable":true,"href":"https:\/\/www.piovan.com\/fr\/wp-json\/wp\/v2\/media\/15076"}],"wp:attachment":[{"href":"https:\/\/www.piovan.com\/fr\/wp-json\/wp\/v2\/media?parent=5953"}],"wp:term":[{"taxonomy":"post_tag","embeddable":true,"href":"https:\/\/www.piovan.com\/fr\/wp-json\/wp\/v2\/tags?post=5953"}],"curies":[{"name":"wp","href":"https:\/\/api.w.org\/{rel}","templated":true}]}}