{"id":5951,"date":"2021-12-04T21:27:19","date_gmt":"2021-12-04T20:27:19","guid":{"rendered":"https:\/\/www.piovan.com\/?post_type=product&#038;p=5951"},"modified":"2025-05-19T12:28:25","modified_gmt":"2025-05-19T10:28:25","slug":"spraystay","status":"publish","type":"product","link":"https:\/\/www.piovan.com\/fr\/product\/spraystay\/","title":{"rendered":"SprayStay"},"content":{"rendered":"<p>SprayStay permet de recouvrir de nombreux produits avec diff\u00e9rents types de poudre en une couche homog\u00e8ne et d'\u00e9paisseur contr\u00f4l\u00e9e.<\/p>\n<p>Gr\u00e2ce \u00e0 la charge \u00e9lectrostatique, il permet \u00e0 la poudre d'adh\u00e9rer au support, am\u00e9liorant ainsi l\u2019apparence des produits \u00e9galement apr\u00e8s la phase\nd'emballage. R\u00e9duit les co\u00fbts de production en diminuant la quantit\u00e9 de mati\u00e8res premi\u00e8res requises (moins de perte de pulv\u00e9risation) et le temps n\u00e9cessaire au nettoyage des machines.<\/p>\n<p>Peut \u00eatre personnalis\u00e9 en fonction des caract\u00e9ristiques des diff\u00e9rentes lignes de production.<\/p>","protected":false},"featured_media":15060,"template":"","tags":[47,189],"acf":[],"yoast_head":"<title>SprayStay - PiovanGroup<\/title>\n<meta name=\"robots\" content=\"index, follow, max-snippet:-1, max-image-preview:large, max-video-preview:-1\" \/>\n<link rel=\"canonical\" href=\"https:\/\/www.piovan.com\/fr\/product\/spraystay\/\" \/>\n<meta property=\"og:locale\" content=\"fr_FR\" \/>\n<meta property=\"og:type\" content=\"article\" \/>\n<meta property=\"og:title\" content=\"SprayStay - PiovanGroup\" \/>\n<meta property=\"og:description\" content=\"SprayStay allows many products to be covered with different types of powder in a consistent layer with controlled thickness. The electrostatic charge allows the powder to adhere to the support, improving the appearance of products even after their packaging. It reduces production costs, minimising the use of primary materials (less overspray) and the time needed to clean the machines. It can be customised to suit the characteristics of different production lines.\" \/>\n<meta property=\"og:url\" content=\"https:\/\/www.piovan.com\/fr\/product\/spraystay\/\" \/>\n<meta property=\"og:site_name\" content=\"PiovanGroup\" \/>\n<meta property=\"article:modified_time\" content=\"2025-05-19T10:28:25+00:00\" \/>\n<meta property=\"og:image\" content=\"https:\/\/www.piovan.com\/wp-content\/uploads\/0002_SprayStay.png\" \/>\n\t<meta property=\"og:image:width\" content=\"1200\" \/>\n\t<meta property=\"og:image:height\" content=\"1560\" \/>\n\t<meta property=\"og:image:type\" content=\"image\/png\" \/>\n<meta name=\"twitter:card\" content=\"summary_large_image\" \/>\n<script type=\"application\/ld+json\" class=\"yoast-schema-graph\">{\"@context\":\"https:\/\/schema.org\",\"@graph\":[{\"@type\":\"WebPage\",\"@id\":\"https:\/\/www.piovan.com\/product\/spraystay\/\",\"url\":\"https:\/\/www.piovan.com\/product\/spraystay\/\",\"name\":\"SprayStay - PiovanGroup\",\"isPartOf\":{\"@id\":\"https:\/\/www.piovan.com\/#website\"},\"datePublished\":\"2021-12-04T20:27:19+00:00\",\"dateModified\":\"2025-05-19T10:28:25+00:00\",\"breadcrumb\":{\"@id\":\"https:\/\/www.piovan.com\/product\/spraystay\/#breadcrumb\"},\"inLanguage\":\"fr-FR\",\"potentialAction\":[{\"@type\":\"ReadAction\",\"target\":[\"https:\/\/www.piovan.com\/product\/spraystay\/\"]}]},{\"@type\":\"BreadcrumbList\",\"@id\":\"https:\/\/www.piovan.com\/product\/spraystay\/#breadcrumb\",\"itemListElement\":[{\"@type\":\"ListItem\",\"position\":1,\"name\":\"Home\",\"item\":\"https:\/\/www.piovan.com\/\"},{\"@type\":\"ListItem\",\"position\":2,\"name\":\"Food\",\"item\":\"https:\/\/www.piovan.com\/fr\/products\/food\/\"},{\"@type\":\"ListItem\",\"position\":3,\"name\":\"Electrostatic coating\",\"item\":\"https:\/\/www.piovan.com\/fr\/products\/food\/electrostatic-coating\/\"},{\"@type\":\"ListItem\",\"position\":4,\"name\":\"SprayStay\"}]},{\"@type\":\"WebSite\",\"@id\":\"https:\/\/www.piovan.com\/#website\",\"url\":\"https:\/\/www.piovan.com\/\",\"name\":\"PiovanGroup\",\"description\":\"\",\"publisher\":{\"@id\":\"https:\/\/www.piovan.com\/#organization\"},\"potentialAction\":[{\"@type\":\"SearchAction\",\"target\":{\"@type\":\"EntryPoint\",\"urlTemplate\":\"https:\/\/www.piovan.com\/?s={search_term_string}\"},\"query-input\":\"required name=search_term_string\"}],\"inLanguage\":\"fr-FR\"},{\"@type\":\"Organization\",\"@id\":\"https:\/\/www.piovan.com\/#organization\",\"name\":\"PiovanGroup\",\"url\":\"https:\/\/www.piovan.com\/\",\"logo\":{\"@type\":\"ImageObject\",\"inLanguage\":\"fr-FR\",\"@id\":\"https:\/\/www.piovan.com\/#\/schema\/logo\/image\/\",\"url\":\"https:\/\/www.piovan.com\/wp-content\/uploads\/2021\/06\/logo@2x.png\",\"contentUrl\":\"https:\/\/www.piovan.com\/wp-content\/uploads\/2021\/06\/logo@2x.png\",\"width\":489,\"height\":78,\"caption\":\"PiovanGroup\"},\"image\":{\"@id\":\"https:\/\/www.piovan.com\/#\/schema\/logo\/image\/\"}}]}<\/script>","yoast_head_json":{"title":"SprayStay - PiovanGroup","robots":{"index":"index","follow":"follow","max-snippet":"max-snippet:-1","max-image-preview":"max-image-preview:large","max-video-preview":"max-video-preview:-1"},"canonical":"https:\/\/www.piovan.com\/fr\/product\/spraystay\/","og_locale":"fr_FR","og_type":"article","og_title":"SprayStay - PiovanGroup","og_description":"SprayStay allows many products to be covered with different types of powder in a consistent layer with controlled thickness. The electrostatic charge allows the powder to adhere to the support, improving the appearance of products even after their packaging. It reduces production costs, minimising the use of primary materials (less overspray) and the time needed to clean the machines. It can be customised to suit the characteristics of different production lines.","og_url":"https:\/\/www.piovan.com\/fr\/product\/spraystay\/","og_site_name":"PiovanGroup","article_modified_time":"2025-05-19T10:28:25+00:00","og_image":[{"width":1200,"height":1560,"url":"https:\/\/www.piovan.com\/wp-content\/uploads\/0002_SprayStay.png","type":"image\/png"}],"twitter_card":"summary_large_image","schema":{"@context":"https:\/\/schema.org","@graph":[{"@type":"WebPage","@id":"https:\/\/www.piovan.com\/product\/spraystay\/","url":"https:\/\/www.piovan.com\/product\/spraystay\/","name":"SprayStay - PiovanGroup","isPartOf":{"@id":"https:\/\/www.piovan.com\/#website"},"datePublished":"2021-12-04T20:27:19+00:00","dateModified":"2025-05-19T10:28:25+00:00","breadcrumb":{"@id":"https:\/\/www.piovan.com\/product\/spraystay\/#breadcrumb"},"inLanguage":"fr-FR","potentialAction":[{"@type":"ReadAction","target":["https:\/\/www.piovan.com\/product\/spraystay\/"]}]},{"@type":"BreadcrumbList","@id":"https:\/\/www.piovan.com\/product\/spraystay\/#breadcrumb","itemListElement":[{"@type":"ListItem","position":1,"name":"Home","item":"https:\/\/www.piovan.com\/"},{"@type":"ListItem","position":2,"name":"Food","item":"https:\/\/www.piovan.com\/fr\/products\/food\/"},{"@type":"ListItem","position":3,"name":"Electrostatic coating","item":"https:\/\/www.piovan.com\/fr\/products\/food\/electrostatic-coating\/"},{"@type":"ListItem","position":4,"name":"SprayStay"}]},{"@type":"WebSite","@id":"https:\/\/www.piovan.com\/#website","url":"https:\/\/www.piovan.com\/","name":"PiovanGroup","description":"","publisher":{"@id":"https:\/\/www.piovan.com\/#organization"},"potentialAction":[{"@type":"SearchAction","target":{"@type":"EntryPoint","urlTemplate":"https:\/\/www.piovan.com\/?s={search_term_string}"},"query-input":"required name=search_term_string"}],"inLanguage":"fr-FR"},{"@type":"Organization","@id":"https:\/\/www.piovan.com\/#organization","name":"PiovanGroup","url":"https:\/\/www.piovan.com\/","logo":{"@type":"ImageObject","inLanguage":"fr-FR","@id":"https:\/\/www.piovan.com\/#\/schema\/logo\/image\/","url":"https:\/\/www.piovan.com\/wp-content\/uploads\/2021\/06\/logo@2x.png","contentUrl":"https:\/\/www.piovan.com\/wp-content\/uploads\/2021\/06\/logo@2x.png","width":489,"height":78,"caption":"PiovanGroup"},"image":{"@id":"https:\/\/www.piovan.com\/#\/schema\/logo\/image\/"}}]}},"_links":{"self":[{"href":"https:\/\/www.piovan.com\/fr\/wp-json\/wp\/v2\/product\/5951"}],"collection":[{"href":"https:\/\/www.piovan.com\/fr\/wp-json\/wp\/v2\/product"}],"about":[{"href":"https:\/\/www.piovan.com\/fr\/wp-json\/wp\/v2\/types\/product"}],"version-history":[{"count":4,"href":"https:\/\/www.piovan.com\/fr\/wp-json\/wp\/v2\/product\/5951\/revisions"}],"predecessor-version":[{"id":15184,"href":"https:\/\/www.piovan.com\/fr\/wp-json\/wp\/v2\/product\/5951\/revisions\/15184"}],"wp:featuredmedia":[{"embeddable":true,"href":"https:\/\/www.piovan.com\/fr\/wp-json\/wp\/v2\/media\/15060"}],"wp:attachment":[{"href":"https:\/\/www.piovan.com\/fr\/wp-json\/wp\/v2\/media?parent=5951"}],"wp:term":[{"taxonomy":"post_tag","embeddable":true,"href":"https:\/\/www.piovan.com\/fr\/wp-json\/wp\/v2\/tags?post=5951"}],"curies":[{"name":"wp","href":"https:\/\/api.w.org\/{rel}","templated":true}]}}