{"id":5947,"date":"2021-12-04T21:12:08","date_gmt":"2021-12-04T20:12:08","guid":{"rendered":"https:\/\/www.piovan.com\/?post_type=product&#038;p=5947"},"modified":"2025-05-19T12:50:21","modified_gmt":"2025-05-19T10:50:21","slug":"silos-food","status":"publish","type":"product","link":"https:\/\/www.piovan.com\/fr\/product\/silos-food\/","title":{"rendered":"Silos"},"content":{"rendered":"<p>Les silos de grand diam\u00e8tre offrent une grande attention aux aspects fonctionnel et esth\u00e9tique pour une installation en ext\u00e9rieur.<\/p>\n<p>Convenant au granul\u00e9s, flocons ou poudres, les silos Piovan ont des g\u00e9om\u00e9tries et des \u00e9quipements sp\u00e9cifiques en fonction des mat\u00e9riaux \u00e0 stocker, tels que:<\/p>\n<ul>\n<li>Des filtres \u00e0 air aux sorties<\/li>\n<li>Des syst\u00e8mes d'extraction pour les polym\u00e8res \u00e0 frottement \u00e9lev\u00e9<\/li>\n<li>Des solutions de mesure telles que capteurs de poids ou capteur de niveau continu (de type radar ou fil \u00e0 plomb)<\/li>\n<li>Des syst\u00e8mes de protection pour les atmosph\u00e8res potentiellement explosives.<\/li>\n<\/ul>\n<p>Les silos sont compatibles avec une vaste gamme de m\u00e9thodes de chargement, telles que pompes de camion, conteneurs maritimes avec sacs, souffleuses\n\u00e0 haute pression pour les syst\u00e8mes de convoyage \u00e0 phase dense ou semi-dense.<\/p>\n<p>Le calcul de la charge au sol ou les documents techniques sp\u00e9cifiques sont disponibles sur demande.<\/p>","protected":false},"featured_media":15185,"template":"","tags":[189,44],"acf":[],"yoast_head":"<title>Silos - Groupe Piovan<\/title>\n<meta name=\"robots\" content=\"index, follow, max-snippet:-1, max-image-preview:large, max-video-preview:-1\" \/>\n<link rel=\"canonical\" href=\"https:\/\/www.piovan.com\/fr\/product\/silos-food\/\" \/>\n<meta property=\"og:locale\" content=\"fr_FR\" \/>\n<meta property=\"og:type\" content=\"article\" \/>\n<meta property=\"og:title\" content=\"Silos - PiovanGroup\" \/>\n<meta property=\"og:description\" content=\"Large diameter silos offer with great attention to functional and aesthetics for out door installation. Suitable for granules, flakes or powders, Piovan silos have specific geometries and devices for according to the materials to store, such as: Outlet air filters Extraction systems for high friction polymers Measurement solutions like load cells or continuous level sensor (radar or plumb bob type) Protection systems for potentially explosive atmospheres. The silos are compatible with a wide range of loading methods like truck pumps, [&hellip;]\" \/>\n<meta property=\"og:url\" content=\"https:\/\/www.piovan.com\/fr\/product\/silos-food\/\" \/>\n<meta property=\"og:site_name\" content=\"PiovanGroup\" \/>\n<meta property=\"article:modified_time\" content=\"2025-05-19T10:50:21+00:00\" \/>\n<meta property=\"og:image\" content=\"https:\/\/www.piovan.com\/wp-content\/uploads\/0002_SILI-PENTA-2_originale.png\" \/>\n\t<meta property=\"og:image:width\" content=\"1200\" \/>\n\t<meta property=\"og:image:height\" content=\"1560\" \/>\n\t<meta property=\"og:image:type\" content=\"image\/png\" \/>\n<meta name=\"twitter:card\" content=\"summary_large_image\" \/>\n<script type=\"application\/ld+json\" class=\"yoast-schema-graph\">{\"@context\":\"https:\/\/schema.org\",\"@graph\":[{\"@type\":\"WebPage\",\"@id\":\"https:\/\/www.piovan.com\/product\/silos-food\/\",\"url\":\"https:\/\/www.piovan.com\/product\/silos-food\/\",\"name\":\"Silos - PiovanGroup\",\"isPartOf\":{\"@id\":\"https:\/\/www.piovan.com\/#website\"},\"datePublished\":\"2021-12-04T20:12:08+00:00\",\"dateModified\":\"2025-05-19T10:50:21+00:00\",\"breadcrumb\":{\"@id\":\"https:\/\/www.piovan.com\/product\/silos-food\/#breadcrumb\"},\"inLanguage\":\"fr-FR\",\"potentialAction\":[{\"@type\":\"ReadAction\",\"target\":[\"https:\/\/www.piovan.com\/product\/silos-food\/\"]}]},{\"@type\":\"BreadcrumbList\",\"@id\":\"https:\/\/www.piovan.com\/product\/silos-food\/#breadcrumb\",\"itemListElement\":[{\"@type\":\"ListItem\",\"position\":1,\"name\":\"Home\",\"item\":\"https:\/\/www.piovan.com\/\"},{\"@type\":\"ListItem\",\"position\":2,\"name\":\"Food\",\"item\":\"https:\/\/www.piovan.com\/fr\/products\/food\/\"},{\"@type\":\"ListItem\",\"position\":3,\"name\":\"Storage\",\"item\":\"https:\/\/www.piovan.com\/fr\/products\/food\/storage-food\/\"},{\"@type\":\"ListItem\",\"position\":4,\"name\":\"Silos\"}]},{\"@type\":\"WebSite\",\"@id\":\"https:\/\/www.piovan.com\/#website\",\"url\":\"https:\/\/www.piovan.com\/\",\"name\":\"PiovanGroup\",\"description\":\"\",\"publisher\":{\"@id\":\"https:\/\/www.piovan.com\/#organization\"},\"potentialAction\":[{\"@type\":\"SearchAction\",\"target\":{\"@type\":\"EntryPoint\",\"urlTemplate\":\"https:\/\/www.piovan.com\/?s={search_term_string}\"},\"query-input\":\"required name=search_term_string\"}],\"inLanguage\":\"fr-FR\"},{\"@type\":\"Organization\",\"@id\":\"https:\/\/www.piovan.com\/#organization\",\"name\":\"PiovanGroup\",\"url\":\"https:\/\/www.piovan.com\/\",\"logo\":{\"@type\":\"ImageObject\",\"inLanguage\":\"fr-FR\",\"@id\":\"https:\/\/www.piovan.com\/#\/schema\/logo\/image\/\",\"url\":\"https:\/\/www.piovan.com\/wp-content\/uploads\/2021\/06\/logo@2x.png\",\"contentUrl\":\"https:\/\/www.piovan.com\/wp-content\/uploads\/2021\/06\/logo@2x.png\",\"width\":489,\"height\":78,\"caption\":\"PiovanGroup\"},\"image\":{\"@id\":\"https:\/\/www.piovan.com\/#\/schema\/logo\/image\/\"}}]}<\/script>","yoast_head_json":{"title":"Silos - Groupe Piovan","robots":{"index":"index","follow":"follow","max-snippet":"max-snippet:-1","max-image-preview":"max-image-preview:large","max-video-preview":"max-video-preview:-1"},"canonical":"https:\/\/www.piovan.com\/fr\/product\/silos-food\/","og_locale":"fr_FR","og_type":"article","og_title":"Silos - PiovanGroup","og_description":"Large diameter silos offer with great attention to functional and aesthetics for out door installation. Suitable for granules, flakes or powders, Piovan silos have specific geometries and devices for according to the materials to store, such as: Outlet air filters Extraction systems for high friction polymers Measurement solutions like load cells or continuous level sensor (radar or plumb bob type) Protection systems for potentially explosive atmospheres. The silos are compatible with a wide range of loading methods like truck pumps, [&hellip;]","og_url":"https:\/\/www.piovan.com\/fr\/product\/silos-food\/","og_site_name":"PiovanGroup","article_modified_time":"2025-05-19T10:50:21+00:00","og_image":[{"width":1200,"height":1560,"url":"https:\/\/www.piovan.com\/wp-content\/uploads\/0002_SILI-PENTA-2_originale.png","type":"image\/png"}],"twitter_card":"summary_large_image","schema":{"@context":"https:\/\/schema.org","@graph":[{"@type":"WebPage","@id":"https:\/\/www.piovan.com\/product\/silos-food\/","url":"https:\/\/www.piovan.com\/product\/silos-food\/","name":"Silos - PiovanGroup","isPartOf":{"@id":"https:\/\/www.piovan.com\/#website"},"datePublished":"2021-12-04T20:12:08+00:00","dateModified":"2025-05-19T10:50:21+00:00","breadcrumb":{"@id":"https:\/\/www.piovan.com\/product\/silos-food\/#breadcrumb"},"inLanguage":"fr-FR","potentialAction":[{"@type":"ReadAction","target":["https:\/\/www.piovan.com\/product\/silos-food\/"]}]},{"@type":"BreadcrumbList","@id":"https:\/\/www.piovan.com\/product\/silos-food\/#breadcrumb","itemListElement":[{"@type":"ListItem","position":1,"name":"Home","item":"https:\/\/www.piovan.com\/"},{"@type":"ListItem","position":2,"name":"Food","item":"https:\/\/www.piovan.com\/fr\/products\/food\/"},{"@type":"ListItem","position":3,"name":"Storage","item":"https:\/\/www.piovan.com\/fr\/products\/food\/storage-food\/"},{"@type":"ListItem","position":4,"name":"Silos"}]},{"@type":"WebSite","@id":"https:\/\/www.piovan.com\/#website","url":"https:\/\/www.piovan.com\/","name":"PiovanGroup","description":"","publisher":{"@id":"https:\/\/www.piovan.com\/#organization"},"potentialAction":[{"@type":"SearchAction","target":{"@type":"EntryPoint","urlTemplate":"https:\/\/www.piovan.com\/?s={search_term_string}"},"query-input":"required name=search_term_string"}],"inLanguage":"fr-FR"},{"@type":"Organization","@id":"https:\/\/www.piovan.com\/#organization","name":"PiovanGroup","url":"https:\/\/www.piovan.com\/","logo":{"@type":"ImageObject","inLanguage":"fr-FR","@id":"https:\/\/www.piovan.com\/#\/schema\/logo\/image\/","url":"https:\/\/www.piovan.com\/wp-content\/uploads\/2021\/06\/logo@2x.png","contentUrl":"https:\/\/www.piovan.com\/wp-content\/uploads\/2021\/06\/logo@2x.png","width":489,"height":78,"caption":"PiovanGroup"},"image":{"@id":"https:\/\/www.piovan.com\/#\/schema\/logo\/image\/"}}]}},"_links":{"self":[{"href":"https:\/\/www.piovan.com\/fr\/wp-json\/wp\/v2\/product\/5947"}],"collection":[{"href":"https:\/\/www.piovan.com\/fr\/wp-json\/wp\/v2\/product"}],"about":[{"href":"https:\/\/www.piovan.com\/fr\/wp-json\/wp\/v2\/types\/product"}],"version-history":[{"count":3,"href":"https:\/\/www.piovan.com\/fr\/wp-json\/wp\/v2\/product\/5947\/revisions"}],"predecessor-version":[{"id":15197,"href":"https:\/\/www.piovan.com\/fr\/wp-json\/wp\/v2\/product\/5947\/revisions\/15197"}],"wp:featuredmedia":[{"embeddable":true,"href":"https:\/\/www.piovan.com\/fr\/wp-json\/wp\/v2\/media\/15185"}],"wp:attachment":[{"href":"https:\/\/www.piovan.com\/fr\/wp-json\/wp\/v2\/media?parent=5947"}],"wp:term":[{"taxonomy":"post_tag","embeddable":true,"href":"https:\/\/www.piovan.com\/fr\/wp-json\/wp\/v2\/tags?post=5947"}],"curies":[{"name":"wp","href":"https:\/\/api.w.org\/{rel}","templated":true}]}}