{"id":5944,"date":"2021-12-04T20:58:13","date_gmt":"2021-12-04T19:58:13","guid":{"rendered":"https:\/\/www.piovan.com\/product\/dryair4food-2\/"},"modified":"2025-05-14T10:57:12","modified_gmt":"2025-05-14T08:57:12","slug":"powderbreak","status":"publish","type":"product","link":"https:\/\/www.piovan.com\/fr\/product\/powderbreak\/","title":{"rendered":"PowderBreak"},"content":{"rendered":"<p>Le casse grumeaux est une solution avanc\u00e9e pour l\u2019homog\u00e9n\u00e9isation des produits en poudre et en microgranul\u00e9s dans l\u2019industrie alimentaire.<\/p>\n<p>Le syst\u00e8me fonctionne selon un m\u00e9canisme efficace et \u00e9prouv\u00e9 : un arbre unique dot\u00e9 de trois palettes rotatives \u00e9crase le produit contre une grille perfor\u00e9e semi-cylindrique, ce qui permet un \u00e9crasement contr\u00f4l\u00e9 des agglom\u00e9rats. Cette action m\u00e9canique garantit un flux de produit uniforme et sans grumeaux, ce qui est essentiel pour maintenir des normes de qualit\u00e9 \u00e9lev\u00e9es dans le processus de production.<\/p>\n<p>La structure, enti\u00e8rement r\u00e9alis\u00e9e en acier inoxydable AISI 304, se pr\u00e9sente sous la forme d\u2019une unit\u00e9 rectangulaire compacte avec des flasques d\u2019entr\u00e9e sup\u00e9rieures et une sortie inf\u00e9rieure. La conception a \u00e9t\u00e9 optimis\u00e9e pour garantir:<\/p>\n<ul>\n<li>Accessibilit\u00e9 maximale pour l\u2019entretien et le nettoyage gr\u00e2ce \u00e0 la porte avant<\/li>\n<li class=\" translation-block\"><strong>Panier amovible<\/strong>  facilement pour un changement ou un nettoyage rapide<\/li>\n<li>Chambre de traitement unique avec puissance install\u00e9e de 3 kW<\/li>\n<li>Une construction robuste pour une fiabilit\u00e9 op\u00e9rationnelle<\/li>\n<\/ul>\n<p>La g\u00e9om\u00e9trie simple mais efficace permet de traiter des d\u00e9bits de produits \u00e9lev\u00e9s sans risque de blocage, ce qui la rend particuli\u00e8rement adapt\u00e9e aux produits hygroscopiques qui ont tendance \u00e0 former des agglom\u00e9rats pendant le stockage.<\/p>\n<p>Le syst\u00e8me garantit un processus continu et fiable, ce qui est essentiel pour maintenir la qualit\u00e9 du produit final.<\/p>","protected":false},"featured_media":15093,"template":"","tags":[47,189,44],"acf":[],"yoast_head":"<title>PowderBreak - PiovanGroup<\/title>\n<meta name=\"robots\" content=\"index, follow, max-snippet:-1, max-image-preview:large, max-video-preview:-1\" \/>\n<link rel=\"canonical\" href=\"https:\/\/www.piovan.com\/fr\/product\/powderbreak\/\" \/>\n<meta property=\"og:locale\" content=\"fr_FR\" \/>\n<meta property=\"og:type\" content=\"article\" \/>\n<meta property=\"og:title\" content=\"PowderBreak - PiovanGroup\" \/>\n<meta property=\"og:description\" content=\"The lump breaker is an advanced solution for the homogenization of powder and microgranule products in the food industry. The system operates through an efficient and proven mechanism: a single shaft equipped with three rotating blades crushes the product against a semi-cylindrical perforated grid, allowing controlled crushing of agglomerates. This mechanical action ensures a uniform, lump-free product flow, which is essential for maintaining high quality standards in the production process. The structure, made entirely of AISI 304 stainless steel, is [&hellip;]\" \/>\n<meta property=\"og:url\" content=\"https:\/\/www.piovan.com\/fr\/product\/powderbreak\/\" \/>\n<meta property=\"og:site_name\" content=\"PiovanGroup\" \/>\n<meta property=\"article:modified_time\" content=\"2025-05-14T08:57:12+00:00\" \/>\n<meta property=\"og:image\" content=\"https:\/\/www.piovan.com\/wp-content\/uploads\/0006_Rompigrumi_PowderBreak.png\" \/>\n\t<meta property=\"og:image:width\" content=\"1200\" \/>\n\t<meta property=\"og:image:height\" content=\"1560\" \/>\n\t<meta property=\"og:image:type\" content=\"image\/png\" \/>\n<meta name=\"twitter:card\" content=\"summary_large_image\" \/>\n<script type=\"application\/ld+json\" class=\"yoast-schema-graph\">{\"@context\":\"https:\/\/schema.org\",\"@graph\":[{\"@type\":\"WebPage\",\"@id\":\"https:\/\/www.piovan.com\/product\/powderbreak\/\",\"url\":\"https:\/\/www.piovan.com\/product\/powderbreak\/\",\"name\":\"PowderBreak - PiovanGroup\",\"isPartOf\":{\"@id\":\"https:\/\/www.piovan.com\/#website\"},\"datePublished\":\"2021-12-04T19:58:13+00:00\",\"dateModified\":\"2025-05-14T08:57:12+00:00\",\"breadcrumb\":{\"@id\":\"https:\/\/www.piovan.com\/product\/powderbreak\/#breadcrumb\"},\"inLanguage\":\"fr-FR\",\"potentialAction\":[{\"@type\":\"ReadAction\",\"target\":[\"https:\/\/www.piovan.com\/product\/powderbreak\/\"]}]},{\"@type\":\"BreadcrumbList\",\"@id\":\"https:\/\/www.piovan.com\/product\/powderbreak\/#breadcrumb\",\"itemListElement\":[{\"@type\":\"ListItem\",\"position\":1,\"name\":\"Home\",\"item\":\"https:\/\/www.piovan.com\/\"},{\"@type\":\"ListItem\",\"position\":2,\"name\":\"Food Applications\",\"item\":\"https:\/\/www.piovan.com\/fr\/products\/food-applications\/\"},{\"@type\":\"ListItem\",\"position\":3,\"name\":\"Cookies\",\"item\":\"https:\/\/www.piovan.com\/fr\/products\/food-applications\/cookies\/\"},{\"@type\":\"ListItem\",\"position\":4,\"name\":\"PowderBreak\"}]},{\"@type\":\"WebSite\",\"@id\":\"https:\/\/www.piovan.com\/#website\",\"url\":\"https:\/\/www.piovan.com\/\",\"name\":\"PiovanGroup\",\"description\":\"\",\"publisher\":{\"@id\":\"https:\/\/www.piovan.com\/#organization\"},\"potentialAction\":[{\"@type\":\"SearchAction\",\"target\":{\"@type\":\"EntryPoint\",\"urlTemplate\":\"https:\/\/www.piovan.com\/?s={search_term_string}\"},\"query-input\":\"required name=search_term_string\"}],\"inLanguage\":\"fr-FR\"},{\"@type\":\"Organization\",\"@id\":\"https:\/\/www.piovan.com\/#organization\",\"name\":\"PiovanGroup\",\"url\":\"https:\/\/www.piovan.com\/\",\"logo\":{\"@type\":\"ImageObject\",\"inLanguage\":\"fr-FR\",\"@id\":\"https:\/\/www.piovan.com\/#\/schema\/logo\/image\/\",\"url\":\"https:\/\/www.piovan.com\/wp-content\/uploads\/2021\/06\/logo@2x.png\",\"contentUrl\":\"https:\/\/www.piovan.com\/wp-content\/uploads\/2021\/06\/logo@2x.png\",\"width\":489,\"height\":78,\"caption\":\"PiovanGroup\"},\"image\":{\"@id\":\"https:\/\/www.piovan.com\/#\/schema\/logo\/image\/\"}}]}<\/script>","yoast_head_json":{"title":"PowderBreak - PiovanGroup","robots":{"index":"index","follow":"follow","max-snippet":"max-snippet:-1","max-image-preview":"max-image-preview:large","max-video-preview":"max-video-preview:-1"},"canonical":"https:\/\/www.piovan.com\/fr\/product\/powderbreak\/","og_locale":"fr_FR","og_type":"article","og_title":"PowderBreak - PiovanGroup","og_description":"The lump breaker is an advanced solution for the homogenization of powder and microgranule products in the food industry. The system operates through an efficient and proven mechanism: a single shaft equipped with three rotating blades crushes the product against a semi-cylindrical perforated grid, allowing controlled crushing of agglomerates. This mechanical action ensures a uniform, lump-free product flow, which is essential for maintaining high quality standards in the production process. The structure, made entirely of AISI 304 stainless steel, is [&hellip;]","og_url":"https:\/\/www.piovan.com\/fr\/product\/powderbreak\/","og_site_name":"PiovanGroup","article_modified_time":"2025-05-14T08:57:12+00:00","og_image":[{"width":1200,"height":1560,"url":"https:\/\/www.piovan.com\/wp-content\/uploads\/0006_Rompigrumi_PowderBreak.png","type":"image\/png"}],"twitter_card":"summary_large_image","schema":{"@context":"https:\/\/schema.org","@graph":[{"@type":"WebPage","@id":"https:\/\/www.piovan.com\/product\/powderbreak\/","url":"https:\/\/www.piovan.com\/product\/powderbreak\/","name":"PowderBreak - PiovanGroup","isPartOf":{"@id":"https:\/\/www.piovan.com\/#website"},"datePublished":"2021-12-04T19:58:13+00:00","dateModified":"2025-05-14T08:57:12+00:00","breadcrumb":{"@id":"https:\/\/www.piovan.com\/product\/powderbreak\/#breadcrumb"},"inLanguage":"fr-FR","potentialAction":[{"@type":"ReadAction","target":["https:\/\/www.piovan.com\/product\/powderbreak\/"]}]},{"@type":"BreadcrumbList","@id":"https:\/\/www.piovan.com\/product\/powderbreak\/#breadcrumb","itemListElement":[{"@type":"ListItem","position":1,"name":"Home","item":"https:\/\/www.piovan.com\/"},{"@type":"ListItem","position":2,"name":"Food Applications","item":"https:\/\/www.piovan.com\/fr\/products\/food-applications\/"},{"@type":"ListItem","position":3,"name":"Cookies","item":"https:\/\/www.piovan.com\/fr\/products\/food-applications\/cookies\/"},{"@type":"ListItem","position":4,"name":"PowderBreak"}]},{"@type":"WebSite","@id":"https:\/\/www.piovan.com\/#website","url":"https:\/\/www.piovan.com\/","name":"PiovanGroup","description":"","publisher":{"@id":"https:\/\/www.piovan.com\/#organization"},"potentialAction":[{"@type":"SearchAction","target":{"@type":"EntryPoint","urlTemplate":"https:\/\/www.piovan.com\/?s={search_term_string}"},"query-input":"required name=search_term_string"}],"inLanguage":"fr-FR"},{"@type":"Organization","@id":"https:\/\/www.piovan.com\/#organization","name":"PiovanGroup","url":"https:\/\/www.piovan.com\/","logo":{"@type":"ImageObject","inLanguage":"fr-FR","@id":"https:\/\/www.piovan.com\/#\/schema\/logo\/image\/","url":"https:\/\/www.piovan.com\/wp-content\/uploads\/2021\/06\/logo@2x.png","contentUrl":"https:\/\/www.piovan.com\/wp-content\/uploads\/2021\/06\/logo@2x.png","width":489,"height":78,"caption":"PiovanGroup"},"image":{"@id":"https:\/\/www.piovan.com\/#\/schema\/logo\/image\/"}}]}},"_links":{"self":[{"href":"https:\/\/www.piovan.com\/fr\/wp-json\/wp\/v2\/product\/5944"}],"collection":[{"href":"https:\/\/www.piovan.com\/fr\/wp-json\/wp\/v2\/product"}],"about":[{"href":"https:\/\/www.piovan.com\/fr\/wp-json\/wp\/v2\/types\/product"}],"version-history":[{"count":4,"href":"https:\/\/www.piovan.com\/fr\/wp-json\/wp\/v2\/product\/5944\/revisions"}],"predecessor-version":[{"id":15098,"href":"https:\/\/www.piovan.com\/fr\/wp-json\/wp\/v2\/product\/5944\/revisions\/15098"}],"wp:featuredmedia":[{"embeddable":true,"href":"https:\/\/www.piovan.com\/fr\/wp-json\/wp\/v2\/media\/15093"}],"wp:attachment":[{"href":"https:\/\/www.piovan.com\/fr\/wp-json\/wp\/v2\/media?parent=5944"}],"wp:term":[{"taxonomy":"post_tag","embeddable":true,"href":"https:\/\/www.piovan.com\/fr\/wp-json\/wp\/v2\/tags?post=5944"}],"curies":[{"name":"wp","href":"https:\/\/api.w.org\/{rel}","templated":true}]}}