{"id":5942,"date":"2021-12-04T20:50:13","date_gmt":"2021-12-04T19:50:13","guid":{"rendered":"https:\/\/www.piovan.com\/?post_type=product&#038;p=5942"},"modified":"2025-07-07T15:51:48","modified_gmt":"2025-07-07T13:51:48","slug":"dryair4food","status":"publish","type":"product","link":"https:\/\/www.piovan.com\/fr\/product\/dryair4food\/","title":{"rendered":"DryAir4Food"},"content":{"rendered":"<p>Fort d'une solide exp\u00e9rience dans\nle traitement et la conservation des\nsucres et des farines alimentaires,\nPiovan Food&amp;Powders - en collaboration avec la R&amp;D de Piovan - a d\u00e9velopp\u00e9 DryAir4Food, le nouveau s\u00e9cheur\n\u00e0 trois niveaux de filtration adapt\u00e9\nau contact indirect avec les aliments\n(configuration compl\u00e8te). En plus de\nrespecter les exigences communes\naux machines du secteur telles que\nles pieds r\u00e9glables en hauteur et le tableau \u00e9lectrique avec un degr\u00e9 IP54,\nDryAir4Food se caract\u00e9rise \u00e9galement\npar le contr\u00f4le \u00e9volu\u00e9 qui a \u00e9t\u00e9 con\u00e7u\ndans l\u2019optique \u00ab Industrie 4.0 \u00bb.<\/p>\n<p>Le contr\u00f4le du d\u00e9bit d'air de proc\u00e9d\u00e9\navec onduleur et la possibilit\u00e9 de communiquer avec les syst\u00e8mes SCADA via\nle protocole de communication Profinet sont des points forts qui placent\nce produit \u00e0 la pointe des technologies\nactuellement disponibles sur le march\u00e9 (version API uniquement).<\/p>","protected":false},"featured_media":15070,"template":"","tags":[189,44],"acf":[],"yoast_head":"<title>DryAir4Food - PiovanGroup<\/title>\n<meta name=\"robots\" content=\"index, follow, max-snippet:-1, max-image-preview:large, max-video-preview:-1\" \/>\n<link rel=\"canonical\" href=\"https:\/\/www.piovan.com\/fr\/product\/dryair4food\/\" \/>\n<meta property=\"og:locale\" content=\"fr_FR\" \/>\n<meta property=\"og:type\" content=\"article\" \/>\n<meta property=\"og:title\" content=\"DryAir4Food - PiovanGroup\" \/>\n<meta property=\"og:description\" content=\"Starting from a solid experience in the treatment and storage of sugars and flours for human consumption, Piovan Food&amp;Powders - in cooperation with Piovan\u2019s R&amp;D department - has developed DryAir4Food, the new dryer with three filtration levels, approved for indirect contact with food (complete configuration). As well as meeting the prerequisites common to all machinery in this industry, such as height-adjustable feet and IP54 control panel, DryAir4Food also features a state-ofthe-art control system, designed with \u201cindustry 4.0\u201d in mind. The [&hellip;]\" \/>\n<meta property=\"og:url\" content=\"https:\/\/www.piovan.com\/fr\/product\/dryair4food\/\" \/>\n<meta property=\"og:site_name\" content=\"PiovanGroup\" \/>\n<meta property=\"article:modified_time\" content=\"2025-07-07T13:51:48+00:00\" \/>\n<meta property=\"og:image\" content=\"https:\/\/www.piovan.com\/wp-content\/uploads\/0008_DryAir4food_01_NEW.png\" \/>\n\t<meta property=\"og:image:width\" content=\"1200\" \/>\n\t<meta property=\"og:image:height\" content=\"1560\" \/>\n\t<meta property=\"og:image:type\" content=\"image\/png\" \/>\n<meta name=\"twitter:card\" content=\"summary_large_image\" \/>\n<script type=\"application\/ld+json\" class=\"yoast-schema-graph\">{\"@context\":\"https:\/\/schema.org\",\"@graph\":[{\"@type\":\"WebPage\",\"@id\":\"https:\/\/www.piovan.com\/product\/dryair4food\/\",\"url\":\"https:\/\/www.piovan.com\/product\/dryair4food\/\",\"name\":\"DryAir4Food - PiovanGroup\",\"isPartOf\":{\"@id\":\"https:\/\/www.piovan.com\/#website\"},\"datePublished\":\"2021-12-04T19:50:13+00:00\",\"dateModified\":\"2025-07-07T13:51:48+00:00\",\"breadcrumb\":{\"@id\":\"https:\/\/www.piovan.com\/product\/dryair4food\/#breadcrumb\"},\"inLanguage\":\"fr-FR\",\"potentialAction\":[{\"@type\":\"ReadAction\",\"target\":[\"https:\/\/www.piovan.com\/product\/dryair4food\/\"]}]},{\"@type\":\"BreadcrumbList\",\"@id\":\"https:\/\/www.piovan.com\/product\/dryair4food\/#breadcrumb\",\"itemListElement\":[{\"@type\":\"ListItem\",\"position\":1,\"name\":\"Home\",\"item\":\"https:\/\/www.piovan.com\/\"},{\"@type\":\"ListItem\",\"position\":2,\"name\":\"Food\",\"item\":\"https:\/\/www.piovan.com\/fr\/products\/food\/\"},{\"@type\":\"ListItem\",\"position\":3,\"name\":\"Dehumidification\",\"item\":\"https:\/\/www.piovan.com\/fr\/products\/food\/dehumidification\/\"},{\"@type\":\"ListItem\",\"position\":4,\"name\":\"DryAir4Food\"}]},{\"@type\":\"WebSite\",\"@id\":\"https:\/\/www.piovan.com\/#website\",\"url\":\"https:\/\/www.piovan.com\/\",\"name\":\"PiovanGroup\",\"description\":\"\",\"publisher\":{\"@id\":\"https:\/\/www.piovan.com\/#organization\"},\"potentialAction\":[{\"@type\":\"SearchAction\",\"target\":{\"@type\":\"EntryPoint\",\"urlTemplate\":\"https:\/\/www.piovan.com\/?s={search_term_string}\"},\"query-input\":\"required name=search_term_string\"}],\"inLanguage\":\"fr-FR\"},{\"@type\":\"Organization\",\"@id\":\"https:\/\/www.piovan.com\/#organization\",\"name\":\"PiovanGroup\",\"url\":\"https:\/\/www.piovan.com\/\",\"logo\":{\"@type\":\"ImageObject\",\"inLanguage\":\"fr-FR\",\"@id\":\"https:\/\/www.piovan.com\/#\/schema\/logo\/image\/\",\"url\":\"https:\/\/www.piovan.com\/wp-content\/uploads\/2021\/06\/logo@2x.png\",\"contentUrl\":\"https:\/\/www.piovan.com\/wp-content\/uploads\/2021\/06\/logo@2x.png\",\"width\":489,\"height\":78,\"caption\":\"PiovanGroup\"},\"image\":{\"@id\":\"https:\/\/www.piovan.com\/#\/schema\/logo\/image\/\"}}]}<\/script>","yoast_head_json":{"title":"DryAir4Food - PiovanGroup","robots":{"index":"index","follow":"follow","max-snippet":"max-snippet:-1","max-image-preview":"max-image-preview:large","max-video-preview":"max-video-preview:-1"},"canonical":"https:\/\/www.piovan.com\/fr\/product\/dryair4food\/","og_locale":"fr_FR","og_type":"article","og_title":"DryAir4Food - PiovanGroup","og_description":"Starting from a solid experience in the treatment and storage of sugars and flours for human consumption, Piovan Food&amp;Powders - in cooperation with Piovan\u2019s R&amp;D department - has developed DryAir4Food, the new dryer with three filtration levels, approved for indirect contact with food (complete configuration). As well as meeting the prerequisites common to all machinery in this industry, such as height-adjustable feet and IP54 control panel, DryAir4Food also features a state-ofthe-art control system, designed with \u201cindustry 4.0\u201d in mind. The [&hellip;]","og_url":"https:\/\/www.piovan.com\/fr\/product\/dryair4food\/","og_site_name":"PiovanGroup","article_modified_time":"2025-07-07T13:51:48+00:00","og_image":[{"width":1200,"height":1560,"url":"https:\/\/www.piovan.com\/wp-content\/uploads\/0008_DryAir4food_01_NEW.png","type":"image\/png"}],"twitter_card":"summary_large_image","schema":{"@context":"https:\/\/schema.org","@graph":[{"@type":"WebPage","@id":"https:\/\/www.piovan.com\/product\/dryair4food\/","url":"https:\/\/www.piovan.com\/product\/dryair4food\/","name":"DryAir4Food - PiovanGroup","isPartOf":{"@id":"https:\/\/www.piovan.com\/#website"},"datePublished":"2021-12-04T19:50:13+00:00","dateModified":"2025-07-07T13:51:48+00:00","breadcrumb":{"@id":"https:\/\/www.piovan.com\/product\/dryair4food\/#breadcrumb"},"inLanguage":"fr-FR","potentialAction":[{"@type":"ReadAction","target":["https:\/\/www.piovan.com\/product\/dryair4food\/"]}]},{"@type":"BreadcrumbList","@id":"https:\/\/www.piovan.com\/product\/dryair4food\/#breadcrumb","itemListElement":[{"@type":"ListItem","position":1,"name":"Home","item":"https:\/\/www.piovan.com\/"},{"@type":"ListItem","position":2,"name":"Food","item":"https:\/\/www.piovan.com\/fr\/products\/food\/"},{"@type":"ListItem","position":3,"name":"Dehumidification","item":"https:\/\/www.piovan.com\/fr\/products\/food\/dehumidification\/"},{"@type":"ListItem","position":4,"name":"DryAir4Food"}]},{"@type":"WebSite","@id":"https:\/\/www.piovan.com\/#website","url":"https:\/\/www.piovan.com\/","name":"PiovanGroup","description":"","publisher":{"@id":"https:\/\/www.piovan.com\/#organization"},"potentialAction":[{"@type":"SearchAction","target":{"@type":"EntryPoint","urlTemplate":"https:\/\/www.piovan.com\/?s={search_term_string}"},"query-input":"required name=search_term_string"}],"inLanguage":"fr-FR"},{"@type":"Organization","@id":"https:\/\/www.piovan.com\/#organization","name":"PiovanGroup","url":"https:\/\/www.piovan.com\/","logo":{"@type":"ImageObject","inLanguage":"fr-FR","@id":"https:\/\/www.piovan.com\/#\/schema\/logo\/image\/","url":"https:\/\/www.piovan.com\/wp-content\/uploads\/2021\/06\/logo@2x.png","contentUrl":"https:\/\/www.piovan.com\/wp-content\/uploads\/2021\/06\/logo@2x.png","width":489,"height":78,"caption":"PiovanGroup"},"image":{"@id":"https:\/\/www.piovan.com\/#\/schema\/logo\/image\/"}}]}},"_links":{"self":[{"href":"https:\/\/www.piovan.com\/fr\/wp-json\/wp\/v2\/product\/5942"}],"collection":[{"href":"https:\/\/www.piovan.com\/fr\/wp-json\/wp\/v2\/product"}],"about":[{"href":"https:\/\/www.piovan.com\/fr\/wp-json\/wp\/v2\/types\/product"}],"version-history":[{"count":3,"href":"https:\/\/www.piovan.com\/fr\/wp-json\/wp\/v2\/product\/5942\/revisions"}],"predecessor-version":[{"id":15347,"href":"https:\/\/www.piovan.com\/fr\/wp-json\/wp\/v2\/product\/5942\/revisions\/15347"}],"wp:featuredmedia":[{"embeddable":true,"href":"https:\/\/www.piovan.com\/fr\/wp-json\/wp\/v2\/media\/15070"}],"wp:attachment":[{"href":"https:\/\/www.piovan.com\/fr\/wp-json\/wp\/v2\/media?parent=5942"}],"wp:term":[{"taxonomy":"post_tag","embeddable":true,"href":"https:\/\/www.piovan.com\/fr\/wp-json\/wp\/v2\/tags?post=5942"}],"curies":[{"name":"wp","href":"https:\/\/api.w.org\/{rel}","templated":true}]}}