{"id":5590,"date":"2021-11-29T17:27:46","date_gmt":"2021-11-29T16:27:46","guid":{"rendered":"https:\/\/www.piovan.com\/product\/kd-2\/"},"modified":"2025-02-27T10:02:13","modified_gmt":"2025-02-27T09:02:13","slug":"kd","status":"publish","type":"product","link":"https:\/\/www.piovan.com\/fr\/product\/kd\/","title":{"rendered":"KD"},"content":{"rendered":"<p>La s\u00e9rie KD a \u00e9t\u00e9 con\u00e7ue pour le d\u00e9poussi\u00e9rage des mati\u00e8res rebroy\u00e9es afin d'en am\u00e9liorer la qualit\u00e9. L'air de traitement utilis\u00e9 pour le processus de d\u00e9poussi\u00e9rage est filtr\u00e9 et peut retourner dans l'atmosph\u00e8re, maintenant ainsi l'environnement s\u00fbr et propre.<\/p>\n<p>Il existe diff\u00e9rentes configurations pour une vari\u00e9t\u00e9 d'applications\u00a0; il peut \u00eatre plac\u00e9 au sol et fix\u00e9 \u00e0 un broyeur nouveau ou existant.<\/p>\n<p>Les syst\u00e8mes de d\u00e9poussi\u00e9rage sont \u00e9quip\u00e9s d'un syst\u00e8me d'aspiration d'air sous vide et d'un filtre \u00e0 cartouche. Ce filtre est fourni avec nettoyage automatique de la cartouche (\u00e0 l'exception de KD01).<\/p>\n<p>L'installation peut \u00eatre compl\u00e9t\u00e9e par une vaste gamme d'accessoires tels que support de big-bag, s\u00e9parateur de m\u00e9tal ou barre antistatique.<\/p>","protected":false},"featured_media":13617,"template":"","tags":[108,41],"acf":[],"yoast_head":"<title>KD - Groupe Piovan<\/title>\n<meta name=\"robots\" content=\"index, follow, max-snippet:-1, max-image-preview:large, max-video-preview:-1\" \/>\n<link rel=\"canonical\" href=\"https:\/\/www.piovan.com\/fr\/product\/kd\/\" \/>\n<meta property=\"og:locale\" content=\"fr_FR\" \/>\n<meta property=\"og:type\" content=\"article\" \/>\n<meta property=\"og:title\" content=\"KD - PiovanGroup\" \/>\n<meta property=\"og:description\" content=\"The KD series is designed for the de-dusting of regrind material in order to improve quality. The process air used for the de-dusting process is filtered and it can return into the atmosphere, keeping a safe and clean environment. There are different configurations for a variety of application and it can be floor standing and fitted to a new or existing grinder. The de-dusting systems are equipped with an air suction system under vacuum and with a cartridge filter. This [&hellip;]\" \/>\n<meta property=\"og:url\" content=\"https:\/\/www.piovan.com\/fr\/product\/kd\/\" \/>\n<meta property=\"og:site_name\" content=\"PiovanGroup\" \/>\n<meta property=\"article:modified_time\" content=\"2025-02-27T09:02:13+00:00\" \/>\n<meta property=\"og:image\" content=\"https:\/\/www.piovan.com\/wp-content\/uploads\/KD.png\" \/>\n\t<meta property=\"og:image:width\" content=\"1200\" \/>\n\t<meta property=\"og:image:height\" content=\"1560\" \/>\n\t<meta property=\"og:image:type\" content=\"image\/png\" \/>\n<meta name=\"twitter:card\" content=\"summary_large_image\" \/>\n<script type=\"application\/ld+json\" class=\"yoast-schema-graph\">{\"@context\":\"https:\/\/schema.org\",\"@graph\":[{\"@type\":\"WebPage\",\"@id\":\"https:\/\/www.piovan.com\/product\/kd\/\",\"url\":\"https:\/\/www.piovan.com\/product\/kd\/\",\"name\":\"KD - PiovanGroup\",\"isPartOf\":{\"@id\":\"https:\/\/www.piovan.com\/#website\"},\"datePublished\":\"2021-11-29T16:27:46+00:00\",\"dateModified\":\"2025-02-27T09:02:13+00:00\",\"breadcrumb\":{\"@id\":\"https:\/\/www.piovan.com\/product\/kd\/#breadcrumb\"},\"inLanguage\":\"fr-FR\",\"potentialAction\":[{\"@type\":\"ReadAction\",\"target\":[\"https:\/\/www.piovan.com\/product\/kd\/\"]}]},{\"@type\":\"BreadcrumbList\",\"@id\":\"https:\/\/www.piovan.com\/product\/kd\/#breadcrumb\",\"itemListElement\":[{\"@type\":\"ListItem\",\"position\":1,\"name\":\"Home\",\"item\":\"https:\/\/www.piovan.com\/\"},{\"@type\":\"ListItem\",\"position\":2,\"name\":\"Plastic\",\"item\":\"https:\/\/www.piovan.com\/fr\/products\/plastique\/\"},{\"@type\":\"ListItem\",\"position\":3,\"name\":\"Granulation\",\"item\":\"https:\/\/www.piovan.com\/fr\/products\/plastique\/granulation\/\"},{\"@type\":\"ListItem\",\"position\":4,\"name\":\"KD\"}]},{\"@type\":\"WebSite\",\"@id\":\"https:\/\/www.piovan.com\/#website\",\"url\":\"https:\/\/www.piovan.com\/\",\"name\":\"PiovanGroup\",\"description\":\"\",\"publisher\":{\"@id\":\"https:\/\/www.piovan.com\/#organization\"},\"potentialAction\":[{\"@type\":\"SearchAction\",\"target\":{\"@type\":\"EntryPoint\",\"urlTemplate\":\"https:\/\/www.piovan.com\/?s={search_term_string}\"},\"query-input\":\"required name=search_term_string\"}],\"inLanguage\":\"fr-FR\"},{\"@type\":\"Organization\",\"@id\":\"https:\/\/www.piovan.com\/#organization\",\"name\":\"PiovanGroup\",\"url\":\"https:\/\/www.piovan.com\/\",\"logo\":{\"@type\":\"ImageObject\",\"inLanguage\":\"fr-FR\",\"@id\":\"https:\/\/www.piovan.com\/#\/schema\/logo\/image\/\",\"url\":\"https:\/\/www.piovan.com\/wp-content\/uploads\/2021\/06\/logo@2x.png\",\"contentUrl\":\"https:\/\/www.piovan.com\/wp-content\/uploads\/2021\/06\/logo@2x.png\",\"width\":489,\"height\":78,\"caption\":\"PiovanGroup\"},\"image\":{\"@id\":\"https:\/\/www.piovan.com\/#\/schema\/logo\/image\/\"}}]}<\/script>","yoast_head_json":{"title":"KD - Groupe Piovan","robots":{"index":"index","follow":"follow","max-snippet":"max-snippet:-1","max-image-preview":"max-image-preview:large","max-video-preview":"max-video-preview:-1"},"canonical":"https:\/\/www.piovan.com\/fr\/product\/kd\/","og_locale":"fr_FR","og_type":"article","og_title":"KD - PiovanGroup","og_description":"The KD series is designed for the de-dusting of regrind material in order to improve quality. The process air used for the de-dusting process is filtered and it can return into the atmosphere, keeping a safe and clean environment. There are different configurations for a variety of application and it can be floor standing and fitted to a new or existing grinder. The de-dusting systems are equipped with an air suction system under vacuum and with a cartridge filter. This [&hellip;]","og_url":"https:\/\/www.piovan.com\/fr\/product\/kd\/","og_site_name":"PiovanGroup","article_modified_time":"2025-02-27T09:02:13+00:00","og_image":[{"width":1200,"height":1560,"url":"https:\/\/www.piovan.com\/wp-content\/uploads\/KD.png","type":"image\/png"}],"twitter_card":"summary_large_image","schema":{"@context":"https:\/\/schema.org","@graph":[{"@type":"WebPage","@id":"https:\/\/www.piovan.com\/product\/kd\/","url":"https:\/\/www.piovan.com\/product\/kd\/","name":"KD - PiovanGroup","isPartOf":{"@id":"https:\/\/www.piovan.com\/#website"},"datePublished":"2021-11-29T16:27:46+00:00","dateModified":"2025-02-27T09:02:13+00:00","breadcrumb":{"@id":"https:\/\/www.piovan.com\/product\/kd\/#breadcrumb"},"inLanguage":"fr-FR","potentialAction":[{"@type":"ReadAction","target":["https:\/\/www.piovan.com\/product\/kd\/"]}]},{"@type":"BreadcrumbList","@id":"https:\/\/www.piovan.com\/product\/kd\/#breadcrumb","itemListElement":[{"@type":"ListItem","position":1,"name":"Home","item":"https:\/\/www.piovan.com\/"},{"@type":"ListItem","position":2,"name":"Plastic","item":"https:\/\/www.piovan.com\/fr\/products\/plastique\/"},{"@type":"ListItem","position":3,"name":"Granulation","item":"https:\/\/www.piovan.com\/fr\/products\/plastique\/granulation\/"},{"@type":"ListItem","position":4,"name":"KD"}]},{"@type":"WebSite","@id":"https:\/\/www.piovan.com\/#website","url":"https:\/\/www.piovan.com\/","name":"PiovanGroup","description":"","publisher":{"@id":"https:\/\/www.piovan.com\/#organization"},"potentialAction":[{"@type":"SearchAction","target":{"@type":"EntryPoint","urlTemplate":"https:\/\/www.piovan.com\/?s={search_term_string}"},"query-input":"required name=search_term_string"}],"inLanguage":"fr-FR"},{"@type":"Organization","@id":"https:\/\/www.piovan.com\/#organization","name":"PiovanGroup","url":"https:\/\/www.piovan.com\/","logo":{"@type":"ImageObject","inLanguage":"fr-FR","@id":"https:\/\/www.piovan.com\/#\/schema\/logo\/image\/","url":"https:\/\/www.piovan.com\/wp-content\/uploads\/2021\/06\/logo@2x.png","contentUrl":"https:\/\/www.piovan.com\/wp-content\/uploads\/2021\/06\/logo@2x.png","width":489,"height":78,"caption":"PiovanGroup"},"image":{"@id":"https:\/\/www.piovan.com\/#\/schema\/logo\/image\/"}}]}},"_links":{"self":[{"href":"https:\/\/www.piovan.com\/fr\/wp-json\/wp\/v2\/product\/5590"}],"collection":[{"href":"https:\/\/www.piovan.com\/fr\/wp-json\/wp\/v2\/product"}],"about":[{"href":"https:\/\/www.piovan.com\/fr\/wp-json\/wp\/v2\/types\/product"}],"version-history":[{"count":3,"href":"https:\/\/www.piovan.com\/fr\/wp-json\/wp\/v2\/product\/5590\/revisions"}],"predecessor-version":[{"id":14595,"href":"https:\/\/www.piovan.com\/fr\/wp-json\/wp\/v2\/product\/5590\/revisions\/14595"}],"wp:featuredmedia":[{"embeddable":true,"href":"https:\/\/www.piovan.com\/fr\/wp-json\/wp\/v2\/media\/13617"}],"wp:attachment":[{"href":"https:\/\/www.piovan.com\/fr\/wp-json\/wp\/v2\/media?parent=5590"}],"wp:term":[{"taxonomy":"post_tag","embeddable":true,"href":"https:\/\/www.piovan.com\/fr\/wp-json\/wp\/v2\/tags?post=5590"}],"curies":[{"name":"wp","href":"https:\/\/api.w.org\/{rel}","templated":true}]}}