{"id":5174,"date":"2021-11-12T17:53:29","date_gmt":"2021-11-12T16:53:29","guid":{"rendered":"https:\/\/www.piovan.com\/?post_type=product&#038;p=5174"},"modified":"2025-05-19T12:51:09","modified_gmt":"2025-05-19T10:51:09","slug":"silos","status":"publish","type":"product","link":"https:\/\/www.piovan.com\/fr\/product\/silos\/","title":{"rendered":"Silos"},"content":{"rendered":"<p>Les silos de grand diam\u00e8tre offrent une grande attention aux aspects fonctionnel et esth\u00e9tique pour une installation en ext\u00e9rieur.<br \/>\nConvenant au granul\u00e9s, flocons ou poudres, les silos Piovan ont des g\u00e9om\u00e9tries et des \u00e9quipements sp\u00e9cifiques en fonction des mat\u00e9riaux \u00e0 stocker, tels que:<\/p>\n<p>\u2022 Des filtres \u00e0 air aux sorties<br \/>\n\u2022 Des syst\u00e8mes d'extraction pour les polym\u00e8res \u00e0 frottement \u00e9lev\u00e9<br \/>\n\u2022 Des solutions de mesure telles que capteurs de poids ou capteur de niveau continu (de type radar ou fil \u00e0 plomb)<br \/>\n\u2022 Des syst\u00e8mes de protection pour les atmosph\u00e8res potentiellement explosives.<\/p>\n<p>Les silos sont compatibles avec une vaste gamme de m\u00e9thodes de chargement, telles que pompes de camion, conteneurs maritimes avec sacs, souffleuses\n\u00e0 haute pression pour les syst\u00e8mes de convoyage \u00e0 phase dense ou semi-dense.<\/p>\n<p>Le calcul de la charge au sol ou les documents techniques sp\u00e9cifiques sont disponibles sur demande.<\/p>","protected":false},"featured_media":15185,"template":"","tags":[108,42,189,44],"acf":[],"yoast_head":"<title>Silos - Groupe Piovan<\/title>\n<meta name=\"robots\" content=\"index, follow, max-snippet:-1, max-image-preview:large, max-video-preview:-1\" \/>\n<link rel=\"canonical\" href=\"https:\/\/www.piovan.com\/fr\/product\/silos\/\" \/>\n<meta property=\"og:locale\" content=\"fr_FR\" \/>\n<meta property=\"og:type\" content=\"article\" \/>\n<meta property=\"og:title\" content=\"Silos - PiovanGroup\" \/>\n<meta property=\"og:description\" content=\"Large diameter silos offer with great attention to functional and aesthetics for outdoor installation. Suitable for granules, flakes or powders, Piovan silos have specific geometries and devices for according to the materials to store, such as: \u2022 Outlet air filters \u2022 Extraction systems for high friction polymers \u2022 Measurement solutions like load cells or continuous level sensor (radar or plumb bob type) \u2022 Protection systems for potentially explosive atmospheres. The silos are compatible with a wide range of loading methods [&hellip;]\" \/>\n<meta property=\"og:url\" content=\"https:\/\/www.piovan.com\/fr\/product\/silos\/\" \/>\n<meta property=\"og:site_name\" content=\"PiovanGroup\" \/>\n<meta property=\"article:modified_time\" content=\"2025-05-19T10:51:09+00:00\" \/>\n<meta property=\"og:image\" content=\"https:\/\/www.piovan.com\/wp-content\/uploads\/0002_SILI-PENTA-2_originale.png\" \/>\n\t<meta property=\"og:image:width\" content=\"1200\" \/>\n\t<meta property=\"og:image:height\" content=\"1560\" \/>\n\t<meta property=\"og:image:type\" content=\"image\/png\" \/>\n<meta name=\"twitter:card\" content=\"summary_large_image\" \/>\n<script type=\"application\/ld+json\" class=\"yoast-schema-graph\">{\"@context\":\"https:\/\/schema.org\",\"@graph\":[{\"@type\":\"WebPage\",\"@id\":\"https:\/\/www.piovan.com\/product\/silos\/\",\"url\":\"https:\/\/www.piovan.com\/product\/silos\/\",\"name\":\"Silos - PiovanGroup\",\"isPartOf\":{\"@id\":\"https:\/\/www.piovan.com\/#website\"},\"datePublished\":\"2021-11-12T16:53:29+00:00\",\"dateModified\":\"2025-05-19T10:51:09+00:00\",\"breadcrumb\":{\"@id\":\"https:\/\/www.piovan.com\/product\/silos\/#breadcrumb\"},\"inLanguage\":\"fr-FR\",\"potentialAction\":[{\"@type\":\"ReadAction\",\"target\":[\"https:\/\/www.piovan.com\/product\/silos\/\"]}]},{\"@type\":\"BreadcrumbList\",\"@id\":\"https:\/\/www.piovan.com\/product\/silos\/#breadcrumb\",\"itemListElement\":[{\"@type\":\"ListItem\",\"position\":1,\"name\":\"Home\",\"item\":\"https:\/\/www.piovan.com\/\"},{\"@type\":\"ListItem\",\"position\":2,\"name\":\"Plastic\",\"item\":\"https:\/\/www.piovan.com\/fr\/products\/plastique\/\"},{\"@type\":\"ListItem\",\"position\":3,\"name\":\"Storage\",\"item\":\"https:\/\/www.piovan.com\/fr\/products\/plastique\/stockage\/\"},{\"@type\":\"ListItem\",\"position\":4,\"name\":\"Silos\"}]},{\"@type\":\"WebSite\",\"@id\":\"https:\/\/www.piovan.com\/#website\",\"url\":\"https:\/\/www.piovan.com\/\",\"name\":\"PiovanGroup\",\"description\":\"\",\"publisher\":{\"@id\":\"https:\/\/www.piovan.com\/#organization\"},\"potentialAction\":[{\"@type\":\"SearchAction\",\"target\":{\"@type\":\"EntryPoint\",\"urlTemplate\":\"https:\/\/www.piovan.com\/?s={search_term_string}\"},\"query-input\":\"required name=search_term_string\"}],\"inLanguage\":\"fr-FR\"},{\"@type\":\"Organization\",\"@id\":\"https:\/\/www.piovan.com\/#organization\",\"name\":\"PiovanGroup\",\"url\":\"https:\/\/www.piovan.com\/\",\"logo\":{\"@type\":\"ImageObject\",\"inLanguage\":\"fr-FR\",\"@id\":\"https:\/\/www.piovan.com\/#\/schema\/logo\/image\/\",\"url\":\"https:\/\/www.piovan.com\/wp-content\/uploads\/2021\/06\/logo@2x.png\",\"contentUrl\":\"https:\/\/www.piovan.com\/wp-content\/uploads\/2021\/06\/logo@2x.png\",\"width\":489,\"height\":78,\"caption\":\"PiovanGroup\"},\"image\":{\"@id\":\"https:\/\/www.piovan.com\/#\/schema\/logo\/image\/\"}}]}<\/script>","yoast_head_json":{"title":"Silos - Groupe Piovan","robots":{"index":"index","follow":"follow","max-snippet":"max-snippet:-1","max-image-preview":"max-image-preview:large","max-video-preview":"max-video-preview:-1"},"canonical":"https:\/\/www.piovan.com\/fr\/product\/silos\/","og_locale":"fr_FR","og_type":"article","og_title":"Silos - PiovanGroup","og_description":"Large diameter silos offer with great attention to functional and aesthetics for outdoor installation. Suitable for granules, flakes or powders, Piovan silos have specific geometries and devices for according to the materials to store, such as: \u2022 Outlet air filters \u2022 Extraction systems for high friction polymers \u2022 Measurement solutions like load cells or continuous level sensor (radar or plumb bob type) \u2022 Protection systems for potentially explosive atmospheres. The silos are compatible with a wide range of loading methods [&hellip;]","og_url":"https:\/\/www.piovan.com\/fr\/product\/silos\/","og_site_name":"PiovanGroup","article_modified_time":"2025-05-19T10:51:09+00:00","og_image":[{"width":1200,"height":1560,"url":"https:\/\/www.piovan.com\/wp-content\/uploads\/0002_SILI-PENTA-2_originale.png","type":"image\/png"}],"twitter_card":"summary_large_image","schema":{"@context":"https:\/\/schema.org","@graph":[{"@type":"WebPage","@id":"https:\/\/www.piovan.com\/product\/silos\/","url":"https:\/\/www.piovan.com\/product\/silos\/","name":"Silos - PiovanGroup","isPartOf":{"@id":"https:\/\/www.piovan.com\/#website"},"datePublished":"2021-11-12T16:53:29+00:00","dateModified":"2025-05-19T10:51:09+00:00","breadcrumb":{"@id":"https:\/\/www.piovan.com\/product\/silos\/#breadcrumb"},"inLanguage":"fr-FR","potentialAction":[{"@type":"ReadAction","target":["https:\/\/www.piovan.com\/product\/silos\/"]}]},{"@type":"BreadcrumbList","@id":"https:\/\/www.piovan.com\/product\/silos\/#breadcrumb","itemListElement":[{"@type":"ListItem","position":1,"name":"Home","item":"https:\/\/www.piovan.com\/"},{"@type":"ListItem","position":2,"name":"Plastic","item":"https:\/\/www.piovan.com\/fr\/products\/plastique\/"},{"@type":"ListItem","position":3,"name":"Storage","item":"https:\/\/www.piovan.com\/fr\/products\/plastique\/stockage\/"},{"@type":"ListItem","position":4,"name":"Silos"}]},{"@type":"WebSite","@id":"https:\/\/www.piovan.com\/#website","url":"https:\/\/www.piovan.com\/","name":"PiovanGroup","description":"","publisher":{"@id":"https:\/\/www.piovan.com\/#organization"},"potentialAction":[{"@type":"SearchAction","target":{"@type":"EntryPoint","urlTemplate":"https:\/\/www.piovan.com\/?s={search_term_string}"},"query-input":"required name=search_term_string"}],"inLanguage":"fr-FR"},{"@type":"Organization","@id":"https:\/\/www.piovan.com\/#organization","name":"PiovanGroup","url":"https:\/\/www.piovan.com\/","logo":{"@type":"ImageObject","inLanguage":"fr-FR","@id":"https:\/\/www.piovan.com\/#\/schema\/logo\/image\/","url":"https:\/\/www.piovan.com\/wp-content\/uploads\/2021\/06\/logo@2x.png","contentUrl":"https:\/\/www.piovan.com\/wp-content\/uploads\/2021\/06\/logo@2x.png","width":489,"height":78,"caption":"PiovanGroup"},"image":{"@id":"https:\/\/www.piovan.com\/#\/schema\/logo\/image\/"}}]}},"_links":{"self":[{"href":"https:\/\/www.piovan.com\/fr\/wp-json\/wp\/v2\/product\/5174"}],"collection":[{"href":"https:\/\/www.piovan.com\/fr\/wp-json\/wp\/v2\/product"}],"about":[{"href":"https:\/\/www.piovan.com\/fr\/wp-json\/wp\/v2\/types\/product"}],"version-history":[{"count":3,"href":"https:\/\/www.piovan.com\/fr\/wp-json\/wp\/v2\/product\/5174\/revisions"}],"predecessor-version":[{"id":15198,"href":"https:\/\/www.piovan.com\/fr\/wp-json\/wp\/v2\/product\/5174\/revisions\/15198"}],"wp:featuredmedia":[{"embeddable":true,"href":"https:\/\/www.piovan.com\/fr\/wp-json\/wp\/v2\/media\/15185"}],"wp:attachment":[{"href":"https:\/\/www.piovan.com\/fr\/wp-json\/wp\/v2\/media?parent=5174"}],"wp:term":[{"taxonomy":"post_tag","embeddable":true,"href":"https:\/\/www.piovan.com\/fr\/wp-json\/wp\/v2\/tags?post=5174"}],"curies":[{"name":"wp","href":"https:\/\/api.w.org\/{rel}","templated":true}]}}