{"id":5170,"date":"2021-11-12T17:46:25","date_gmt":"2021-11-12T16:46:25","guid":{"rendered":"https:\/\/www.piovan.com\/?post_type=product&#038;p=5170"},"modified":"2024-10-30T12:00:09","modified_gmt":"2024-10-30T11:00:09","slug":"gs-series","status":"publish","type":"product","link":"https:\/\/www.piovan.com\/fr\/product\/gs-series\/","title":{"rendered":"S\u00e9rie GS"},"content":{"rendered":"<p>Syst\u00e8me de convoyage pour haut d\u00e9bit et longues distances, convient au chargement des silos, constitu\u00e9 de:<\/p>\n<p>\u2022 Tr\u00e9mie de collecte de stockage en acier inoxydable<br \/>\n\u2022 Couvercle et grille adapt\u00e9s au d\u00e9chargement du big-bag<br \/>\n\u2022 Pompe \u00e0 pression positive<br \/>\n\u2022 Tableau \u00e9lectrique pour la gestion locale du syst\u00e8me de convoyage.<\/p>\n<p>En cas de remplissage manuel, une grille pratique permettant d'\u00e9viter les agr\u00e9gats de mat\u00e9riau est disponible sur demande.<\/p>\n<p>En cas de destinations multiples, la gestion des vannes de d\u00e9rivation peut \u00eatre int\u00e9gr\u00e9e au contr\u00f4le.<\/p>","protected":false},"featured_media":13733,"template":"","tags":[108],"acf":[],"yoast_head":"<title>S\u00e9rie GS - Groupe Piovan<\/title>\n<meta name=\"robots\" content=\"index, follow, max-snippet:-1, max-image-preview:large, max-video-preview:-1\" \/>\n<link rel=\"canonical\" href=\"https:\/\/www.piovan.com\/fr\/product\/gs-series\/\" \/>\n<meta property=\"og:locale\" content=\"fr_FR\" \/>\n<meta property=\"og:type\" content=\"article\" \/>\n<meta property=\"og:title\" content=\"GS Series - PiovanGroup\" \/>\n<meta property=\"og:description\" content=\"Conveying system for high throughput and long distances, suitable for silos loading, composed by: \u2022 Stainless steel storage collecting hopper \u2022 Lid and grid suitable for big bag discharger \u2022 Positive pressure pump \u2022 Electrical board for the local management of the conveying system. In case of manual filling, a practical grid to avoid lumps of material is available on request. In case of multiple destinations, the management of diverting valves can be integrated in the control.\" \/>\n<meta property=\"og:url\" content=\"https:\/\/www.piovan.com\/fr\/product\/gs-series\/\" \/>\n<meta property=\"og:site_name\" content=\"PiovanGroup\" \/>\n<meta property=\"article:modified_time\" content=\"2024-10-30T11:00:09+00:00\" \/>\n<meta property=\"og:image\" content=\"https:\/\/www.piovan.com\/wp-content\/uploads\/GS-Series.png\" \/>\n\t<meta property=\"og:image:width\" content=\"1200\" \/>\n\t<meta property=\"og:image:height\" content=\"1560\" \/>\n\t<meta property=\"og:image:type\" content=\"image\/png\" \/>\n<meta name=\"twitter:card\" content=\"summary_large_image\" \/>\n<script type=\"application\/ld+json\" class=\"yoast-schema-graph\">{\"@context\":\"https:\/\/schema.org\",\"@graph\":[{\"@type\":\"WebPage\",\"@id\":\"https:\/\/www.piovan.com\/product\/gs-series\/\",\"url\":\"https:\/\/www.piovan.com\/product\/gs-series\/\",\"name\":\"GS Series - PiovanGroup\",\"isPartOf\":{\"@id\":\"https:\/\/www.piovan.com\/#website\"},\"datePublished\":\"2021-11-12T16:46:25+00:00\",\"dateModified\":\"2024-10-30T11:00:09+00:00\",\"breadcrumb\":{\"@id\":\"https:\/\/www.piovan.com\/product\/gs-series\/#breadcrumb\"},\"inLanguage\":\"fr-FR\",\"potentialAction\":[{\"@type\":\"ReadAction\",\"target\":[\"https:\/\/www.piovan.com\/product\/gs-series\/\"]}]},{\"@type\":\"BreadcrumbList\",\"@id\":\"https:\/\/www.piovan.com\/product\/gs-series\/#breadcrumb\",\"itemListElement\":[{\"@type\":\"ListItem\",\"position\":1,\"name\":\"Home\",\"item\":\"https:\/\/www.piovan.com\/\"},{\"@type\":\"ListItem\",\"position\":2,\"name\":\"Plastic\",\"item\":\"https:\/\/www.piovan.com\/fr\/products\/plastique\/\"},{\"@type\":\"ListItem\",\"position\":3,\"name\":\"Storage\",\"item\":\"https:\/\/www.piovan.com\/fr\/products\/plastique\/stockage\/\"},{\"@type\":\"ListItem\",\"position\":4,\"name\":\"GS Series\"}]},{\"@type\":\"WebSite\",\"@id\":\"https:\/\/www.piovan.com\/#website\",\"url\":\"https:\/\/www.piovan.com\/\",\"name\":\"PiovanGroup\",\"description\":\"\",\"publisher\":{\"@id\":\"https:\/\/www.piovan.com\/#organization\"},\"potentialAction\":[{\"@type\":\"SearchAction\",\"target\":{\"@type\":\"EntryPoint\",\"urlTemplate\":\"https:\/\/www.piovan.com\/?s={search_term_string}\"},\"query-input\":\"required name=search_term_string\"}],\"inLanguage\":\"fr-FR\"},{\"@type\":\"Organization\",\"@id\":\"https:\/\/www.piovan.com\/#organization\",\"name\":\"PiovanGroup\",\"url\":\"https:\/\/www.piovan.com\/\",\"logo\":{\"@type\":\"ImageObject\",\"inLanguage\":\"fr-FR\",\"@id\":\"https:\/\/www.piovan.com\/#\/schema\/logo\/image\/\",\"url\":\"https:\/\/www.piovan.com\/wp-content\/uploads\/2021\/06\/logo@2x.png\",\"contentUrl\":\"https:\/\/www.piovan.com\/wp-content\/uploads\/2021\/06\/logo@2x.png\",\"width\":489,\"height\":78,\"caption\":\"PiovanGroup\"},\"image\":{\"@id\":\"https:\/\/www.piovan.com\/#\/schema\/logo\/image\/\"}}]}<\/script>","yoast_head_json":{"title":"S\u00e9rie GS - Groupe Piovan","robots":{"index":"index","follow":"follow","max-snippet":"max-snippet:-1","max-image-preview":"max-image-preview:large","max-video-preview":"max-video-preview:-1"},"canonical":"https:\/\/www.piovan.com\/fr\/product\/gs-series\/","og_locale":"fr_FR","og_type":"article","og_title":"GS Series - PiovanGroup","og_description":"Conveying system for high throughput and long distances, suitable for silos loading, composed by: \u2022 Stainless steel storage collecting hopper \u2022 Lid and grid suitable for big bag discharger \u2022 Positive pressure pump \u2022 Electrical board for the local management of the conveying system. In case of manual filling, a practical grid to avoid lumps of material is available on request. In case of multiple destinations, the management of diverting valves can be integrated in the control.","og_url":"https:\/\/www.piovan.com\/fr\/product\/gs-series\/","og_site_name":"PiovanGroup","article_modified_time":"2024-10-30T11:00:09+00:00","og_image":[{"width":1200,"height":1560,"url":"https:\/\/www.piovan.com\/wp-content\/uploads\/GS-Series.png","type":"image\/png"}],"twitter_card":"summary_large_image","schema":{"@context":"https:\/\/schema.org","@graph":[{"@type":"WebPage","@id":"https:\/\/www.piovan.com\/product\/gs-series\/","url":"https:\/\/www.piovan.com\/product\/gs-series\/","name":"GS Series - PiovanGroup","isPartOf":{"@id":"https:\/\/www.piovan.com\/#website"},"datePublished":"2021-11-12T16:46:25+00:00","dateModified":"2024-10-30T11:00:09+00:00","breadcrumb":{"@id":"https:\/\/www.piovan.com\/product\/gs-series\/#breadcrumb"},"inLanguage":"fr-FR","potentialAction":[{"@type":"ReadAction","target":["https:\/\/www.piovan.com\/product\/gs-series\/"]}]},{"@type":"BreadcrumbList","@id":"https:\/\/www.piovan.com\/product\/gs-series\/#breadcrumb","itemListElement":[{"@type":"ListItem","position":1,"name":"Home","item":"https:\/\/www.piovan.com\/"},{"@type":"ListItem","position":2,"name":"Plastic","item":"https:\/\/www.piovan.com\/fr\/products\/plastique\/"},{"@type":"ListItem","position":3,"name":"Storage","item":"https:\/\/www.piovan.com\/fr\/products\/plastique\/stockage\/"},{"@type":"ListItem","position":4,"name":"GS Series"}]},{"@type":"WebSite","@id":"https:\/\/www.piovan.com\/#website","url":"https:\/\/www.piovan.com\/","name":"PiovanGroup","description":"","publisher":{"@id":"https:\/\/www.piovan.com\/#organization"},"potentialAction":[{"@type":"SearchAction","target":{"@type":"EntryPoint","urlTemplate":"https:\/\/www.piovan.com\/?s={search_term_string}"},"query-input":"required name=search_term_string"}],"inLanguage":"fr-FR"},{"@type":"Organization","@id":"https:\/\/www.piovan.com\/#organization","name":"PiovanGroup","url":"https:\/\/www.piovan.com\/","logo":{"@type":"ImageObject","inLanguage":"fr-FR","@id":"https:\/\/www.piovan.com\/#\/schema\/logo\/image\/","url":"https:\/\/www.piovan.com\/wp-content\/uploads\/2021\/06\/logo@2x.png","contentUrl":"https:\/\/www.piovan.com\/wp-content\/uploads\/2021\/06\/logo@2x.png","width":489,"height":78,"caption":"PiovanGroup"},"image":{"@id":"https:\/\/www.piovan.com\/#\/schema\/logo\/image\/"}}]}},"_links":{"self":[{"href":"https:\/\/www.piovan.com\/fr\/wp-json\/wp\/v2\/product\/5170"}],"collection":[{"href":"https:\/\/www.piovan.com\/fr\/wp-json\/wp\/v2\/product"}],"about":[{"href":"https:\/\/www.piovan.com\/fr\/wp-json\/wp\/v2\/types\/product"}],"version-history":[{"count":2,"href":"https:\/\/www.piovan.com\/fr\/wp-json\/wp\/v2\/product\/5170\/revisions"}],"predecessor-version":[{"id":13292,"href":"https:\/\/www.piovan.com\/fr\/wp-json\/wp\/v2\/product\/5170\/revisions\/13292"}],"wp:featuredmedia":[{"embeddable":true,"href":"https:\/\/www.piovan.com\/fr\/wp-json\/wp\/v2\/media\/13733"}],"wp:attachment":[{"href":"https:\/\/www.piovan.com\/fr\/wp-json\/wp\/v2\/media?parent=5170"}],"wp:term":[{"taxonomy":"post_tag","embeddable":true,"href":"https:\/\/www.piovan.com\/fr\/wp-json\/wp\/v2\/tags?post=5170"}],"curies":[{"name":"wp","href":"https:\/\/api.w.org\/{rel}","templated":true}]}}