{"id":5165,"date":"2021-11-12T17:42:25","date_gmt":"2021-11-12T16:42:25","guid":{"rendered":"https:\/\/www.piovan.com\/?post_type=product&#038;p=5165"},"modified":"2024-11-25T17:03:08","modified_gmt":"2024-11-25T16:03:08","slug":"bin-series","status":"publish","type":"product","link":"https:\/\/www.piovan.com\/fr\/product\/bin-series\/","title":{"rendered":"S\u00e9rie Bin"},"content":{"rendered":"<p>Le corps du bac est fabriqu\u00e9 en acier inoxydable et est fourni avec des ch\u00e2ssis de diff\u00e9rentes hauteurs pour le positionnement au sol. La construction modulaire permet au client de changer la capacit\u00e9 du bac sur place.<\/p>\n<p>La s\u00e9rie Bin peut \u00eatre fournie avec:<br \/>\n\u2022 Des roulettes pour le d\u00e9placement facile ou des pieds pour la fixation au sol<br \/>\n\u2022 Un couvercle sup\u00e9rieur \u00e0 ouverture manuelle et une grille pour le d\u00e9chargement du sac<br \/>\n\u2022 Deux raccordements adapt\u00e9s aux sondes d'aspiration ins\u00e9r\u00e9es dans le couvercle.<br \/>\n\u2022 La bo\u00eete d'aspiration peut \u00eatre install\u00e9e \u00e0 la sortie sur demande.<\/p>\n<p>De plus, une solution mobile Error-proof est disponible, avec cl\u00e9 hardware pour l\u2019identification univoque du silo de la part du logiciel de supervision Winfactory 4.0 et pr\u00e9vention des erreurs de positionnement quand les silos sont d\u00e9plac\u00e9s sur les aires de\nchargement et d\u2019utilisation ; id\u00e9al pour les clients du secteur m\u00e9dical et pharmaceutique\nou bien l\u00e0 o\u00f9 la zone de production peut avoir un agencement qui favorise l\u2019erreur humaine.<\/p>\n<p>Cette solution garantit l\u2019association correcte mat\u00e9riel-silo \u00e9galement quand les silos sont repositionn\u00e9s et\nest adapt\u00e9 pour le r\u00e9glage de la recette locale ou \u00e0 travers MES en am\u00e9liorant la tra\u00e7abilit\u00e9 et le contr\u00f4le du processus (Syst\u00e8me de Qualit\u00e9).<\/p>","protected":false},"featured_media":13926,"template":"","tags":[108],"acf":[],"yoast_head":"<title>S\u00e9rie Bin - Groupe Piovan<\/title>\n<meta name=\"robots\" content=\"index, follow, max-snippet:-1, max-image-preview:large, max-video-preview:-1\" \/>\n<link rel=\"canonical\" href=\"https:\/\/www.piovan.com\/fr\/product\/bin-series\/\" \/>\n<meta property=\"og:locale\" content=\"fr_FR\" \/>\n<meta property=\"og:type\" content=\"article\" \/>\n<meta property=\"og:title\" content=\"Bin Series - PiovanGroup\" \/>\n<meta property=\"og:description\" content=\"The body of the bin is made from stainless steel and is supplied complete with frames of different heights for floor positioning. Modular construction allows customer to change bin capacity on site. Bin series can be completed with: \u2022 Castors for easy moving or feet for fixing to the ground \u2022 Top lid with manual opening and grid for the bag unloading \u2022 Two connections suitable for suction probes inserting in the lid \u2022 Suction box can be installed at [&hellip;]\" \/>\n<meta property=\"og:url\" content=\"https:\/\/www.piovan.com\/fr\/product\/bin-series\/\" \/>\n<meta property=\"og:site_name\" content=\"PiovanGroup\" \/>\n<meta property=\"article:modified_time\" content=\"2024-11-25T16:03:08+00:00\" \/>\n<meta property=\"og:image\" content=\"https:\/\/www.piovan.com\/wp-content\/uploads\/Bin-Series-1.png\" \/>\n\t<meta property=\"og:image:width\" content=\"1200\" \/>\n\t<meta property=\"og:image:height\" content=\"1560\" \/>\n\t<meta property=\"og:image:type\" content=\"image\/png\" \/>\n<meta name=\"twitter:card\" content=\"summary_large_image\" \/>\n<script type=\"application\/ld+json\" class=\"yoast-schema-graph\">{\"@context\":\"https:\/\/schema.org\",\"@graph\":[{\"@type\":\"WebPage\",\"@id\":\"https:\/\/www.piovan.com\/product\/bin-series\/\",\"url\":\"https:\/\/www.piovan.com\/product\/bin-series\/\",\"name\":\"Bin Series - PiovanGroup\",\"isPartOf\":{\"@id\":\"https:\/\/www.piovan.com\/#website\"},\"datePublished\":\"2021-11-12T16:42:25+00:00\",\"dateModified\":\"2024-11-25T16:03:08+00:00\",\"breadcrumb\":{\"@id\":\"https:\/\/www.piovan.com\/product\/bin-series\/#breadcrumb\"},\"inLanguage\":\"fr-FR\",\"potentialAction\":[{\"@type\":\"ReadAction\",\"target\":[\"https:\/\/www.piovan.com\/product\/bin-series\/\"]}]},{\"@type\":\"BreadcrumbList\",\"@id\":\"https:\/\/www.piovan.com\/product\/bin-series\/#breadcrumb\",\"itemListElement\":[{\"@type\":\"ListItem\",\"position\":1,\"name\":\"Home\",\"item\":\"https:\/\/www.piovan.com\/\"},{\"@type\":\"ListItem\",\"position\":2,\"name\":\"Plastic\",\"item\":\"https:\/\/www.piovan.com\/fr\/products\/plastique\/\"},{\"@type\":\"ListItem\",\"position\":3,\"name\":\"Storage\",\"item\":\"https:\/\/www.piovan.com\/fr\/products\/plastique\/stockage\/\"},{\"@type\":\"ListItem\",\"position\":4,\"name\":\"Bin Series\"}]},{\"@type\":\"WebSite\",\"@id\":\"https:\/\/www.piovan.com\/#website\",\"url\":\"https:\/\/www.piovan.com\/\",\"name\":\"PiovanGroup\",\"description\":\"\",\"publisher\":{\"@id\":\"https:\/\/www.piovan.com\/#organization\"},\"potentialAction\":[{\"@type\":\"SearchAction\",\"target\":{\"@type\":\"EntryPoint\",\"urlTemplate\":\"https:\/\/www.piovan.com\/?s={search_term_string}\"},\"query-input\":\"required name=search_term_string\"}],\"inLanguage\":\"fr-FR\"},{\"@type\":\"Organization\",\"@id\":\"https:\/\/www.piovan.com\/#organization\",\"name\":\"PiovanGroup\",\"url\":\"https:\/\/www.piovan.com\/\",\"logo\":{\"@type\":\"ImageObject\",\"inLanguage\":\"fr-FR\",\"@id\":\"https:\/\/www.piovan.com\/#\/schema\/logo\/image\/\",\"url\":\"https:\/\/www.piovan.com\/wp-content\/uploads\/2021\/06\/logo@2x.png\",\"contentUrl\":\"https:\/\/www.piovan.com\/wp-content\/uploads\/2021\/06\/logo@2x.png\",\"width\":489,\"height\":78,\"caption\":\"PiovanGroup\"},\"image\":{\"@id\":\"https:\/\/www.piovan.com\/#\/schema\/logo\/image\/\"}}]}<\/script>","yoast_head_json":{"title":"S\u00e9rie Bin - Groupe Piovan","robots":{"index":"index","follow":"follow","max-snippet":"max-snippet:-1","max-image-preview":"max-image-preview:large","max-video-preview":"max-video-preview:-1"},"canonical":"https:\/\/www.piovan.com\/fr\/product\/bin-series\/","og_locale":"fr_FR","og_type":"article","og_title":"Bin Series - PiovanGroup","og_description":"The body of the bin is made from stainless steel and is supplied complete with frames of different heights for floor positioning. Modular construction allows customer to change bin capacity on site. Bin series can be completed with: \u2022 Castors for easy moving or feet for fixing to the ground \u2022 Top lid with manual opening and grid for the bag unloading \u2022 Two connections suitable for suction probes inserting in the lid \u2022 Suction box can be installed at [&hellip;]","og_url":"https:\/\/www.piovan.com\/fr\/product\/bin-series\/","og_site_name":"PiovanGroup","article_modified_time":"2024-11-25T16:03:08+00:00","og_image":[{"width":1200,"height":1560,"url":"https:\/\/www.piovan.com\/wp-content\/uploads\/Bin-Series-1.png","type":"image\/png"}],"twitter_card":"summary_large_image","schema":{"@context":"https:\/\/schema.org","@graph":[{"@type":"WebPage","@id":"https:\/\/www.piovan.com\/product\/bin-series\/","url":"https:\/\/www.piovan.com\/product\/bin-series\/","name":"Bin Series - PiovanGroup","isPartOf":{"@id":"https:\/\/www.piovan.com\/#website"},"datePublished":"2021-11-12T16:42:25+00:00","dateModified":"2024-11-25T16:03:08+00:00","breadcrumb":{"@id":"https:\/\/www.piovan.com\/product\/bin-series\/#breadcrumb"},"inLanguage":"fr-FR","potentialAction":[{"@type":"ReadAction","target":["https:\/\/www.piovan.com\/product\/bin-series\/"]}]},{"@type":"BreadcrumbList","@id":"https:\/\/www.piovan.com\/product\/bin-series\/#breadcrumb","itemListElement":[{"@type":"ListItem","position":1,"name":"Home","item":"https:\/\/www.piovan.com\/"},{"@type":"ListItem","position":2,"name":"Plastic","item":"https:\/\/www.piovan.com\/fr\/products\/plastique\/"},{"@type":"ListItem","position":3,"name":"Storage","item":"https:\/\/www.piovan.com\/fr\/products\/plastique\/stockage\/"},{"@type":"ListItem","position":4,"name":"Bin Series"}]},{"@type":"WebSite","@id":"https:\/\/www.piovan.com\/#website","url":"https:\/\/www.piovan.com\/","name":"PiovanGroup","description":"","publisher":{"@id":"https:\/\/www.piovan.com\/#organization"},"potentialAction":[{"@type":"SearchAction","target":{"@type":"EntryPoint","urlTemplate":"https:\/\/www.piovan.com\/?s={search_term_string}"},"query-input":"required name=search_term_string"}],"inLanguage":"fr-FR"},{"@type":"Organization","@id":"https:\/\/www.piovan.com\/#organization","name":"PiovanGroup","url":"https:\/\/www.piovan.com\/","logo":{"@type":"ImageObject","inLanguage":"fr-FR","@id":"https:\/\/www.piovan.com\/#\/schema\/logo\/image\/","url":"https:\/\/www.piovan.com\/wp-content\/uploads\/2021\/06\/logo@2x.png","contentUrl":"https:\/\/www.piovan.com\/wp-content\/uploads\/2021\/06\/logo@2x.png","width":489,"height":78,"caption":"PiovanGroup"},"image":{"@id":"https:\/\/www.piovan.com\/#\/schema\/logo\/image\/"}}]}},"_links":{"self":[{"href":"https:\/\/www.piovan.com\/fr\/wp-json\/wp\/v2\/product\/5165"}],"collection":[{"href":"https:\/\/www.piovan.com\/fr\/wp-json\/wp\/v2\/product"}],"about":[{"href":"https:\/\/www.piovan.com\/fr\/wp-json\/wp\/v2\/types\/product"}],"version-history":[{"count":3,"href":"https:\/\/www.piovan.com\/fr\/wp-json\/wp\/v2\/product\/5165\/revisions"}],"predecessor-version":[{"id":13930,"href":"https:\/\/www.piovan.com\/fr\/wp-json\/wp\/v2\/product\/5165\/revisions\/13930"}],"wp:featuredmedia":[{"embeddable":true,"href":"https:\/\/www.piovan.com\/fr\/wp-json\/wp\/v2\/media\/13926"}],"wp:attachment":[{"href":"https:\/\/www.piovan.com\/fr\/wp-json\/wp\/v2\/media?parent=5165"}],"wp:term":[{"taxonomy":"post_tag","embeddable":true,"href":"https:\/\/www.piovan.com\/fr\/wp-json\/wp\/v2\/tags?post=5165"}],"curies":[{"name":"wp","href":"https:\/\/api.w.org\/{rel}","templated":true}]}}