{"id":5157,"date":"2021-11-12T17:32:36","date_gmt":"2021-11-12T16:32:36","guid":{"rendered":"https:\/\/www.piovan.com\/?post_type=product&#038;p=5157"},"modified":"2024-10-30T11:48:48","modified_gmt":"2024-10-30T10:48:48","slug":"big-bag-station","status":"publish","type":"product","link":"https:\/\/www.piovan.com\/fr\/product\/big-bag-station\/","title":{"rendered":"Station Big-Bag"},"content":{"rendered":"<p>La station de d\u00e9chargement pratique de Piovan convient \u00e0 des big-bags de granul\u00e9s ou flocons, sa capacit\u00e9 peut atteindre 2 000 kg ; le cadre avec une emprise au sol d\u20191 m\u00e8tre sur 1 m\u00e8tre et une hauteur utile standard permettant de loger un big-bag d\u20191 m\u00e8tre, extensible jusqu\u2019\u00e0 2 m\u00e8tres.<br \/>\nElle est disponible en deux versions:<\/p>\n<p>\u2022 Manual for forklift loading<br \/>\n\u2022 With electric hoist<\/p>\n<p>Elle peut \u00eatre \u00e9quip\u00e9e de capteurs de niveau sur le bac de stockage, la vis sans fin d'extraction ou les vibrateurs \u00e9lectrom\u00e9caniques.<br \/>\nSa conception garantit une protection maximale pour les op\u00e9rateurs.<\/p>\n<p>Sur demande, le bac collecteur est disponible en acier inoxydable.<\/p>","protected":false},"featured_media":13728,"template":"","tags":[108],"acf":[],"yoast_head":"<title>Station Big-Bag - Groupe Piovan<\/title>\n<meta name=\"robots\" content=\"index, follow, max-snippet:-1, max-image-preview:large, max-video-preview:-1\" \/>\n<link rel=\"canonical\" href=\"https:\/\/www.piovan.com\/fr\/product\/big-bag-station\/\" \/>\n<meta property=\"og:locale\" content=\"fr_FR\" \/>\n<meta property=\"og:type\" content=\"article\" \/>\n<meta property=\"og:title\" content=\"Big-Bag Station - PiovanGroup\" \/>\n<meta property=\"og:description\" content=\"The practical unloading station by Piovan is suitable for big-bag of granules or flakes, with a capacity up to 2,000 kg; the frame has a footprint of 1 meter by 1 meter and a standard useful height to lodge the big-bag of 1 meter, extendible up to 2 meters. It is available in two versions: \u2022 Manual for forklift loading \u2022 With electric hoist It can be equipped with level sensors on the storage bin, extracting auger or electromechanical vibrators. [&hellip;]\" \/>\n<meta property=\"og:url\" content=\"https:\/\/www.piovan.com\/fr\/product\/big-bag-station\/\" \/>\n<meta property=\"og:site_name\" content=\"PiovanGroup\" \/>\n<meta property=\"article:modified_time\" content=\"2024-10-30T10:48:48+00:00\" \/>\n<meta property=\"og:image\" content=\"https:\/\/www.piovan.com\/wp-content\/uploads\/Big-Bag-Station.png\" \/>\n\t<meta property=\"og:image:width\" content=\"1200\" \/>\n\t<meta property=\"og:image:height\" content=\"1560\" \/>\n\t<meta property=\"og:image:type\" content=\"image\/png\" \/>\n<meta name=\"twitter:card\" content=\"summary_large_image\" \/>\n<script type=\"application\/ld+json\" class=\"yoast-schema-graph\">{\"@context\":\"https:\/\/schema.org\",\"@graph\":[{\"@type\":\"WebPage\",\"@id\":\"https:\/\/www.piovan.com\/product\/big-bag-station\/\",\"url\":\"https:\/\/www.piovan.com\/product\/big-bag-station\/\",\"name\":\"Big-Bag Station - PiovanGroup\",\"isPartOf\":{\"@id\":\"https:\/\/www.piovan.com\/#website\"},\"datePublished\":\"2021-11-12T16:32:36+00:00\",\"dateModified\":\"2024-10-30T10:48:48+00:00\",\"breadcrumb\":{\"@id\":\"https:\/\/www.piovan.com\/product\/big-bag-station\/#breadcrumb\"},\"inLanguage\":\"fr-FR\",\"potentialAction\":[{\"@type\":\"ReadAction\",\"target\":[\"https:\/\/www.piovan.com\/product\/big-bag-station\/\"]}]},{\"@type\":\"BreadcrumbList\",\"@id\":\"https:\/\/www.piovan.com\/product\/big-bag-station\/#breadcrumb\",\"itemListElement\":[{\"@type\":\"ListItem\",\"position\":1,\"name\":\"Home\",\"item\":\"https:\/\/www.piovan.com\/\"},{\"@type\":\"ListItem\",\"position\":2,\"name\":\"Plastic\",\"item\":\"https:\/\/www.piovan.com\/fr\/products\/plastique\/\"},{\"@type\":\"ListItem\",\"position\":3,\"name\":\"Storage\",\"item\":\"https:\/\/www.piovan.com\/fr\/products\/plastique\/stockage\/\"},{\"@type\":\"ListItem\",\"position\":4,\"name\":\"Big-Bag Station\"}]},{\"@type\":\"WebSite\",\"@id\":\"https:\/\/www.piovan.com\/#website\",\"url\":\"https:\/\/www.piovan.com\/\",\"name\":\"PiovanGroup\",\"description\":\"\",\"publisher\":{\"@id\":\"https:\/\/www.piovan.com\/#organization\"},\"potentialAction\":[{\"@type\":\"SearchAction\",\"target\":{\"@type\":\"EntryPoint\",\"urlTemplate\":\"https:\/\/www.piovan.com\/?s={search_term_string}\"},\"query-input\":\"required name=search_term_string\"}],\"inLanguage\":\"fr-FR\"},{\"@type\":\"Organization\",\"@id\":\"https:\/\/www.piovan.com\/#organization\",\"name\":\"PiovanGroup\",\"url\":\"https:\/\/www.piovan.com\/\",\"logo\":{\"@type\":\"ImageObject\",\"inLanguage\":\"fr-FR\",\"@id\":\"https:\/\/www.piovan.com\/#\/schema\/logo\/image\/\",\"url\":\"https:\/\/www.piovan.com\/wp-content\/uploads\/2021\/06\/logo@2x.png\",\"contentUrl\":\"https:\/\/www.piovan.com\/wp-content\/uploads\/2021\/06\/logo@2x.png\",\"width\":489,\"height\":78,\"caption\":\"PiovanGroup\"},\"image\":{\"@id\":\"https:\/\/www.piovan.com\/#\/schema\/logo\/image\/\"}}]}<\/script>","yoast_head_json":{"title":"Station Big-Bag - Groupe Piovan","robots":{"index":"index","follow":"follow","max-snippet":"max-snippet:-1","max-image-preview":"max-image-preview:large","max-video-preview":"max-video-preview:-1"},"canonical":"https:\/\/www.piovan.com\/fr\/product\/big-bag-station\/","og_locale":"fr_FR","og_type":"article","og_title":"Big-Bag Station - PiovanGroup","og_description":"The practical unloading station by Piovan is suitable for big-bag of granules or flakes, with a capacity up to 2,000 kg; the frame has a footprint of 1 meter by 1 meter and a standard useful height to lodge the big-bag of 1 meter, extendible up to 2 meters. It is available in two versions: \u2022 Manual for forklift loading \u2022 With electric hoist It can be equipped with level sensors on the storage bin, extracting auger or electromechanical vibrators. [&hellip;]","og_url":"https:\/\/www.piovan.com\/fr\/product\/big-bag-station\/","og_site_name":"PiovanGroup","article_modified_time":"2024-10-30T10:48:48+00:00","og_image":[{"width":1200,"height":1560,"url":"https:\/\/www.piovan.com\/wp-content\/uploads\/Big-Bag-Station.png","type":"image\/png"}],"twitter_card":"summary_large_image","schema":{"@context":"https:\/\/schema.org","@graph":[{"@type":"WebPage","@id":"https:\/\/www.piovan.com\/product\/big-bag-station\/","url":"https:\/\/www.piovan.com\/product\/big-bag-station\/","name":"Big-Bag Station - PiovanGroup","isPartOf":{"@id":"https:\/\/www.piovan.com\/#website"},"datePublished":"2021-11-12T16:32:36+00:00","dateModified":"2024-10-30T10:48:48+00:00","breadcrumb":{"@id":"https:\/\/www.piovan.com\/product\/big-bag-station\/#breadcrumb"},"inLanguage":"fr-FR","potentialAction":[{"@type":"ReadAction","target":["https:\/\/www.piovan.com\/product\/big-bag-station\/"]}]},{"@type":"BreadcrumbList","@id":"https:\/\/www.piovan.com\/product\/big-bag-station\/#breadcrumb","itemListElement":[{"@type":"ListItem","position":1,"name":"Home","item":"https:\/\/www.piovan.com\/"},{"@type":"ListItem","position":2,"name":"Plastic","item":"https:\/\/www.piovan.com\/fr\/products\/plastique\/"},{"@type":"ListItem","position":3,"name":"Storage","item":"https:\/\/www.piovan.com\/fr\/products\/plastique\/stockage\/"},{"@type":"ListItem","position":4,"name":"Big-Bag Station"}]},{"@type":"WebSite","@id":"https:\/\/www.piovan.com\/#website","url":"https:\/\/www.piovan.com\/","name":"PiovanGroup","description":"","publisher":{"@id":"https:\/\/www.piovan.com\/#organization"},"potentialAction":[{"@type":"SearchAction","target":{"@type":"EntryPoint","urlTemplate":"https:\/\/www.piovan.com\/?s={search_term_string}"},"query-input":"required name=search_term_string"}],"inLanguage":"fr-FR"},{"@type":"Organization","@id":"https:\/\/www.piovan.com\/#organization","name":"PiovanGroup","url":"https:\/\/www.piovan.com\/","logo":{"@type":"ImageObject","inLanguage":"fr-FR","@id":"https:\/\/www.piovan.com\/#\/schema\/logo\/image\/","url":"https:\/\/www.piovan.com\/wp-content\/uploads\/2021\/06\/logo@2x.png","contentUrl":"https:\/\/www.piovan.com\/wp-content\/uploads\/2021\/06\/logo@2x.png","width":489,"height":78,"caption":"PiovanGroup"},"image":{"@id":"https:\/\/www.piovan.com\/#\/schema\/logo\/image\/"}}]}},"_links":{"self":[{"href":"https:\/\/www.piovan.com\/fr\/wp-json\/wp\/v2\/product\/5157"}],"collection":[{"href":"https:\/\/www.piovan.com\/fr\/wp-json\/wp\/v2\/product"}],"about":[{"href":"https:\/\/www.piovan.com\/fr\/wp-json\/wp\/v2\/types\/product"}],"version-history":[{"count":3,"href":"https:\/\/www.piovan.com\/fr\/wp-json\/wp\/v2\/product\/5157\/revisions"}],"predecessor-version":[{"id":13732,"href":"https:\/\/www.piovan.com\/fr\/wp-json\/wp\/v2\/product\/5157\/revisions\/13732"}],"wp:featuredmedia":[{"embeddable":true,"href":"https:\/\/www.piovan.com\/fr\/wp-json\/wp\/v2\/media\/13728"}],"wp:attachment":[{"href":"https:\/\/www.piovan.com\/fr\/wp-json\/wp\/v2\/media?parent=5157"}],"wp:term":[{"taxonomy":"post_tag","embeddable":true,"href":"https:\/\/www.piovan.com\/fr\/wp-json\/wp\/v2\/tags?post=5157"}],"curies":[{"name":"wp","href":"https:\/\/api.w.org\/{rel}","templated":true}]}}