{"id":5154,"date":"2021-11-12T17:21:28","date_gmt":"2021-11-12T16:21:28","guid":{"rendered":"https:\/\/www.piovan.com\/?post_type=product&#038;p=5154"},"modified":"2025-10-23T15:59:55","modified_gmt":"2025-10-23T13:59:55","slug":"industrial-automation","status":"publish","type":"product","link":"https:\/\/www.piovan.com\/fr\/product\/industrial-automation\/","title":{"rendered":"Automatitisatition industrielle"},"content":{"rendered":"<p>Piovan est capable de concevoir des syst\u00e8mes d\u2019automatisation et de contr\u00f4le des processus industriels, en assistant le client de la phase initiale d\u2019analyse \u00e0 la d\u00e9finition de la fonctionnalit\u00e9\ndu syst\u00e8me et jusqu\u2019\u00e0 l\u2019installation finale.<\/p>\n<p>L'automatisation compl\u00e8te du processus a lieu sur deux niveaux : logique de processus, avec la conception et la mise en oeuvre d'un syst\u00e8me API et\nsupervision par SCADA. Ces syst\u00e8mes sont tous deux con\u00e7us et mis en oeuvre en fonction des besoins du client, sur une plateforme hautement personnalis\u00e9e.<\/p>\n<p>La fourniture typique comprend \u00e9galement la conception et la fabrication de tableaux \u00e9lectriques, pour l'alimentation et la gestion de tous les \u00e9quipements impliqu\u00e9s.<\/p>","protected":false},"featured_media":5326,"template":"","tags":[108],"acf":[],"yoast_head":"<title>Automatitisatition industrielle - Groupe Piovan<\/title>\n<meta name=\"robots\" content=\"index, follow, max-snippet:-1, max-image-preview:large, max-video-preview:-1\" \/>\n<link rel=\"canonical\" href=\"https:\/\/www.piovan.com\/fr\/product\/industrial-automation\/\" \/>\n<meta property=\"og:locale\" content=\"fr_FR\" \/>\n<meta property=\"og:type\" content=\"article\" \/>\n<meta property=\"og:title\" content=\"Industrial automation - PiovanGroup\" \/>\n<meta property=\"og:description\" content=\"Piovan has the capability of designing automation and industrial process control systems, supporting customers from the initial analysis stage to the definition of system functionality and the final installation. The complete automation of the process occurs on two levels: process logic, with the design and implementation of a PLC system and supervision managed by SCADA. Both these systems are designed and implemented according to customer requests, on a highly customized platform. The typical scope of supply includes also the design [&hellip;]\" \/>\n<meta property=\"og:url\" content=\"https:\/\/www.piovan.com\/fr\/product\/industrial-automation\/\" \/>\n<meta property=\"og:site_name\" content=\"PiovanGroup\" \/>\n<meta property=\"article:modified_time\" content=\"2025-10-23T13:59:55+00:00\" \/>\n<meta property=\"og:image\" content=\"https:\/\/www.piovan.com\/wp-content\/uploads\/Product_1200x1560px_0000_Industrial_Automation.png\" \/>\n\t<meta property=\"og:image:width\" content=\"1200\" \/>\n\t<meta property=\"og:image:height\" content=\"1560\" \/>\n\t<meta property=\"og:image:type\" content=\"image\/png\" \/>\n<meta name=\"twitter:card\" content=\"summary_large_image\" \/>\n<script type=\"application\/ld+json\" class=\"yoast-schema-graph\">{\"@context\":\"https:\/\/schema.org\",\"@graph\":[{\"@type\":\"WebPage\",\"@id\":\"https:\/\/www.piovan.com\/product\/industrial-automation\/\",\"url\":\"https:\/\/www.piovan.com\/product\/industrial-automation\/\",\"name\":\"Industrial automation - PiovanGroup\",\"isPartOf\":{\"@id\":\"https:\/\/www.piovan.com\/#website\"},\"datePublished\":\"2021-11-12T16:21:28+00:00\",\"dateModified\":\"2025-10-23T13:59:55+00:00\",\"breadcrumb\":{\"@id\":\"https:\/\/www.piovan.com\/product\/industrial-automation\/#breadcrumb\"},\"inLanguage\":\"fr-FR\",\"potentialAction\":[{\"@type\":\"ReadAction\",\"target\":[\"https:\/\/www.piovan.com\/product\/industrial-automation\/\"]}]},{\"@type\":\"BreadcrumbList\",\"@id\":\"https:\/\/www.piovan.com\/product\/industrial-automation\/#breadcrumb\",\"itemListElement\":[{\"@type\":\"ListItem\",\"position\":1,\"name\":\"Home\",\"item\":\"https:\/\/www.piovan.com\/\"},{\"@type\":\"ListItem\",\"position\":2,\"name\":\"Plastic\",\"item\":\"https:\/\/www.piovan.com\/fr\/products\/plastique\/\"},{\"@type\":\"ListItem\",\"position\":3,\"name\":\"Software &amp; Control systems\",\"item\":\"https:\/\/www.piovan.com\/fr\/products\/plastique\/logiciel\/\"},{\"@type\":\"ListItem\",\"position\":4,\"name\":\"Industrial automation\"}]},{\"@type\":\"WebSite\",\"@id\":\"https:\/\/www.piovan.com\/#website\",\"url\":\"https:\/\/www.piovan.com\/\",\"name\":\"PiovanGroup\",\"description\":\"\",\"publisher\":{\"@id\":\"https:\/\/www.piovan.com\/#organization\"},\"potentialAction\":[{\"@type\":\"SearchAction\",\"target\":{\"@type\":\"EntryPoint\",\"urlTemplate\":\"https:\/\/www.piovan.com\/?s={search_term_string}\"},\"query-input\":\"required name=search_term_string\"}],\"inLanguage\":\"fr-FR\"},{\"@type\":\"Organization\",\"@id\":\"https:\/\/www.piovan.com\/#organization\",\"name\":\"PiovanGroup\",\"url\":\"https:\/\/www.piovan.com\/\",\"logo\":{\"@type\":\"ImageObject\",\"inLanguage\":\"fr-FR\",\"@id\":\"https:\/\/www.piovan.com\/#\/schema\/logo\/image\/\",\"url\":\"https:\/\/www.piovan.com\/wp-content\/uploads\/2021\/06\/logo@2x.png\",\"contentUrl\":\"https:\/\/www.piovan.com\/wp-content\/uploads\/2021\/06\/logo@2x.png\",\"width\":489,\"height\":78,\"caption\":\"PiovanGroup\"},\"image\":{\"@id\":\"https:\/\/www.piovan.com\/#\/schema\/logo\/image\/\"}}]}<\/script>","yoast_head_json":{"title":"Automatitisatition industrielle - Groupe Piovan","robots":{"index":"index","follow":"follow","max-snippet":"max-snippet:-1","max-image-preview":"max-image-preview:large","max-video-preview":"max-video-preview:-1"},"canonical":"https:\/\/www.piovan.com\/fr\/product\/industrial-automation\/","og_locale":"fr_FR","og_type":"article","og_title":"Industrial automation - PiovanGroup","og_description":"Piovan has the capability of designing automation and industrial process control systems, supporting customers from the initial analysis stage to the definition of system functionality and the final installation. The complete automation of the process occurs on two levels: process logic, with the design and implementation of a PLC system and supervision managed by SCADA. Both these systems are designed and implemented according to customer requests, on a highly customized platform. The typical scope of supply includes also the design [&hellip;]","og_url":"https:\/\/www.piovan.com\/fr\/product\/industrial-automation\/","og_site_name":"PiovanGroup","article_modified_time":"2025-10-23T13:59:55+00:00","og_image":[{"width":1200,"height":1560,"url":"https:\/\/www.piovan.com\/wp-content\/uploads\/Product_1200x1560px_0000_Industrial_Automation.png","type":"image\/png"}],"twitter_card":"summary_large_image","schema":{"@context":"https:\/\/schema.org","@graph":[{"@type":"WebPage","@id":"https:\/\/www.piovan.com\/product\/industrial-automation\/","url":"https:\/\/www.piovan.com\/product\/industrial-automation\/","name":"Industrial automation - PiovanGroup","isPartOf":{"@id":"https:\/\/www.piovan.com\/#website"},"datePublished":"2021-11-12T16:21:28+00:00","dateModified":"2025-10-23T13:59:55+00:00","breadcrumb":{"@id":"https:\/\/www.piovan.com\/product\/industrial-automation\/#breadcrumb"},"inLanguage":"fr-FR","potentialAction":[{"@type":"ReadAction","target":["https:\/\/www.piovan.com\/product\/industrial-automation\/"]}]},{"@type":"BreadcrumbList","@id":"https:\/\/www.piovan.com\/product\/industrial-automation\/#breadcrumb","itemListElement":[{"@type":"ListItem","position":1,"name":"Home","item":"https:\/\/www.piovan.com\/"},{"@type":"ListItem","position":2,"name":"Plastic","item":"https:\/\/www.piovan.com\/fr\/products\/plastique\/"},{"@type":"ListItem","position":3,"name":"Software &amp; Control systems","item":"https:\/\/www.piovan.com\/fr\/products\/plastique\/logiciel\/"},{"@type":"ListItem","position":4,"name":"Industrial automation"}]},{"@type":"WebSite","@id":"https:\/\/www.piovan.com\/#website","url":"https:\/\/www.piovan.com\/","name":"PiovanGroup","description":"","publisher":{"@id":"https:\/\/www.piovan.com\/#organization"},"potentialAction":[{"@type":"SearchAction","target":{"@type":"EntryPoint","urlTemplate":"https:\/\/www.piovan.com\/?s={search_term_string}"},"query-input":"required name=search_term_string"}],"inLanguage":"fr-FR"},{"@type":"Organization","@id":"https:\/\/www.piovan.com\/#organization","name":"PiovanGroup","url":"https:\/\/www.piovan.com\/","logo":{"@type":"ImageObject","inLanguage":"fr-FR","@id":"https:\/\/www.piovan.com\/#\/schema\/logo\/image\/","url":"https:\/\/www.piovan.com\/wp-content\/uploads\/2021\/06\/logo@2x.png","contentUrl":"https:\/\/www.piovan.com\/wp-content\/uploads\/2021\/06\/logo@2x.png","width":489,"height":78,"caption":"PiovanGroup"},"image":{"@id":"https:\/\/www.piovan.com\/#\/schema\/logo\/image\/"}}]}},"_links":{"self":[{"href":"https:\/\/www.piovan.com\/fr\/wp-json\/wp\/v2\/product\/5154"}],"collection":[{"href":"https:\/\/www.piovan.com\/fr\/wp-json\/wp\/v2\/product"}],"about":[{"href":"https:\/\/www.piovan.com\/fr\/wp-json\/wp\/v2\/types\/product"}],"version-history":[{"count":3,"href":"https:\/\/www.piovan.com\/fr\/wp-json\/wp\/v2\/product\/5154\/revisions"}],"predecessor-version":[{"id":15831,"href":"https:\/\/www.piovan.com\/fr\/wp-json\/wp\/v2\/product\/5154\/revisions\/15831"}],"wp:featuredmedia":[{"embeddable":true,"href":"https:\/\/www.piovan.com\/fr\/wp-json\/wp\/v2\/media\/5326"}],"wp:attachment":[{"href":"https:\/\/www.piovan.com\/fr\/wp-json\/wp\/v2\/media?parent=5154"}],"wp:term":[{"taxonomy":"post_tag","embeddable":true,"href":"https:\/\/www.piovan.com\/fr\/wp-json\/wp\/v2\/tags?post=5154"}],"curies":[{"name":"wp","href":"https:\/\/api.w.org\/{rel}","templated":true}]}}