{"id":5137,"date":"2021-11-12T16:51:18","date_gmt":"2021-11-12T15:51:18","guid":{"rendered":"https:\/\/www.piovan.com\/product\/mobiledewp-2\/"},"modified":"2025-02-26T16:57:29","modified_gmt":"2025-02-26T15:57:29","slug":"moisture-minder","status":"publish","type":"product","link":"https:\/\/www.piovan.com\/fr\/product\/moisture-minder\/","title":{"rendered":"Moisture Minder"},"content":{"rendered":"<p>Moisture Minder est la solution pour la mesure en ligne de l'humidit\u00e9 dans les granul\u00e9s de plastique. Deux mod\u00e8les sont disponibles:<\/p>\n<p>\u2022M5 sp\u00e9cialement con\u00e7u pour les applications PET apr\u00e8s s\u00e9chage<br \/>\n\u2022M100, avec une configuration polyvalente, pour une large gamme de polym\u00e8res ou pour des mesures de pr\u00e9-s\u00e9chage<\/p>\n<p>Moisture Minder peut \u00eatre utilis\u00e9 avec une large gamme de mat\u00e9riaux et son contr\u00f4le comprend de nombreuses courbes d'\u00e9talonnage pr\u00e9charg\u00e9es.<\/p>\n<p>Il permet une tra\u00e7abilit\u00e9 et un contr\u00f4le complets du processus de production. Gr\u00e2ce \u00e0 l'int\u00e9gration avec Winfactory 4.0, les mesures de Moisture Minder peuvent \u00eatre stock\u00e9es jusqu'\u00e0 10 ans. Les utilisateurs peuvent mettre en \u0153uvre un syst\u00e8me qualit\u00e9 avec un rapport g\u00e9n\u00e9r\u00e9 automatiquement et des actions correctives presque en temps r\u00e9el.<\/p>","protected":false},"featured_media":13749,"template":"","tags":[108],"acf":[],"yoast_head":"<title>Moisture Minder - Groupe Piovan<\/title>\n<meta name=\"robots\" content=\"index, follow, max-snippet:-1, max-image-preview:large, max-video-preview:-1\" \/>\n<link rel=\"canonical\" href=\"https:\/\/www.piovan.com\/fr\/product\/moisture-minder\/\" \/>\n<meta property=\"og:locale\" content=\"fr_FR\" \/>\n<meta property=\"og:type\" content=\"article\" \/>\n<meta property=\"og:title\" content=\"Moisture Minder - PiovanGroup\" \/>\n<meta property=\"og:description\" content=\"Moisture Minder is the solution for the in-line measurement of the moisture in the plastic granules. Two models are available: \u2022 M5 designed especially for after-drying PET applications \u2022 M100, with a multi-purpose configuration, for a wide range of polymers or for pre-drying measurements. Moisture Minder can be used with a wide range of materials and its control includes many pre-loaded calibration curves. It allows complete traceability and monitoring of the production process. With integration with Winfactory 4.0, the measurements [&hellip;]\" \/>\n<meta property=\"og:url\" content=\"https:\/\/www.piovan.com\/fr\/product\/moisture-minder\/\" \/>\n<meta property=\"og:site_name\" content=\"PiovanGroup\" \/>\n<meta property=\"article:modified_time\" content=\"2025-02-26T15:57:29+00:00\" \/>\n<meta property=\"og:image\" content=\"https:\/\/www.piovan.com\/wp-content\/uploads\/Moisture-Minder.png\" \/>\n\t<meta property=\"og:image:width\" content=\"1200\" \/>\n\t<meta property=\"og:image:height\" content=\"1560\" \/>\n\t<meta property=\"og:image:type\" content=\"image\/png\" \/>\n<meta name=\"twitter:card\" content=\"summary_large_image\" \/>\n<script type=\"application\/ld+json\" class=\"yoast-schema-graph\">{\"@context\":\"https:\/\/schema.org\",\"@graph\":[{\"@type\":\"WebPage\",\"@id\":\"https:\/\/www.piovan.com\/product\/moisture-minder\/\",\"url\":\"https:\/\/www.piovan.com\/product\/moisture-minder\/\",\"name\":\"Moisture Minder - PiovanGroup\",\"isPartOf\":{\"@id\":\"https:\/\/www.piovan.com\/#website\"},\"datePublished\":\"2021-11-12T15:51:18+00:00\",\"dateModified\":\"2025-02-26T15:57:29+00:00\",\"breadcrumb\":{\"@id\":\"https:\/\/www.piovan.com\/product\/moisture-minder\/#breadcrumb\"},\"inLanguage\":\"fr-FR\",\"potentialAction\":[{\"@type\":\"ReadAction\",\"target\":[\"https:\/\/www.piovan.com\/product\/moisture-minder\/\"]}]},{\"@type\":\"BreadcrumbList\",\"@id\":\"https:\/\/www.piovan.com\/product\/moisture-minder\/#breadcrumb\",\"itemListElement\":[{\"@type\":\"ListItem\",\"position\":1,\"name\":\"Home\",\"item\":\"https:\/\/www.piovan.com\/\"},{\"@type\":\"ListItem\",\"position\":2,\"name\":\"Plastic\",\"item\":\"https:\/\/www.piovan.com\/fr\/products\/plastique\/\"},{\"@type\":\"ListItem\",\"position\":3,\"name\":\"Lab-tech\",\"item\":\"https:\/\/www.piovan.com\/fr\/products\/plastique\/lab-tech\/\"},{\"@type\":\"ListItem\",\"position\":4,\"name\":\"Moisture Minder\"}]},{\"@type\":\"WebSite\",\"@id\":\"https:\/\/www.piovan.com\/#website\",\"url\":\"https:\/\/www.piovan.com\/\",\"name\":\"PiovanGroup\",\"description\":\"\",\"publisher\":{\"@id\":\"https:\/\/www.piovan.com\/#organization\"},\"potentialAction\":[{\"@type\":\"SearchAction\",\"target\":{\"@type\":\"EntryPoint\",\"urlTemplate\":\"https:\/\/www.piovan.com\/?s={search_term_string}\"},\"query-input\":\"required name=search_term_string\"}],\"inLanguage\":\"fr-FR\"},{\"@type\":\"Organization\",\"@id\":\"https:\/\/www.piovan.com\/#organization\",\"name\":\"PiovanGroup\",\"url\":\"https:\/\/www.piovan.com\/\",\"logo\":{\"@type\":\"ImageObject\",\"inLanguage\":\"fr-FR\",\"@id\":\"https:\/\/www.piovan.com\/#\/schema\/logo\/image\/\",\"url\":\"https:\/\/www.piovan.com\/wp-content\/uploads\/2021\/06\/logo@2x.png\",\"contentUrl\":\"https:\/\/www.piovan.com\/wp-content\/uploads\/2021\/06\/logo@2x.png\",\"width\":489,\"height\":78,\"caption\":\"PiovanGroup\"},\"image\":{\"@id\":\"https:\/\/www.piovan.com\/#\/schema\/logo\/image\/\"}}]}<\/script>","yoast_head_json":{"title":"Moisture Minder - Groupe Piovan","robots":{"index":"index","follow":"follow","max-snippet":"max-snippet:-1","max-image-preview":"max-image-preview:large","max-video-preview":"max-video-preview:-1"},"canonical":"https:\/\/www.piovan.com\/fr\/product\/moisture-minder\/","og_locale":"fr_FR","og_type":"article","og_title":"Moisture Minder - PiovanGroup","og_description":"Moisture Minder is the solution for the in-line measurement of the moisture in the plastic granules. Two models are available: \u2022 M5 designed especially for after-drying PET applications \u2022 M100, with a multi-purpose configuration, for a wide range of polymers or for pre-drying measurements. Moisture Minder can be used with a wide range of materials and its control includes many pre-loaded calibration curves. It allows complete traceability and monitoring of the production process. With integration with Winfactory 4.0, the measurements [&hellip;]","og_url":"https:\/\/www.piovan.com\/fr\/product\/moisture-minder\/","og_site_name":"PiovanGroup","article_modified_time":"2025-02-26T15:57:29+00:00","og_image":[{"width":1200,"height":1560,"url":"https:\/\/www.piovan.com\/wp-content\/uploads\/Moisture-Minder.png","type":"image\/png"}],"twitter_card":"summary_large_image","schema":{"@context":"https:\/\/schema.org","@graph":[{"@type":"WebPage","@id":"https:\/\/www.piovan.com\/product\/moisture-minder\/","url":"https:\/\/www.piovan.com\/product\/moisture-minder\/","name":"Moisture Minder - PiovanGroup","isPartOf":{"@id":"https:\/\/www.piovan.com\/#website"},"datePublished":"2021-11-12T15:51:18+00:00","dateModified":"2025-02-26T15:57:29+00:00","breadcrumb":{"@id":"https:\/\/www.piovan.com\/product\/moisture-minder\/#breadcrumb"},"inLanguage":"fr-FR","potentialAction":[{"@type":"ReadAction","target":["https:\/\/www.piovan.com\/product\/moisture-minder\/"]}]},{"@type":"BreadcrumbList","@id":"https:\/\/www.piovan.com\/product\/moisture-minder\/#breadcrumb","itemListElement":[{"@type":"ListItem","position":1,"name":"Home","item":"https:\/\/www.piovan.com\/"},{"@type":"ListItem","position":2,"name":"Plastic","item":"https:\/\/www.piovan.com\/fr\/products\/plastique\/"},{"@type":"ListItem","position":3,"name":"Lab-tech","item":"https:\/\/www.piovan.com\/fr\/products\/plastique\/lab-tech\/"},{"@type":"ListItem","position":4,"name":"Moisture Minder"}]},{"@type":"WebSite","@id":"https:\/\/www.piovan.com\/#website","url":"https:\/\/www.piovan.com\/","name":"PiovanGroup","description":"","publisher":{"@id":"https:\/\/www.piovan.com\/#organization"},"potentialAction":[{"@type":"SearchAction","target":{"@type":"EntryPoint","urlTemplate":"https:\/\/www.piovan.com\/?s={search_term_string}"},"query-input":"required name=search_term_string"}],"inLanguage":"fr-FR"},{"@type":"Organization","@id":"https:\/\/www.piovan.com\/#organization","name":"PiovanGroup","url":"https:\/\/www.piovan.com\/","logo":{"@type":"ImageObject","inLanguage":"fr-FR","@id":"https:\/\/www.piovan.com\/#\/schema\/logo\/image\/","url":"https:\/\/www.piovan.com\/wp-content\/uploads\/2021\/06\/logo@2x.png","contentUrl":"https:\/\/www.piovan.com\/wp-content\/uploads\/2021\/06\/logo@2x.png","width":489,"height":78,"caption":"PiovanGroup"},"image":{"@id":"https:\/\/www.piovan.com\/#\/schema\/logo\/image\/"}}]}},"_links":{"self":[{"href":"https:\/\/www.piovan.com\/fr\/wp-json\/wp\/v2\/product\/5137"}],"collection":[{"href":"https:\/\/www.piovan.com\/fr\/wp-json\/wp\/v2\/product"}],"about":[{"href":"https:\/\/www.piovan.com\/fr\/wp-json\/wp\/v2\/types\/product"}],"version-history":[{"count":3,"href":"https:\/\/www.piovan.com\/fr\/wp-json\/wp\/v2\/product\/5137\/revisions"}],"predecessor-version":[{"id":14579,"href":"https:\/\/www.piovan.com\/fr\/wp-json\/wp\/v2\/product\/5137\/revisions\/14579"}],"wp:featuredmedia":[{"embeddable":true,"href":"https:\/\/www.piovan.com\/fr\/wp-json\/wp\/v2\/media\/13749"}],"wp:attachment":[{"href":"https:\/\/www.piovan.com\/fr\/wp-json\/wp\/v2\/media?parent=5137"}],"wp:term":[{"taxonomy":"post_tag","embeddable":true,"href":"https:\/\/www.piovan.com\/fr\/wp-json\/wp\/v2\/tags?post=5137"}],"curies":[{"name":"wp","href":"https:\/\/api.w.org\/{rel}","templated":true}]}}