{"id":5096,"date":"2021-11-11T17:29:15","date_gmt":"2021-11-11T16:29:15","guid":{"rendered":"https:\/\/www.piovan.com\/product\/ka-2\/"},"modified":"2024-10-07T11:00:03","modified_gmt":"2024-10-07T09:00:03","slug":"trm","status":"publish","type":"product","link":"https:\/\/www.piovan.com\/fr\/product\/trm\/","title":{"rendered":"TRM"},"content":{"rendered":"<p>Les d\u00e9chiqueteurs \u00e0 arbre unique ont \u00e9t\u00e9 con\u00e7us avec une nouvelle fixation de lame rotative brevet\u00e9e, caract\u00e9ris\u00e9s par des angles de coupe favorisant le recyclage des composants difficiles et permettant d'atteindre un rendement de production \u00e9lev\u00e9 tout en consommant peu d'\u00e9nergie.<\/p>\n<p>La s\u00e9rie TRM convient \u00e0 la r\u00e9cup\u00e9ration de mati\u00e8res plastiques, de films, de pi\u00e8ces de voiture et de c\u00e2bles \u00e9lectriques, de bois ou de papier.<\/p>\n<p>Ils sont command\u00e9s par API et permettent la gestion de diff\u00e9rentes applications gr\u00e2ce \u00e0 de multiples programmes automatiques.<\/p>","protected":false},"featured_media":13609,"template":"","tags":[108,41],"acf":[],"yoast_head":"<title>TRM - Groupe Piovan<\/title>\n<meta name=\"robots\" content=\"index, follow, max-snippet:-1, max-image-preview:large, max-video-preview:-1\" \/>\n<link rel=\"canonical\" href=\"https:\/\/www.piovan.com\/fr\/product\/trm\/\" \/>\n<meta property=\"og:locale\" content=\"fr_FR\" \/>\n<meta property=\"og:type\" content=\"article\" \/>\n<meta property=\"og:title\" content=\"TRM - PiovanGroup\" \/>\n<meta property=\"og:description\" content=\"The single shaft shredders are designed with a new and patented rotating blades fixing, featuring cutting angles which help recycle difficult components and achieve high production output with low energy consumption. The TRM series is suitable to recover plastic materials, films, car parts and also electrical cables, wood or paper. The control is PLC based allowing management of different applications thanks to multiple automatic programs.\" \/>\n<meta property=\"og:url\" content=\"https:\/\/www.piovan.com\/fr\/product\/trm\/\" \/>\n<meta property=\"og:site_name\" content=\"PiovanGroup\" \/>\n<meta property=\"article:modified_time\" content=\"2024-10-07T09:00:03+00:00\" \/>\n<meta property=\"og:image\" content=\"https:\/\/www.piovan.com\/wp-content\/uploads\/TRM.png\" \/>\n\t<meta property=\"og:image:width\" content=\"1200\" \/>\n\t<meta property=\"og:image:height\" content=\"1560\" \/>\n\t<meta property=\"og:image:type\" content=\"image\/png\" \/>\n<meta name=\"twitter:card\" content=\"summary_large_image\" \/>\n<script type=\"application\/ld+json\" class=\"yoast-schema-graph\">{\"@context\":\"https:\/\/schema.org\",\"@graph\":[{\"@type\":\"WebPage\",\"@id\":\"https:\/\/www.piovan.com\/product\/trm\/\",\"url\":\"https:\/\/www.piovan.com\/product\/trm\/\",\"name\":\"TRM - PiovanGroup\",\"isPartOf\":{\"@id\":\"https:\/\/www.piovan.com\/#website\"},\"datePublished\":\"2021-11-11T16:29:15+00:00\",\"dateModified\":\"2024-10-07T09:00:03+00:00\",\"breadcrumb\":{\"@id\":\"https:\/\/www.piovan.com\/product\/trm\/#breadcrumb\"},\"inLanguage\":\"fr-FR\",\"potentialAction\":[{\"@type\":\"ReadAction\",\"target\":[\"https:\/\/www.piovan.com\/product\/trm\/\"]}]},{\"@type\":\"BreadcrumbList\",\"@id\":\"https:\/\/www.piovan.com\/product\/trm\/#breadcrumb\",\"itemListElement\":[{\"@type\":\"ListItem\",\"position\":1,\"name\":\"Home\",\"item\":\"https:\/\/www.piovan.com\/\"},{\"@type\":\"ListItem\",\"position\":2,\"name\":\"Plastic\",\"item\":\"https:\/\/www.piovan.com\/fr\/products\/plastique\/\"},{\"@type\":\"ListItem\",\"position\":3,\"name\":\"Granulation\",\"item\":\"https:\/\/www.piovan.com\/fr\/products\/plastique\/granulation\/\"},{\"@type\":\"ListItem\",\"position\":4,\"name\":\"TRM\"}]},{\"@type\":\"WebSite\",\"@id\":\"https:\/\/www.piovan.com\/#website\",\"url\":\"https:\/\/www.piovan.com\/\",\"name\":\"PiovanGroup\",\"description\":\"\",\"publisher\":{\"@id\":\"https:\/\/www.piovan.com\/#organization\"},\"potentialAction\":[{\"@type\":\"SearchAction\",\"target\":{\"@type\":\"EntryPoint\",\"urlTemplate\":\"https:\/\/www.piovan.com\/?s={search_term_string}\"},\"query-input\":\"required name=search_term_string\"}],\"inLanguage\":\"fr-FR\"},{\"@type\":\"Organization\",\"@id\":\"https:\/\/www.piovan.com\/#organization\",\"name\":\"PiovanGroup\",\"url\":\"https:\/\/www.piovan.com\/\",\"logo\":{\"@type\":\"ImageObject\",\"inLanguage\":\"fr-FR\",\"@id\":\"https:\/\/www.piovan.com\/#\/schema\/logo\/image\/\",\"url\":\"https:\/\/www.piovan.com\/wp-content\/uploads\/2021\/06\/logo@2x.png\",\"contentUrl\":\"https:\/\/www.piovan.com\/wp-content\/uploads\/2021\/06\/logo@2x.png\",\"width\":489,\"height\":78,\"caption\":\"PiovanGroup\"},\"image\":{\"@id\":\"https:\/\/www.piovan.com\/#\/schema\/logo\/image\/\"}}]}<\/script>","yoast_head_json":{"title":"TRM - Groupe Piovan","robots":{"index":"index","follow":"follow","max-snippet":"max-snippet:-1","max-image-preview":"max-image-preview:large","max-video-preview":"max-video-preview:-1"},"canonical":"https:\/\/www.piovan.com\/fr\/product\/trm\/","og_locale":"fr_FR","og_type":"article","og_title":"TRM - PiovanGroup","og_description":"The single shaft shredders are designed with a new and patented rotating blades fixing, featuring cutting angles which help recycle difficult components and achieve high production output with low energy consumption. The TRM series is suitable to recover plastic materials, films, car parts and also electrical cables, wood or paper. The control is PLC based allowing management of different applications thanks to multiple automatic programs.","og_url":"https:\/\/www.piovan.com\/fr\/product\/trm\/","og_site_name":"PiovanGroup","article_modified_time":"2024-10-07T09:00:03+00:00","og_image":[{"width":1200,"height":1560,"url":"https:\/\/www.piovan.com\/wp-content\/uploads\/TRM.png","type":"image\/png"}],"twitter_card":"summary_large_image","schema":{"@context":"https:\/\/schema.org","@graph":[{"@type":"WebPage","@id":"https:\/\/www.piovan.com\/product\/trm\/","url":"https:\/\/www.piovan.com\/product\/trm\/","name":"TRM - PiovanGroup","isPartOf":{"@id":"https:\/\/www.piovan.com\/#website"},"datePublished":"2021-11-11T16:29:15+00:00","dateModified":"2024-10-07T09:00:03+00:00","breadcrumb":{"@id":"https:\/\/www.piovan.com\/product\/trm\/#breadcrumb"},"inLanguage":"fr-FR","potentialAction":[{"@type":"ReadAction","target":["https:\/\/www.piovan.com\/product\/trm\/"]}]},{"@type":"BreadcrumbList","@id":"https:\/\/www.piovan.com\/product\/trm\/#breadcrumb","itemListElement":[{"@type":"ListItem","position":1,"name":"Home","item":"https:\/\/www.piovan.com\/"},{"@type":"ListItem","position":2,"name":"Plastic","item":"https:\/\/www.piovan.com\/fr\/products\/plastique\/"},{"@type":"ListItem","position":3,"name":"Granulation","item":"https:\/\/www.piovan.com\/fr\/products\/plastique\/granulation\/"},{"@type":"ListItem","position":4,"name":"TRM"}]},{"@type":"WebSite","@id":"https:\/\/www.piovan.com\/#website","url":"https:\/\/www.piovan.com\/","name":"PiovanGroup","description":"","publisher":{"@id":"https:\/\/www.piovan.com\/#organization"},"potentialAction":[{"@type":"SearchAction","target":{"@type":"EntryPoint","urlTemplate":"https:\/\/www.piovan.com\/?s={search_term_string}"},"query-input":"required name=search_term_string"}],"inLanguage":"fr-FR"},{"@type":"Organization","@id":"https:\/\/www.piovan.com\/#organization","name":"PiovanGroup","url":"https:\/\/www.piovan.com\/","logo":{"@type":"ImageObject","inLanguage":"fr-FR","@id":"https:\/\/www.piovan.com\/#\/schema\/logo\/image\/","url":"https:\/\/www.piovan.com\/wp-content\/uploads\/2021\/06\/logo@2x.png","contentUrl":"https:\/\/www.piovan.com\/wp-content\/uploads\/2021\/06\/logo@2x.png","width":489,"height":78,"caption":"PiovanGroup"},"image":{"@id":"https:\/\/www.piovan.com\/#\/schema\/logo\/image\/"}}]}},"_links":{"self":[{"href":"https:\/\/www.piovan.com\/fr\/wp-json\/wp\/v2\/product\/5096"}],"collection":[{"href":"https:\/\/www.piovan.com\/fr\/wp-json\/wp\/v2\/product"}],"about":[{"href":"https:\/\/www.piovan.com\/fr\/wp-json\/wp\/v2\/types\/product"}],"version-history":[{"count":3,"href":"https:\/\/www.piovan.com\/fr\/wp-json\/wp\/v2\/product\/5096\/revisions"}],"predecessor-version":[{"id":13611,"href":"https:\/\/www.piovan.com\/fr\/wp-json\/wp\/v2\/product\/5096\/revisions\/13611"}],"wp:featuredmedia":[{"embeddable":true,"href":"https:\/\/www.piovan.com\/fr\/wp-json\/wp\/v2\/media\/13609"}],"wp:attachment":[{"href":"https:\/\/www.piovan.com\/fr\/wp-json\/wp\/v2\/media?parent=5096"}],"wp:term":[{"taxonomy":"post_tag","embeddable":true,"href":"https:\/\/www.piovan.com\/fr\/wp-json\/wp\/v2\/tags?post=5096"}],"curies":[{"name":"wp","href":"https:\/\/api.w.org\/{rel}","templated":true}]}}