{"id":5090,"date":"2021-11-11T16:57:58","date_gmt":"2021-11-11T15:57:58","guid":{"rendered":"https:\/\/www.piovan.com\/product\/film-and-edge-trim-granulators-2\/"},"modified":"2024-10-07T11:13:50","modified_gmt":"2024-10-07T09:13:50","slug":"ka","status":"publish","type":"product","link":"https:\/\/www.piovan.com\/fr\/product\/ka\/","title":{"rendered":"KA"},"content":{"rendered":"<p>La s\u00e9rie KA a \u00e9t\u00e9 con\u00e7ue pour l'extraction des mati\u00e8res rebroy\u00e9es sous vide, minimisant ainsi la g\u00e9n\u00e9ration de poussi\u00e8re et de bruit.<\/p>\n<p>Le syst\u00e8me comprend un syst\u00e8me de filtration pour l'air de convoyage. Les cartouches de filtration sont faciles \u00e0 remplacer.<\/p>\n<p>Le syst\u00e8me d'extraction peut \u00eatre connect\u00e9 au contr\u00f4le du granulateur ou peut fonctionner ind\u00e9pendamment.<\/p>\n<p>Sa structure est robuste et compacte et il peut \u00eatre adapt\u00e9 \u00e0 n'importe quel disposition d'installation.<\/p>","protected":false},"featured_media":13612,"template":"","tags":[108,41],"acf":[],"yoast_head":"<title>KA - Groupe Piovan<\/title>\n<meta name=\"robots\" content=\"index, follow, max-snippet:-1, max-image-preview:large, max-video-preview:-1\" \/>\n<link rel=\"canonical\" href=\"https:\/\/www.piovan.com\/fr\/product\/ka\/\" \/>\n<meta property=\"og:locale\" content=\"fr_FR\" \/>\n<meta property=\"og:type\" content=\"article\" \/>\n<meta property=\"og:title\" content=\"KA - PiovanGroup\" \/>\n<meta property=\"og:description\" content=\"KA series is designed for the extraction of regrind material under vacuum, minimizing the generation of dust and noise. The system includes a filtration system for the conveying air. The filtering cartridges can be easily replaced. The extraction system can be interconnected with the granulator control, or it can be independently operated. The structure is robust and compact and it can adapted to any plant layout.\" \/>\n<meta property=\"og:url\" content=\"https:\/\/www.piovan.com\/fr\/product\/ka\/\" \/>\n<meta property=\"og:site_name\" content=\"PiovanGroup\" \/>\n<meta property=\"article:modified_time\" content=\"2024-10-07T09:13:50+00:00\" \/>\n<meta property=\"og:image\" content=\"https:\/\/www.piovan.com\/wp-content\/uploads\/KA.png\" \/>\n\t<meta property=\"og:image:width\" content=\"1200\" \/>\n\t<meta property=\"og:image:height\" content=\"1560\" \/>\n\t<meta property=\"og:image:type\" content=\"image\/png\" \/>\n<meta name=\"twitter:card\" content=\"summary_large_image\" \/>\n<script type=\"application\/ld+json\" class=\"yoast-schema-graph\">{\"@context\":\"https:\/\/schema.org\",\"@graph\":[{\"@type\":\"WebPage\",\"@id\":\"https:\/\/www.piovan.com\/product\/ka\/\",\"url\":\"https:\/\/www.piovan.com\/product\/ka\/\",\"name\":\"KA - PiovanGroup\",\"isPartOf\":{\"@id\":\"https:\/\/www.piovan.com\/#website\"},\"datePublished\":\"2021-11-11T15:57:58+00:00\",\"dateModified\":\"2024-10-07T09:13:50+00:00\",\"breadcrumb\":{\"@id\":\"https:\/\/www.piovan.com\/product\/ka\/#breadcrumb\"},\"inLanguage\":\"fr-FR\",\"potentialAction\":[{\"@type\":\"ReadAction\",\"target\":[\"https:\/\/www.piovan.com\/product\/ka\/\"]}]},{\"@type\":\"BreadcrumbList\",\"@id\":\"https:\/\/www.piovan.com\/product\/ka\/#breadcrumb\",\"itemListElement\":[{\"@type\":\"ListItem\",\"position\":1,\"name\":\"Home\",\"item\":\"https:\/\/www.piovan.com\/\"},{\"@type\":\"ListItem\",\"position\":2,\"name\":\"Plastic\",\"item\":\"https:\/\/www.piovan.com\/fr\/products\/plastique\/\"},{\"@type\":\"ListItem\",\"position\":3,\"name\":\"Granulation\",\"item\":\"https:\/\/www.piovan.com\/fr\/products\/plastique\/granulation\/\"},{\"@type\":\"ListItem\",\"position\":4,\"name\":\"KA\"}]},{\"@type\":\"WebSite\",\"@id\":\"https:\/\/www.piovan.com\/#website\",\"url\":\"https:\/\/www.piovan.com\/\",\"name\":\"PiovanGroup\",\"description\":\"\",\"publisher\":{\"@id\":\"https:\/\/www.piovan.com\/#organization\"},\"potentialAction\":[{\"@type\":\"SearchAction\",\"target\":{\"@type\":\"EntryPoint\",\"urlTemplate\":\"https:\/\/www.piovan.com\/?s={search_term_string}\"},\"query-input\":\"required name=search_term_string\"}],\"inLanguage\":\"fr-FR\"},{\"@type\":\"Organization\",\"@id\":\"https:\/\/www.piovan.com\/#organization\",\"name\":\"PiovanGroup\",\"url\":\"https:\/\/www.piovan.com\/\",\"logo\":{\"@type\":\"ImageObject\",\"inLanguage\":\"fr-FR\",\"@id\":\"https:\/\/www.piovan.com\/#\/schema\/logo\/image\/\",\"url\":\"https:\/\/www.piovan.com\/wp-content\/uploads\/2021\/06\/logo@2x.png\",\"contentUrl\":\"https:\/\/www.piovan.com\/wp-content\/uploads\/2021\/06\/logo@2x.png\",\"width\":489,\"height\":78,\"caption\":\"PiovanGroup\"},\"image\":{\"@id\":\"https:\/\/www.piovan.com\/#\/schema\/logo\/image\/\"}}]}<\/script>","yoast_head_json":{"title":"KA - Groupe Piovan","robots":{"index":"index","follow":"follow","max-snippet":"max-snippet:-1","max-image-preview":"max-image-preview:large","max-video-preview":"max-video-preview:-1"},"canonical":"https:\/\/www.piovan.com\/fr\/product\/ka\/","og_locale":"fr_FR","og_type":"article","og_title":"KA - PiovanGroup","og_description":"KA series is designed for the extraction of regrind material under vacuum, minimizing the generation of dust and noise. The system includes a filtration system for the conveying air. The filtering cartridges can be easily replaced. The extraction system can be interconnected with the granulator control, or it can be independently operated. The structure is robust and compact and it can adapted to any plant layout.","og_url":"https:\/\/www.piovan.com\/fr\/product\/ka\/","og_site_name":"PiovanGroup","article_modified_time":"2024-10-07T09:13:50+00:00","og_image":[{"width":1200,"height":1560,"url":"https:\/\/www.piovan.com\/wp-content\/uploads\/KA.png","type":"image\/png"}],"twitter_card":"summary_large_image","schema":{"@context":"https:\/\/schema.org","@graph":[{"@type":"WebPage","@id":"https:\/\/www.piovan.com\/product\/ka\/","url":"https:\/\/www.piovan.com\/product\/ka\/","name":"KA - PiovanGroup","isPartOf":{"@id":"https:\/\/www.piovan.com\/#website"},"datePublished":"2021-11-11T15:57:58+00:00","dateModified":"2024-10-07T09:13:50+00:00","breadcrumb":{"@id":"https:\/\/www.piovan.com\/product\/ka\/#breadcrumb"},"inLanguage":"fr-FR","potentialAction":[{"@type":"ReadAction","target":["https:\/\/www.piovan.com\/product\/ka\/"]}]},{"@type":"BreadcrumbList","@id":"https:\/\/www.piovan.com\/product\/ka\/#breadcrumb","itemListElement":[{"@type":"ListItem","position":1,"name":"Home","item":"https:\/\/www.piovan.com\/"},{"@type":"ListItem","position":2,"name":"Plastic","item":"https:\/\/www.piovan.com\/fr\/products\/plastique\/"},{"@type":"ListItem","position":3,"name":"Granulation","item":"https:\/\/www.piovan.com\/fr\/products\/plastique\/granulation\/"},{"@type":"ListItem","position":4,"name":"KA"}]},{"@type":"WebSite","@id":"https:\/\/www.piovan.com\/#website","url":"https:\/\/www.piovan.com\/","name":"PiovanGroup","description":"","publisher":{"@id":"https:\/\/www.piovan.com\/#organization"},"potentialAction":[{"@type":"SearchAction","target":{"@type":"EntryPoint","urlTemplate":"https:\/\/www.piovan.com\/?s={search_term_string}"},"query-input":"required name=search_term_string"}],"inLanguage":"fr-FR"},{"@type":"Organization","@id":"https:\/\/www.piovan.com\/#organization","name":"PiovanGroup","url":"https:\/\/www.piovan.com\/","logo":{"@type":"ImageObject","inLanguage":"fr-FR","@id":"https:\/\/www.piovan.com\/#\/schema\/logo\/image\/","url":"https:\/\/www.piovan.com\/wp-content\/uploads\/2021\/06\/logo@2x.png","contentUrl":"https:\/\/www.piovan.com\/wp-content\/uploads\/2021\/06\/logo@2x.png","width":489,"height":78,"caption":"PiovanGroup"},"image":{"@id":"https:\/\/www.piovan.com\/#\/schema\/logo\/image\/"}}]}},"_links":{"self":[{"href":"https:\/\/www.piovan.com\/fr\/wp-json\/wp\/v2\/product\/5090"}],"collection":[{"href":"https:\/\/www.piovan.com\/fr\/wp-json\/wp\/v2\/product"}],"about":[{"href":"https:\/\/www.piovan.com\/fr\/wp-json\/wp\/v2\/types\/product"}],"version-history":[{"count":2,"href":"https:\/\/www.piovan.com\/fr\/wp-json\/wp\/v2\/product\/5090\/revisions"}],"predecessor-version":[{"id":13375,"href":"https:\/\/www.piovan.com\/fr\/wp-json\/wp\/v2\/product\/5090\/revisions\/13375"}],"wp:featuredmedia":[{"embeddable":true,"href":"https:\/\/www.piovan.com\/fr\/wp-json\/wp\/v2\/media\/13612"}],"wp:attachment":[{"href":"https:\/\/www.piovan.com\/fr\/wp-json\/wp\/v2\/media?parent=5090"}],"wp:term":[{"taxonomy":"post_tag","embeddable":true,"href":"https:\/\/www.piovan.com\/fr\/wp-json\/wp\/v2\/tags?post=5090"}],"curies":[{"name":"wp","href":"https:\/\/api.w.org\/{rel}","templated":true}]}}