{"id":5085,"date":"2021-11-11T16:17:16","date_gmt":"2021-11-11T15:17:16","guid":{"rendered":"https:\/\/www.piovan.com\/product\/g25-granulator-series-2\/"},"modified":"2024-10-04T16:14:50","modified_gmt":"2024-10-04T14:14:50","slug":"g40","status":"publish","type":"product","link":"https:\/\/www.piovan.com\/fr\/product\/g40\/","title":{"rendered":"G40"},"content":{"rendered":"<p>Les s\u00e9ries G40 et G42 ont \u00e9t\u00e9 con\u00e7ues pour le moulage par injection, par soufflage et pour l'extrusion, gr\u00e2ce aux tr\u00e9mies d'alimentation sp\u00e9cifiques pour feuilles et tuyaux, disponibles en\noptions.<\/p>\n<p>La tr\u00e9mie d'alimentation principale est articul\u00e9e et command\u00e9e manuellement pour faciliter le nettoyage et l'entretien.<\/p>\n<p>La performance et l'efficacit\u00e9 de la coupe sont garanties par l'action de coupe du ciseau. Les s\u00e9ries G40 et G42 sont \u00e9galement conformes aux\nstandards de s\u00e9curit\u00e9 les plus \u00e9lev\u00e9s et sont enti\u00e8rement insonoris\u00e9es, pour un niveau de bruit de fonctionnement bas.<\/p>","protected":false},"featured_media":13582,"template":"","tags":[108],"acf":[],"yoast_head":"<title>G40 - Groupe Piovan<\/title>\n<meta name=\"robots\" content=\"index, follow, max-snippet:-1, max-image-preview:large, max-video-preview:-1\" \/>\n<link rel=\"canonical\" href=\"https:\/\/www.piovan.com\/fr\/product\/g40\/\" \/>\n<meta property=\"og:locale\" content=\"fr_FR\" \/>\n<meta property=\"og:type\" content=\"article\" \/>\n<meta property=\"og:title\" content=\"G40 - PiovanGroup\" \/>\n<meta property=\"og:description\" content=\"The G40 and G42 series are designed for injection, blow moulding, and also for extrusion, thanks to the specific feeding hoppers for sheets and pipes, available as option. The main feeding hopper is hinged and manually operated for easy cleaning and maintenance. The cutting performance and efficiency are guaranteed by the scissor cutting action. The G40 and G42 series also meet the highest standard of safety and are fully sound enclosed, for low operating noise level.\" \/>\n<meta property=\"og:url\" content=\"https:\/\/www.piovan.com\/fr\/product\/g40\/\" \/>\n<meta property=\"og:site_name\" content=\"PiovanGroup\" \/>\n<meta property=\"article:modified_time\" content=\"2024-10-04T14:14:50+00:00\" \/>\n<meta property=\"og:image\" content=\"https:\/\/www.piovan.com\/wp-content\/uploads\/G40.png\" \/>\n\t<meta property=\"og:image:width\" content=\"1200\" \/>\n\t<meta property=\"og:image:height\" content=\"1560\" \/>\n\t<meta property=\"og:image:type\" content=\"image\/png\" \/>\n<meta name=\"twitter:card\" content=\"summary_large_image\" \/>\n<script type=\"application\/ld+json\" class=\"yoast-schema-graph\">{\"@context\":\"https:\/\/schema.org\",\"@graph\":[{\"@type\":\"WebPage\",\"@id\":\"https:\/\/www.piovan.com\/product\/g40\/\",\"url\":\"https:\/\/www.piovan.com\/product\/g40\/\",\"name\":\"G40 - PiovanGroup\",\"isPartOf\":{\"@id\":\"https:\/\/www.piovan.com\/#website\"},\"datePublished\":\"2021-11-11T15:17:16+00:00\",\"dateModified\":\"2024-10-04T14:14:50+00:00\",\"breadcrumb\":{\"@id\":\"https:\/\/www.piovan.com\/product\/g40\/#breadcrumb\"},\"inLanguage\":\"fr-FR\",\"potentialAction\":[{\"@type\":\"ReadAction\",\"target\":[\"https:\/\/www.piovan.com\/product\/g40\/\"]}]},{\"@type\":\"BreadcrumbList\",\"@id\":\"https:\/\/www.piovan.com\/product\/g40\/#breadcrumb\",\"itemListElement\":[{\"@type\":\"ListItem\",\"position\":1,\"name\":\"Home\",\"item\":\"https:\/\/www.piovan.com\/\"},{\"@type\":\"ListItem\",\"position\":2,\"name\":\"Plastic\",\"item\":\"https:\/\/www.piovan.com\/fr\/products\/plastique\/\"},{\"@type\":\"ListItem\",\"position\":3,\"name\":\"Granulation\",\"item\":\"https:\/\/www.piovan.com\/fr\/products\/plastique\/granulation\/\"},{\"@type\":\"ListItem\",\"position\":4,\"name\":\"G40\"}]},{\"@type\":\"WebSite\",\"@id\":\"https:\/\/www.piovan.com\/#website\",\"url\":\"https:\/\/www.piovan.com\/\",\"name\":\"PiovanGroup\",\"description\":\"\",\"publisher\":{\"@id\":\"https:\/\/www.piovan.com\/#organization\"},\"potentialAction\":[{\"@type\":\"SearchAction\",\"target\":{\"@type\":\"EntryPoint\",\"urlTemplate\":\"https:\/\/www.piovan.com\/?s={search_term_string}\"},\"query-input\":\"required name=search_term_string\"}],\"inLanguage\":\"fr-FR\"},{\"@type\":\"Organization\",\"@id\":\"https:\/\/www.piovan.com\/#organization\",\"name\":\"PiovanGroup\",\"url\":\"https:\/\/www.piovan.com\/\",\"logo\":{\"@type\":\"ImageObject\",\"inLanguage\":\"fr-FR\",\"@id\":\"https:\/\/www.piovan.com\/#\/schema\/logo\/image\/\",\"url\":\"https:\/\/www.piovan.com\/wp-content\/uploads\/2021\/06\/logo@2x.png\",\"contentUrl\":\"https:\/\/www.piovan.com\/wp-content\/uploads\/2021\/06\/logo@2x.png\",\"width\":489,\"height\":78,\"caption\":\"PiovanGroup\"},\"image\":{\"@id\":\"https:\/\/www.piovan.com\/#\/schema\/logo\/image\/\"}}]}<\/script>","yoast_head_json":{"title":"G40 - Groupe Piovan","robots":{"index":"index","follow":"follow","max-snippet":"max-snippet:-1","max-image-preview":"max-image-preview:large","max-video-preview":"max-video-preview:-1"},"canonical":"https:\/\/www.piovan.com\/fr\/product\/g40\/","og_locale":"fr_FR","og_type":"article","og_title":"G40 - PiovanGroup","og_description":"The G40 and G42 series are designed for injection, blow moulding, and also for extrusion, thanks to the specific feeding hoppers for sheets and pipes, available as option. The main feeding hopper is hinged and manually operated for easy cleaning and maintenance. The cutting performance and efficiency are guaranteed by the scissor cutting action. The G40 and G42 series also meet the highest standard of safety and are fully sound enclosed, for low operating noise level.","og_url":"https:\/\/www.piovan.com\/fr\/product\/g40\/","og_site_name":"PiovanGroup","article_modified_time":"2024-10-04T14:14:50+00:00","og_image":[{"width":1200,"height":1560,"url":"https:\/\/www.piovan.com\/wp-content\/uploads\/G40.png","type":"image\/png"}],"twitter_card":"summary_large_image","schema":{"@context":"https:\/\/schema.org","@graph":[{"@type":"WebPage","@id":"https:\/\/www.piovan.com\/product\/g40\/","url":"https:\/\/www.piovan.com\/product\/g40\/","name":"G40 - PiovanGroup","isPartOf":{"@id":"https:\/\/www.piovan.com\/#website"},"datePublished":"2021-11-11T15:17:16+00:00","dateModified":"2024-10-04T14:14:50+00:00","breadcrumb":{"@id":"https:\/\/www.piovan.com\/product\/g40\/#breadcrumb"},"inLanguage":"fr-FR","potentialAction":[{"@type":"ReadAction","target":["https:\/\/www.piovan.com\/product\/g40\/"]}]},{"@type":"BreadcrumbList","@id":"https:\/\/www.piovan.com\/product\/g40\/#breadcrumb","itemListElement":[{"@type":"ListItem","position":1,"name":"Home","item":"https:\/\/www.piovan.com\/"},{"@type":"ListItem","position":2,"name":"Plastic","item":"https:\/\/www.piovan.com\/fr\/products\/plastique\/"},{"@type":"ListItem","position":3,"name":"Granulation","item":"https:\/\/www.piovan.com\/fr\/products\/plastique\/granulation\/"},{"@type":"ListItem","position":4,"name":"G40"}]},{"@type":"WebSite","@id":"https:\/\/www.piovan.com\/#website","url":"https:\/\/www.piovan.com\/","name":"PiovanGroup","description":"","publisher":{"@id":"https:\/\/www.piovan.com\/#organization"},"potentialAction":[{"@type":"SearchAction","target":{"@type":"EntryPoint","urlTemplate":"https:\/\/www.piovan.com\/?s={search_term_string}"},"query-input":"required name=search_term_string"}],"inLanguage":"fr-FR"},{"@type":"Organization","@id":"https:\/\/www.piovan.com\/#organization","name":"PiovanGroup","url":"https:\/\/www.piovan.com\/","logo":{"@type":"ImageObject","inLanguage":"fr-FR","@id":"https:\/\/www.piovan.com\/#\/schema\/logo\/image\/","url":"https:\/\/www.piovan.com\/wp-content\/uploads\/2021\/06\/logo@2x.png","contentUrl":"https:\/\/www.piovan.com\/wp-content\/uploads\/2021\/06\/logo@2x.png","width":489,"height":78,"caption":"PiovanGroup"},"image":{"@id":"https:\/\/www.piovan.com\/#\/schema\/logo\/image\/"}}]}},"_links":{"self":[{"href":"https:\/\/www.piovan.com\/fr\/wp-json\/wp\/v2\/product\/5085"}],"collection":[{"href":"https:\/\/www.piovan.com\/fr\/wp-json\/wp\/v2\/product"}],"about":[{"href":"https:\/\/www.piovan.com\/fr\/wp-json\/wp\/v2\/types\/product"}],"version-history":[{"count":3,"href":"https:\/\/www.piovan.com\/fr\/wp-json\/wp\/v2\/product\/5085\/revisions"}],"predecessor-version":[{"id":13588,"href":"https:\/\/www.piovan.com\/fr\/wp-json\/wp\/v2\/product\/5085\/revisions\/13588"}],"wp:featuredmedia":[{"embeddable":true,"href":"https:\/\/www.piovan.com\/fr\/wp-json\/wp\/v2\/media\/13582"}],"wp:attachment":[{"href":"https:\/\/www.piovan.com\/fr\/wp-json\/wp\/v2\/media?parent=5085"}],"wp:term":[{"taxonomy":"post_tag","embeddable":true,"href":"https:\/\/www.piovan.com\/fr\/wp-json\/wp\/v2\/tags?post=5085"}],"curies":[{"name":"wp","href":"https:\/\/api.w.org\/{rel}","templated":true}]}}