{"id":5078,"date":"2021-11-11T16:08:01","date_gmt":"2021-11-11T15:08:01","guid":{"rendered":"https:\/\/www.piovan.com\/product\/film-and-edge-trim-granulators-2\/"},"modified":"2024-10-04T14:59:51","modified_gmt":"2024-10-04T12:59:51","slug":"g17","status":"publish","type":"product","link":"https:\/\/www.piovan.com\/fr\/product\/g17\/","title":{"rendered":"G17"},"content":{"rendered":"<p>Les broyeurs G17 ont \u00e9t\u00e9 con\u00e7us pour produire des rebroy\u00e9s de forme et de dimensions les plus homog\u00e8nes, tout en pr\u00e9sentant peu ou pas de poussi\u00e8re.<\/p>\n<p>Cette s\u00e9rie se distingue par sa capacit\u00e9 \u00e0 produire des rebroy\u00e9s de tr\u00e8s petites dimensions. Le grand avantage des rebroy\u00e9s de petites dimensions est la possibilit\u00e9 d\u2019en ajouter des pourcentages sup\u00e9rieurs \u00e0 la mati\u00e8re vierge, sans influencer la qualit\u00e9 du produit fini. Les syst\u00e8mes de faible capacit\u00e9,\nles machines de moulage par injection ou les extrudeuses sont \u00e9quip\u00e9es de vis de plastification de petit diam\u00e8tre, incapables de traiter les granul\u00e9s dont les dimensions d\u00e9passent celles des granul\u00e9s vierges. Les broyeurs G17 produisent des rebroy\u00e9s de dimensions comparables \u00e0 celles des granul\u00e9s\nvierges.<\/p>","protected":false},"featured_media":13576,"template":"","tags":[108],"acf":[],"yoast_head":"<title>G17 - Groupe Piovan<\/title>\n<meta name=\"robots\" content=\"index, follow, max-snippet:-1, max-image-preview:large, max-video-preview:-1\" \/>\n<link rel=\"canonical\" href=\"https:\/\/www.piovan.com\/fr\/product\/g17\/\" \/>\n<meta property=\"og:locale\" content=\"fr_FR\" \/>\n<meta property=\"og:type\" content=\"article\" \/>\n<meta property=\"og:title\" content=\"G17 - PiovanGroup\" \/>\n<meta property=\"og:description\" content=\"G17 granulators are designed to produce the most homogeneous regrind shape and dimensions, along with little to no presence of dust. A distinctive characteristic of this series is the ability to produce regrind with very small dimensions. The great advantage of dimensionally small regrind is the possibility to add higher percentages to the virgin material with no influence to the quality of the finished product. Small capacity systems, injection moulding machines or extruders, are equipped with small diameter plastification screws, [&hellip;]\" \/>\n<meta property=\"og:url\" content=\"https:\/\/www.piovan.com\/fr\/product\/g17\/\" \/>\n<meta property=\"og:site_name\" content=\"PiovanGroup\" \/>\n<meta property=\"article:modified_time\" content=\"2024-10-04T12:59:51+00:00\" \/>\n<meta property=\"og:image\" content=\"https:\/\/www.piovan.com\/wp-content\/uploads\/G-17.png\" \/>\n\t<meta property=\"og:image:width\" content=\"1200\" \/>\n\t<meta property=\"og:image:height\" content=\"1560\" \/>\n\t<meta property=\"og:image:type\" content=\"image\/png\" \/>\n<meta name=\"twitter:card\" content=\"summary_large_image\" \/>\n<script type=\"application\/ld+json\" class=\"yoast-schema-graph\">{\"@context\":\"https:\/\/schema.org\",\"@graph\":[{\"@type\":\"WebPage\",\"@id\":\"https:\/\/www.piovan.com\/product\/g17\/\",\"url\":\"https:\/\/www.piovan.com\/product\/g17\/\",\"name\":\"G17 - PiovanGroup\",\"isPartOf\":{\"@id\":\"https:\/\/www.piovan.com\/#website\"},\"datePublished\":\"2021-11-11T15:08:01+00:00\",\"dateModified\":\"2024-10-04T12:59:51+00:00\",\"breadcrumb\":{\"@id\":\"https:\/\/www.piovan.com\/product\/g17\/#breadcrumb\"},\"inLanguage\":\"fr-FR\",\"potentialAction\":[{\"@type\":\"ReadAction\",\"target\":[\"https:\/\/www.piovan.com\/product\/g17\/\"]}]},{\"@type\":\"BreadcrumbList\",\"@id\":\"https:\/\/www.piovan.com\/product\/g17\/#breadcrumb\",\"itemListElement\":[{\"@type\":\"ListItem\",\"position\":1,\"name\":\"Home\",\"item\":\"https:\/\/www.piovan.com\/\"},{\"@type\":\"ListItem\",\"position\":2,\"name\":\"Plastic\",\"item\":\"https:\/\/www.piovan.com\/fr\/products\/plastique\/\"},{\"@type\":\"ListItem\",\"position\":3,\"name\":\"Granulation\",\"item\":\"https:\/\/www.piovan.com\/fr\/products\/plastique\/granulation\/\"},{\"@type\":\"ListItem\",\"position\":4,\"name\":\"G17\"}]},{\"@type\":\"WebSite\",\"@id\":\"https:\/\/www.piovan.com\/#website\",\"url\":\"https:\/\/www.piovan.com\/\",\"name\":\"PiovanGroup\",\"description\":\"\",\"publisher\":{\"@id\":\"https:\/\/www.piovan.com\/#organization\"},\"potentialAction\":[{\"@type\":\"SearchAction\",\"target\":{\"@type\":\"EntryPoint\",\"urlTemplate\":\"https:\/\/www.piovan.com\/?s={search_term_string}\"},\"query-input\":\"required name=search_term_string\"}],\"inLanguage\":\"fr-FR\"},{\"@type\":\"Organization\",\"@id\":\"https:\/\/www.piovan.com\/#organization\",\"name\":\"PiovanGroup\",\"url\":\"https:\/\/www.piovan.com\/\",\"logo\":{\"@type\":\"ImageObject\",\"inLanguage\":\"fr-FR\",\"@id\":\"https:\/\/www.piovan.com\/#\/schema\/logo\/image\/\",\"url\":\"https:\/\/www.piovan.com\/wp-content\/uploads\/2021\/06\/logo@2x.png\",\"contentUrl\":\"https:\/\/www.piovan.com\/wp-content\/uploads\/2021\/06\/logo@2x.png\",\"width\":489,\"height\":78,\"caption\":\"PiovanGroup\"},\"image\":{\"@id\":\"https:\/\/www.piovan.com\/#\/schema\/logo\/image\/\"}}]}<\/script>","yoast_head_json":{"title":"G17 - Groupe Piovan","robots":{"index":"index","follow":"follow","max-snippet":"max-snippet:-1","max-image-preview":"max-image-preview:large","max-video-preview":"max-video-preview:-1"},"canonical":"https:\/\/www.piovan.com\/fr\/product\/g17\/","og_locale":"fr_FR","og_type":"article","og_title":"G17 - PiovanGroup","og_description":"G17 granulators are designed to produce the most homogeneous regrind shape and dimensions, along with little to no presence of dust. A distinctive characteristic of this series is the ability to produce regrind with very small dimensions. The great advantage of dimensionally small regrind is the possibility to add higher percentages to the virgin material with no influence to the quality of the finished product. Small capacity systems, injection moulding machines or extruders, are equipped with small diameter plastification screws, [&hellip;]","og_url":"https:\/\/www.piovan.com\/fr\/product\/g17\/","og_site_name":"PiovanGroup","article_modified_time":"2024-10-04T12:59:51+00:00","og_image":[{"width":1200,"height":1560,"url":"https:\/\/www.piovan.com\/wp-content\/uploads\/G-17.png","type":"image\/png"}],"twitter_card":"summary_large_image","schema":{"@context":"https:\/\/schema.org","@graph":[{"@type":"WebPage","@id":"https:\/\/www.piovan.com\/product\/g17\/","url":"https:\/\/www.piovan.com\/product\/g17\/","name":"G17 - PiovanGroup","isPartOf":{"@id":"https:\/\/www.piovan.com\/#website"},"datePublished":"2021-11-11T15:08:01+00:00","dateModified":"2024-10-04T12:59:51+00:00","breadcrumb":{"@id":"https:\/\/www.piovan.com\/product\/g17\/#breadcrumb"},"inLanguage":"fr-FR","potentialAction":[{"@type":"ReadAction","target":["https:\/\/www.piovan.com\/product\/g17\/"]}]},{"@type":"BreadcrumbList","@id":"https:\/\/www.piovan.com\/product\/g17\/#breadcrumb","itemListElement":[{"@type":"ListItem","position":1,"name":"Home","item":"https:\/\/www.piovan.com\/"},{"@type":"ListItem","position":2,"name":"Plastic","item":"https:\/\/www.piovan.com\/fr\/products\/plastique\/"},{"@type":"ListItem","position":3,"name":"Granulation","item":"https:\/\/www.piovan.com\/fr\/products\/plastique\/granulation\/"},{"@type":"ListItem","position":4,"name":"G17"}]},{"@type":"WebSite","@id":"https:\/\/www.piovan.com\/#website","url":"https:\/\/www.piovan.com\/","name":"PiovanGroup","description":"","publisher":{"@id":"https:\/\/www.piovan.com\/#organization"},"potentialAction":[{"@type":"SearchAction","target":{"@type":"EntryPoint","urlTemplate":"https:\/\/www.piovan.com\/?s={search_term_string}"},"query-input":"required name=search_term_string"}],"inLanguage":"fr-FR"},{"@type":"Organization","@id":"https:\/\/www.piovan.com\/#organization","name":"PiovanGroup","url":"https:\/\/www.piovan.com\/","logo":{"@type":"ImageObject","inLanguage":"fr-FR","@id":"https:\/\/www.piovan.com\/#\/schema\/logo\/image\/","url":"https:\/\/www.piovan.com\/wp-content\/uploads\/2021\/06\/logo@2x.png","contentUrl":"https:\/\/www.piovan.com\/wp-content\/uploads\/2021\/06\/logo@2x.png","width":489,"height":78,"caption":"PiovanGroup"},"image":{"@id":"https:\/\/www.piovan.com\/#\/schema\/logo\/image\/"}}]}},"_links":{"self":[{"href":"https:\/\/www.piovan.com\/fr\/wp-json\/wp\/v2\/product\/5078"}],"collection":[{"href":"https:\/\/www.piovan.com\/fr\/wp-json\/wp\/v2\/product"}],"about":[{"href":"https:\/\/www.piovan.com\/fr\/wp-json\/wp\/v2\/types\/product"}],"version-history":[{"count":3,"href":"https:\/\/www.piovan.com\/fr\/wp-json\/wp\/v2\/product\/5078\/revisions"}],"predecessor-version":[{"id":13577,"href":"https:\/\/www.piovan.com\/fr\/wp-json\/wp\/v2\/product\/5078\/revisions\/13577"}],"wp:featuredmedia":[{"embeddable":true,"href":"https:\/\/www.piovan.com\/fr\/wp-json\/wp\/v2\/media\/13576"}],"wp:attachment":[{"href":"https:\/\/www.piovan.com\/fr\/wp-json\/wp\/v2\/media?parent=5078"}],"wp:term":[{"taxonomy":"post_tag","embeddable":true,"href":"https:\/\/www.piovan.com\/fr\/wp-json\/wp\/v2\/tags?post=5078"}],"curies":[{"name":"wp","href":"https:\/\/api.w.org\/{rel}","templated":true}]}}