{"id":5034,"date":"2021-11-10T16:59:47","date_gmt":"2021-11-10T15:59:47","guid":{"rendered":"https:\/\/www.piovan.com\/?post_type=product&#038;p=5034"},"modified":"2024-10-30T09:50:54","modified_gmt":"2024-10-30T08:50:54","slug":"residence-hopper","status":"publish","type":"product","link":"https:\/\/www.piovan.com\/fr\/product\/residence-hopper\/","title":{"rendered":"Tr\u00e9mie de stockage"},"content":{"rendered":"<p>Les tr\u00e9mies de stockage garantissent un r\u00e9servoir de mati\u00e8re juste avant la machine de moulage par injection, en aval de tous les processus de conditionnement tels que le s\u00e9chage.<\/p>\n<p>Les tr\u00e9mies de stockage Piovan ont \u00e9t\u00e9 con\u00e7ues pour maintenir le produit dans les meilleures conditions pour \u00eatre trait\u00e9es. Elles poss\u00e8dent un\ncouvercle \u00e0 charni\u00e8res qui permet un acc\u00e8s facile \u00e0 l'int\u00e9rieur ainsi qu'une isolation thermique de l'\u00e9paisseur.<\/p>","protected":false},"featured_media":13000,"template":"","tags":[108],"acf":[],"yoast_head":"<title>Tr\u00e9mie de stockage - Groupe Piovan<\/title>\n<meta name=\"robots\" content=\"index, follow, max-snippet:-1, max-image-preview:large, max-video-preview:-1\" \/>\n<link rel=\"canonical\" href=\"https:\/\/www.piovan.com\/fr\/product\/residence-hopper\/\" \/>\n<meta property=\"og:locale\" content=\"fr_FR\" \/>\n<meta property=\"og:type\" content=\"article\" \/>\n<meta property=\"og:title\" content=\"Residence Hopper - PiovanGroup\" \/>\n<meta property=\"og:description\" content=\"Residence hoppers assure a reservoir of material just before the Injection moulding machine, downstream all the conditioning processes such as drying. Piovan residence hoppers are designed to keep the product in the best condition to be processed. It has a hinged lid for easy access to the inside and thickness thermal insulation.\" \/>\n<meta property=\"og:url\" content=\"https:\/\/www.piovan.com\/fr\/product\/residence-hopper\/\" \/>\n<meta property=\"og:site_name\" content=\"PiovanGroup\" \/>\n<meta property=\"article:modified_time\" content=\"2024-10-30T08:50:54+00:00\" \/>\n<meta property=\"og:image\" content=\"https:\/\/www.piovan.com\/wp-content\/uploads\/Residence-Hopper_1200x1560px-copia.png\" \/>\n\t<meta property=\"og:image:width\" content=\"1200\" \/>\n\t<meta property=\"og:image:height\" content=\"1560\" \/>\n\t<meta property=\"og:image:type\" content=\"image\/png\" \/>\n<meta name=\"twitter:card\" content=\"summary_large_image\" \/>\n<script type=\"application\/ld+json\" class=\"yoast-schema-graph\">{\"@context\":\"https:\/\/schema.org\",\"@graph\":[{\"@type\":\"WebPage\",\"@id\":\"https:\/\/www.piovan.com\/product\/residence-hopper\/\",\"url\":\"https:\/\/www.piovan.com\/product\/residence-hopper\/\",\"name\":\"Residence Hopper - PiovanGroup\",\"isPartOf\":{\"@id\":\"https:\/\/www.piovan.com\/#website\"},\"datePublished\":\"2021-11-10T15:59:47+00:00\",\"dateModified\":\"2024-10-30T08:50:54+00:00\",\"breadcrumb\":{\"@id\":\"https:\/\/www.piovan.com\/product\/residence-hopper\/#breadcrumb\"},\"inLanguage\":\"fr-FR\",\"potentialAction\":[{\"@type\":\"ReadAction\",\"target\":[\"https:\/\/www.piovan.com\/product\/residence-hopper\/\"]}]},{\"@type\":\"BreadcrumbList\",\"@id\":\"https:\/\/www.piovan.com\/product\/residence-hopper\/#breadcrumb\",\"itemListElement\":[{\"@type\":\"ListItem\",\"position\":1,\"name\":\"Home\",\"item\":\"https:\/\/www.piovan.com\/\"},{\"@type\":\"ListItem\",\"position\":2,\"name\":\"Plastic\",\"item\":\"https:\/\/www.piovan.com\/fr\/products\/plastique\/\"},{\"@type\":\"ListItem\",\"position\":3,\"name\":\"Feeding &amp; Conveying\",\"item\":\"https:\/\/www.piovan.com\/fr\/products\/plastique\/alimentation-et-transport\/\"},{\"@type\":\"ListItem\",\"position\":4,\"name\":\"Residence Hopper\"}]},{\"@type\":\"WebSite\",\"@id\":\"https:\/\/www.piovan.com\/#website\",\"url\":\"https:\/\/www.piovan.com\/\",\"name\":\"PiovanGroup\",\"description\":\"\",\"publisher\":{\"@id\":\"https:\/\/www.piovan.com\/#organization\"},\"potentialAction\":[{\"@type\":\"SearchAction\",\"target\":{\"@type\":\"EntryPoint\",\"urlTemplate\":\"https:\/\/www.piovan.com\/?s={search_term_string}\"},\"query-input\":\"required name=search_term_string\"}],\"inLanguage\":\"fr-FR\"},{\"@type\":\"Organization\",\"@id\":\"https:\/\/www.piovan.com\/#organization\",\"name\":\"PiovanGroup\",\"url\":\"https:\/\/www.piovan.com\/\",\"logo\":{\"@type\":\"ImageObject\",\"inLanguage\":\"fr-FR\",\"@id\":\"https:\/\/www.piovan.com\/#\/schema\/logo\/image\/\",\"url\":\"https:\/\/www.piovan.com\/wp-content\/uploads\/2021\/06\/logo@2x.png\",\"contentUrl\":\"https:\/\/www.piovan.com\/wp-content\/uploads\/2021\/06\/logo@2x.png\",\"width\":489,\"height\":78,\"caption\":\"PiovanGroup\"},\"image\":{\"@id\":\"https:\/\/www.piovan.com\/#\/schema\/logo\/image\/\"}}]}<\/script>","yoast_head_json":{"title":"Tr\u00e9mie de stockage - Groupe Piovan","robots":{"index":"index","follow":"follow","max-snippet":"max-snippet:-1","max-image-preview":"max-image-preview:large","max-video-preview":"max-video-preview:-1"},"canonical":"https:\/\/www.piovan.com\/fr\/product\/residence-hopper\/","og_locale":"fr_FR","og_type":"article","og_title":"Residence Hopper - PiovanGroup","og_description":"Residence hoppers assure a reservoir of material just before the Injection moulding machine, downstream all the conditioning processes such as drying. Piovan residence hoppers are designed to keep the product in the best condition to be processed. It has a hinged lid for easy access to the inside and thickness thermal insulation.","og_url":"https:\/\/www.piovan.com\/fr\/product\/residence-hopper\/","og_site_name":"PiovanGroup","article_modified_time":"2024-10-30T08:50:54+00:00","og_image":[{"width":1200,"height":1560,"url":"https:\/\/www.piovan.com\/wp-content\/uploads\/Residence-Hopper_1200x1560px-copia.png","type":"image\/png"}],"twitter_card":"summary_large_image","schema":{"@context":"https:\/\/schema.org","@graph":[{"@type":"WebPage","@id":"https:\/\/www.piovan.com\/product\/residence-hopper\/","url":"https:\/\/www.piovan.com\/product\/residence-hopper\/","name":"Residence Hopper - PiovanGroup","isPartOf":{"@id":"https:\/\/www.piovan.com\/#website"},"datePublished":"2021-11-10T15:59:47+00:00","dateModified":"2024-10-30T08:50:54+00:00","breadcrumb":{"@id":"https:\/\/www.piovan.com\/product\/residence-hopper\/#breadcrumb"},"inLanguage":"fr-FR","potentialAction":[{"@type":"ReadAction","target":["https:\/\/www.piovan.com\/product\/residence-hopper\/"]}]},{"@type":"BreadcrumbList","@id":"https:\/\/www.piovan.com\/product\/residence-hopper\/#breadcrumb","itemListElement":[{"@type":"ListItem","position":1,"name":"Home","item":"https:\/\/www.piovan.com\/"},{"@type":"ListItem","position":2,"name":"Plastic","item":"https:\/\/www.piovan.com\/fr\/products\/plastique\/"},{"@type":"ListItem","position":3,"name":"Feeding &amp; Conveying","item":"https:\/\/www.piovan.com\/fr\/products\/plastique\/alimentation-et-transport\/"},{"@type":"ListItem","position":4,"name":"Residence Hopper"}]},{"@type":"WebSite","@id":"https:\/\/www.piovan.com\/#website","url":"https:\/\/www.piovan.com\/","name":"PiovanGroup","description":"","publisher":{"@id":"https:\/\/www.piovan.com\/#organization"},"potentialAction":[{"@type":"SearchAction","target":{"@type":"EntryPoint","urlTemplate":"https:\/\/www.piovan.com\/?s={search_term_string}"},"query-input":"required name=search_term_string"}],"inLanguage":"fr-FR"},{"@type":"Organization","@id":"https:\/\/www.piovan.com\/#organization","name":"PiovanGroup","url":"https:\/\/www.piovan.com\/","logo":{"@type":"ImageObject","inLanguage":"fr-FR","@id":"https:\/\/www.piovan.com\/#\/schema\/logo\/image\/","url":"https:\/\/www.piovan.com\/wp-content\/uploads\/2021\/06\/logo@2x.png","contentUrl":"https:\/\/www.piovan.com\/wp-content\/uploads\/2021\/06\/logo@2x.png","width":489,"height":78,"caption":"PiovanGroup"},"image":{"@id":"https:\/\/www.piovan.com\/#\/schema\/logo\/image\/"}}]}},"_links":{"self":[{"href":"https:\/\/www.piovan.com\/fr\/wp-json\/wp\/v2\/product\/5034"}],"collection":[{"href":"https:\/\/www.piovan.com\/fr\/wp-json\/wp\/v2\/product"}],"about":[{"href":"https:\/\/www.piovan.com\/fr\/wp-json\/wp\/v2\/types\/product"}],"version-history":[{"count":3,"href":"https:\/\/www.piovan.com\/fr\/wp-json\/wp\/v2\/product\/5034\/revisions"}],"predecessor-version":[{"id":13710,"href":"https:\/\/www.piovan.com\/fr\/wp-json\/wp\/v2\/product\/5034\/revisions\/13710"}],"wp:featuredmedia":[{"embeddable":true,"href":"https:\/\/www.piovan.com\/fr\/wp-json\/wp\/v2\/media\/13000"}],"wp:attachment":[{"href":"https:\/\/www.piovan.com\/fr\/wp-json\/wp\/v2\/media?parent=5034"}],"wp:term":[{"taxonomy":"post_tag","embeddable":true,"href":"https:\/\/www.piovan.com\/fr\/wp-json\/wp\/v2\/tags?post=5034"}],"curies":[{"name":"wp","href":"https:\/\/api.w.org\/{rel}","templated":true}]}}