{"id":5026,"date":"2021-11-10T16:39:07","date_gmt":"2021-11-10T15:39:07","guid":{"rendered":"https:\/\/www.piovan.com\/?post_type=product&#038;p=5026"},"modified":"2025-10-20T18:13:31","modified_gmt":"2025-10-20T16:13:31","slug":"permanent-vacuum-system","status":"publish","type":"product","link":"https:\/\/www.piovan.com\/fr\/product\/permanent-vacuum-system\/","title":{"rendered":"Syst\u00e8me de vide permanent"},"content":{"rendered":"<p>Les syst\u00e8mes de vide permanent sont constitu\u00e9s de plusieurs unit\u00e9s d'aspiration travaillant en parall\u00e8le.<\/p>\n<p>Le syst\u00e8me allume ou \u00e9teint automatiquement les pompes \u00e0 vide en fonction des besoins r\u00e9els de la production.<\/p>\n<p>Ci-dessous, certains avantages qui peuvent \u00eatre obtenus gr\u00e2ce \u00e0 un syst\u00e8me d'alimentation par le vide permanent:<br \/>\n\u2022 Un degr\u00e9 d'efficacit\u00e9 \u00e9lev\u00e9 et une consommation d'\u00e9nergie r\u00e9duite<br \/>\n\u2022 L'optimisation du temps de fonctionnement de la pompe<br \/>\n\u2022 Un nombre r\u00e9duit d'unit\u00e9s d'aspiration et de filtres par rapport aux syst\u00e8mes traditionnels, avec des frais d'entretien moindres<br \/>\n\u2022 Le volume des tr\u00e9mies de stockage peut \u00eatre r\u00e9duit<br \/>\n\u2022 Le syst\u00e8me est plus flexible en cas d'extensions futures<br \/>\n\u2022 Des collecteurs simultan\u00e9s peuvent convoyer simultan\u00e9ment.<\/p>","protected":false},"featured_media":5350,"template":"","tags":[108],"acf":[],"yoast_head":"<title>Syst\u00e8me de vide permanent - Groupe Piovan<\/title>\n<meta name=\"robots\" content=\"index, follow, max-snippet:-1, max-image-preview:large, max-video-preview:-1\" \/>\n<link rel=\"canonical\" href=\"https:\/\/www.piovan.com\/fr\/product\/permanent-vacuum-system\/\" \/>\n<meta property=\"og:locale\" content=\"fr_FR\" \/>\n<meta property=\"og:type\" content=\"article\" \/>\n<meta property=\"og:title\" content=\"Permanent Vacuum System - PiovanGroup\" \/>\n<meta property=\"og:description\" content=\"Permanent vacuum systems consist of several vacuum units working in parallel. The system automatically switches on or off the vacuum pumps according to the real need of the production. Some advantages that can be obtained with a permanent vacuum feeding system are: \u2022 A high degree of efficiency and low energy consumption \u2022 Optimisation of pump running time \u2022 Lower number of vacuum units and filters compare to traditional systems, with a lower maintenance costs \u2022 The volume of the [&hellip;]\" \/>\n<meta property=\"og:url\" content=\"https:\/\/www.piovan.com\/fr\/product\/permanent-vacuum-system\/\" \/>\n<meta property=\"og:site_name\" content=\"PiovanGroup\" \/>\n<meta property=\"article:modified_time\" content=\"2025-10-20T16:13:31+00:00\" \/>\n<meta property=\"og:image\" content=\"https:\/\/www.piovan.com\/wp-content\/uploads\/Product_1200x1560px_0011_Permanent-Vacuun-system.png\" \/>\n\t<meta property=\"og:image:width\" content=\"1200\" \/>\n\t<meta property=\"og:image:height\" content=\"1560\" \/>\n\t<meta property=\"og:image:type\" content=\"image\/png\" \/>\n<meta name=\"twitter:card\" content=\"summary_large_image\" \/>\n<script type=\"application\/ld+json\" class=\"yoast-schema-graph\">{\"@context\":\"https:\/\/schema.org\",\"@graph\":[{\"@type\":\"WebPage\",\"@id\":\"https:\/\/www.piovan.com\/product\/permanent-vacuum-system\/\",\"url\":\"https:\/\/www.piovan.com\/product\/permanent-vacuum-system\/\",\"name\":\"Permanent Vacuum System - PiovanGroup\",\"isPartOf\":{\"@id\":\"https:\/\/www.piovan.com\/#website\"},\"datePublished\":\"2021-11-10T15:39:07+00:00\",\"dateModified\":\"2025-10-20T16:13:31+00:00\",\"breadcrumb\":{\"@id\":\"https:\/\/www.piovan.com\/product\/permanent-vacuum-system\/#breadcrumb\"},\"inLanguage\":\"fr-FR\",\"potentialAction\":[{\"@type\":\"ReadAction\",\"target\":[\"https:\/\/www.piovan.com\/product\/permanent-vacuum-system\/\"]}]},{\"@type\":\"BreadcrumbList\",\"@id\":\"https:\/\/www.piovan.com\/product\/permanent-vacuum-system\/#breadcrumb\",\"itemListElement\":[{\"@type\":\"ListItem\",\"position\":1,\"name\":\"Home\",\"item\":\"https:\/\/www.piovan.com\/\"},{\"@type\":\"ListItem\",\"position\":2,\"name\":\"Plastic\",\"item\":\"https:\/\/www.piovan.com\/fr\/products\/plastique\/\"},{\"@type\":\"ListItem\",\"position\":3,\"name\":\"Feeding &amp; Conveying\",\"item\":\"https:\/\/www.piovan.com\/fr\/products\/plastique\/alimentation-et-transport\/\"},{\"@type\":\"ListItem\",\"position\":4,\"name\":\"Permanent Vacuum System\"}]},{\"@type\":\"WebSite\",\"@id\":\"https:\/\/www.piovan.com\/#website\",\"url\":\"https:\/\/www.piovan.com\/\",\"name\":\"PiovanGroup\",\"description\":\"\",\"publisher\":{\"@id\":\"https:\/\/www.piovan.com\/#organization\"},\"potentialAction\":[{\"@type\":\"SearchAction\",\"target\":{\"@type\":\"EntryPoint\",\"urlTemplate\":\"https:\/\/www.piovan.com\/?s={search_term_string}\"},\"query-input\":\"required name=search_term_string\"}],\"inLanguage\":\"fr-FR\"},{\"@type\":\"Organization\",\"@id\":\"https:\/\/www.piovan.com\/#organization\",\"name\":\"PiovanGroup\",\"url\":\"https:\/\/www.piovan.com\/\",\"logo\":{\"@type\":\"ImageObject\",\"inLanguage\":\"fr-FR\",\"@id\":\"https:\/\/www.piovan.com\/#\/schema\/logo\/image\/\",\"url\":\"https:\/\/www.piovan.com\/wp-content\/uploads\/2021\/06\/logo@2x.png\",\"contentUrl\":\"https:\/\/www.piovan.com\/wp-content\/uploads\/2021\/06\/logo@2x.png\",\"width\":489,\"height\":78,\"caption\":\"PiovanGroup\"},\"image\":{\"@id\":\"https:\/\/www.piovan.com\/#\/schema\/logo\/image\/\"}}]}<\/script>","yoast_head_json":{"title":"Syst\u00e8me de vide permanent - Groupe Piovan","robots":{"index":"index","follow":"follow","max-snippet":"max-snippet:-1","max-image-preview":"max-image-preview:large","max-video-preview":"max-video-preview:-1"},"canonical":"https:\/\/www.piovan.com\/fr\/product\/permanent-vacuum-system\/","og_locale":"fr_FR","og_type":"article","og_title":"Permanent Vacuum System - PiovanGroup","og_description":"Permanent vacuum systems consist of several vacuum units working in parallel. The system automatically switches on or off the vacuum pumps according to the real need of the production. Some advantages that can be obtained with a permanent vacuum feeding system are: \u2022 A high degree of efficiency and low energy consumption \u2022 Optimisation of pump running time \u2022 Lower number of vacuum units and filters compare to traditional systems, with a lower maintenance costs \u2022 The volume of the [&hellip;]","og_url":"https:\/\/www.piovan.com\/fr\/product\/permanent-vacuum-system\/","og_site_name":"PiovanGroup","article_modified_time":"2025-10-20T16:13:31+00:00","og_image":[{"width":1200,"height":1560,"url":"https:\/\/www.piovan.com\/wp-content\/uploads\/Product_1200x1560px_0011_Permanent-Vacuun-system.png","type":"image\/png"}],"twitter_card":"summary_large_image","schema":{"@context":"https:\/\/schema.org","@graph":[{"@type":"WebPage","@id":"https:\/\/www.piovan.com\/product\/permanent-vacuum-system\/","url":"https:\/\/www.piovan.com\/product\/permanent-vacuum-system\/","name":"Permanent Vacuum System - PiovanGroup","isPartOf":{"@id":"https:\/\/www.piovan.com\/#website"},"datePublished":"2021-11-10T15:39:07+00:00","dateModified":"2025-10-20T16:13:31+00:00","breadcrumb":{"@id":"https:\/\/www.piovan.com\/product\/permanent-vacuum-system\/#breadcrumb"},"inLanguage":"fr-FR","potentialAction":[{"@type":"ReadAction","target":["https:\/\/www.piovan.com\/product\/permanent-vacuum-system\/"]}]},{"@type":"BreadcrumbList","@id":"https:\/\/www.piovan.com\/product\/permanent-vacuum-system\/#breadcrumb","itemListElement":[{"@type":"ListItem","position":1,"name":"Home","item":"https:\/\/www.piovan.com\/"},{"@type":"ListItem","position":2,"name":"Plastic","item":"https:\/\/www.piovan.com\/fr\/products\/plastique\/"},{"@type":"ListItem","position":3,"name":"Feeding &amp; Conveying","item":"https:\/\/www.piovan.com\/fr\/products\/plastique\/alimentation-et-transport\/"},{"@type":"ListItem","position":4,"name":"Permanent Vacuum System"}]},{"@type":"WebSite","@id":"https:\/\/www.piovan.com\/#website","url":"https:\/\/www.piovan.com\/","name":"PiovanGroup","description":"","publisher":{"@id":"https:\/\/www.piovan.com\/#organization"},"potentialAction":[{"@type":"SearchAction","target":{"@type":"EntryPoint","urlTemplate":"https:\/\/www.piovan.com\/?s={search_term_string}"},"query-input":"required name=search_term_string"}],"inLanguage":"fr-FR"},{"@type":"Organization","@id":"https:\/\/www.piovan.com\/#organization","name":"PiovanGroup","url":"https:\/\/www.piovan.com\/","logo":{"@type":"ImageObject","inLanguage":"fr-FR","@id":"https:\/\/www.piovan.com\/#\/schema\/logo\/image\/","url":"https:\/\/www.piovan.com\/wp-content\/uploads\/2021\/06\/logo@2x.png","contentUrl":"https:\/\/www.piovan.com\/wp-content\/uploads\/2021\/06\/logo@2x.png","width":489,"height":78,"caption":"PiovanGroup"},"image":{"@id":"https:\/\/www.piovan.com\/#\/schema\/logo\/image\/"}}]}},"_links":{"self":[{"href":"https:\/\/www.piovan.com\/fr\/wp-json\/wp\/v2\/product\/5026"}],"collection":[{"href":"https:\/\/www.piovan.com\/fr\/wp-json\/wp\/v2\/product"}],"about":[{"href":"https:\/\/www.piovan.com\/fr\/wp-json\/wp\/v2\/types\/product"}],"version-history":[{"count":3,"href":"https:\/\/www.piovan.com\/fr\/wp-json\/wp\/v2\/product\/5026\/revisions"}],"predecessor-version":[{"id":15794,"href":"https:\/\/www.piovan.com\/fr\/wp-json\/wp\/v2\/product\/5026\/revisions\/15794"}],"wp:featuredmedia":[{"embeddable":true,"href":"https:\/\/www.piovan.com\/fr\/wp-json\/wp\/v2\/media\/5350"}],"wp:attachment":[{"href":"https:\/\/www.piovan.com\/fr\/wp-json\/wp\/v2\/media?parent=5026"}],"wp:term":[{"taxonomy":"post_tag","embeddable":true,"href":"https:\/\/www.piovan.com\/fr\/wp-json\/wp\/v2\/tags?post=5026"}],"curies":[{"name":"wp","href":"https:\/\/api.w.org\/{rel}","templated":true}]}}