{"id":5011,"date":"2021-11-10T16:15:39","date_gmt":"2021-11-10T15:15:39","guid":{"rendered":"https:\/\/www.piovan.com\/?post_type=product&#038;p=5011"},"modified":"2024-10-30T09:44:04","modified_gmt":"2024-10-30T08:44:04","slug":"fw-series","status":"publish","type":"product","link":"https:\/\/www.piovan.com\/fr\/product\/fw-series\/","title":{"rendered":"S\u00e9rie FW"},"content":{"rendered":"<p>La s\u00e9rie FW des syst\u00e8mes d'aspiration est la solution id\u00e9ale pour ce qui pr\u00e9sente une limite pour les autres capacit\u00e9s de filtration.<\/p>\n<p>Elle consiste en une unit\u00e9 d'aspiration dot\u00e9e d'un filtre de grande surface.<\/p>\n<p>Les avantages principaux des nouvelles unit\u00e9s d'aspiration FW sont les suivants:<br \/>\n\u2022 Un volet pour s\u00e9parer la cartouche du filtre du bac collecteur<br \/>\n\u2022 Une cartouche de filtration plus performante<br \/>\n\u2022 La possibilit\u00e9 de garder le syst\u00e8me en marche m\u00eame si le bac de collecte est d\u00e9mont\u00e9<br \/>\n\u2022 Une fabrication en acier inoxydable pour le corps du filtre<br \/>\n\u2022 De meilleures performances gr\u00e2ce au moteur de la souffleuse \u00e0 canal lat\u00e9ral de classe IE3<br \/>\n\u2022 Une protection thermique int\u00e9gr\u00e9e au moteur de la souffleuse<\/p>","protected":false},"featured_media":12997,"template":"","tags":[108],"acf":[],"yoast_head":"<title>S\u00e9rie FW - Groupe Piovan<\/title>\n<meta name=\"robots\" content=\"index, follow, max-snippet:-1, max-image-preview:large, max-video-preview:-1\" \/>\n<link rel=\"canonical\" href=\"https:\/\/www.piovan.com\/fr\/product\/fw-series\/\" \/>\n<meta property=\"og:locale\" content=\"fr_FR\" \/>\n<meta property=\"og:type\" content=\"article\" \/>\n<meta property=\"og:title\" content=\"FW Series - PiovanGroup\" \/>\n<meta property=\"og:description\" content=\"The FW series of vacuum units is the right solution for which other filtering capacities are a limit. It consists on a vacuum unit with dedicated high surface filter. The main advantages of the new FW vacuum units are: \u2022 Flap to separate the filtering cartridge from the collecting bin \u2022 Filtering cartridge with better performance \u2022 Possibility of keeping the system running even when the collecting bin is dismounted \u2022 Stainless steel construction for the filter body \u2022 Better [&hellip;]\" \/>\n<meta property=\"og:url\" content=\"https:\/\/www.piovan.com\/fr\/product\/fw-series\/\" \/>\n<meta property=\"og:site_name\" content=\"PiovanGroup\" \/>\n<meta property=\"article:modified_time\" content=\"2024-10-30T08:44:04+00:00\" \/>\n<meta property=\"og:image\" content=\"https:\/\/www.piovan.com\/wp-content\/uploads\/FW-Seriesg_1200x1560px-copia.png\" \/>\n\t<meta property=\"og:image:width\" content=\"1200\" \/>\n\t<meta property=\"og:image:height\" content=\"1560\" \/>\n\t<meta property=\"og:image:type\" content=\"image\/png\" \/>\n<meta name=\"twitter:card\" content=\"summary_large_image\" \/>\n<script type=\"application\/ld+json\" class=\"yoast-schema-graph\">{\"@context\":\"https:\/\/schema.org\",\"@graph\":[{\"@type\":\"WebPage\",\"@id\":\"https:\/\/www.piovan.com\/product\/fw-series\/\",\"url\":\"https:\/\/www.piovan.com\/product\/fw-series\/\",\"name\":\"FW Series - PiovanGroup\",\"isPartOf\":{\"@id\":\"https:\/\/www.piovan.com\/#website\"},\"datePublished\":\"2021-11-10T15:15:39+00:00\",\"dateModified\":\"2024-10-30T08:44:04+00:00\",\"breadcrumb\":{\"@id\":\"https:\/\/www.piovan.com\/product\/fw-series\/#breadcrumb\"},\"inLanguage\":\"fr-FR\",\"potentialAction\":[{\"@type\":\"ReadAction\",\"target\":[\"https:\/\/www.piovan.com\/product\/fw-series\/\"]}]},{\"@type\":\"BreadcrumbList\",\"@id\":\"https:\/\/www.piovan.com\/product\/fw-series\/#breadcrumb\",\"itemListElement\":[{\"@type\":\"ListItem\",\"position\":1,\"name\":\"Home\",\"item\":\"https:\/\/www.piovan.com\/\"},{\"@type\":\"ListItem\",\"position\":2,\"name\":\"Plastic\",\"item\":\"https:\/\/www.piovan.com\/fr\/products\/plastique\/\"},{\"@type\":\"ListItem\",\"position\":3,\"name\":\"Feeding &amp; Conveying\",\"item\":\"https:\/\/www.piovan.com\/fr\/products\/plastique\/alimentation-et-transport\/\"},{\"@type\":\"ListItem\",\"position\":4,\"name\":\"FW Series\"}]},{\"@type\":\"WebSite\",\"@id\":\"https:\/\/www.piovan.com\/#website\",\"url\":\"https:\/\/www.piovan.com\/\",\"name\":\"PiovanGroup\",\"description\":\"\",\"publisher\":{\"@id\":\"https:\/\/www.piovan.com\/#organization\"},\"potentialAction\":[{\"@type\":\"SearchAction\",\"target\":{\"@type\":\"EntryPoint\",\"urlTemplate\":\"https:\/\/www.piovan.com\/?s={search_term_string}\"},\"query-input\":\"required name=search_term_string\"}],\"inLanguage\":\"fr-FR\"},{\"@type\":\"Organization\",\"@id\":\"https:\/\/www.piovan.com\/#organization\",\"name\":\"PiovanGroup\",\"url\":\"https:\/\/www.piovan.com\/\",\"logo\":{\"@type\":\"ImageObject\",\"inLanguage\":\"fr-FR\",\"@id\":\"https:\/\/www.piovan.com\/#\/schema\/logo\/image\/\",\"url\":\"https:\/\/www.piovan.com\/wp-content\/uploads\/2021\/06\/logo@2x.png\",\"contentUrl\":\"https:\/\/www.piovan.com\/wp-content\/uploads\/2021\/06\/logo@2x.png\",\"width\":489,\"height\":78,\"caption\":\"PiovanGroup\"},\"image\":{\"@id\":\"https:\/\/www.piovan.com\/#\/schema\/logo\/image\/\"}}]}<\/script>","yoast_head_json":{"title":"S\u00e9rie FW - Groupe Piovan","robots":{"index":"index","follow":"follow","max-snippet":"max-snippet:-1","max-image-preview":"max-image-preview:large","max-video-preview":"max-video-preview:-1"},"canonical":"https:\/\/www.piovan.com\/fr\/product\/fw-series\/","og_locale":"fr_FR","og_type":"article","og_title":"FW Series - PiovanGroup","og_description":"The FW series of vacuum units is the right solution for which other filtering capacities are a limit. It consists on a vacuum unit with dedicated high surface filter. The main advantages of the new FW vacuum units are: \u2022 Flap to separate the filtering cartridge from the collecting bin \u2022 Filtering cartridge with better performance \u2022 Possibility of keeping the system running even when the collecting bin is dismounted \u2022 Stainless steel construction for the filter body \u2022 Better [&hellip;]","og_url":"https:\/\/www.piovan.com\/fr\/product\/fw-series\/","og_site_name":"PiovanGroup","article_modified_time":"2024-10-30T08:44:04+00:00","og_image":[{"width":1200,"height":1560,"url":"https:\/\/www.piovan.com\/wp-content\/uploads\/FW-Seriesg_1200x1560px-copia.png","type":"image\/png"}],"twitter_card":"summary_large_image","schema":{"@context":"https:\/\/schema.org","@graph":[{"@type":"WebPage","@id":"https:\/\/www.piovan.com\/product\/fw-series\/","url":"https:\/\/www.piovan.com\/product\/fw-series\/","name":"FW Series - PiovanGroup","isPartOf":{"@id":"https:\/\/www.piovan.com\/#website"},"datePublished":"2021-11-10T15:15:39+00:00","dateModified":"2024-10-30T08:44:04+00:00","breadcrumb":{"@id":"https:\/\/www.piovan.com\/product\/fw-series\/#breadcrumb"},"inLanguage":"fr-FR","potentialAction":[{"@type":"ReadAction","target":["https:\/\/www.piovan.com\/product\/fw-series\/"]}]},{"@type":"BreadcrumbList","@id":"https:\/\/www.piovan.com\/product\/fw-series\/#breadcrumb","itemListElement":[{"@type":"ListItem","position":1,"name":"Home","item":"https:\/\/www.piovan.com\/"},{"@type":"ListItem","position":2,"name":"Plastic","item":"https:\/\/www.piovan.com\/fr\/products\/plastique\/"},{"@type":"ListItem","position":3,"name":"Feeding &amp; Conveying","item":"https:\/\/www.piovan.com\/fr\/products\/plastique\/alimentation-et-transport\/"},{"@type":"ListItem","position":4,"name":"FW Series"}]},{"@type":"WebSite","@id":"https:\/\/www.piovan.com\/#website","url":"https:\/\/www.piovan.com\/","name":"PiovanGroup","description":"","publisher":{"@id":"https:\/\/www.piovan.com\/#organization"},"potentialAction":[{"@type":"SearchAction","target":{"@type":"EntryPoint","urlTemplate":"https:\/\/www.piovan.com\/?s={search_term_string}"},"query-input":"required name=search_term_string"}],"inLanguage":"fr-FR"},{"@type":"Organization","@id":"https:\/\/www.piovan.com\/#organization","name":"PiovanGroup","url":"https:\/\/www.piovan.com\/","logo":{"@type":"ImageObject","inLanguage":"fr-FR","@id":"https:\/\/www.piovan.com\/#\/schema\/logo\/image\/","url":"https:\/\/www.piovan.com\/wp-content\/uploads\/2021\/06\/logo@2x.png","contentUrl":"https:\/\/www.piovan.com\/wp-content\/uploads\/2021\/06\/logo@2x.png","width":489,"height":78,"caption":"PiovanGroup"},"image":{"@id":"https:\/\/www.piovan.com\/#\/schema\/logo\/image\/"}}]}},"_links":{"self":[{"href":"https:\/\/www.piovan.com\/fr\/wp-json\/wp\/v2\/product\/5011"}],"collection":[{"href":"https:\/\/www.piovan.com\/fr\/wp-json\/wp\/v2\/product"}],"about":[{"href":"https:\/\/www.piovan.com\/fr\/wp-json\/wp\/v2\/types\/product"}],"version-history":[{"count":3,"href":"https:\/\/www.piovan.com\/fr\/wp-json\/wp\/v2\/product\/5011\/revisions"}],"predecessor-version":[{"id":13708,"href":"https:\/\/www.piovan.com\/fr\/wp-json\/wp\/v2\/product\/5011\/revisions\/13708"}],"wp:featuredmedia":[{"embeddable":true,"href":"https:\/\/www.piovan.com\/fr\/wp-json\/wp\/v2\/media\/12997"}],"wp:attachment":[{"href":"https:\/\/www.piovan.com\/fr\/wp-json\/wp\/v2\/media?parent=5011"}],"wp:term":[{"taxonomy":"post_tag","embeddable":true,"href":"https:\/\/www.piovan.com\/fr\/wp-json\/wp\/v2\/tags?post=5011"}],"curies":[{"name":"wp","href":"https:\/\/api.w.org\/{rel}","templated":true}]}}