{"id":4940,"date":"2021-11-10T10:01:01","date_gmt":"2021-11-10T09:01:01","guid":{"rendered":"https:\/\/www.piovan.com\/?post_type=product&#038;p=4940"},"modified":"2024-10-30T10:16:52","modified_gmt":"2024-10-30T09:16:52","slug":"tn","status":"publish","type":"product","link":"https:\/\/www.piovan.com\/fr\/product\/tn\/","title":{"rendered":"TN"},"content":{"rendered":"<p>La gamme de tr\u00e9mies de s\u00e9chage comprend diff\u00e9rentes tailles pour la production de quelques kilos \u00e0 des milliers de kilos.<\/p>\n<p>Tr\u00e9mies de s\u00e9chage isol\u00e9es caract\u00e9ris\u00e9es par un excellent rapport entre hauteur et diam\u00e8tre, favorisant un \u00e9change de chaleur correct. Isolation thermique compl\u00e8te des c\u00f4nes, des cylindres et des portes d'inspection.<\/p>\n<p>Fabriqu\u00e9es en acier inoxydable pour une meilleure pr\u00e9servation du mat\u00e9riau trait\u00e9, les tr\u00e9mies sont faciles d'acc\u00e8s dans toutes leurs parties, gr\u00e2ce \u00e0 la porte d'inspection.<\/p>\n<p>Couvercle externe en aluminium anodis\u00e9 gaufr\u00e9 les rendant extr\u00eamement robustes.<\/p>\n<p>Vaste gamme de syst\u00e8mes d'aspiration isol\u00e9s thermiquement , disponible sur demande.<br \/>\nVanne coulissante en fourniture standard.<\/p>","protected":false},"featured_media":5374,"template":"","tags":[108],"acf":[],"yoast_head":"<title>TN - PiovanGroup<\/title>\n<meta name=\"robots\" content=\"index, follow, max-snippet:-1, max-image-preview:large, max-video-preview:-1\" \/>\n<link rel=\"canonical\" href=\"https:\/\/www.piovan.com\/fr\/product\/tn\/\" \/>\n<meta property=\"og:locale\" content=\"fr_FR\" \/>\n<meta property=\"og:type\" content=\"article\" \/>\n<meta property=\"og:title\" content=\"TN - PiovanGroup\" \/>\n<meta property=\"og:description\" content=\"The range of drying hoppers includes different sizes for production from few kilograms up to thousands of kilos. Insulated drying hoppers characterised by optimum ratio between height and diameter for proper heat exchange. Full thermal insulation of cones, cylinders, inspection doors. Made in stainless steel for preserving at best the processed material, TN hoppers are easily accessible to all parts, thanks to the inspection door. External cover in embossed anodized aluminium for maximum robustness. Available on request a wide range [&hellip;]\" \/>\n<meta property=\"og:url\" content=\"https:\/\/www.piovan.com\/fr\/product\/tn\/\" \/>\n<meta property=\"og:site_name\" content=\"PiovanGroup\" \/>\n<meta property=\"article:modified_time\" content=\"2024-10-30T09:16:52+00:00\" \/>\n<meta property=\"og:image\" content=\"https:\/\/www.piovan.com\/wp-content\/uploads\/Product_1200x1560px__0010_TN.png\" \/>\n\t<meta property=\"og:image:width\" content=\"1200\" \/>\n\t<meta property=\"og:image:height\" content=\"1560\" \/>\n\t<meta property=\"og:image:type\" content=\"image\/png\" \/>\n<meta name=\"twitter:card\" content=\"summary_large_image\" \/>\n<script type=\"application\/ld+json\" class=\"yoast-schema-graph\">{\"@context\":\"https:\/\/schema.org\",\"@graph\":[{\"@type\":\"WebPage\",\"@id\":\"https:\/\/www.piovan.com\/product\/tn\/\",\"url\":\"https:\/\/www.piovan.com\/product\/tn\/\",\"name\":\"TN - PiovanGroup\",\"isPartOf\":{\"@id\":\"https:\/\/www.piovan.com\/#website\"},\"datePublished\":\"2021-11-10T09:01:01+00:00\",\"dateModified\":\"2024-10-30T09:16:52+00:00\",\"breadcrumb\":{\"@id\":\"https:\/\/www.piovan.com\/product\/tn\/#breadcrumb\"},\"inLanguage\":\"fr-FR\",\"potentialAction\":[{\"@type\":\"ReadAction\",\"target\":[\"https:\/\/www.piovan.com\/product\/tn\/\"]}]},{\"@type\":\"BreadcrumbList\",\"@id\":\"https:\/\/www.piovan.com\/product\/tn\/#breadcrumb\",\"itemListElement\":[{\"@type\":\"ListItem\",\"position\":1,\"name\":\"Home\",\"item\":\"https:\/\/www.piovan.com\/\"},{\"@type\":\"ListItem\",\"position\":2,\"name\":\"Plastic\",\"item\":\"https:\/\/www.piovan.com\/fr\/products\/plastique\/\"},{\"@type\":\"ListItem\",\"position\":3,\"name\":\"Drying &amp; Dehumidifying\",\"item\":\"https:\/\/www.piovan.com\/fr\/products\/plastique\/sechage-et-deshumidification\/\"},{\"@type\":\"ListItem\",\"position\":4,\"name\":\"TN\"}]},{\"@type\":\"WebSite\",\"@id\":\"https:\/\/www.piovan.com\/#website\",\"url\":\"https:\/\/www.piovan.com\/\",\"name\":\"PiovanGroup\",\"description\":\"\",\"publisher\":{\"@id\":\"https:\/\/www.piovan.com\/#organization\"},\"potentialAction\":[{\"@type\":\"SearchAction\",\"target\":{\"@type\":\"EntryPoint\",\"urlTemplate\":\"https:\/\/www.piovan.com\/?s={search_term_string}\"},\"query-input\":\"required name=search_term_string\"}],\"inLanguage\":\"fr-FR\"},{\"@type\":\"Organization\",\"@id\":\"https:\/\/www.piovan.com\/#organization\",\"name\":\"PiovanGroup\",\"url\":\"https:\/\/www.piovan.com\/\",\"logo\":{\"@type\":\"ImageObject\",\"inLanguage\":\"fr-FR\",\"@id\":\"https:\/\/www.piovan.com\/#\/schema\/logo\/image\/\",\"url\":\"https:\/\/www.piovan.com\/wp-content\/uploads\/2021\/06\/logo@2x.png\",\"contentUrl\":\"https:\/\/www.piovan.com\/wp-content\/uploads\/2021\/06\/logo@2x.png\",\"width\":489,\"height\":78,\"caption\":\"PiovanGroup\"},\"image\":{\"@id\":\"https:\/\/www.piovan.com\/#\/schema\/logo\/image\/\"}}]}<\/script>","yoast_head_json":{"title":"TN - PiovanGroup","robots":{"index":"index","follow":"follow","max-snippet":"max-snippet:-1","max-image-preview":"max-image-preview:large","max-video-preview":"max-video-preview:-1"},"canonical":"https:\/\/www.piovan.com\/fr\/product\/tn\/","og_locale":"fr_FR","og_type":"article","og_title":"TN - PiovanGroup","og_description":"The range of drying hoppers includes different sizes for production from few kilograms up to thousands of kilos. Insulated drying hoppers characterised by optimum ratio between height and diameter for proper heat exchange. Full thermal insulation of cones, cylinders, inspection doors. Made in stainless steel for preserving at best the processed material, TN hoppers are easily accessible to all parts, thanks to the inspection door. External cover in embossed anodized aluminium for maximum robustness. Available on request a wide range [&hellip;]","og_url":"https:\/\/www.piovan.com\/fr\/product\/tn\/","og_site_name":"PiovanGroup","article_modified_time":"2024-10-30T09:16:52+00:00","og_image":[{"width":1200,"height":1560,"url":"https:\/\/www.piovan.com\/wp-content\/uploads\/Product_1200x1560px__0010_TN.png","type":"image\/png"}],"twitter_card":"summary_large_image","schema":{"@context":"https:\/\/schema.org","@graph":[{"@type":"WebPage","@id":"https:\/\/www.piovan.com\/product\/tn\/","url":"https:\/\/www.piovan.com\/product\/tn\/","name":"TN - PiovanGroup","isPartOf":{"@id":"https:\/\/www.piovan.com\/#website"},"datePublished":"2021-11-10T09:01:01+00:00","dateModified":"2024-10-30T09:16:52+00:00","breadcrumb":{"@id":"https:\/\/www.piovan.com\/product\/tn\/#breadcrumb"},"inLanguage":"fr-FR","potentialAction":[{"@type":"ReadAction","target":["https:\/\/www.piovan.com\/product\/tn\/"]}]},{"@type":"BreadcrumbList","@id":"https:\/\/www.piovan.com\/product\/tn\/#breadcrumb","itemListElement":[{"@type":"ListItem","position":1,"name":"Home","item":"https:\/\/www.piovan.com\/"},{"@type":"ListItem","position":2,"name":"Plastic","item":"https:\/\/www.piovan.com\/fr\/products\/plastique\/"},{"@type":"ListItem","position":3,"name":"Drying &amp; Dehumidifying","item":"https:\/\/www.piovan.com\/fr\/products\/plastique\/sechage-et-deshumidification\/"},{"@type":"ListItem","position":4,"name":"TN"}]},{"@type":"WebSite","@id":"https:\/\/www.piovan.com\/#website","url":"https:\/\/www.piovan.com\/","name":"PiovanGroup","description":"","publisher":{"@id":"https:\/\/www.piovan.com\/#organization"},"potentialAction":[{"@type":"SearchAction","target":{"@type":"EntryPoint","urlTemplate":"https:\/\/www.piovan.com\/?s={search_term_string}"},"query-input":"required name=search_term_string"}],"inLanguage":"fr-FR"},{"@type":"Organization","@id":"https:\/\/www.piovan.com\/#organization","name":"PiovanGroup","url":"https:\/\/www.piovan.com\/","logo":{"@type":"ImageObject","inLanguage":"fr-FR","@id":"https:\/\/www.piovan.com\/#\/schema\/logo\/image\/","url":"https:\/\/www.piovan.com\/wp-content\/uploads\/2021\/06\/logo@2x.png","contentUrl":"https:\/\/www.piovan.com\/wp-content\/uploads\/2021\/06\/logo@2x.png","width":489,"height":78,"caption":"PiovanGroup"},"image":{"@id":"https:\/\/www.piovan.com\/#\/schema\/logo\/image\/"}}]}},"_links":{"self":[{"href":"https:\/\/www.piovan.com\/fr\/wp-json\/wp\/v2\/product\/4940"}],"collection":[{"href":"https:\/\/www.piovan.com\/fr\/wp-json\/wp\/v2\/product"}],"about":[{"href":"https:\/\/www.piovan.com\/fr\/wp-json\/wp\/v2\/types\/product"}],"version-history":[{"count":3,"href":"https:\/\/www.piovan.com\/fr\/wp-json\/wp\/v2\/product\/4940\/revisions"}],"predecessor-version":[{"id":13714,"href":"https:\/\/www.piovan.com\/fr\/wp-json\/wp\/v2\/product\/4940\/revisions\/13714"}],"wp:featuredmedia":[{"embeddable":true,"href":"https:\/\/www.piovan.com\/fr\/wp-json\/wp\/v2\/media\/5374"}],"wp:attachment":[{"href":"https:\/\/www.piovan.com\/fr\/wp-json\/wp\/v2\/media?parent=4940"}],"wp:term":[{"taxonomy":"post_tag","embeddable":true,"href":"https:\/\/www.piovan.com\/fr\/wp-json\/wp\/v2\/tags?post=4940"}],"curies":[{"name":"wp","href":"https:\/\/api.w.org\/{rel}","templated":true}]}}