{"id":4922,"date":"2021-11-09T14:50:01","date_gmt":"2021-11-09T13:50:01","guid":{"rendered":"https:\/\/www.piovan.com\/?post_type=product&#038;p=4922"},"modified":"2025-01-09T16:17:47","modified_gmt":"2025-01-09T15:17:47","slug":"rpa","status":"publish","type":"product","link":"https:\/\/www.piovan.com\/fr\/product\/rpa\/","title":{"rendered":"RPA"},"content":{"rendered":"<p>Les s\u00e9cheurs de moules Piovan sont adapt\u00e9s emp\u00eacher la condensation dans la zone de moulage. Ils peuvent fonctionner en boucle ouverte ou ferm\u00e9e et avec des machines uniques ou multiples.<br \/>\n<BR><\/p>\n<p>Ils sont id\u00e9alement adapt\u00e9s pour:<br \/>\n\u2022 Empreintes de moules sur IMM avec temps de cycle court<br \/>\n\u2022 Empreintes de moules pour machines de moulage par soufflage<br \/>\n\u2022 Empreintes de moules zones IMM robotis\u00e9es pour le PET.<\/p>\n<p>L'action de s\u00e9chage est obtenue par la combinaison de deux \u00e9tapes:<br \/>\n\u2022 une phase de pr\u00e9-condensation, pendant laquelle l'eau de refroidissement est utilis\u00e9e pour r\u00e9duire la\nteneur en humidit\u00e9.<br \/>\n\u2022 une phase de s\u00e9chage : le point de ros\u00e9e de l'air de traitement est am\u00e9lior\u00e9 gr\u00e2ce \u00e0 la roue de dessiccation interne.<\/p>\n<p>La temp\u00e9rature de l'air entrant dans l'enceinte peut \u00eatre r\u00e9gl\u00e9e apr\u00e8s gr\u00e2ce \u00e0 un post-refroidissement.<br \/>\nLa consommation d'eau de refroidissement est r\u00e9duite au minimum gr\u00e2ce \u00e0 une vanne de r\u00e9gulation automatique.<\/p>","protected":false},"featured_media":13410,"template":"","tags":[108],"acf":[],"yoast_head":"<title>RPA - Groupe Piovan<\/title>\n<meta name=\"robots\" content=\"index, follow, max-snippet:-1, max-image-preview:large, max-video-preview:-1\" \/>\n<link rel=\"canonical\" href=\"https:\/\/www.piovan.com\/fr\/product\/rpa\/\" \/>\n<meta property=\"og:locale\" content=\"fr_FR\" \/>\n<meta property=\"og:type\" content=\"article\" \/>\n<meta property=\"og:title\" content=\"RPA - PiovanGroup\" \/>\n<meta property=\"og:description\" content=\"Piovan Mould Dryers is ideal to prevent condensation in the mould area. They can operate in open or closed loop and for single or multiple machines. Consistent dew point is assured by the PID control. Designed for fast start-up, do not need settings by operators. They are ideally suited for: \u2022 Mould enclosures of fast-cycle IMM\u2019s \u2022 Mould enclosures of blow moulding machines \u2022 Mould enclosures and robot area of PET IMM\u2019s. The drying action is obtained with the combination [&hellip;]\" \/>\n<meta property=\"og:url\" content=\"https:\/\/www.piovan.com\/fr\/product\/rpa\/\" \/>\n<meta property=\"og:site_name\" content=\"PiovanGroup\" \/>\n<meta property=\"article:modified_time\" content=\"2025-01-09T15:17:47+00:00\" \/>\n<meta property=\"og:image\" content=\"https:\/\/www.piovan.com\/wp-content\/uploads\/RPA-1800-739x1024.png\" \/>\n\t<meta property=\"og:image:width\" content=\"739\" \/>\n\t<meta property=\"og:image:height\" content=\"1024\" \/>\n\t<meta property=\"og:image:type\" content=\"image\/png\" \/>\n<meta name=\"twitter:card\" content=\"summary_large_image\" \/>\n<script type=\"application\/ld+json\" class=\"yoast-schema-graph\">{\"@context\":\"https:\/\/schema.org\",\"@graph\":[{\"@type\":\"WebPage\",\"@id\":\"https:\/\/www.piovan.com\/product\/rpa\/\",\"url\":\"https:\/\/www.piovan.com\/product\/rpa\/\",\"name\":\"RPA - PiovanGroup\",\"isPartOf\":{\"@id\":\"https:\/\/www.piovan.com\/#website\"},\"datePublished\":\"2021-11-09T13:50:01+00:00\",\"dateModified\":\"2025-01-09T15:17:47+00:00\",\"breadcrumb\":{\"@id\":\"https:\/\/www.piovan.com\/product\/rpa\/#breadcrumb\"},\"inLanguage\":\"fr-FR\",\"potentialAction\":[{\"@type\":\"ReadAction\",\"target\":[\"https:\/\/www.piovan.com\/product\/rpa\/\"]}]},{\"@type\":\"BreadcrumbList\",\"@id\":\"https:\/\/www.piovan.com\/product\/rpa\/#breadcrumb\",\"itemListElement\":[{\"@type\":\"ListItem\",\"position\":1,\"name\":\"Home\",\"item\":\"https:\/\/www.piovan.com\/\"},{\"@type\":\"ListItem\",\"position\":2,\"name\":\"Plastic\",\"item\":\"https:\/\/www.piovan.com\/fr\/products\/plastique\/\"},{\"@type\":\"ListItem\",\"position\":3,\"name\":\"Drying &amp; Dehumidifying\",\"item\":\"https:\/\/www.piovan.com\/fr\/products\/plastique\/sechage-et-deshumidification\/\"},{\"@type\":\"ListItem\",\"position\":4,\"name\":\"RPA\"}]},{\"@type\":\"WebSite\",\"@id\":\"https:\/\/www.piovan.com\/#website\",\"url\":\"https:\/\/www.piovan.com\/\",\"name\":\"PiovanGroup\",\"description\":\"\",\"publisher\":{\"@id\":\"https:\/\/www.piovan.com\/#organization\"},\"potentialAction\":[{\"@type\":\"SearchAction\",\"target\":{\"@type\":\"EntryPoint\",\"urlTemplate\":\"https:\/\/www.piovan.com\/?s={search_term_string}\"},\"query-input\":\"required name=search_term_string\"}],\"inLanguage\":\"fr-FR\"},{\"@type\":\"Organization\",\"@id\":\"https:\/\/www.piovan.com\/#organization\",\"name\":\"PiovanGroup\",\"url\":\"https:\/\/www.piovan.com\/\",\"logo\":{\"@type\":\"ImageObject\",\"inLanguage\":\"fr-FR\",\"@id\":\"https:\/\/www.piovan.com\/#\/schema\/logo\/image\/\",\"url\":\"https:\/\/www.piovan.com\/wp-content\/uploads\/2021\/06\/logo@2x.png\",\"contentUrl\":\"https:\/\/www.piovan.com\/wp-content\/uploads\/2021\/06\/logo@2x.png\",\"width\":489,\"height\":78,\"caption\":\"PiovanGroup\"},\"image\":{\"@id\":\"https:\/\/www.piovan.com\/#\/schema\/logo\/image\/\"}}]}<\/script>","yoast_head_json":{"title":"RPA - Groupe Piovan","robots":{"index":"index","follow":"follow","max-snippet":"max-snippet:-1","max-image-preview":"max-image-preview:large","max-video-preview":"max-video-preview:-1"},"canonical":"https:\/\/www.piovan.com\/fr\/product\/rpa\/","og_locale":"fr_FR","og_type":"article","og_title":"RPA - PiovanGroup","og_description":"Piovan Mould Dryers is ideal to prevent condensation in the mould area. They can operate in open or closed loop and for single or multiple machines. Consistent dew point is assured by the PID control. Designed for fast start-up, do not need settings by operators. They are ideally suited for: \u2022 Mould enclosures of fast-cycle IMM\u2019s \u2022 Mould enclosures of blow moulding machines \u2022 Mould enclosures and robot area of PET IMM\u2019s. The drying action is obtained with the combination [&hellip;]","og_url":"https:\/\/www.piovan.com\/fr\/product\/rpa\/","og_site_name":"PiovanGroup","article_modified_time":"2025-01-09T15:17:47+00:00","og_image":[{"width":739,"height":1024,"url":"https:\/\/www.piovan.com\/wp-content\/uploads\/RPA-1800-739x1024.png","type":"image\/png"}],"twitter_card":"summary_large_image","schema":{"@context":"https:\/\/schema.org","@graph":[{"@type":"WebPage","@id":"https:\/\/www.piovan.com\/product\/rpa\/","url":"https:\/\/www.piovan.com\/product\/rpa\/","name":"RPA - PiovanGroup","isPartOf":{"@id":"https:\/\/www.piovan.com\/#website"},"datePublished":"2021-11-09T13:50:01+00:00","dateModified":"2025-01-09T15:17:47+00:00","breadcrumb":{"@id":"https:\/\/www.piovan.com\/product\/rpa\/#breadcrumb"},"inLanguage":"fr-FR","potentialAction":[{"@type":"ReadAction","target":["https:\/\/www.piovan.com\/product\/rpa\/"]}]},{"@type":"BreadcrumbList","@id":"https:\/\/www.piovan.com\/product\/rpa\/#breadcrumb","itemListElement":[{"@type":"ListItem","position":1,"name":"Home","item":"https:\/\/www.piovan.com\/"},{"@type":"ListItem","position":2,"name":"Plastic","item":"https:\/\/www.piovan.com\/fr\/products\/plastique\/"},{"@type":"ListItem","position":3,"name":"Drying &amp; Dehumidifying","item":"https:\/\/www.piovan.com\/fr\/products\/plastique\/sechage-et-deshumidification\/"},{"@type":"ListItem","position":4,"name":"RPA"}]},{"@type":"WebSite","@id":"https:\/\/www.piovan.com\/#website","url":"https:\/\/www.piovan.com\/","name":"PiovanGroup","description":"","publisher":{"@id":"https:\/\/www.piovan.com\/#organization"},"potentialAction":[{"@type":"SearchAction","target":{"@type":"EntryPoint","urlTemplate":"https:\/\/www.piovan.com\/?s={search_term_string}"},"query-input":"required name=search_term_string"}],"inLanguage":"fr-FR"},{"@type":"Organization","@id":"https:\/\/www.piovan.com\/#organization","name":"PiovanGroup","url":"https:\/\/www.piovan.com\/","logo":{"@type":"ImageObject","inLanguage":"fr-FR","@id":"https:\/\/www.piovan.com\/#\/schema\/logo\/image\/","url":"https:\/\/www.piovan.com\/wp-content\/uploads\/2021\/06\/logo@2x.png","contentUrl":"https:\/\/www.piovan.com\/wp-content\/uploads\/2021\/06\/logo@2x.png","width":489,"height":78,"caption":"PiovanGroup"},"image":{"@id":"https:\/\/www.piovan.com\/#\/schema\/logo\/image\/"}}]}},"_links":{"self":[{"href":"https:\/\/www.piovan.com\/fr\/wp-json\/wp\/v2\/product\/4922"}],"collection":[{"href":"https:\/\/www.piovan.com\/fr\/wp-json\/wp\/v2\/product"}],"about":[{"href":"https:\/\/www.piovan.com\/fr\/wp-json\/wp\/v2\/types\/product"}],"version-history":[{"count":3,"href":"https:\/\/www.piovan.com\/fr\/wp-json\/wp\/v2\/product\/4922\/revisions"}],"predecessor-version":[{"id":14203,"href":"https:\/\/www.piovan.com\/fr\/wp-json\/wp\/v2\/product\/4922\/revisions\/14203"}],"wp:featuredmedia":[{"embeddable":true,"href":"https:\/\/www.piovan.com\/fr\/wp-json\/wp\/v2\/media\/13410"}],"wp:attachment":[{"href":"https:\/\/www.piovan.com\/fr\/wp-json\/wp\/v2\/media?parent=4922"}],"wp:term":[{"taxonomy":"post_tag","embeddable":true,"href":"https:\/\/www.piovan.com\/fr\/wp-json\/wp\/v2\/tags?post=4922"}],"curies":[{"name":"wp","href":"https:\/\/api.w.org\/{rel}","templated":true}]}}