{"id":4914,"date":"2021-11-09T14:19:29","date_gmt":"2021-11-09T13:19:29","guid":{"rendered":"https:\/\/www.piovan.com\/?post_type=product&#038;p=4914"},"modified":"2024-09-30T11:40:36","modified_gmt":"2024-09-30T09:40:36","slug":"ptu-ptun","status":"publish","type":"product","link":"https:\/\/www.piovan.com\/fr\/product\/ptu-ptun\/","title":{"rendered":"PTU | PTUN"},"content":{"rendered":"<p>PTU et PTUN peuvent \u00eatre combin\u00e9es avec un syst\u00e8me de s\u00e9chage \u00e0 plusieurs tr\u00e9mies afin de garantir une flexibilit\u00e9 maximale.<\/p>\n<p>Chaque tr\u00e9mie est \u00e9quip\u00e9e d'un chauffage \u00e9lectrique int\u00e9gr\u00e9 et le contr\u00f4le permet le r\u00e9glage d'une temp\u00e9rature diff\u00e9rente pour chaque tr\u00e9mie ; de cette fa\u00e7on, des mat\u00e9riaux diff\u00e9rents peuvent \u00eatre s\u00e9ch\u00e9s au m\u00eame moment, \u00e0 l'aide des param\u00e8tres de traitement corrects pour chacun d'eux. Le d\u00e9bit d'air de traitement traversant la tr\u00e9mie peut \u00eatre r\u00e9gl\u00e9 par l'op\u00e9rateur ou de mani\u00e8re totalement automatique en fonction de la production r\u00e9elle avec Modula.<\/p>\n<p>Un syst\u00e8me de s\u00e9chage \u00e0 plusieurs tr\u00e9mies permet de consacrer une tr\u00e9mie de s\u00e9chage \u00e0 chaque mat\u00e9riau, acc\u00e9l\u00e9rant et facilitant les changements de\nmat\u00e9riau sans la n\u00e9cessit\u00e9 d'op\u00e9rations de nettoyage et d'\u00e9vacuation. La pr\u00e9sence d'un seul s\u00e9cheur principal rend cette solution efficace et rentable.<\/p>\n<p>Les tr\u00e9mies de s\u00e9chage sont r\u00e9alis\u00e9es conform\u00e9ment aux normes de qualit\u00e9 les plus strictes, avec une couche d'isolation compl\u00e8te, une surface de contact avec les copeaux de plastique en acier inoxydable lisse et une grande porte pour l'entretien et le nettoyage.<\/p>","protected":false},"featured_media":13426,"template":"","tags":[108],"acf":[],"yoast_head":"<title>PTU | PTUN - PiovanGroup<\/title>\n<meta name=\"robots\" content=\"index, follow, max-snippet:-1, max-image-preview:large, max-video-preview:-1\" \/>\n<link rel=\"canonical\" href=\"https:\/\/www.piovan.com\/fr\/product\/ptu-ptun\/\" \/>\n<meta property=\"og:locale\" content=\"fr_FR\" \/>\n<meta property=\"og:type\" content=\"article\" \/>\n<meta property=\"og:title\" content=\"PTU | PTUN - PiovanGroup\" \/>\n<meta property=\"og:description\" content=\"PTU and PTUN can be combined in a multi-hopper drying system in order to guarantee maximum flexibility. Each hopper is equipped with an electrical heater on board and the control allows the setting of a different temperature for each hopper; in this way different materials can be dried at the same time, using the right process parameters for each of them. The process air flow passing through the hopper can be adjusted by the operator or in a fully automatic [&hellip;]\" \/>\n<meta property=\"og:url\" content=\"https:\/\/www.piovan.com\/fr\/product\/ptu-ptun\/\" \/>\n<meta property=\"og:site_name\" content=\"PiovanGroup\" \/>\n<meta property=\"article:modified_time\" content=\"2024-09-30T09:40:36+00:00\" \/>\n<meta property=\"og:image\" content=\"https:\/\/www.piovan.com\/wp-content\/uploads\/PTU-PTUN-1.png\" \/>\n\t<meta property=\"og:image:width\" content=\"1200\" \/>\n\t<meta property=\"og:image:height\" content=\"1560\" \/>\n\t<meta property=\"og:image:type\" content=\"image\/png\" \/>\n<meta name=\"twitter:card\" content=\"summary_large_image\" \/>\n<script type=\"application\/ld+json\" class=\"yoast-schema-graph\">{\"@context\":\"https:\/\/schema.org\",\"@graph\":[{\"@type\":\"WebPage\",\"@id\":\"https:\/\/www.piovan.com\/product\/ptu-ptun\/\",\"url\":\"https:\/\/www.piovan.com\/product\/ptu-ptun\/\",\"name\":\"PTU | PTUN - PiovanGroup\",\"isPartOf\":{\"@id\":\"https:\/\/www.piovan.com\/#website\"},\"datePublished\":\"2021-11-09T13:19:29+00:00\",\"dateModified\":\"2024-09-30T09:40:36+00:00\",\"breadcrumb\":{\"@id\":\"https:\/\/www.piovan.com\/product\/ptu-ptun\/#breadcrumb\"},\"inLanguage\":\"fr-FR\",\"potentialAction\":[{\"@type\":\"ReadAction\",\"target\":[\"https:\/\/www.piovan.com\/product\/ptu-ptun\/\"]}]},{\"@type\":\"BreadcrumbList\",\"@id\":\"https:\/\/www.piovan.com\/product\/ptu-ptun\/#breadcrumb\",\"itemListElement\":[{\"@type\":\"ListItem\",\"position\":1,\"name\":\"Home\",\"item\":\"https:\/\/www.piovan.com\/\"},{\"@type\":\"ListItem\",\"position\":2,\"name\":\"Plastic\",\"item\":\"https:\/\/www.piovan.com\/fr\/products\/plastique\/\"},{\"@type\":\"ListItem\",\"position\":3,\"name\":\"Drying &amp; Dehumidifying\",\"item\":\"https:\/\/www.piovan.com\/fr\/products\/plastique\/sechage-et-deshumidification\/\"},{\"@type\":\"ListItem\",\"position\":4,\"name\":\"PTU | PTUN\"}]},{\"@type\":\"WebSite\",\"@id\":\"https:\/\/www.piovan.com\/#website\",\"url\":\"https:\/\/www.piovan.com\/\",\"name\":\"PiovanGroup\",\"description\":\"\",\"publisher\":{\"@id\":\"https:\/\/www.piovan.com\/#organization\"},\"potentialAction\":[{\"@type\":\"SearchAction\",\"target\":{\"@type\":\"EntryPoint\",\"urlTemplate\":\"https:\/\/www.piovan.com\/?s={search_term_string}\"},\"query-input\":\"required name=search_term_string\"}],\"inLanguage\":\"fr-FR\"},{\"@type\":\"Organization\",\"@id\":\"https:\/\/www.piovan.com\/#organization\",\"name\":\"PiovanGroup\",\"url\":\"https:\/\/www.piovan.com\/\",\"logo\":{\"@type\":\"ImageObject\",\"inLanguage\":\"fr-FR\",\"@id\":\"https:\/\/www.piovan.com\/#\/schema\/logo\/image\/\",\"url\":\"https:\/\/www.piovan.com\/wp-content\/uploads\/2021\/06\/logo@2x.png\",\"contentUrl\":\"https:\/\/www.piovan.com\/wp-content\/uploads\/2021\/06\/logo@2x.png\",\"width\":489,\"height\":78,\"caption\":\"PiovanGroup\"},\"image\":{\"@id\":\"https:\/\/www.piovan.com\/#\/schema\/logo\/image\/\"}}]}<\/script>","yoast_head_json":{"title":"PTU | PTUN - PiovanGroup","robots":{"index":"index","follow":"follow","max-snippet":"max-snippet:-1","max-image-preview":"max-image-preview:large","max-video-preview":"max-video-preview:-1"},"canonical":"https:\/\/www.piovan.com\/fr\/product\/ptu-ptun\/","og_locale":"fr_FR","og_type":"article","og_title":"PTU | PTUN - PiovanGroup","og_description":"PTU and PTUN can be combined in a multi-hopper drying system in order to guarantee maximum flexibility. Each hopper is equipped with an electrical heater on board and the control allows the setting of a different temperature for each hopper; in this way different materials can be dried at the same time, using the right process parameters for each of them. The process air flow passing through the hopper can be adjusted by the operator or in a fully automatic [&hellip;]","og_url":"https:\/\/www.piovan.com\/fr\/product\/ptu-ptun\/","og_site_name":"PiovanGroup","article_modified_time":"2024-09-30T09:40:36+00:00","og_image":[{"width":1200,"height":1560,"url":"https:\/\/www.piovan.com\/wp-content\/uploads\/PTU-PTUN-1.png","type":"image\/png"}],"twitter_card":"summary_large_image","schema":{"@context":"https:\/\/schema.org","@graph":[{"@type":"WebPage","@id":"https:\/\/www.piovan.com\/product\/ptu-ptun\/","url":"https:\/\/www.piovan.com\/product\/ptu-ptun\/","name":"PTU | PTUN - PiovanGroup","isPartOf":{"@id":"https:\/\/www.piovan.com\/#website"},"datePublished":"2021-11-09T13:19:29+00:00","dateModified":"2024-09-30T09:40:36+00:00","breadcrumb":{"@id":"https:\/\/www.piovan.com\/product\/ptu-ptun\/#breadcrumb"},"inLanguage":"fr-FR","potentialAction":[{"@type":"ReadAction","target":["https:\/\/www.piovan.com\/product\/ptu-ptun\/"]}]},{"@type":"BreadcrumbList","@id":"https:\/\/www.piovan.com\/product\/ptu-ptun\/#breadcrumb","itemListElement":[{"@type":"ListItem","position":1,"name":"Home","item":"https:\/\/www.piovan.com\/"},{"@type":"ListItem","position":2,"name":"Plastic","item":"https:\/\/www.piovan.com\/fr\/products\/plastique\/"},{"@type":"ListItem","position":3,"name":"Drying &amp; Dehumidifying","item":"https:\/\/www.piovan.com\/fr\/products\/plastique\/sechage-et-deshumidification\/"},{"@type":"ListItem","position":4,"name":"PTU | PTUN"}]},{"@type":"WebSite","@id":"https:\/\/www.piovan.com\/#website","url":"https:\/\/www.piovan.com\/","name":"PiovanGroup","description":"","publisher":{"@id":"https:\/\/www.piovan.com\/#organization"},"potentialAction":[{"@type":"SearchAction","target":{"@type":"EntryPoint","urlTemplate":"https:\/\/www.piovan.com\/?s={search_term_string}"},"query-input":"required name=search_term_string"}],"inLanguage":"fr-FR"},{"@type":"Organization","@id":"https:\/\/www.piovan.com\/#organization","name":"PiovanGroup","url":"https:\/\/www.piovan.com\/","logo":{"@type":"ImageObject","inLanguage":"fr-FR","@id":"https:\/\/www.piovan.com\/#\/schema\/logo\/image\/","url":"https:\/\/www.piovan.com\/wp-content\/uploads\/2021\/06\/logo@2x.png","contentUrl":"https:\/\/www.piovan.com\/wp-content\/uploads\/2021\/06\/logo@2x.png","width":489,"height":78,"caption":"PiovanGroup"},"image":{"@id":"https:\/\/www.piovan.com\/#\/schema\/logo\/image\/"}}]}},"_links":{"self":[{"href":"https:\/\/www.piovan.com\/fr\/wp-json\/wp\/v2\/product\/4914"}],"collection":[{"href":"https:\/\/www.piovan.com\/fr\/wp-json\/wp\/v2\/product"}],"about":[{"href":"https:\/\/www.piovan.com\/fr\/wp-json\/wp\/v2\/types\/product"}],"version-history":[{"count":3,"href":"https:\/\/www.piovan.com\/fr\/wp-json\/wp\/v2\/product\/4914\/revisions"}],"predecessor-version":[{"id":13423,"href":"https:\/\/www.piovan.com\/fr\/wp-json\/wp\/v2\/product\/4914\/revisions\/13423"}],"wp:featuredmedia":[{"embeddable":true,"href":"https:\/\/www.piovan.com\/fr\/wp-json\/wp\/v2\/media\/13426"}],"wp:attachment":[{"href":"https:\/\/www.piovan.com\/fr\/wp-json\/wp\/v2\/media?parent=4914"}],"wp:term":[{"taxonomy":"post_tag","embeddable":true,"href":"https:\/\/www.piovan.com\/fr\/wp-json\/wp\/v2\/tags?post=4914"}],"curies":[{"name":"wp","href":"https:\/\/api.w.org\/{rel}","templated":true}]}}