{"id":4902,"date":"2021-11-09T14:01:51","date_gmt":"2021-11-09T13:01:51","guid":{"rendered":"https:\/\/www.piovan.com\/?post_type=product&#038;p=4902"},"modified":"2024-09-19T16:06:35","modified_gmt":"2024-09-19T14:06:35","slug":"hr-hrm","status":"publish","type":"product","link":"https:\/\/www.piovan.com\/fr\/product\/hr-hrm\/","title":{"rendered":"HR | HRM"},"content":{"rendered":"<p>Gr\u00e2ce \u00e0 l'adoption du rotor de dessiccation en nid d'abeilles, la s\u00e9rie HR est en mesure de garantir de la polyvalence pour des petites et moyennes productions.<\/p>\n<p>Cette technologie est caract\u00e9ris\u00e9e par un point de ros\u00e9e constant et un processus propre gr\u00e2ce \u00e0<br \/>\n\u2022 une capacit\u00e9 d'absorption importante<br \/>\n\u2022 aucune \u00e9mission de poussi\u00e8re<br \/>\n\u2022 un processus de r\u00e9g\u00e9n\u00e9ration continu et une phase de refroidissement en boucle ferm\u00e9e.<\/p>\n<p>Les s\u00e9cheurs HR et HRM sont \u00e9galement flexibles puisqu'ils fonctionnent avec une ou plusieurs tr\u00e9mies et peuvent \u00eatre install\u00e9s \u00e0 c\u00f4t\u00e9 de la machine de production ou sur un ch\u00e2ssis\nmobile.<\/p>","protected":false},"featured_media":13149,"template":"","tags":[108],"acf":[],"yoast_head":"<title>HR | HRM - Groupe Piovan<\/title>\n<meta name=\"robots\" content=\"index, follow, max-snippet:-1, max-image-preview:large, max-video-preview:-1\" \/>\n<link rel=\"canonical\" href=\"https:\/\/www.piovan.com\/fr\/product\/hr-hrm\/\" \/>\n<meta property=\"og:locale\" content=\"fr_FR\" \/>\n<meta property=\"og:type\" content=\"article\" \/>\n<meta property=\"og:title\" content=\"HR | HRM - PiovanGroup\" \/>\n<meta property=\"og:description\" content=\"By adopting the honeycomb desiccant rotor technology, the HR Series is able to ensure versatility for small and medium productions. The technology is characterised by constant dew point and clean process thanks to \u2022 large absorbing capacity \u2022 zero dust emission \u2022 continuous regeneration process and close loop cooling phase. HR and HRM dryers are also flexible since they operate with single or multiple hoppers and can be installed beside the process machine or on a mobile frame.\" \/>\n<meta property=\"og:url\" content=\"https:\/\/www.piovan.com\/fr\/product\/hr-hrm\/\" \/>\n<meta property=\"og:site_name\" content=\"PiovanGroup\" \/>\n<meta property=\"article:modified_time\" content=\"2024-09-19T14:06:35+00:00\" \/>\n<meta property=\"og:image\" content=\"https:\/\/www.piovan.com\/wp-content\/uploads\/HR-HRM_1200x1560px.png\" \/>\n\t<meta property=\"og:image:width\" content=\"1200\" \/>\n\t<meta property=\"og:image:height\" content=\"1560\" \/>\n\t<meta property=\"og:image:type\" content=\"image\/png\" \/>\n<meta name=\"twitter:card\" content=\"summary_large_image\" \/>\n<script type=\"application\/ld+json\" class=\"yoast-schema-graph\">{\"@context\":\"https:\/\/schema.org\",\"@graph\":[{\"@type\":\"WebPage\",\"@id\":\"https:\/\/www.piovan.com\/product\/hr-hrm\/\",\"url\":\"https:\/\/www.piovan.com\/product\/hr-hrm\/\",\"name\":\"HR | HRM - PiovanGroup\",\"isPartOf\":{\"@id\":\"https:\/\/www.piovan.com\/#website\"},\"datePublished\":\"2021-11-09T13:01:51+00:00\",\"dateModified\":\"2024-09-19T14:06:35+00:00\",\"breadcrumb\":{\"@id\":\"https:\/\/www.piovan.com\/product\/hr-hrm\/#breadcrumb\"},\"inLanguage\":\"fr-FR\",\"potentialAction\":[{\"@type\":\"ReadAction\",\"target\":[\"https:\/\/www.piovan.com\/product\/hr-hrm\/\"]}]},{\"@type\":\"BreadcrumbList\",\"@id\":\"https:\/\/www.piovan.com\/product\/hr-hrm\/#breadcrumb\",\"itemListElement\":[{\"@type\":\"ListItem\",\"position\":1,\"name\":\"Home\",\"item\":\"https:\/\/www.piovan.com\/\"},{\"@type\":\"ListItem\",\"position\":2,\"name\":\"Plastic\",\"item\":\"https:\/\/www.piovan.com\/fr\/products\/plastique\/\"},{\"@type\":\"ListItem\",\"position\":3,\"name\":\"Drying &amp; Dehumidifying\",\"item\":\"https:\/\/www.piovan.com\/fr\/products\/plastique\/sechage-et-deshumidification\/\"},{\"@type\":\"ListItem\",\"position\":4,\"name\":\"HR | HRM\"}]},{\"@type\":\"WebSite\",\"@id\":\"https:\/\/www.piovan.com\/#website\",\"url\":\"https:\/\/www.piovan.com\/\",\"name\":\"PiovanGroup\",\"description\":\"\",\"publisher\":{\"@id\":\"https:\/\/www.piovan.com\/#organization\"},\"potentialAction\":[{\"@type\":\"SearchAction\",\"target\":{\"@type\":\"EntryPoint\",\"urlTemplate\":\"https:\/\/www.piovan.com\/?s={search_term_string}\"},\"query-input\":\"required name=search_term_string\"}],\"inLanguage\":\"fr-FR\"},{\"@type\":\"Organization\",\"@id\":\"https:\/\/www.piovan.com\/#organization\",\"name\":\"PiovanGroup\",\"url\":\"https:\/\/www.piovan.com\/\",\"logo\":{\"@type\":\"ImageObject\",\"inLanguage\":\"fr-FR\",\"@id\":\"https:\/\/www.piovan.com\/#\/schema\/logo\/image\/\",\"url\":\"https:\/\/www.piovan.com\/wp-content\/uploads\/2021\/06\/logo@2x.png\",\"contentUrl\":\"https:\/\/www.piovan.com\/wp-content\/uploads\/2021\/06\/logo@2x.png\",\"width\":489,\"height\":78,\"caption\":\"PiovanGroup\"},\"image\":{\"@id\":\"https:\/\/www.piovan.com\/#\/schema\/logo\/image\/\"}}]}<\/script>","yoast_head_json":{"title":"HR | HRM - Groupe Piovan","robots":{"index":"index","follow":"follow","max-snippet":"max-snippet:-1","max-image-preview":"max-image-preview:large","max-video-preview":"max-video-preview:-1"},"canonical":"https:\/\/www.piovan.com\/fr\/product\/hr-hrm\/","og_locale":"fr_FR","og_type":"article","og_title":"HR | HRM - PiovanGroup","og_description":"By adopting the honeycomb desiccant rotor technology, the HR Series is able to ensure versatility for small and medium productions. The technology is characterised by constant dew point and clean process thanks to \u2022 large absorbing capacity \u2022 zero dust emission \u2022 continuous regeneration process and close loop cooling phase. HR and HRM dryers are also flexible since they operate with single or multiple hoppers and can be installed beside the process machine or on a mobile frame.","og_url":"https:\/\/www.piovan.com\/fr\/product\/hr-hrm\/","og_site_name":"PiovanGroup","article_modified_time":"2024-09-19T14:06:35+00:00","og_image":[{"width":1200,"height":1560,"url":"https:\/\/www.piovan.com\/wp-content\/uploads\/HR-HRM_1200x1560px.png","type":"image\/png"}],"twitter_card":"summary_large_image","schema":{"@context":"https:\/\/schema.org","@graph":[{"@type":"WebPage","@id":"https:\/\/www.piovan.com\/product\/hr-hrm\/","url":"https:\/\/www.piovan.com\/product\/hr-hrm\/","name":"HR | HRM - PiovanGroup","isPartOf":{"@id":"https:\/\/www.piovan.com\/#website"},"datePublished":"2021-11-09T13:01:51+00:00","dateModified":"2024-09-19T14:06:35+00:00","breadcrumb":{"@id":"https:\/\/www.piovan.com\/product\/hr-hrm\/#breadcrumb"},"inLanguage":"fr-FR","potentialAction":[{"@type":"ReadAction","target":["https:\/\/www.piovan.com\/product\/hr-hrm\/"]}]},{"@type":"BreadcrumbList","@id":"https:\/\/www.piovan.com\/product\/hr-hrm\/#breadcrumb","itemListElement":[{"@type":"ListItem","position":1,"name":"Home","item":"https:\/\/www.piovan.com\/"},{"@type":"ListItem","position":2,"name":"Plastic","item":"https:\/\/www.piovan.com\/fr\/products\/plastique\/"},{"@type":"ListItem","position":3,"name":"Drying &amp; Dehumidifying","item":"https:\/\/www.piovan.com\/fr\/products\/plastique\/sechage-et-deshumidification\/"},{"@type":"ListItem","position":4,"name":"HR | HRM"}]},{"@type":"WebSite","@id":"https:\/\/www.piovan.com\/#website","url":"https:\/\/www.piovan.com\/","name":"PiovanGroup","description":"","publisher":{"@id":"https:\/\/www.piovan.com\/#organization"},"potentialAction":[{"@type":"SearchAction","target":{"@type":"EntryPoint","urlTemplate":"https:\/\/www.piovan.com\/?s={search_term_string}"},"query-input":"required name=search_term_string"}],"inLanguage":"fr-FR"},{"@type":"Organization","@id":"https:\/\/www.piovan.com\/#organization","name":"PiovanGroup","url":"https:\/\/www.piovan.com\/","logo":{"@type":"ImageObject","inLanguage":"fr-FR","@id":"https:\/\/www.piovan.com\/#\/schema\/logo\/image\/","url":"https:\/\/www.piovan.com\/wp-content\/uploads\/2021\/06\/logo@2x.png","contentUrl":"https:\/\/www.piovan.com\/wp-content\/uploads\/2021\/06\/logo@2x.png","width":489,"height":78,"caption":"PiovanGroup"},"image":{"@id":"https:\/\/www.piovan.com\/#\/schema\/logo\/image\/"}}]}},"_links":{"self":[{"href":"https:\/\/www.piovan.com\/fr\/wp-json\/wp\/v2\/product\/4902"}],"collection":[{"href":"https:\/\/www.piovan.com\/fr\/wp-json\/wp\/v2\/product"}],"about":[{"href":"https:\/\/www.piovan.com\/fr\/wp-json\/wp\/v2\/types\/product"}],"version-history":[{"count":2,"href":"https:\/\/www.piovan.com\/fr\/wp-json\/wp\/v2\/product\/4902\/revisions"}],"predecessor-version":[{"id":13151,"href":"https:\/\/www.piovan.com\/fr\/wp-json\/wp\/v2\/product\/4902\/revisions\/13151"}],"wp:featuredmedia":[{"embeddable":true,"href":"https:\/\/www.piovan.com\/fr\/wp-json\/wp\/v2\/media\/13149"}],"wp:attachment":[{"href":"https:\/\/www.piovan.com\/fr\/wp-json\/wp\/v2\/media?parent=4902"}],"wp:term":[{"taxonomy":"post_tag","embeddable":true,"href":"https:\/\/www.piovan.com\/fr\/wp-json\/wp\/v2\/tags?post=4902"}],"curies":[{"name":"wp","href":"https:\/\/api.w.org\/{rel}","templated":true}]}}