{"id":4897,"date":"2021-11-09T13:47:36","date_gmt":"2021-11-09T12:47:36","guid":{"rendered":"https:\/\/www.piovan.com\/?post_type=product&#038;p=4897"},"modified":"2024-09-30T12:13:17","modified_gmt":"2024-09-30T10:13:17","slug":"ghp","status":"publish","type":"product","link":"https:\/\/www.piovan.com\/fr\/product\/ghp\/","title":{"rendered":"GHP"},"content":{"rendered":"<p>Comme alternative au chauffage \u00e9lectrique de l'air de traitement, un syst\u00e8me de s\u00e9chage \u00e0 de tr\u00e9mie unique peut \u00eatre \u00e9quip\u00e9 d'une chambre chauffante \u00e0 gaz, fonctionnant avec des \u00e9changeurs de chaleur tr\u00e8s performants, brevet\u00e9s par Piovan.<\/p>\n<p>Cette solution permet \u00e0 l'utilisateur final d'\u00e9conomiser sur les co\u00fbts de fonctionnement, dans les pays o\u00f9 le gaz est particuli\u00e8rement avantageux.<\/p>\n<p>Le contr\u00f4le de la temp\u00e9rature est tr\u00e8s pr\u00e9cis gr\u00e2ce au contr\u00f4le de la temp\u00e9rature de l'air chaud PID qui garantit une variation maximum de \u00b11 \u00b0C sur la valeur d\u00e9finie.<\/p>\n<p>Les gaz adapt\u00e9s sont les suivants:<br \/>\n\u2022 Gaz naturel<br \/>\n\u2022 Butane<br \/>\n\u2022 Propane<br \/>\n\u2022 GPL<\/p>","protected":false},"featured_media":13430,"template":"","tags":[108],"acf":[],"yoast_head":"<title>GHP - PiovanGroup<\/title>\n<meta name=\"robots\" content=\"index, follow, max-snippet:-1, max-image-preview:large, max-video-preview:-1\" \/>\n<link rel=\"canonical\" href=\"https:\/\/www.piovan.com\/fr\/product\/ghp\/\" \/>\n<meta property=\"og:locale\" content=\"fr_FR\" \/>\n<meta property=\"og:type\" content=\"article\" \/>\n<meta property=\"og:title\" content=\"GHP - PiovanGroup\" \/>\n<meta property=\"og:description\" content=\"As alternative to traditional electric process air heater, a single hopper drying system can be equipped with a gas heating chamber, operating with high efficiency heat exchangers, patented by Piovan. This solution enables the End User to considerably save operational costs, in the countries where gas is particularly price effective. The temperature control is very precise thanks to the PID hot air temperature control, that assures a maximum variation of \u00b11\u00b0C on the set value. Suitable gasses are: \u2022 Natural [&hellip;]\" \/>\n<meta property=\"og:url\" content=\"https:\/\/www.piovan.com\/fr\/product\/ghp\/\" \/>\n<meta property=\"og:site_name\" content=\"PiovanGroup\" \/>\n<meta property=\"article:modified_time\" content=\"2024-09-30T10:13:17+00:00\" \/>\n<meta property=\"og:image\" content=\"https:\/\/www.piovan.com\/wp-content\/uploads\/GHP.png\" \/>\n\t<meta property=\"og:image:width\" content=\"1200\" \/>\n\t<meta property=\"og:image:height\" content=\"1560\" \/>\n\t<meta property=\"og:image:type\" content=\"image\/png\" \/>\n<meta name=\"twitter:card\" content=\"summary_large_image\" \/>\n<script type=\"application\/ld+json\" class=\"yoast-schema-graph\">{\"@context\":\"https:\/\/schema.org\",\"@graph\":[{\"@type\":\"WebPage\",\"@id\":\"https:\/\/www.piovan.com\/product\/ghp\/\",\"url\":\"https:\/\/www.piovan.com\/product\/ghp\/\",\"name\":\"GHP - PiovanGroup\",\"isPartOf\":{\"@id\":\"https:\/\/www.piovan.com\/#website\"},\"datePublished\":\"2021-11-09T12:47:36+00:00\",\"dateModified\":\"2024-09-30T10:13:17+00:00\",\"breadcrumb\":{\"@id\":\"https:\/\/www.piovan.com\/product\/ghp\/#breadcrumb\"},\"inLanguage\":\"fr-FR\",\"potentialAction\":[{\"@type\":\"ReadAction\",\"target\":[\"https:\/\/www.piovan.com\/product\/ghp\/\"]}]},{\"@type\":\"BreadcrumbList\",\"@id\":\"https:\/\/www.piovan.com\/product\/ghp\/#breadcrumb\",\"itemListElement\":[{\"@type\":\"ListItem\",\"position\":1,\"name\":\"Home\",\"item\":\"https:\/\/www.piovan.com\/\"},{\"@type\":\"ListItem\",\"position\":2,\"name\":\"Plastic\",\"item\":\"https:\/\/www.piovan.com\/fr\/products\/plastique\/\"},{\"@type\":\"ListItem\",\"position\":3,\"name\":\"Drying &amp; Dehumidifying\",\"item\":\"https:\/\/www.piovan.com\/fr\/products\/plastique\/sechage-et-deshumidification\/\"},{\"@type\":\"ListItem\",\"position\":4,\"name\":\"GHP\"}]},{\"@type\":\"WebSite\",\"@id\":\"https:\/\/www.piovan.com\/#website\",\"url\":\"https:\/\/www.piovan.com\/\",\"name\":\"PiovanGroup\",\"description\":\"\",\"publisher\":{\"@id\":\"https:\/\/www.piovan.com\/#organization\"},\"potentialAction\":[{\"@type\":\"SearchAction\",\"target\":{\"@type\":\"EntryPoint\",\"urlTemplate\":\"https:\/\/www.piovan.com\/?s={search_term_string}\"},\"query-input\":\"required name=search_term_string\"}],\"inLanguage\":\"fr-FR\"},{\"@type\":\"Organization\",\"@id\":\"https:\/\/www.piovan.com\/#organization\",\"name\":\"PiovanGroup\",\"url\":\"https:\/\/www.piovan.com\/\",\"logo\":{\"@type\":\"ImageObject\",\"inLanguage\":\"fr-FR\",\"@id\":\"https:\/\/www.piovan.com\/#\/schema\/logo\/image\/\",\"url\":\"https:\/\/www.piovan.com\/wp-content\/uploads\/2021\/06\/logo@2x.png\",\"contentUrl\":\"https:\/\/www.piovan.com\/wp-content\/uploads\/2021\/06\/logo@2x.png\",\"width\":489,\"height\":78,\"caption\":\"PiovanGroup\"},\"image\":{\"@id\":\"https:\/\/www.piovan.com\/#\/schema\/logo\/image\/\"}}]}<\/script>","yoast_head_json":{"title":"GHP - PiovanGroup","robots":{"index":"index","follow":"follow","max-snippet":"max-snippet:-1","max-image-preview":"max-image-preview:large","max-video-preview":"max-video-preview:-1"},"canonical":"https:\/\/www.piovan.com\/fr\/product\/ghp\/","og_locale":"fr_FR","og_type":"article","og_title":"GHP - PiovanGroup","og_description":"As alternative to traditional electric process air heater, a single hopper drying system can be equipped with a gas heating chamber, operating with high efficiency heat exchangers, patented by Piovan. This solution enables the End User to considerably save operational costs, in the countries where gas is particularly price effective. The temperature control is very precise thanks to the PID hot air temperature control, that assures a maximum variation of \u00b11\u00b0C on the set value. Suitable gasses are: \u2022 Natural [&hellip;]","og_url":"https:\/\/www.piovan.com\/fr\/product\/ghp\/","og_site_name":"PiovanGroup","article_modified_time":"2024-09-30T10:13:17+00:00","og_image":[{"width":1200,"height":1560,"url":"https:\/\/www.piovan.com\/wp-content\/uploads\/GHP.png","type":"image\/png"}],"twitter_card":"summary_large_image","schema":{"@context":"https:\/\/schema.org","@graph":[{"@type":"WebPage","@id":"https:\/\/www.piovan.com\/product\/ghp\/","url":"https:\/\/www.piovan.com\/product\/ghp\/","name":"GHP - PiovanGroup","isPartOf":{"@id":"https:\/\/www.piovan.com\/#website"},"datePublished":"2021-11-09T12:47:36+00:00","dateModified":"2024-09-30T10:13:17+00:00","breadcrumb":{"@id":"https:\/\/www.piovan.com\/product\/ghp\/#breadcrumb"},"inLanguage":"fr-FR","potentialAction":[{"@type":"ReadAction","target":["https:\/\/www.piovan.com\/product\/ghp\/"]}]},{"@type":"BreadcrumbList","@id":"https:\/\/www.piovan.com\/product\/ghp\/#breadcrumb","itemListElement":[{"@type":"ListItem","position":1,"name":"Home","item":"https:\/\/www.piovan.com\/"},{"@type":"ListItem","position":2,"name":"Plastic","item":"https:\/\/www.piovan.com\/fr\/products\/plastique\/"},{"@type":"ListItem","position":3,"name":"Drying &amp; Dehumidifying","item":"https:\/\/www.piovan.com\/fr\/products\/plastique\/sechage-et-deshumidification\/"},{"@type":"ListItem","position":4,"name":"GHP"}]},{"@type":"WebSite","@id":"https:\/\/www.piovan.com\/#website","url":"https:\/\/www.piovan.com\/","name":"PiovanGroup","description":"","publisher":{"@id":"https:\/\/www.piovan.com\/#organization"},"potentialAction":[{"@type":"SearchAction","target":{"@type":"EntryPoint","urlTemplate":"https:\/\/www.piovan.com\/?s={search_term_string}"},"query-input":"required name=search_term_string"}],"inLanguage":"fr-FR"},{"@type":"Organization","@id":"https:\/\/www.piovan.com\/#organization","name":"PiovanGroup","url":"https:\/\/www.piovan.com\/","logo":{"@type":"ImageObject","inLanguage":"fr-FR","@id":"https:\/\/www.piovan.com\/#\/schema\/logo\/image\/","url":"https:\/\/www.piovan.com\/wp-content\/uploads\/2021\/06\/logo@2x.png","contentUrl":"https:\/\/www.piovan.com\/wp-content\/uploads\/2021\/06\/logo@2x.png","width":489,"height":78,"caption":"PiovanGroup"},"image":{"@id":"https:\/\/www.piovan.com\/#\/schema\/logo\/image\/"}}]}},"_links":{"self":[{"href":"https:\/\/www.piovan.com\/fr\/wp-json\/wp\/v2\/product\/4897"}],"collection":[{"href":"https:\/\/www.piovan.com\/fr\/wp-json\/wp\/v2\/product"}],"about":[{"href":"https:\/\/www.piovan.com\/fr\/wp-json\/wp\/v2\/types\/product"}],"version-history":[{"count":3,"href":"https:\/\/www.piovan.com\/fr\/wp-json\/wp\/v2\/product\/4897\/revisions"}],"predecessor-version":[{"id":13432,"href":"https:\/\/www.piovan.com\/fr\/wp-json\/wp\/v2\/product\/4897\/revisions\/13432"}],"wp:featuredmedia":[{"embeddable":true,"href":"https:\/\/www.piovan.com\/fr\/wp-json\/wp\/v2\/media\/13430"}],"wp:attachment":[{"href":"https:\/\/www.piovan.com\/fr\/wp-json\/wp\/v2\/media?parent=4897"}],"wp:term":[{"taxonomy":"post_tag","embeddable":true,"href":"https:\/\/www.piovan.com\/fr\/wp-json\/wp\/v2\/tags?post=4897"}],"curies":[{"name":"wp","href":"https:\/\/api.w.org\/{rel}","templated":true}]}}