{"id":4891,"date":"2021-11-09T13:02:17","date_gmt":"2021-11-09T12:02:17","guid":{"rendered":"https:\/\/www.piovan.com\/?post_type=product&#038;p=4891"},"modified":"2024-09-19T11:22:31","modified_gmt":"2024-09-19T09:22:31","slug":"gmp","status":"publish","type":"product","link":"https:\/\/www.piovan.com\/fr\/product\/gmp\/","title":{"rendered":"GMP"},"content":{"rendered":"<p>La gamme GMP est disponible en 3 configurations SMART, PLUS et ADAPTIVE. L'interface op\u00e9rateur est un \u00e9cran tactile couleur 7\". L'IHM donne acc\u00e8s \u00e0 tous les composants du syst\u00e8me pour des r\u00e9glages ou des param\u00e9trages sp\u00e9cifiques.<\/p>\n<p>GMP est un syst\u00e8me de s\u00e9chage \u00e0 une ou plusieurs tr\u00e9mies, pouvant adapter et contr\u00f4ler automatiquement les param\u00e8tres de fonctionnement tels que la temp\u00e9rature, le point de ros\u00e9e et le d\u00e9bit de l'air de traitement, en fonction de la production d\u00e9tect\u00e9e.<\/p>\n<p>Un d\u00e9bitm\u00e8tre, situ\u00e9 dans la ligne d'alimentation en air, contr\u00f4le le d\u00e9bit d'air instantan\u00e9ment de fa\u00e7on \u00e0 ce que celui-ci soit automatiquement modul\u00e9 par l'unit\u00e9 de s\u00e9chage, ce qui entra\u00eene\ndes conditions de fonctionnement du processus optimales ainsi qu'une optimisation de l'\u00e9nergie.<\/p>\n<p>Si plusieurs mati\u00e8res premi\u00e8res doivent \u00eatre s\u00e9ch\u00e9es, un s\u00e9cheur GMP peut \u00eatre combin\u00e9 \u00e0 un syst\u00e8me de tr\u00e9mies multiples. Il s'agit d'une solution tr\u00e8s flexible et rentable.<\/p>","protected":false},"featured_media":13129,"template":"","tags":[108],"acf":[],"yoast_head":"<title>GMP - PiovanGroup<\/title>\n<meta name=\"robots\" content=\"index, follow, max-snippet:-1, max-image-preview:large, max-video-preview:-1\" \/>\n<link rel=\"canonical\" href=\"https:\/\/www.piovan.com\/fr\/product\/gmp\/\" \/>\n<meta property=\"og:locale\" content=\"fr_FR\" \/>\n<meta property=\"og:type\" content=\"article\" \/>\n<meta property=\"og:title\" content=\"GMP - PiovanGroup\" \/>\n<meta property=\"og:description\" content=\"The GMP range is available in 3 configurations SMART, PLUS and ADAPTIVE. The operator\u2019s interface is an 7&quot;, colour touch screen. The HMI offers access to all the system\u2019s components for specific adjustments or settings. GMP is a single or multi hopper drying system, that can adapt and automatically control operating parameters, such as temperature, Dew point and flow rate of the process air, according to the production detected. A flow meter, located in the air supply line, controls the [&hellip;]\" \/>\n<meta property=\"og:url\" content=\"https:\/\/www.piovan.com\/fr\/product\/gmp\/\" \/>\n<meta property=\"og:site_name\" content=\"PiovanGroup\" \/>\n<meta property=\"article:modified_time\" content=\"2024-09-19T09:22:31+00:00\" \/>\n<meta property=\"og:image\" content=\"https:\/\/www.piovan.com\/wp-content\/uploads\/GMP_1200x1560px.png\" \/>\n\t<meta property=\"og:image:width\" content=\"1200\" \/>\n\t<meta property=\"og:image:height\" content=\"1560\" \/>\n\t<meta property=\"og:image:type\" content=\"image\/png\" \/>\n<meta name=\"twitter:card\" content=\"summary_large_image\" \/>\n<script type=\"application\/ld+json\" class=\"yoast-schema-graph\">{\"@context\":\"https:\/\/schema.org\",\"@graph\":[{\"@type\":\"WebPage\",\"@id\":\"https:\/\/www.piovan.com\/product\/gmp\/\",\"url\":\"https:\/\/www.piovan.com\/product\/gmp\/\",\"name\":\"GMP - PiovanGroup\",\"isPartOf\":{\"@id\":\"https:\/\/www.piovan.com\/#website\"},\"datePublished\":\"2021-11-09T12:02:17+00:00\",\"dateModified\":\"2024-09-19T09:22:31+00:00\",\"breadcrumb\":{\"@id\":\"https:\/\/www.piovan.com\/product\/gmp\/#breadcrumb\"},\"inLanguage\":\"fr-FR\",\"potentialAction\":[{\"@type\":\"ReadAction\",\"target\":[\"https:\/\/www.piovan.com\/product\/gmp\/\"]}]},{\"@type\":\"BreadcrumbList\",\"@id\":\"https:\/\/www.piovan.com\/product\/gmp\/#breadcrumb\",\"itemListElement\":[{\"@type\":\"ListItem\",\"position\":1,\"name\":\"Home\",\"item\":\"https:\/\/www.piovan.com\/\"},{\"@type\":\"ListItem\",\"position\":2,\"name\":\"Plastic\",\"item\":\"https:\/\/www.piovan.com\/fr\/products\/plastique\/\"},{\"@type\":\"ListItem\",\"position\":3,\"name\":\"Drying &amp; Dehumidifying\",\"item\":\"https:\/\/www.piovan.com\/fr\/products\/plastique\/sechage-et-deshumidification\/\"},{\"@type\":\"ListItem\",\"position\":4,\"name\":\"GMP\"}]},{\"@type\":\"WebSite\",\"@id\":\"https:\/\/www.piovan.com\/#website\",\"url\":\"https:\/\/www.piovan.com\/\",\"name\":\"PiovanGroup\",\"description\":\"\",\"publisher\":{\"@id\":\"https:\/\/www.piovan.com\/#organization\"},\"potentialAction\":[{\"@type\":\"SearchAction\",\"target\":{\"@type\":\"EntryPoint\",\"urlTemplate\":\"https:\/\/www.piovan.com\/?s={search_term_string}\"},\"query-input\":\"required name=search_term_string\"}],\"inLanguage\":\"fr-FR\"},{\"@type\":\"Organization\",\"@id\":\"https:\/\/www.piovan.com\/#organization\",\"name\":\"PiovanGroup\",\"url\":\"https:\/\/www.piovan.com\/\",\"logo\":{\"@type\":\"ImageObject\",\"inLanguage\":\"fr-FR\",\"@id\":\"https:\/\/www.piovan.com\/#\/schema\/logo\/image\/\",\"url\":\"https:\/\/www.piovan.com\/wp-content\/uploads\/2021\/06\/logo@2x.png\",\"contentUrl\":\"https:\/\/www.piovan.com\/wp-content\/uploads\/2021\/06\/logo@2x.png\",\"width\":489,\"height\":78,\"caption\":\"PiovanGroup\"},\"image\":{\"@id\":\"https:\/\/www.piovan.com\/#\/schema\/logo\/image\/\"}}]}<\/script>","yoast_head_json":{"title":"GMP - PiovanGroup","robots":{"index":"index","follow":"follow","max-snippet":"max-snippet:-1","max-image-preview":"max-image-preview:large","max-video-preview":"max-video-preview:-1"},"canonical":"https:\/\/www.piovan.com\/fr\/product\/gmp\/","og_locale":"fr_FR","og_type":"article","og_title":"GMP - PiovanGroup","og_description":"The GMP range is available in 3 configurations SMART, PLUS and ADAPTIVE. The operator\u2019s interface is an 7\", colour touch screen. The HMI offers access to all the system\u2019s components for specific adjustments or settings. GMP is a single or multi hopper drying system, that can adapt and automatically control operating parameters, such as temperature, Dew point and flow rate of the process air, according to the production detected. A flow meter, located in the air supply line, controls the [&hellip;]","og_url":"https:\/\/www.piovan.com\/fr\/product\/gmp\/","og_site_name":"PiovanGroup","article_modified_time":"2024-09-19T09:22:31+00:00","og_image":[{"width":1200,"height":1560,"url":"https:\/\/www.piovan.com\/wp-content\/uploads\/GMP_1200x1560px.png","type":"image\/png"}],"twitter_card":"summary_large_image","schema":{"@context":"https:\/\/schema.org","@graph":[{"@type":"WebPage","@id":"https:\/\/www.piovan.com\/product\/gmp\/","url":"https:\/\/www.piovan.com\/product\/gmp\/","name":"GMP - PiovanGroup","isPartOf":{"@id":"https:\/\/www.piovan.com\/#website"},"datePublished":"2021-11-09T12:02:17+00:00","dateModified":"2024-09-19T09:22:31+00:00","breadcrumb":{"@id":"https:\/\/www.piovan.com\/product\/gmp\/#breadcrumb"},"inLanguage":"fr-FR","potentialAction":[{"@type":"ReadAction","target":["https:\/\/www.piovan.com\/product\/gmp\/"]}]},{"@type":"BreadcrumbList","@id":"https:\/\/www.piovan.com\/product\/gmp\/#breadcrumb","itemListElement":[{"@type":"ListItem","position":1,"name":"Home","item":"https:\/\/www.piovan.com\/"},{"@type":"ListItem","position":2,"name":"Plastic","item":"https:\/\/www.piovan.com\/fr\/products\/plastique\/"},{"@type":"ListItem","position":3,"name":"Drying &amp; Dehumidifying","item":"https:\/\/www.piovan.com\/fr\/products\/plastique\/sechage-et-deshumidification\/"},{"@type":"ListItem","position":4,"name":"GMP"}]},{"@type":"WebSite","@id":"https:\/\/www.piovan.com\/#website","url":"https:\/\/www.piovan.com\/","name":"PiovanGroup","description":"","publisher":{"@id":"https:\/\/www.piovan.com\/#organization"},"potentialAction":[{"@type":"SearchAction","target":{"@type":"EntryPoint","urlTemplate":"https:\/\/www.piovan.com\/?s={search_term_string}"},"query-input":"required name=search_term_string"}],"inLanguage":"fr-FR"},{"@type":"Organization","@id":"https:\/\/www.piovan.com\/#organization","name":"PiovanGroup","url":"https:\/\/www.piovan.com\/","logo":{"@type":"ImageObject","inLanguage":"fr-FR","@id":"https:\/\/www.piovan.com\/#\/schema\/logo\/image\/","url":"https:\/\/www.piovan.com\/wp-content\/uploads\/2021\/06\/logo@2x.png","contentUrl":"https:\/\/www.piovan.com\/wp-content\/uploads\/2021\/06\/logo@2x.png","width":489,"height":78,"caption":"PiovanGroup"},"image":{"@id":"https:\/\/www.piovan.com\/#\/schema\/logo\/image\/"}}]}},"_links":{"self":[{"href":"https:\/\/www.piovan.com\/fr\/wp-json\/wp\/v2\/product\/4891"}],"collection":[{"href":"https:\/\/www.piovan.com\/fr\/wp-json\/wp\/v2\/product"}],"about":[{"href":"https:\/\/www.piovan.com\/fr\/wp-json\/wp\/v2\/types\/product"}],"version-history":[{"count":2,"href":"https:\/\/www.piovan.com\/fr\/wp-json\/wp\/v2\/product\/4891\/revisions"}],"predecessor-version":[{"id":13134,"href":"https:\/\/www.piovan.com\/fr\/wp-json\/wp\/v2\/product\/4891\/revisions\/13134"}],"wp:featuredmedia":[{"embeddable":true,"href":"https:\/\/www.piovan.com\/fr\/wp-json\/wp\/v2\/media\/13129"}],"wp:attachment":[{"href":"https:\/\/www.piovan.com\/fr\/wp-json\/wp\/v2\/media?parent=4891"}],"wp:term":[{"taxonomy":"post_tag","embeddable":true,"href":"https:\/\/www.piovan.com\/fr\/wp-json\/wp\/v2\/tags?post=4891"}],"curies":[{"name":"wp","href":"https:\/\/api.w.org\/{rel}","templated":true}]}}