{"id":4884,"date":"2021-11-09T12:03:16","date_gmt":"2021-11-09T11:03:16","guid":{"rendered":"https:\/\/www.piovan.com\/?post_type=product&#038;p=4884"},"modified":"2024-10-28T15:35:06","modified_gmt":"2024-10-28T14:35:06","slug":"genesysnext","status":"publish","type":"product","link":"https:\/\/www.piovan.com\/fr\/product\/genesysnext\/","title":{"rendered":"GenesysNext"},"content":{"rendered":"<p>Haute performance, enti\u00e8rement automatique, syst\u00e8me de s\u00e9chage \u00e0 tr\u00e9mie unique permettant de r\u00e9duire les frais de production.<\/p>\n<p class=\" translation-block\">Genesys Next est la solution de pointe pour<br>\n\u2022 Optimiser la consommation d'\u00e9nergie<br>\n\u2022 R\u00e9duction des d\u00e9chets gr\u00e2ce au tra\u00e7age continu de la pression d'injection<\/p>\n<p class=\" translation-block\">Les donn\u00e9es du d\u00e9tecteur d'humidit\u00e9, l'humidit\u00e9 r\u00e9siduelle en ligne dans les granul\u00e9s de plastique, sont int\u00e9gr\u00e9es dans le contr\u00f4le GenesysNext.<\/p>\n<p class=\" translation-block\">GenesysNext fait \u00e9galement un pas en direction de l'\u00e9conomie circulaire: avec le syst\u00e8me de filtration PureTech, disponible en option, qui permet une filtration avanc\u00e9e des COV pr\u00e9sents dans l'air de traitement. Ceci est particuli\u00e8rement n\u00e9cessaire dans le cas des mat\u00e9riaux recycl\u00e9s qui peuvent lib\u00e9rer des substances \u00e0 bas point de fusion pendant le processus de chauffage ou d'injection et permet de pr\u00e9server les tours de dessiccation.<\/p>\n<p>Le contr\u00f4le de GenesysNext a \u00e9t\u00e9 con\u00e7u pour combiner deux machines, avec un seul IHM, afin d'\u00e9largir la gamme d'application.<\/p>","protected":false},"featured_media":13116,"template":"","tags":[108,41],"acf":[],"yoast_head":"<title>GenesysNext - Groupe Piovan<\/title>\n<meta name=\"robots\" content=\"index, follow, max-snippet:-1, max-image-preview:large, max-video-preview:-1\" \/>\n<link rel=\"canonical\" href=\"https:\/\/www.piovan.com\/fr\/product\/genesysnext\/\" \/>\n<meta property=\"og:locale\" content=\"fr_FR\" \/>\n<meta property=\"og:type\" content=\"article\" \/>\n<meta property=\"og:title\" content=\"GenesysNext - PiovanGroup\" \/>\n<meta property=\"og:description\" content=\"High performance, fully automatic, mono hopper drying system that reduces the production costs. GenesysNext is the cutting edge solution for \u2022 Optimising the energy usage \u2022 Scrap reduction thanks to continuous tracking of injection pressure Moisture Minder measurements, online residual humidity in plastic granules, are integrated in the GenesysNext control. GenesysNext is also a step toward circular economy: with PureTech filtration system, available as an option, an advance filtration of the VOC system present in the process air is possible. [&hellip;]\" \/>\n<meta property=\"og:url\" content=\"https:\/\/www.piovan.com\/fr\/product\/genesysnext\/\" \/>\n<meta property=\"og:site_name\" content=\"PiovanGroup\" \/>\n<meta property=\"article:modified_time\" content=\"2024-10-28T14:35:06+00:00\" \/>\n<meta property=\"og:image\" content=\"https:\/\/www.piovan.com\/wp-content\/uploads\/GENESYSNEXT_1200x1560px.png\" \/>\n\t<meta property=\"og:image:width\" content=\"1200\" \/>\n\t<meta property=\"og:image:height\" content=\"1560\" \/>\n\t<meta property=\"og:image:type\" content=\"image\/png\" \/>\n<meta name=\"twitter:card\" content=\"summary_large_image\" \/>\n<script type=\"application\/ld+json\" class=\"yoast-schema-graph\">{\"@context\":\"https:\/\/schema.org\",\"@graph\":[{\"@type\":\"WebPage\",\"@id\":\"https:\/\/www.piovan.com\/product\/genesysnext\/\",\"url\":\"https:\/\/www.piovan.com\/product\/genesysnext\/\",\"name\":\"GenesysNext - PiovanGroup\",\"isPartOf\":{\"@id\":\"https:\/\/www.piovan.com\/#website\"},\"datePublished\":\"2021-11-09T11:03:16+00:00\",\"dateModified\":\"2024-10-28T14:35:06+00:00\",\"breadcrumb\":{\"@id\":\"https:\/\/www.piovan.com\/product\/genesysnext\/#breadcrumb\"},\"inLanguage\":\"fr-FR\",\"potentialAction\":[{\"@type\":\"ReadAction\",\"target\":[\"https:\/\/www.piovan.com\/product\/genesysnext\/\"]}]},{\"@type\":\"BreadcrumbList\",\"@id\":\"https:\/\/www.piovan.com\/product\/genesysnext\/#breadcrumb\",\"itemListElement\":[{\"@type\":\"ListItem\",\"position\":1,\"name\":\"Home\",\"item\":\"https:\/\/www.piovan.com\/\"},{\"@type\":\"ListItem\",\"position\":2,\"name\":\"Plastic\",\"item\":\"https:\/\/www.piovan.com\/fr\/products\/plastique\/\"},{\"@type\":\"ListItem\",\"position\":3,\"name\":\"Drying &amp; Dehumidifying\",\"item\":\"https:\/\/www.piovan.com\/fr\/products\/plastique\/sechage-et-deshumidification\/\"},{\"@type\":\"ListItem\",\"position\":4,\"name\":\"GenesysNext\"}]},{\"@type\":\"WebSite\",\"@id\":\"https:\/\/www.piovan.com\/#website\",\"url\":\"https:\/\/www.piovan.com\/\",\"name\":\"PiovanGroup\",\"description\":\"\",\"publisher\":{\"@id\":\"https:\/\/www.piovan.com\/#organization\"},\"potentialAction\":[{\"@type\":\"SearchAction\",\"target\":{\"@type\":\"EntryPoint\",\"urlTemplate\":\"https:\/\/www.piovan.com\/?s={search_term_string}\"},\"query-input\":\"required name=search_term_string\"}],\"inLanguage\":\"fr-FR\"},{\"@type\":\"Organization\",\"@id\":\"https:\/\/www.piovan.com\/#organization\",\"name\":\"PiovanGroup\",\"url\":\"https:\/\/www.piovan.com\/\",\"logo\":{\"@type\":\"ImageObject\",\"inLanguage\":\"fr-FR\",\"@id\":\"https:\/\/www.piovan.com\/#\/schema\/logo\/image\/\",\"url\":\"https:\/\/www.piovan.com\/wp-content\/uploads\/2021\/06\/logo@2x.png\",\"contentUrl\":\"https:\/\/www.piovan.com\/wp-content\/uploads\/2021\/06\/logo@2x.png\",\"width\":489,\"height\":78,\"caption\":\"PiovanGroup\"},\"image\":{\"@id\":\"https:\/\/www.piovan.com\/#\/schema\/logo\/image\/\"}}]}<\/script>","yoast_head_json":{"title":"GenesysNext - Groupe Piovan","robots":{"index":"index","follow":"follow","max-snippet":"max-snippet:-1","max-image-preview":"max-image-preview:large","max-video-preview":"max-video-preview:-1"},"canonical":"https:\/\/www.piovan.com\/fr\/product\/genesysnext\/","og_locale":"fr_FR","og_type":"article","og_title":"GenesysNext - PiovanGroup","og_description":"High performance, fully automatic, mono hopper drying system that reduces the production costs. GenesysNext is the cutting edge solution for \u2022 Optimising the energy usage \u2022 Scrap reduction thanks to continuous tracking of injection pressure Moisture Minder measurements, online residual humidity in plastic granules, are integrated in the GenesysNext control. GenesysNext is also a step toward circular economy: with PureTech filtration system, available as an option, an advance filtration of the VOC system present in the process air is possible. [&hellip;]","og_url":"https:\/\/www.piovan.com\/fr\/product\/genesysnext\/","og_site_name":"PiovanGroup","article_modified_time":"2024-10-28T14:35:06+00:00","og_image":[{"width":1200,"height":1560,"url":"https:\/\/www.piovan.com\/wp-content\/uploads\/GENESYSNEXT_1200x1560px.png","type":"image\/png"}],"twitter_card":"summary_large_image","schema":{"@context":"https:\/\/schema.org","@graph":[{"@type":"WebPage","@id":"https:\/\/www.piovan.com\/product\/genesysnext\/","url":"https:\/\/www.piovan.com\/product\/genesysnext\/","name":"GenesysNext - PiovanGroup","isPartOf":{"@id":"https:\/\/www.piovan.com\/#website"},"datePublished":"2021-11-09T11:03:16+00:00","dateModified":"2024-10-28T14:35:06+00:00","breadcrumb":{"@id":"https:\/\/www.piovan.com\/product\/genesysnext\/#breadcrumb"},"inLanguage":"fr-FR","potentialAction":[{"@type":"ReadAction","target":["https:\/\/www.piovan.com\/product\/genesysnext\/"]}]},{"@type":"BreadcrumbList","@id":"https:\/\/www.piovan.com\/product\/genesysnext\/#breadcrumb","itemListElement":[{"@type":"ListItem","position":1,"name":"Home","item":"https:\/\/www.piovan.com\/"},{"@type":"ListItem","position":2,"name":"Plastic","item":"https:\/\/www.piovan.com\/fr\/products\/plastique\/"},{"@type":"ListItem","position":3,"name":"Drying &amp; Dehumidifying","item":"https:\/\/www.piovan.com\/fr\/products\/plastique\/sechage-et-deshumidification\/"},{"@type":"ListItem","position":4,"name":"GenesysNext"}]},{"@type":"WebSite","@id":"https:\/\/www.piovan.com\/#website","url":"https:\/\/www.piovan.com\/","name":"PiovanGroup","description":"","publisher":{"@id":"https:\/\/www.piovan.com\/#organization"},"potentialAction":[{"@type":"SearchAction","target":{"@type":"EntryPoint","urlTemplate":"https:\/\/www.piovan.com\/?s={search_term_string}"},"query-input":"required name=search_term_string"}],"inLanguage":"fr-FR"},{"@type":"Organization","@id":"https:\/\/www.piovan.com\/#organization","name":"PiovanGroup","url":"https:\/\/www.piovan.com\/","logo":{"@type":"ImageObject","inLanguage":"fr-FR","@id":"https:\/\/www.piovan.com\/#\/schema\/logo\/image\/","url":"https:\/\/www.piovan.com\/wp-content\/uploads\/2021\/06\/logo@2x.png","contentUrl":"https:\/\/www.piovan.com\/wp-content\/uploads\/2021\/06\/logo@2x.png","width":489,"height":78,"caption":"PiovanGroup"},"image":{"@id":"https:\/\/www.piovan.com\/#\/schema\/logo\/image\/"}}]}},"_links":{"self":[{"href":"https:\/\/www.piovan.com\/fr\/wp-json\/wp\/v2\/product\/4884"}],"collection":[{"href":"https:\/\/www.piovan.com\/fr\/wp-json\/wp\/v2\/product"}],"about":[{"href":"https:\/\/www.piovan.com\/fr\/wp-json\/wp\/v2\/types\/product"}],"version-history":[{"count":3,"href":"https:\/\/www.piovan.com\/fr\/wp-json\/wp\/v2\/product\/4884\/revisions"}],"predecessor-version":[{"id":13513,"href":"https:\/\/www.piovan.com\/fr\/wp-json\/wp\/v2\/product\/4884\/revisions\/13513"}],"wp:featuredmedia":[{"embeddable":true,"href":"https:\/\/www.piovan.com\/fr\/wp-json\/wp\/v2\/media\/13116"}],"wp:attachment":[{"href":"https:\/\/www.piovan.com\/fr\/wp-json\/wp\/v2\/media?parent=4884"}],"wp:term":[{"taxonomy":"post_tag","embeddable":true,"href":"https:\/\/www.piovan.com\/fr\/wp-json\/wp\/v2\/tags?post=4884"}],"curies":[{"name":"wp","href":"https:\/\/api.w.org\/{rel}","templated":true}]}}