{"id":4867,"date":"2021-11-09T10:26:42","date_gmt":"2021-11-09T09:26:42","guid":{"rendered":"https:\/\/www.piovan.com\/?post_type=product&#038;p=4867"},"modified":"2025-01-08T09:16:47","modified_gmt":"2025-01-08T08:16:47","slug":"ds-tdm-503-507","status":"publish","type":"product","link":"https:\/\/www.piovan.com\/fr\/product\/ds-tdm-503-507\/","title":{"rendered":"DS | TDM 503-507"},"content":{"rendered":"<p>DS et TDM sont en mesure de fonctionner avec des valeurs de point de ros\u00e9e jusqu'\u00e0 -35 \u00b0C. Temp\u00e9rature de l'air de traitement jusqu'\u00e0 150 \u00b0C.<\/p>\n<p class=\" translation-block\">DS et TDM sont tr\u00e8s flexibles car elles\npeuvent \u00eatre<br>\n\u2022 coupl\u00e9es avec des tr\u00e9mies jusqu'\u00e0 200 dm<sup>3<\/sup><br>\n\u2022 install\u00e9es sur des machines de production ou sur un chariot mobile.<\/p>","protected":false},"featured_media":13143,"template":"","tags":[108],"acf":[],"yoast_head":"<title>DS | TDM 503-507 - Groupe Piovan<\/title>\n<meta name=\"robots\" content=\"index, follow, max-snippet:-1, max-image-preview:large, max-video-preview:-1\" \/>\n<link rel=\"canonical\" href=\"https:\/\/www.piovan.com\/fr\/product\/ds-tdm-503-507\/\" \/>\n<meta property=\"og:locale\" content=\"fr_FR\" \/>\n<meta property=\"og:type\" content=\"article\" \/>\n<meta property=\"og:title\" content=\"DS | TDM 503-507 - PiovanGroup\" \/>\n<meta property=\"og:description\" content=\"DS and TDM are able to operate with Dew Point values down to \u201335 \u00b0C. Process air temperature up to 150 \u00b0C. DS and TDM are very flexible since they can be \u2022 coupled with hoppers up to 200 dm3 \u2022 installed on the processing machine or on a mobile trolley.\" \/>\n<meta property=\"og:url\" content=\"https:\/\/www.piovan.com\/fr\/product\/ds-tdm-503-507\/\" \/>\n<meta property=\"og:site_name\" content=\"PiovanGroup\" \/>\n<meta property=\"article:modified_time\" content=\"2025-01-08T08:16:47+00:00\" \/>\n<meta property=\"og:image\" content=\"https:\/\/www.piovan.com\/wp-content\/uploads\/DS-TDM_1200x1560px.png\" \/>\n\t<meta property=\"og:image:width\" content=\"1200\" \/>\n\t<meta property=\"og:image:height\" content=\"1560\" \/>\n\t<meta property=\"og:image:type\" content=\"image\/png\" \/>\n<meta name=\"twitter:card\" content=\"summary_large_image\" \/>\n<script type=\"application\/ld+json\" class=\"yoast-schema-graph\">{\"@context\":\"https:\/\/schema.org\",\"@graph\":[{\"@type\":\"WebPage\",\"@id\":\"https:\/\/www.piovan.com\/product\/ds-tdm-503-507\/\",\"url\":\"https:\/\/www.piovan.com\/product\/ds-tdm-503-507\/\",\"name\":\"DS | TDM 503-507 - PiovanGroup\",\"isPartOf\":{\"@id\":\"https:\/\/www.piovan.com\/#website\"},\"datePublished\":\"2021-11-09T09:26:42+00:00\",\"dateModified\":\"2025-01-08T08:16:47+00:00\",\"breadcrumb\":{\"@id\":\"https:\/\/www.piovan.com\/product\/ds-tdm-503-507\/#breadcrumb\"},\"inLanguage\":\"fr-FR\",\"potentialAction\":[{\"@type\":\"ReadAction\",\"target\":[\"https:\/\/www.piovan.com\/product\/ds-tdm-503-507\/\"]}]},{\"@type\":\"BreadcrumbList\",\"@id\":\"https:\/\/www.piovan.com\/product\/ds-tdm-503-507\/#breadcrumb\",\"itemListElement\":[{\"@type\":\"ListItem\",\"position\":1,\"name\":\"Home\",\"item\":\"https:\/\/www.piovan.com\/\"},{\"@type\":\"ListItem\",\"position\":2,\"name\":\"Plastic\",\"item\":\"https:\/\/www.piovan.com\/fr\/products\/plastique\/\"},{\"@type\":\"ListItem\",\"position\":3,\"name\":\"Drying &amp; Dehumidifying\",\"item\":\"https:\/\/www.piovan.com\/fr\/products\/plastique\/sechage-et-deshumidification\/\"},{\"@type\":\"ListItem\",\"position\":4,\"name\":\"DS | TDM 503-507\"}]},{\"@type\":\"WebSite\",\"@id\":\"https:\/\/www.piovan.com\/#website\",\"url\":\"https:\/\/www.piovan.com\/\",\"name\":\"PiovanGroup\",\"description\":\"\",\"publisher\":{\"@id\":\"https:\/\/www.piovan.com\/#organization\"},\"potentialAction\":[{\"@type\":\"SearchAction\",\"target\":{\"@type\":\"EntryPoint\",\"urlTemplate\":\"https:\/\/www.piovan.com\/?s={search_term_string}\"},\"query-input\":\"required name=search_term_string\"}],\"inLanguage\":\"fr-FR\"},{\"@type\":\"Organization\",\"@id\":\"https:\/\/www.piovan.com\/#organization\",\"name\":\"PiovanGroup\",\"url\":\"https:\/\/www.piovan.com\/\",\"logo\":{\"@type\":\"ImageObject\",\"inLanguage\":\"fr-FR\",\"@id\":\"https:\/\/www.piovan.com\/#\/schema\/logo\/image\/\",\"url\":\"https:\/\/www.piovan.com\/wp-content\/uploads\/2021\/06\/logo@2x.png\",\"contentUrl\":\"https:\/\/www.piovan.com\/wp-content\/uploads\/2021\/06\/logo@2x.png\",\"width\":489,\"height\":78,\"caption\":\"PiovanGroup\"},\"image\":{\"@id\":\"https:\/\/www.piovan.com\/#\/schema\/logo\/image\/\"}}]}<\/script>","yoast_head_json":{"title":"DS | TDM 503-507 - Groupe Piovan","robots":{"index":"index","follow":"follow","max-snippet":"max-snippet:-1","max-image-preview":"max-image-preview:large","max-video-preview":"max-video-preview:-1"},"canonical":"https:\/\/www.piovan.com\/fr\/product\/ds-tdm-503-507\/","og_locale":"fr_FR","og_type":"article","og_title":"DS | TDM 503-507 - PiovanGroup","og_description":"DS and TDM are able to operate with Dew Point values down to \u201335 \u00b0C. Process air temperature up to 150 \u00b0C. DS and TDM are very flexible since they can be \u2022 coupled with hoppers up to 200 dm3 \u2022 installed on the processing machine or on a mobile trolley.","og_url":"https:\/\/www.piovan.com\/fr\/product\/ds-tdm-503-507\/","og_site_name":"PiovanGroup","article_modified_time":"2025-01-08T08:16:47+00:00","og_image":[{"width":1200,"height":1560,"url":"https:\/\/www.piovan.com\/wp-content\/uploads\/DS-TDM_1200x1560px.png","type":"image\/png"}],"twitter_card":"summary_large_image","schema":{"@context":"https:\/\/schema.org","@graph":[{"@type":"WebPage","@id":"https:\/\/www.piovan.com\/product\/ds-tdm-503-507\/","url":"https:\/\/www.piovan.com\/product\/ds-tdm-503-507\/","name":"DS | TDM 503-507 - PiovanGroup","isPartOf":{"@id":"https:\/\/www.piovan.com\/#website"},"datePublished":"2021-11-09T09:26:42+00:00","dateModified":"2025-01-08T08:16:47+00:00","breadcrumb":{"@id":"https:\/\/www.piovan.com\/product\/ds-tdm-503-507\/#breadcrumb"},"inLanguage":"fr-FR","potentialAction":[{"@type":"ReadAction","target":["https:\/\/www.piovan.com\/product\/ds-tdm-503-507\/"]}]},{"@type":"BreadcrumbList","@id":"https:\/\/www.piovan.com\/product\/ds-tdm-503-507\/#breadcrumb","itemListElement":[{"@type":"ListItem","position":1,"name":"Home","item":"https:\/\/www.piovan.com\/"},{"@type":"ListItem","position":2,"name":"Plastic","item":"https:\/\/www.piovan.com\/fr\/products\/plastique\/"},{"@type":"ListItem","position":3,"name":"Drying &amp; Dehumidifying","item":"https:\/\/www.piovan.com\/fr\/products\/plastique\/sechage-et-deshumidification\/"},{"@type":"ListItem","position":4,"name":"DS | TDM 503-507"}]},{"@type":"WebSite","@id":"https:\/\/www.piovan.com\/#website","url":"https:\/\/www.piovan.com\/","name":"PiovanGroup","description":"","publisher":{"@id":"https:\/\/www.piovan.com\/#organization"},"potentialAction":[{"@type":"SearchAction","target":{"@type":"EntryPoint","urlTemplate":"https:\/\/www.piovan.com\/?s={search_term_string}"},"query-input":"required name=search_term_string"}],"inLanguage":"fr-FR"},{"@type":"Organization","@id":"https:\/\/www.piovan.com\/#organization","name":"PiovanGroup","url":"https:\/\/www.piovan.com\/","logo":{"@type":"ImageObject","inLanguage":"fr-FR","@id":"https:\/\/www.piovan.com\/#\/schema\/logo\/image\/","url":"https:\/\/www.piovan.com\/wp-content\/uploads\/2021\/06\/logo@2x.png","contentUrl":"https:\/\/www.piovan.com\/wp-content\/uploads\/2021\/06\/logo@2x.png","width":489,"height":78,"caption":"PiovanGroup"},"image":{"@id":"https:\/\/www.piovan.com\/#\/schema\/logo\/image\/"}}]}},"_links":{"self":[{"href":"https:\/\/www.piovan.com\/fr\/wp-json\/wp\/v2\/product\/4867"}],"collection":[{"href":"https:\/\/www.piovan.com\/fr\/wp-json\/wp\/v2\/product"}],"about":[{"href":"https:\/\/www.piovan.com\/fr\/wp-json\/wp\/v2\/types\/product"}],"version-history":[{"count":3,"href":"https:\/\/www.piovan.com\/fr\/wp-json\/wp\/v2\/product\/4867\/revisions"}],"predecessor-version":[{"id":14180,"href":"https:\/\/www.piovan.com\/fr\/wp-json\/wp\/v2\/product\/4867\/revisions\/14180"}],"wp:featuredmedia":[{"embeddable":true,"href":"https:\/\/www.piovan.com\/fr\/wp-json\/wp\/v2\/media\/13143"}],"wp:attachment":[{"href":"https:\/\/www.piovan.com\/fr\/wp-json\/wp\/v2\/media?parent=4867"}],"wp:term":[{"taxonomy":"post_tag","embeddable":true,"href":"https:\/\/www.piovan.com\/fr\/wp-json\/wp\/v2\/tags?post=4867"}],"curies":[{"name":"wp","href":"https:\/\/api.w.org\/{rel}","templated":true}]}}