{"id":4860,"date":"2021-11-09T10:09:19","date_gmt":"2021-11-09T09:09:19","guid":{"rendered":"https:\/\/www.piovan.com\/?post_type=product&#038;p=4860"},"modified":"2026-02-16T15:49:25","modified_gmt":"2026-02-16T14:49:25","slug":"dpa","status":"publish","type":"product","link":"https:\/\/www.piovan.com\/fr\/product\/dpa\/","title":{"rendered":"DPA"},"content":{"rendered":"<p>La s\u00e9rie DPA utilise l'air comprim\u00e9 pour le s\u00e9chage des polym\u00e8res hygroscopiques.<\/p>\n<p>Les param\u00e8tres de fonctionnement sont faciles \u00e0 charger \u00e0 partir de la base de donn\u00e9es interne.<br \/>\nGr\u00e2ce aux cartouches de dessiccation, DPA peut atteindre des valeurs de point de ros\u00e9e plus basses (jusqu'\u00e0 -40 \u00b0C).<br \/>\nPour les mod\u00e8les dot\u00e9s de tr\u00e9mie en verre, le c\u00f4ne amovible permet des op\u00e9rations de nettoyage faciles et rapides.<\/p>\n<p>Le contr\u00f4le g\u00e8re le flux d'air en 7 paliers et r\u00e8gle le fonctionnement du s\u00e9cheur en fonction du d\u00e9bit du mat\u00e9riel. Le syst\u00e8me \u00e9vite ainsi le gaspillage d'\u00e9nergie et d'air comprim\u00e9.<br \/>\nLes s\u00e9cheurs DPA peuvent \u00eatre \u00e9quip\u00e9s d'un IMD (Intelligent Material Drying) qui garantit une gestion optimale du processus de s\u00e9chage, \u00e9vitant la surchauffe et la d\u00e9t\u00e9rioration thermique du mat\u00e9riel.<br \/>\nGr\u00e2ce \u00e0 la base de donn\u00e9es de mat\u00e9riaux, le contr\u00f4le r\u00e8gle automatiquement la condition de traitement une fois que le mat\u00e9riau a \u00e9t\u00e9 s\u00e9lectionn\u00e9 et que le d\u00e9bit horaire a \u00e9t\u00e9 d\u00e9fini.<\/p>","protected":false},"featured_media":13442,"template":"","tags":[108],"acf":[],"yoast_head":"<title>DPA - Groupe Piovan<\/title>\n<meta name=\"robots\" content=\"index, follow, max-snippet:-1, max-image-preview:large, max-video-preview:-1\" \/>\n<link rel=\"canonical\" href=\"https:\/\/www.piovan.com\/fr\/product\/dpa\/\" \/>\n<meta property=\"og:locale\" content=\"fr_FR\" \/>\n<meta property=\"og:type\" content=\"article\" \/>\n<meta property=\"og:title\" content=\"DPA - PiovanGroup\" \/>\n<meta property=\"og:description\" content=\"DPA Series use compressed air for drying hygroscopic polymers. The running parameters can be easily loaded from the internal database. With the use of desiccant cartridges DPA can reach lower Dew Point values (up to \u201340\u00b0C). For the models with glass hopper, the removable cone allows easy and fast cleaning operations. The control manages the airflow in 7 increments and adjusts the dryer&#039;s functioning according to the material throughput. The system thus avoids wastage of energy and compressed air. DPA [&hellip;]\" \/>\n<meta property=\"og:url\" content=\"https:\/\/www.piovan.com\/fr\/product\/dpa\/\" \/>\n<meta property=\"og:site_name\" content=\"PiovanGroup\" \/>\n<meta property=\"article:modified_time\" content=\"2026-02-16T14:49:25+00:00\" \/>\n<meta property=\"og:image\" content=\"https:\/\/www.piovan.com\/wp-content\/uploads\/DPA-1.png\" \/>\n\t<meta property=\"og:image:width\" content=\"1200\" \/>\n\t<meta property=\"og:image:height\" content=\"1560\" \/>\n\t<meta property=\"og:image:type\" content=\"image\/png\" \/>\n<meta name=\"twitter:card\" content=\"summary_large_image\" \/>\n<script type=\"application\/ld+json\" class=\"yoast-schema-graph\">{\"@context\":\"https:\/\/schema.org\",\"@graph\":[{\"@type\":\"WebPage\",\"@id\":\"https:\/\/www.piovan.com\/product\/dpa\/\",\"url\":\"https:\/\/www.piovan.com\/product\/dpa\/\",\"name\":\"DPA - PiovanGroup\",\"isPartOf\":{\"@id\":\"https:\/\/www.piovan.com\/#website\"},\"datePublished\":\"2021-11-09T09:09:19+00:00\",\"dateModified\":\"2026-02-16T14:49:25+00:00\",\"breadcrumb\":{\"@id\":\"https:\/\/www.piovan.com\/product\/dpa\/#breadcrumb\"},\"inLanguage\":\"fr-FR\",\"potentialAction\":[{\"@type\":\"ReadAction\",\"target\":[\"https:\/\/www.piovan.com\/product\/dpa\/\"]}]},{\"@type\":\"BreadcrumbList\",\"@id\":\"https:\/\/www.piovan.com\/product\/dpa\/#breadcrumb\",\"itemListElement\":[{\"@type\":\"ListItem\",\"position\":1,\"name\":\"Home\",\"item\":\"https:\/\/www.piovan.com\/\"},{\"@type\":\"ListItem\",\"position\":2,\"name\":\"Plastic\",\"item\":\"https:\/\/www.piovan.com\/fr\/products\/plastique\/\"},{\"@type\":\"ListItem\",\"position\":3,\"name\":\"Drying &amp; Dehumidifying\",\"item\":\"https:\/\/www.piovan.com\/fr\/products\/plastique\/sechage-et-deshumidification\/\"},{\"@type\":\"ListItem\",\"position\":4,\"name\":\"DPA\"}]},{\"@type\":\"WebSite\",\"@id\":\"https:\/\/www.piovan.com\/#website\",\"url\":\"https:\/\/www.piovan.com\/\",\"name\":\"PiovanGroup\",\"description\":\"\",\"publisher\":{\"@id\":\"https:\/\/www.piovan.com\/#organization\"},\"potentialAction\":[{\"@type\":\"SearchAction\",\"target\":{\"@type\":\"EntryPoint\",\"urlTemplate\":\"https:\/\/www.piovan.com\/?s={search_term_string}\"},\"query-input\":\"required name=search_term_string\"}],\"inLanguage\":\"fr-FR\"},{\"@type\":\"Organization\",\"@id\":\"https:\/\/www.piovan.com\/#organization\",\"name\":\"PiovanGroup\",\"url\":\"https:\/\/www.piovan.com\/\",\"logo\":{\"@type\":\"ImageObject\",\"inLanguage\":\"fr-FR\",\"@id\":\"https:\/\/www.piovan.com\/#\/schema\/logo\/image\/\",\"url\":\"https:\/\/www.piovan.com\/wp-content\/uploads\/2021\/06\/logo@2x.png\",\"contentUrl\":\"https:\/\/www.piovan.com\/wp-content\/uploads\/2021\/06\/logo@2x.png\",\"width\":489,\"height\":78,\"caption\":\"PiovanGroup\"},\"image\":{\"@id\":\"https:\/\/www.piovan.com\/#\/schema\/logo\/image\/\"}}]}<\/script>","yoast_head_json":{"title":"DPA - Groupe Piovan","robots":{"index":"index","follow":"follow","max-snippet":"max-snippet:-1","max-image-preview":"max-image-preview:large","max-video-preview":"max-video-preview:-1"},"canonical":"https:\/\/www.piovan.com\/fr\/product\/dpa\/","og_locale":"fr_FR","og_type":"article","og_title":"DPA - PiovanGroup","og_description":"DPA Series use compressed air for drying hygroscopic polymers. The running parameters can be easily loaded from the internal database. With the use of desiccant cartridges DPA can reach lower Dew Point values (up to \u201340\u00b0C). For the models with glass hopper, the removable cone allows easy and fast cleaning operations. The control manages the airflow in 7 increments and adjusts the dryer's functioning according to the material throughput. The system thus avoids wastage of energy and compressed air. DPA [&hellip;]","og_url":"https:\/\/www.piovan.com\/fr\/product\/dpa\/","og_site_name":"PiovanGroup","article_modified_time":"2026-02-16T14:49:25+00:00","og_image":[{"width":1200,"height":1560,"url":"https:\/\/www.piovan.com\/wp-content\/uploads\/DPA-1.png","type":"image\/png"}],"twitter_card":"summary_large_image","schema":{"@context":"https:\/\/schema.org","@graph":[{"@type":"WebPage","@id":"https:\/\/www.piovan.com\/product\/dpa\/","url":"https:\/\/www.piovan.com\/product\/dpa\/","name":"DPA - PiovanGroup","isPartOf":{"@id":"https:\/\/www.piovan.com\/#website"},"datePublished":"2021-11-09T09:09:19+00:00","dateModified":"2026-02-16T14:49:25+00:00","breadcrumb":{"@id":"https:\/\/www.piovan.com\/product\/dpa\/#breadcrumb"},"inLanguage":"fr-FR","potentialAction":[{"@type":"ReadAction","target":["https:\/\/www.piovan.com\/product\/dpa\/"]}]},{"@type":"BreadcrumbList","@id":"https:\/\/www.piovan.com\/product\/dpa\/#breadcrumb","itemListElement":[{"@type":"ListItem","position":1,"name":"Home","item":"https:\/\/www.piovan.com\/"},{"@type":"ListItem","position":2,"name":"Plastic","item":"https:\/\/www.piovan.com\/fr\/products\/plastique\/"},{"@type":"ListItem","position":3,"name":"Drying &amp; Dehumidifying","item":"https:\/\/www.piovan.com\/fr\/products\/plastique\/sechage-et-deshumidification\/"},{"@type":"ListItem","position":4,"name":"DPA"}]},{"@type":"WebSite","@id":"https:\/\/www.piovan.com\/#website","url":"https:\/\/www.piovan.com\/","name":"PiovanGroup","description":"","publisher":{"@id":"https:\/\/www.piovan.com\/#organization"},"potentialAction":[{"@type":"SearchAction","target":{"@type":"EntryPoint","urlTemplate":"https:\/\/www.piovan.com\/?s={search_term_string}"},"query-input":"required name=search_term_string"}],"inLanguage":"fr-FR"},{"@type":"Organization","@id":"https:\/\/www.piovan.com\/#organization","name":"PiovanGroup","url":"https:\/\/www.piovan.com\/","logo":{"@type":"ImageObject","inLanguage":"fr-FR","@id":"https:\/\/www.piovan.com\/#\/schema\/logo\/image\/","url":"https:\/\/www.piovan.com\/wp-content\/uploads\/2021\/06\/logo@2x.png","contentUrl":"https:\/\/www.piovan.com\/wp-content\/uploads\/2021\/06\/logo@2x.png","width":489,"height":78,"caption":"PiovanGroup"},"image":{"@id":"https:\/\/www.piovan.com\/#\/schema\/logo\/image\/"}}]}},"_links":{"self":[{"href":"https:\/\/www.piovan.com\/fr\/wp-json\/wp\/v2\/product\/4860"}],"collection":[{"href":"https:\/\/www.piovan.com\/fr\/wp-json\/wp\/v2\/product"}],"about":[{"href":"https:\/\/www.piovan.com\/fr\/wp-json\/wp\/v2\/types\/product"}],"version-history":[{"count":3,"href":"https:\/\/www.piovan.com\/fr\/wp-json\/wp\/v2\/product\/4860\/revisions"}],"predecessor-version":[{"id":16229,"href":"https:\/\/www.piovan.com\/fr\/wp-json\/wp\/v2\/product\/4860\/revisions\/16229"}],"wp:featuredmedia":[{"embeddable":true,"href":"https:\/\/www.piovan.com\/fr\/wp-json\/wp\/v2\/media\/13442"}],"wp:attachment":[{"href":"https:\/\/www.piovan.com\/fr\/wp-json\/wp\/v2\/media?parent=4860"}],"wp:term":[{"taxonomy":"post_tag","embeddable":true,"href":"https:\/\/www.piovan.com\/fr\/wp-json\/wp\/v2\/tags?post=4860"}],"curies":[{"name":"wp","href":"https:\/\/api.w.org\/{rel}","templated":true}]}}