{"id":4835,"date":"2021-11-09T09:32:44","date_gmt":"2021-11-09T08:32:44","guid":{"rendered":"https:\/\/www.piovan.com\/?post_type=product&#038;p=4835"},"modified":"2025-01-07T16:43:52","modified_gmt":"2025-01-07T15:43:52","slug":"dp-dpm-604-615","status":"publish","type":"product","link":"https:\/\/www.piovan.com\/fr\/product\/dp-dpm-604-615\/","title":{"rendered":"DP | DPM 604-615"},"content":{"rendered":"<p>DP et DPM sont caract\u00e9ris\u00e9s par un point de ros\u00e9e allant jusqu'\u00e0 -50 \u00b0C et une temp\u00e9rature de l'air de traitement jusqu'\u00e0 200 \u00b0C (version HT).<\/p>\n<p>DP et DPM sont faciles \u00e0 utiliser gr\u00e2ce \u00e0 leur grand \u00e9cran intuitif disponible dans la langue de l'op\u00e9rateur indiquant l'\u00e9tat de la machine et les param\u00e8tres principaux sur la page principale.<\/p>\n<p>La capacit\u00e9 des tr\u00e9mies compatibles, simples ou multiples est comprise entre 30 et 400 dm\u00b3. Leur nombre peut \u00eatre facilement configur\u00e9e en fonction des besoins du client.<\/p>","protected":false},"featured_media":13135,"template":"","tags":[108],"acf":[],"yoast_head":"<title>DP | DPM 604-615 - Groupe Piovan<\/title>\n<meta name=\"robots\" content=\"index, follow, max-snippet:-1, max-image-preview:large, max-video-preview:-1\" \/>\n<link rel=\"canonical\" href=\"https:\/\/www.piovan.com\/fr\/product\/dp-dpm-604-615\/\" \/>\n<meta property=\"og:locale\" content=\"fr_FR\" \/>\n<meta property=\"og:type\" content=\"article\" \/>\n<meta property=\"og:title\" content=\"DP | DPM 604-615 - PiovanGroup\" \/>\n<meta property=\"og:description\" content=\"DP and DPM are characterised by dew point lower than -50 \u00b0C and process air temperature up to 200 \u00b0C (HT version). DP and DPM are easy to use thanks to a large intuitive display available in the operator\u2019s language with the status of the machine and key parameters accessible from the main screen. Hoppers capacity goes from 30 to 400 dm3, single or multiple and their number can be easily configured according customer\u2019s needs.\" \/>\n<meta property=\"og:url\" content=\"https:\/\/www.piovan.com\/fr\/product\/dp-dpm-604-615\/\" \/>\n<meta property=\"og:site_name\" content=\"PiovanGroup\" \/>\n<meta property=\"article:modified_time\" content=\"2025-01-07T15:43:52+00:00\" \/>\n<meta property=\"og:image\" content=\"https:\/\/www.piovan.com\/wp-content\/uploads\/DP-DPM_1200x1560px-copia.png\" \/>\n\t<meta property=\"og:image:width\" content=\"1200\" \/>\n\t<meta property=\"og:image:height\" content=\"1560\" \/>\n\t<meta property=\"og:image:type\" content=\"image\/png\" \/>\n<meta name=\"twitter:card\" content=\"summary_large_image\" \/>\n<script type=\"application\/ld+json\" class=\"yoast-schema-graph\">{\"@context\":\"https:\/\/schema.org\",\"@graph\":[{\"@type\":\"WebPage\",\"@id\":\"https:\/\/www.piovan.com\/product\/dp-dpm-604-615\/\",\"url\":\"https:\/\/www.piovan.com\/product\/dp-dpm-604-615\/\",\"name\":\"DP | DPM 604-615 - PiovanGroup\",\"isPartOf\":{\"@id\":\"https:\/\/www.piovan.com\/#website\"},\"datePublished\":\"2021-11-09T08:32:44+00:00\",\"dateModified\":\"2025-01-07T15:43:52+00:00\",\"breadcrumb\":{\"@id\":\"https:\/\/www.piovan.com\/product\/dp-dpm-604-615\/#breadcrumb\"},\"inLanguage\":\"fr-FR\",\"potentialAction\":[{\"@type\":\"ReadAction\",\"target\":[\"https:\/\/www.piovan.com\/product\/dp-dpm-604-615\/\"]}]},{\"@type\":\"BreadcrumbList\",\"@id\":\"https:\/\/www.piovan.com\/product\/dp-dpm-604-615\/#breadcrumb\",\"itemListElement\":[{\"@type\":\"ListItem\",\"position\":1,\"name\":\"Home\",\"item\":\"https:\/\/www.piovan.com\/\"},{\"@type\":\"ListItem\",\"position\":2,\"name\":\"Plastic\",\"item\":\"https:\/\/www.piovan.com\/fr\/products\/plastique\/\"},{\"@type\":\"ListItem\",\"position\":3,\"name\":\"Drying &amp; Dehumidifying\",\"item\":\"https:\/\/www.piovan.com\/fr\/products\/plastique\/sechage-et-deshumidification\/\"},{\"@type\":\"ListItem\",\"position\":4,\"name\":\"DP | DPM 604-615\"}]},{\"@type\":\"WebSite\",\"@id\":\"https:\/\/www.piovan.com\/#website\",\"url\":\"https:\/\/www.piovan.com\/\",\"name\":\"PiovanGroup\",\"description\":\"\",\"publisher\":{\"@id\":\"https:\/\/www.piovan.com\/#organization\"},\"potentialAction\":[{\"@type\":\"SearchAction\",\"target\":{\"@type\":\"EntryPoint\",\"urlTemplate\":\"https:\/\/www.piovan.com\/?s={search_term_string}\"},\"query-input\":\"required name=search_term_string\"}],\"inLanguage\":\"fr-FR\"},{\"@type\":\"Organization\",\"@id\":\"https:\/\/www.piovan.com\/#organization\",\"name\":\"PiovanGroup\",\"url\":\"https:\/\/www.piovan.com\/\",\"logo\":{\"@type\":\"ImageObject\",\"inLanguage\":\"fr-FR\",\"@id\":\"https:\/\/www.piovan.com\/#\/schema\/logo\/image\/\",\"url\":\"https:\/\/www.piovan.com\/wp-content\/uploads\/2021\/06\/logo@2x.png\",\"contentUrl\":\"https:\/\/www.piovan.com\/wp-content\/uploads\/2021\/06\/logo@2x.png\",\"width\":489,\"height\":78,\"caption\":\"PiovanGroup\"},\"image\":{\"@id\":\"https:\/\/www.piovan.com\/#\/schema\/logo\/image\/\"}}]}<\/script>","yoast_head_json":{"title":"DP | DPM 604-615 - Groupe Piovan","robots":{"index":"index","follow":"follow","max-snippet":"max-snippet:-1","max-image-preview":"max-image-preview:large","max-video-preview":"max-video-preview:-1"},"canonical":"https:\/\/www.piovan.com\/fr\/product\/dp-dpm-604-615\/","og_locale":"fr_FR","og_type":"article","og_title":"DP | DPM 604-615 - PiovanGroup","og_description":"DP and DPM are characterised by dew point lower than -50 \u00b0C and process air temperature up to 200 \u00b0C (HT version). DP and DPM are easy to use thanks to a large intuitive display available in the operator\u2019s language with the status of the machine and key parameters accessible from the main screen. Hoppers capacity goes from 30 to 400 dm3, single or multiple and their number can be easily configured according customer\u2019s needs.","og_url":"https:\/\/www.piovan.com\/fr\/product\/dp-dpm-604-615\/","og_site_name":"PiovanGroup","article_modified_time":"2025-01-07T15:43:52+00:00","og_image":[{"width":1200,"height":1560,"url":"https:\/\/www.piovan.com\/wp-content\/uploads\/DP-DPM_1200x1560px-copia.png","type":"image\/png"}],"twitter_card":"summary_large_image","schema":{"@context":"https:\/\/schema.org","@graph":[{"@type":"WebPage","@id":"https:\/\/www.piovan.com\/product\/dp-dpm-604-615\/","url":"https:\/\/www.piovan.com\/product\/dp-dpm-604-615\/","name":"DP | DPM 604-615 - PiovanGroup","isPartOf":{"@id":"https:\/\/www.piovan.com\/#website"},"datePublished":"2021-11-09T08:32:44+00:00","dateModified":"2025-01-07T15:43:52+00:00","breadcrumb":{"@id":"https:\/\/www.piovan.com\/product\/dp-dpm-604-615\/#breadcrumb"},"inLanguage":"fr-FR","potentialAction":[{"@type":"ReadAction","target":["https:\/\/www.piovan.com\/product\/dp-dpm-604-615\/"]}]},{"@type":"BreadcrumbList","@id":"https:\/\/www.piovan.com\/product\/dp-dpm-604-615\/#breadcrumb","itemListElement":[{"@type":"ListItem","position":1,"name":"Home","item":"https:\/\/www.piovan.com\/"},{"@type":"ListItem","position":2,"name":"Plastic","item":"https:\/\/www.piovan.com\/fr\/products\/plastique\/"},{"@type":"ListItem","position":3,"name":"Drying &amp; Dehumidifying","item":"https:\/\/www.piovan.com\/fr\/products\/plastique\/sechage-et-deshumidification\/"},{"@type":"ListItem","position":4,"name":"DP | DPM 604-615"}]},{"@type":"WebSite","@id":"https:\/\/www.piovan.com\/#website","url":"https:\/\/www.piovan.com\/","name":"PiovanGroup","description":"","publisher":{"@id":"https:\/\/www.piovan.com\/#organization"},"potentialAction":[{"@type":"SearchAction","target":{"@type":"EntryPoint","urlTemplate":"https:\/\/www.piovan.com\/?s={search_term_string}"},"query-input":"required name=search_term_string"}],"inLanguage":"fr-FR"},{"@type":"Organization","@id":"https:\/\/www.piovan.com\/#organization","name":"PiovanGroup","url":"https:\/\/www.piovan.com\/","logo":{"@type":"ImageObject","inLanguage":"fr-FR","@id":"https:\/\/www.piovan.com\/#\/schema\/logo\/image\/","url":"https:\/\/www.piovan.com\/wp-content\/uploads\/2021\/06\/logo@2x.png","contentUrl":"https:\/\/www.piovan.com\/wp-content\/uploads\/2021\/06\/logo@2x.png","width":489,"height":78,"caption":"PiovanGroup"},"image":{"@id":"https:\/\/www.piovan.com\/#\/schema\/logo\/image\/"}}]}},"_links":{"self":[{"href":"https:\/\/www.piovan.com\/fr\/wp-json\/wp\/v2\/product\/4835"}],"collection":[{"href":"https:\/\/www.piovan.com\/fr\/wp-json\/wp\/v2\/product"}],"about":[{"href":"https:\/\/www.piovan.com\/fr\/wp-json\/wp\/v2\/types\/product"}],"version-history":[{"count":3,"href":"https:\/\/www.piovan.com\/fr\/wp-json\/wp\/v2\/product\/4835\/revisions"}],"predecessor-version":[{"id":14164,"href":"https:\/\/www.piovan.com\/fr\/wp-json\/wp\/v2\/product\/4835\/revisions\/14164"}],"wp:featuredmedia":[{"embeddable":true,"href":"https:\/\/www.piovan.com\/fr\/wp-json\/wp\/v2\/media\/13135"}],"wp:attachment":[{"href":"https:\/\/www.piovan.com\/fr\/wp-json\/wp\/v2\/media?parent=4835"}],"wp:term":[{"taxonomy":"post_tag","embeddable":true,"href":"https:\/\/www.piovan.com\/fr\/wp-json\/wp\/v2\/tags?post=4835"}],"curies":[{"name":"wp","href":"https:\/\/api.w.org\/{rel}","templated":true}]}}